{"id":157,"date":"2011-11-01T14:45:06","date_gmt":"2011-11-01T13:45:06","guid":{"rendered":"http:\/\/wp.unil.ch\/filmsdepoche\/?page_id=157"},"modified":"2023-03-23T10:27:23","modified_gmt":"2023-03-23T09:27:23","slug":"jury","status":"publish","type":"page","link":"https:\/\/wp.unil.ch\/filmsdepoche\/jury\/","title":{"rendered":"Jury"},"content":{"rendered":"\n<p>Un jury repr\u00e9sentatif de la communaut\u00e9 UNIL a \u00e9t\u00e9 form\u00e9 pour s\u00e9lectionner les films laur\u00e9ats des trois prix. Ce jury est pr\u00e9sid\u00e9 par Liliane Michalik, Vice-Rectrice \u00ab&nbsp;Egalit\u00e9, Diversit\u00e9 et Carri\u00e8res&nbsp;\u00bb de l\u2019UNIL. &nbsp;Cette derni\u00e8re&nbsp;exercera son droit de&nbsp;vote uniquement pour d\u00e9partager des&nbsp;candidat\u00b7e\u00b7s&nbsp;en cas d\u2019\u00e9galit\u00e9 de voix.<\/p>\n\n\n\n<p>Les autres membres du jury sont&nbsp;:<\/p>\n\n\n\n<ul class=\"wp-block-list\">\n<li>Mireille Berton, MER, Section d\u2019histoire et esth\u00e9tique du cin\u00e9ma, Lettres, UNIL<\/li>\n\n\n\n<li>S\u00e9bastien Chauvin, professeur associ\u00e9 \u00e0 l\u2019institut des sciences sociales, au Centre en \u00c9tudes Genre et \u00e0 la Plateforme de recherche en \u00c9tudes Genre, SSP, UNIL<\/li>\n\n\n\n<li>Seema Ney, adjointe \u00e0 la cheffe du Bureau de l\u2019\u00e9galit\u00e9 (BEC), UNIL<\/li>\n\n\n\n<li>Jo\u00eblle Richard, autrice et metteuse en sc\u00e8ne, adjointe en communication \u00e0 la Direction de l\u2019UNIL<\/li>\n\n\n\n<li>David Monti, r\u00e9alisateur, Unicom, UNIL<\/li>\n\n\n\n<li>Soren Gunzinger, \u00e9tudiant en sciences politiques, membre du Bureau de la FAE<\/li>\n\n\n\n<li>M\u00e9lissa\u00a0Afsin,<strong>\u00a0<\/strong>cr\u00e9atrice de contenus \u00e9ditoriaux, Tataki &#8211; RTS<\/li>\n<\/ul>\n","protected":false},"excerpt":{"rendered":"<p>Un jury repr\u00e9sentatif de la communaut\u00e9 UNIL a \u00e9t\u00e9 form\u00e9 pour s\u00e9lectionner les films laur\u00e9ats des trois prix. Ce jury est pr\u00e9sid\u00e9 par Liliane Michalik, Vice-Rectrice \u00ab&nbsp;Egalit\u00e9, Diversit\u00e9&hellip;<\/p>\n","protected":false},"author":47,"featured_media":0,"parent":0,"menu_order":3,"comment_status":"closed","ping_status":"closed","template":"","meta":{"_seopress_robots_primary_cat":"","_seopress_titles_title":"","_seopress_titles_desc":"","_seopress_robots_index":"","footnotes":""},"class_list":["post-157","page","type-page","status-publish","has-post-thumbnail"],"_links":{"self":[{"href":"https:\/\/wp.unil.ch\/filmsdepoche\/wp-json\/wp\/v2\/pages\/157","targetHints":{"allow":["GET"]}}],"collection":[{"href":"https:\/\/wp.unil.ch\/filmsdepoche\/wp-json\/wp\/v2\/pages"}],"about":[{"href":"https:\/\/wp.unil.ch\/filmsdepoche\/wp-json\/wp\/v2\/types\/page"}],"author":[{"embeddable":true,"href":"https:\/\/wp.unil.ch\/filmsdepoche\/wp-json\/wp\/v2\/users\/47"}],"replies":[{"embeddable":true,"href":"https:\/\/wp.unil.ch\/filmsdepoche\/wp-json\/wp\/v2\/comments?post=157"}],"version-history":[{"count":0,"href":"https:\/\/wp.unil.ch\/filmsdepoche\/wp-json\/wp\/v2\/pages\/157\/revisions"}],"wp:attachment":[{"href":"https:\/\/wp.unil.ch\/filmsdepoche\/wp-json\/wp\/v2\/media?parent=157"}],"curies":[{"name":"wp","href":"https:\/\/api.w.org\/{rel}","templated":true}]}}