{"id":871,"date":"2021-03-25T23:06:25","date_gmt":"2021-03-25T22:06:25","guid":{"rendered":"https:\/\/wp.unil.ch\/ficellesapprendre\/?page_id=871"},"modified":"2021-03-30T11:05:03","modified_gmt":"2021-03-30T09:05:03","slug":"actualites","status":"publish","type":"page","link":"https:\/\/wp.unil.ch\/ficellesapprendre\/actualites\/","title":{"rendered":"Actualit\u00e9s"},"content":{"rendered":"<ul class=\"wp-block-latest-posts__list has-dates wp-block-latest-posts\"><li><div class=\"wp-block-latest-posts__featured-image aligncenter\"><img loading=\"lazy\" decoding=\"async\" width=\"580\" height=\"326\" src=\"https:\/\/wp.unil.ch\/ficellesapprendre\/files\/2024\/01\/invitation-ficelles-1024x576.webp\" class=\"attachment-large size-large wp-post-image\" alt=\"Au centre, un carton d&#039;invitation avec le mot &quot;invitation&quot; en phonocolor. A gauche, une pelote de ficelle\" style=\"\" srcset=\"https:\/\/wp.unil.ch\/ficellesapprendre\/files\/2024\/01\/invitation-ficelles-1024x576.webp 1024w, https:\/\/wp.unil.ch\/ficellesapprendre\/files\/2024\/01\/invitation-ficelles-300x169.webp 300w, https:\/\/wp.unil.ch\/ficellesapprendre\/files\/2024\/01\/invitation-ficelles-768x432.webp 768w, https:\/\/wp.unil.ch\/ficellesapprendre\/files\/2024\/01\/invitation-ficelles-1536x864.webp 1536w, https:\/\/wp.unil.ch\/ficellesapprendre\/files\/2024\/01\/invitation-ficelles-1200x675.webp 1200w, https:\/\/wp.unil.ch\/ficellesapprendre\/files\/2024\/01\/invitation-ficelles-1320x743.webp 1320w, https:\/\/wp.unil.ch\/ficellesapprendre\/files\/2024\/01\/invitation-ficelles.webp 1920w\" sizes=\"auto, (max-width: 580px) 100vw, 580px\" \/><\/div><a class=\"wp-block-latest-posts__post-title\" href=\"https:\/\/wp.unil.ch\/ficellesapprendre\/01-02-24-lassemblee-constitutive-1447\/\">01.02.24 &#8211; Assembl\u00e9e constitutive<\/a><time datetime=\"2024-01-11T14:51:42+01:00\" class=\"wp-block-latest-posts__post-date\">11 janvier 2024<\/time><div class=\"wp-block-latest-posts__post-excerpt\">Le 1er f\u00e9vrier 2024 \u00e0 17h00, salle 2013, Anthropole, Universit\u00e9 de Lausanne.\n\nToutes les informations, notamment les buts et la proposition de statuts, dans cet article\n<\/div><\/li>\n<li><div class=\"wp-block-latest-posts__featured-image aligncenter\"><img loading=\"lazy\" decoding=\"async\" width=\"580\" height=\"435\" src=\"https:\/\/wp.unil.ch\/ficellesapprendre\/files\/2022\/12\/invitation-journees-etude-cvac-2022.jpg\" class=\"attachment-large size-large wp-post-image\" alt=\"\" style=\"\" srcset=\"https:\/\/wp.unil.ch\/ficellesapprendre\/files\/2022\/12\/invitation-journees-etude-cvac-2022.jpg 879w, https:\/\/wp.unil.ch\/ficellesapprendre\/files\/2022\/12\/invitation-journees-etude-cvac-2022-300x225.jpg 300w, https:\/\/wp.unil.ch\/ficellesapprendre\/files\/2022\/12\/invitation-journees-etude-cvac-2022-768x576.jpg 768w\" sizes=\"auto, (max-width: 580px) 100vw, 580px\" \/><\/div><a class=\"wp-block-latest-posts__post-title\" href=\"https:\/\/wp.unil.ch\/ficellesapprendre\/devenir-des-lecteurs%c2%b7trices-autonomes-les-videos-1360\/\">Devenir des lecteurs\u00b7trices autonomes : les vid\u00e9os<\/a><time datetime=\"2023-01-12T12:33:30+01:00\" class=\"wp-block-latest-posts__post-date\">12 janvier 2023<\/time><div class=\"wp-block-latest-posts__post-excerpt\">Journ\u00e9es d&rsquo;\u00e9tude du Cours de vacances (Unil), les 16 et 17 juin 2022 : <\/div><\/li>\n<li><div class=\"wp-block-latest-posts__featured-image aligncenter\"><img loading=\"lazy\" decoding=\"async\" width=\"580\" height=\"343\" src=\"https:\/\/wp.unil.ch\/ficellesapprendre\/files\/2021\/12\/Capture-de\u0301cran-2021-12-16-a\u0300-09.30.42.png\" class=\"attachment-large size-large wp-post-image\" alt=\"\" style=\"\" srcset=\"https:\/\/wp.unil.ch\/ficellesapprendre\/files\/2021\/12\/Capture-de\u0301cran-2021-12-16-a\u0300-09.30.42.png 683w, https:\/\/wp.unil.ch\/ficellesapprendre\/files\/2021\/12\/Capture-de\u0301cran-2021-12-16-a\u0300-09.30.42-300x177.png 300w\" sizes=\"auto, (max-width: 580px) 100vw, 580px\" \/><\/div><a class=\"wp-block-latest-posts__post-title\" href=\"https:\/\/wp.unil.ch\/ficellesapprendre\/tutoriels-video-1201\/\">Tutoriels vid\u00e9o<\/a><time datetime=\"2021-12-23T11:51:11+01:00\" class=\"wp-block-latest-posts__post-date\">23 d\u00e9cembre 2021<\/time><div class=\"wp-block-latest-posts__post-excerpt\">Les tutoriels vid\u00e9o que vous attendiez&#8230; Cinq vid\u00e9os concernant les panneaux de grammaire TELL sont en ligne. Les panneaux de la premi\u00e8re articulation \u00ab&nbsp;dessinent les continents des classes syntaxiques et les mers des rapports syntaxiques&nbsp;\u00bb.&nbsp;Mais, concr\u00e8tement, comment \u00e7a marche&nbsp;? Svetlana Zenger et Yves Erard livrent quelques pistes dans des vid\u00e9os qui ont \u00e9t\u00e9 tourn\u00e9es lors\u2026 <a class=\"wp-block-latest-posts__read-more\" href=\"https:\/\/wp.unil.ch\/ficellesapprendre\/tutoriels-video-1201\/\" rel=\"noopener noreferrer\">Lire la suite<span class=\"screen-reader-text\">\u00a0: Tutoriels vid\u00e9o<\/span><\/a><\/div><\/li>\n<li><div class=\"wp-block-latest-posts__featured-image aligncenter\"><img loading=\"lazy\" decoding=\"async\" width=\"580\" height=\"616\" src=\"https:\/\/wp.unil.ch\/ficellesapprendre\/files\/2021\/12\/Capture-de\u0301cran-2021-12-14-a\u0300-12.28.14.png\" class=\"attachment-large size-large wp-post-image\" alt=\"\" style=\"\" srcset=\"https:\/\/wp.unil.ch\/ficellesapprendre\/files\/2021\/12\/Capture-de\u0301cran-2021-12-14-a\u0300-12.28.14.png 652w, https:\/\/wp.unil.ch\/ficellesapprendre\/files\/2021\/12\/Capture-de\u0301cran-2021-12-14-a\u0300-12.28.14-283x300.png 283w\" sizes=\"auto, (max-width: 580px) 100vw, 580px\" \/><\/div><a class=\"wp-block-latest-posts__post-title\" href=\"https:\/\/wp.unil.ch\/ficellesapprendre\/ficellesapprendre-ecole-primaire-1193\/\">ficellesApprendre \u00e0 l&rsquo;\u00e9cole<\/a><time datetime=\"2021-12-23T11:48:19+01:00\" class=\"wp-block-latest-posts__post-date\">23 d\u00e9cembre 2021<\/time><div class=\"wp-block-latest-posts__post-excerpt\">En collaboration avec l\u2019\u00c9prouvette (Laboratoire \/ Sciences et Soci\u00e9t\u00e9 \/ UNIL) ficellesApprendre propose l\u2019atelier \u00ab Apprendre \u00e0 lire avant la lettre \u00bb aux \u00e9l\u00e8ves de 1P et 2P (premier cycle primaire). Comment tenir un livre dans la main, trouver la couverture, tourner les pages, suivre le sens de la lecture avec le doigt et dire\u2026 <a class=\"wp-block-latest-posts__read-more\" href=\"https:\/\/wp.unil.ch\/ficellesapprendre\/ficellesapprendre-ecole-primaire-1193\/\" rel=\"noopener noreferrer\">Lire la suite<span class=\"screen-reader-text\">\u00a0: ficellesApprendre \u00e0 l&rsquo;\u00e9cole<\/span><\/a><\/div><\/li>\n<li><div class=\"wp-block-latest-posts__featured-image aligncenter\"><img loading=\"lazy\" decoding=\"async\" width=\"580\" height=\"435\" src=\"https:\/\/wp.unil.ch\/ficellesapprendre\/files\/2021\/01\/mysteres_reportage_1920x1440-1024x768.jpg\" class=\"attachment-large size-large wp-post-image\" alt=\"Enfants coloriant selon le syst\u00e8me TELL\" style=\"\" srcset=\"https:\/\/wp.unil.ch\/ficellesapprendre\/files\/2021\/01\/mysteres_reportage_1920x1440-1024x768.jpg 1024w, https:\/\/wp.unil.ch\/ficellesapprendre\/files\/2021\/01\/mysteres_reportage_1920x1440-300x225.jpg 300w, https:\/\/wp.unil.ch\/ficellesapprendre\/files\/2021\/01\/mysteres_reportage_1920x1440-768x576.jpg 768w, https:\/\/wp.unil.ch\/ficellesapprendre\/files\/2021\/01\/mysteres_reportage_1920x1440-1536x1152.jpg 1536w, https:\/\/wp.unil.ch\/ficellesapprendre\/files\/2021\/01\/mysteres_reportage_1920x1440-1200x900.jpg 1200w, https:\/\/wp.unil.ch\/ficellesapprendre\/files\/2021\/01\/mysteres_reportage_1920x1440-1980x1485.jpg 1980w, https:\/\/wp.unil.ch\/ficellesapprendre\/files\/2021\/01\/mysteres_reportage_1920x1440-1320x990.jpg 1320w, https:\/\/wp.unil.ch\/ficellesapprendre\/files\/2021\/01\/mysteres_reportage_1920x1440.jpg 2028w\" sizes=\"auto, (max-width: 580px) 100vw, 580px\" \/><\/div><a class=\"wp-block-latest-posts__post-title\" href=\"https:\/\/wp.unil.ch\/ficellesapprendre\/reportage-photo-294\/\">Reportage photo<\/a><time datetime=\"2021-04-22T10:02:00+02:00\" class=\"wp-block-latest-posts__post-date\">22 avril 2021<\/time><div class=\"wp-block-latest-posts__post-excerpt\">En pleine action aux Myst\u00e8res de l&rsquo;Unil, des enfants, des panneaux, des pastilles<\/div><\/li>\n<\/ul>","protected":false},"excerpt":{"rendered":"","protected":false},"author":1002163,"featured_media":0,"parent":0,"menu_order":0,"comment_status":"closed","ping_status":"closed","template":"","meta":{"_seopress_robots_primary_cat":"","_seopress_titles_title":"","_seopress_titles_desc":"","_seopress_robots_index":"","footnotes":""},"class_list":["post-871","page","type-page","status-publish"],"_links":{"self":[{"href":"https:\/\/wp.unil.ch\/ficellesapprendre\/wp-json\/wp\/v2\/pages\/871","targetHints":{"allow":["GET"]}}],"collection":[{"href":"https:\/\/wp.unil.ch\/ficellesapprendre\/wp-json\/wp\/v2\/pages"}],"about":[{"href":"https:\/\/wp.unil.ch\/ficellesapprendre\/wp-json\/wp\/v2\/types\/page"}],"author":[{"embeddable":true,"href":"https:\/\/wp.unil.ch\/ficellesapprendre\/wp-json\/wp\/v2\/users\/1002163"}],"replies":[{"embeddable":true,"href":"https:\/\/wp.unil.ch\/ficellesapprendre\/wp-json\/wp\/v2\/comments?post=871"}],"version-history":[{"count":0,"href":"https:\/\/wp.unil.ch\/ficellesapprendre\/wp-json\/wp\/v2\/pages\/871\/revisions"}],"wp:attachment":[{"href":"https:\/\/wp.unil.ch\/ficellesapprendre\/wp-json\/wp\/v2\/media?parent=871"}],"curies":[{"name":"wp","href":"https:\/\/api.w.org\/{rel}","templated":true}]}}