{"id":748,"date":"2021-02-13T20:13:36","date_gmt":"2021-02-13T19:13:36","guid":{"rendered":"https:\/\/wp.unil.ch\/ficellesapprendre\/?page_id=748"},"modified":"2021-04-11T23:26:31","modified_gmt":"2021-04-11T21:26:31","slug":"contribuer","status":"publish","type":"page","link":"https:\/\/wp.unil.ch\/ficellesapprendre\/contribuer\/","title":{"rendered":"Contribuer"},"content":{"rendered":"\n<p>FicellesApprendre est un r\u00e9seau. Vous aimeriez contribuer \u00e0 l\u2019\u00e9tendre ? C\u2019est avec grand plaisir que nous accueillerons vos contributions. Elles peuvent \u00eatre de trois ordres&nbsp;:<\/p>\n\n\n\n<ol class=\"wp-block-list\"><li>Vous aimeriez partager votre exp\u00e9rience avec les outils ficellesApprendre en figurant parmi <a href=\"https:\/\/wp.unil.ch\/ficellesapprendre\/ficelles-pedagogiques\/\" data-type=\"page\" data-id=\"524\">la galerie de portraits du r\u00e9seau<\/a>.<\/li><li>Vous aimeriez mettre en commun avec toute la communaut\u00e9 ficellesApprendre une information en rapport avec l\u2019outil ou son utilisation au moyen de la newsletter.<\/li><li>Vous avez d\u00e9velopp\u00e9 un outil particulier que vous aimeriez mettre \u00e0 disposition des utilisateurs\u00b7trices de ficellesApprendre en permettant de le t\u00e9l\u00e9charger sur le site.<\/li><\/ol>\n\n\n\n<p>Dans ces trois cas, <a href=\"https:\/\/wp.unil.ch\/ficellesapprendre\/contact\/\" data-type=\"page\" data-id=\"754\">\u00e9crivez-nous<\/a> et nous prendrons contact avec vous pour imaginer quelle serait la plus jolie mani\u00e8re de mettre en forme votre enthousiasme pour ficellesApprendre. Toute proposition est \u00e9videmment la bienvenue.<\/p>\n","protected":false},"excerpt":{"rendered":"<p>FicellesApprendre est un r\u00e9seau. Vous aimeriez contribuer \u00e0 l\u2019\u00e9tendre ? C\u2019est avec grand plaisir que nous accueillerons vos contributions. Elles peuvent \u00eatre de trois ordres&nbsp;: Vous aimeriez partager votre exp\u00e9rience avec les outils ficellesApprendre en figurant parmi la galerie de portraits du r\u00e9seau. Vous aimeriez mettre en commun avec toute la communaut\u00e9 ficellesApprendre une information [&hellip;]<\/p>\n","protected":false},"author":1002163,"featured_media":0,"parent":0,"menu_order":0,"comment_status":"closed","ping_status":"closed","template":"","meta":{"_seopress_robots_primary_cat":"","_seopress_titles_title":"","_seopress_titles_desc":"","_seopress_robots_index":"","footnotes":""},"class_list":["post-748","page","type-page","status-publish"],"_links":{"self":[{"href":"https:\/\/wp.unil.ch\/ficellesapprendre\/wp-json\/wp\/v2\/pages\/748","targetHints":{"allow":["GET"]}}],"collection":[{"href":"https:\/\/wp.unil.ch\/ficellesapprendre\/wp-json\/wp\/v2\/pages"}],"about":[{"href":"https:\/\/wp.unil.ch\/ficellesapprendre\/wp-json\/wp\/v2\/types\/page"}],"author":[{"embeddable":true,"href":"https:\/\/wp.unil.ch\/ficellesapprendre\/wp-json\/wp\/v2\/users\/1002163"}],"replies":[{"embeddable":true,"href":"https:\/\/wp.unil.ch\/ficellesapprendre\/wp-json\/wp\/v2\/comments?post=748"}],"version-history":[{"count":0,"href":"https:\/\/wp.unil.ch\/ficellesapprendre\/wp-json\/wp\/v2\/pages\/748\/revisions"}],"wp:attachment":[{"href":"https:\/\/wp.unil.ch\/ficellesapprendre\/wp-json\/wp\/v2\/media?parent=748"}],"curies":[{"name":"wp","href":"https:\/\/api.w.org\/{rel}","templated":true}]}}