{"id":524,"date":"2021-02-10T00:08:23","date_gmt":"2021-02-09T23:08:23","guid":{"rendered":"https:\/\/wp.unil.ch\/ficellesapprendre\/?page_id=524"},"modified":"2021-04-11T23:00:45","modified_gmt":"2021-04-11T21:00:45","slug":"ficelles-pedagogiques","status":"publish","type":"page","link":"https:\/\/wp.unil.ch\/ficellesapprendre\/ficelles-pedagogiques\/","title":{"rendered":"Ficelles p\u00e9dagogiques"},"content":{"rendered":"\n<p class=\"has-text-align-center\">FicellesApprendre est un r\u00e9seau de personnes engag\u00e9es dans l\u2019enseignement du fran\u00e7ais qui partagent l\u2019usage des tableaux TELL (Tableaux des \u00e9l\u00e9ments et des liaisons linguistiques) et de l\u2019outil de mise en correspondance phonographique Phonocolor. Ces personnes ont aussi en commun une certaine conception de la p\u00e9dagogie selon laquelle c\u2019est \u00e0 celles et ceux qui apprennent de trouver leur propre chemin dans les cartes du fran\u00e7ais que forment les tableaux TELL ou dans les textes mis en couleur ou \u00e0 mettre en couleur par l\u2019interm\u00e9diaire de Phonocolor. Dans cette p\u00e9dagogie qui s\u2019inspire de l\u2019\u00e9cole mutuelle, tout le monde est tour \u00e0 tour apprenti\u00b7e et enseignant\u00b7e. Sa puissance tient dans la multiplication des ma\u00eetres et ma\u00eetresses et \u00e0 leur alternance. Le r\u00e9seau ficellesApprendre est engag\u00e9 dans la r\u00e9alisation d\u2019une \u00e9cole d\u00e9mocratique qui apprend \u00e0 lire et enseigne \u00e0 \u00eatre lu en fran\u00e7ais.<\/p>\n\n\n\n<p class=\"has-text-align-center\">Le r\u00e9seau ficellesApprendre se d\u00e9finit par la somme des personnes qui le forment. Il est plus qu\u2019une simple addition, c\u2019est un collectif dans lequel chacune et chacun a sa propre histoire et son propre usage des tableaux TELL et de l\u2019outil <a href=\"https:\/\/wp.unil.ch\/ficellesapprendre\/ficelles-didactiques\/\" data-type=\"page\" data-id=\"316\">Phonocolor<\/a>.<\/p>\n\n\n\n<h2 class=\"has-text-align-center wp-block-heading\">R\u00e9seau<\/h2>\n\n\n<ul class=\"wp-block-latest-posts__list is-grid columns-3 wp-block-latest-posts\"><li><div class=\"wp-block-latest-posts__featured-image aligncenter\"><a href=\"https:\/\/wp.unil.ch\/ficellesapprendre\/florence-balvay-natz-525\/\" aria-label=\"Florence Balvay Natz\"><img loading=\"lazy\" decoding=\"async\" width=\"580\" height=\"435\" src=\"https:\/\/wp.unil.ch\/ficellesapprendre\/files\/2021\/02\/florence_balvay_natz_1920x1440-1024x768.jpg\" class=\"attachment-large size-large wp-post-image\" alt=\"\" style=\"\" srcset=\"https:\/\/wp.unil.ch\/ficellesapprendre\/files\/2021\/02\/florence_balvay_natz_1920x1440-1024x768.jpg 1024w, https:\/\/wp.unil.ch\/ficellesapprendre\/files\/2021\/02\/florence_balvay_natz_1920x1440-300x225.jpg 300w, https:\/\/wp.unil.ch\/ficellesapprendre\/files\/2021\/02\/florence_balvay_natz_1920x1440-768x576.jpg 768w, https:\/\/wp.unil.ch\/ficellesapprendre\/files\/2021\/02\/florence_balvay_natz_1920x1440-1536x1152.jpg 1536w, https:\/\/wp.unil.ch\/ficellesapprendre\/files\/2021\/02\/florence_balvay_natz_1920x1440-1200x900.jpg 1200w, https:\/\/wp.unil.ch\/ficellesapprendre\/files\/2021\/02\/florence_balvay_natz_1920x1440-1320x990.jpg 1320w, https:\/\/wp.unil.ch\/ficellesapprendre\/files\/2021\/02\/florence_balvay_natz_1920x1440.jpg 1600w\" sizes=\"auto, (max-width: 580px) 100vw, 580px\" \/><\/a><\/div><a class=\"wp-block-latest-posts__post-title\" href=\"https:\/\/wp.unil.ch\/ficellesapprendre\/florence-balvay-natz-525\/\">Florence Balvay Natz<\/a><div class=\"wp-block-latest-posts__post-excerpt\">Enseignante FLE,\nFran\u00e7ais langue seconde, Berne et\nUnil &#8211; Cours de vacances<\/div><\/li>\n<li><div class=\"wp-block-latest-posts__featured-image aligncenter\"><a href=\"https:\/\/wp.unil.ch\/ficellesapprendre\/geraldine-labhardt-983\/\" aria-label=\"G\u00e9raldine Labhardt\"><img loading=\"lazy\" decoding=\"async\" width=\"580\" height=\"435\" src=\"https:\/\/wp.unil.ch\/ficellesapprendre\/files\/2021\/04\/Ge\u0301raldine_Labhart_1920x1440-1024x768.jpg\" class=\"attachment-large size-large wp-post-image\" alt=\"\" style=\"\" srcset=\"https:\/\/wp.unil.ch\/ficellesapprendre\/files\/2021\/04\/Ge\u0301raldine_Labhart_1920x1440-1024x768.jpg 1024w, https:\/\/wp.unil.ch\/ficellesapprendre\/files\/2021\/04\/Ge\u0301raldine_Labhart_1920x1440-300x225.jpg 300w, https:\/\/wp.unil.ch\/ficellesapprendre\/files\/2021\/04\/Ge\u0301raldine_Labhart_1920x1440-768x576.jpg 768w, https:\/\/wp.unil.ch\/ficellesapprendre\/files\/2021\/04\/Ge\u0301raldine_Labhart_1920x1440-1536x1152.jpg 1536w, https:\/\/wp.unil.ch\/ficellesapprendre\/files\/2021\/04\/Ge\u0301raldine_Labhart_1920x1440-1200x900.jpg 1200w, https:\/\/wp.unil.ch\/ficellesapprendre\/files\/2021\/04\/Ge\u0301raldine_Labhart_1920x1440-1320x990.jpg 1320w, https:\/\/wp.unil.ch\/ficellesapprendre\/files\/2021\/04\/Ge\u0301raldine_Labhart_1920x1440.jpg 1600w\" sizes=\"auto, (max-width: 580px) 100vw, 580px\" \/><\/a><\/div><a class=\"wp-block-latest-posts__post-title\" href=\"https:\/\/wp.unil.ch\/ficellesapprendre\/geraldine-labhardt-983\/\">G\u00e9raldine Labhardt<\/a><div class=\"wp-block-latest-posts__post-excerpt\">Coordinatrice de discipline langue de scolarisation \/ allophonie (EP), DIP, Gen\u00e8ve<\/div><\/li>\n<li><div class=\"wp-block-latest-posts__featured-image aligncenter\"><a href=\"https:\/\/wp.unil.ch\/ficellesapprendre\/dominique-simonet-bianco-1069\/\" aria-label=\"Dominique Simonet Bianco\"><img loading=\"lazy\" decoding=\"async\" width=\"580\" height=\"435\" src=\"https:\/\/wp.unil.ch\/ficellesapprendre\/files\/2021\/04\/Dominique_Simonet_Bianco.jpg\" class=\"attachment-large size-large wp-post-image\" alt=\"Enseignante montrant pastilles TELL\" style=\"\" srcset=\"https:\/\/wp.unil.ch\/ficellesapprendre\/files\/2021\/04\/Dominique_Simonet_Bianco.jpg 640w, https:\/\/wp.unil.ch\/ficellesapprendre\/files\/2021\/04\/Dominique_Simonet_Bianco-300x225.jpg 300w\" sizes=\"auto, (max-width: 580px) 100vw, 580px\" \/><\/a><\/div><a class=\"wp-block-latest-posts__post-title\" href=\"https:\/\/wp.unil.ch\/ficellesapprendre\/dominique-simonet-bianco-1069\/\">Dominique Simonet Bianco<\/a><div class=\"wp-block-latest-posts__post-excerpt\">Enseignante en classe d&rsquo;accueil, secteur primaire (8-12 ans), canton de Gen\u00e8ve<\/div><\/li>\n<li><div class=\"wp-block-latest-posts__featured-image aligncenter\"><a href=\"https:\/\/wp.unil.ch\/ficellesapprendre\/aline-bartholdi-1129\/\" aria-label=\"Aline Bartholdi\"><img loading=\"lazy\" decoding=\"async\" width=\"580\" height=\"435\" src=\"https:\/\/wp.unil.ch\/ficellesapprendre\/files\/2021\/05\/bartholdi_1920_1440-1024x768.jpg\" class=\"attachment-large size-large wp-post-image\" alt=\"\" style=\"\" srcset=\"https:\/\/wp.unil.ch\/ficellesapprendre\/files\/2021\/05\/bartholdi_1920_1440-1024x768.jpg 1024w, https:\/\/wp.unil.ch\/ficellesapprendre\/files\/2021\/05\/bartholdi_1920_1440-300x225.jpg 300w, https:\/\/wp.unil.ch\/ficellesapprendre\/files\/2021\/05\/bartholdi_1920_1440-768x576.jpg 768w, https:\/\/wp.unil.ch\/ficellesapprendre\/files\/2021\/05\/bartholdi_1920_1440-1536x1152.jpg 1536w, https:\/\/wp.unil.ch\/ficellesapprendre\/files\/2021\/05\/bartholdi_1920_1440-1200x900.jpg 1200w, https:\/\/wp.unil.ch\/ficellesapprendre\/files\/2021\/05\/bartholdi_1920_1440-1320x990.jpg 1320w, https:\/\/wp.unil.ch\/ficellesapprendre\/files\/2021\/05\/bartholdi_1920_1440.jpg 1920w\" sizes=\"auto, (max-width: 580px) 100vw, 580px\" \/><\/a><\/div><a class=\"wp-block-latest-posts__post-title\" href=\"https:\/\/wp.unil.ch\/ficellesapprendre\/aline-bartholdi-1129\/\">Aline Bartholdi<\/a><div class=\"wp-block-latest-posts__post-excerpt\">Enseignante de Fran\u00e7ais langue \u00e9trang\u00e8re, DIP, Canton de Gen\u00e8ve<\/div><\/li>\n<li><div class=\"wp-block-latest-posts__featured-image aligncenter\"><a href=\"https:\/\/wp.unil.ch\/ficellesapprendre\/sophia-smajlovic-1142\/\" aria-label=\"Sophia Smajlovic\"><img loading=\"lazy\" decoding=\"async\" width=\"580\" height=\"420\" src=\"https:\/\/wp.unil.ch\/ficellesapprendre\/files\/2021\/05\/1920_1440Smajlovic-1024x741.jpg\" class=\"attachment-large size-large wp-post-image\" alt=\"\" style=\"\" srcset=\"https:\/\/wp.unil.ch\/ficellesapprendre\/files\/2021\/05\/1920_1440Smajlovic-1024x741.jpg 1024w, https:\/\/wp.unil.ch\/ficellesapprendre\/files\/2021\/05\/1920_1440Smajlovic-300x217.jpg 300w, https:\/\/wp.unil.ch\/ficellesapprendre\/files\/2021\/05\/1920_1440Smajlovic-768x556.jpg 768w, https:\/\/wp.unil.ch\/ficellesapprendre\/files\/2021\/05\/1920_1440Smajlovic-1536x1111.jpg 1536w, https:\/\/wp.unil.ch\/ficellesapprendre\/files\/2021\/05\/1920_1440Smajlovic-1200x868.jpg 1200w, https:\/\/wp.unil.ch\/ficellesapprendre\/files\/2021\/05\/1920_1440Smajlovic-1980x1433.jpg 1980w, https:\/\/wp.unil.ch\/ficellesapprendre\/files\/2021\/05\/1920_1440Smajlovic-1320x955.jpg 1320w, https:\/\/wp.unil.ch\/ficellesapprendre\/files\/2021\/05\/1920_1440Smajlovic.jpg 1990w\" sizes=\"auto, (max-width: 580px) 100vw, 580px\" \/><\/a><\/div><a class=\"wp-block-latest-posts__post-title\" href=\"https:\/\/wp.unil.ch\/ficellesapprendre\/sophia-smajlovic-1142\/\">Sophia Smajlovic<\/a><div class=\"wp-block-latest-posts__post-excerpt\">Responsable p\u00e9dagogique \u00e0 Espaces Femmes Appartenances<\/div><\/li>\n<li><div class=\"wp-block-latest-posts__featured-image aligncenter\"><a href=\"https:\/\/wp.unil.ch\/ficellesapprendre\/peter-krcmar-1282\/\" aria-label=\"Peter Krcmar\"><img loading=\"lazy\" decoding=\"async\" width=\"580\" height=\"434\" src=\"https:\/\/wp.unil.ch\/ficellesapprendre\/files\/2022\/04\/PKrcmar-1024x767.jpg\" class=\"attachment-large size-large wp-post-image\" alt=\"Peter Krcmar\" style=\"\" srcset=\"https:\/\/wp.unil.ch\/ficellesapprendre\/files\/2022\/04\/PKrcmar-1024x767.jpg 1024w, https:\/\/wp.unil.ch\/ficellesapprendre\/files\/2022\/04\/PKrcmar-300x225.jpg 300w, https:\/\/wp.unil.ch\/ficellesapprendre\/files\/2022\/04\/PKrcmar-768x576.jpg 768w, https:\/\/wp.unil.ch\/ficellesapprendre\/files\/2022\/04\/PKrcmar-1536x1151.jpg 1536w, https:\/\/wp.unil.ch\/ficellesapprendre\/files\/2022\/04\/PKrcmar-1200x899.jpg 1200w, https:\/\/wp.unil.ch\/ficellesapprendre\/files\/2022\/04\/PKrcmar-1320x989.jpg 1320w, https:\/\/wp.unil.ch\/ficellesapprendre\/files\/2022\/04\/PKrcmar.jpg 1920w\" sizes=\"auto, (max-width: 580px) 100vw, 580px\" \/><\/a><\/div><a class=\"wp-block-latest-posts__post-title\" href=\"https:\/\/wp.unil.ch\/ficellesapprendre\/peter-krcmar-1282\/\">Peter Krcmar<\/a><div class=\"wp-block-latest-posts__post-excerpt\">Dipl\u00f4m\u00e9 de l&rsquo;Ecole Polytechnique F\u00e9d\u00e9rale de Lausanne en informatique<\/div><\/li>\n<\/ul>\n\n\n<p class=\"has-text-align-center\">Des questions ? <a href=\"https:\/\/wp.unil.ch\/ficellesapprendre\/foire-aux-questions#ficelles-pedagogiques\" data-type=\"page\">Consulter notre FAQ&#8230;<\/a><\/p>\n","protected":false},"excerpt":{"rendered":"<p>FicellesApprendre est un r\u00e9seau de personnes engag\u00e9es dans l\u2019enseignement du fran\u00e7ais qui partagent l\u2019usage des tableaux TELL (Tableaux des \u00e9l\u00e9ments et des liaisons linguistiques) et de l\u2019outil de mise en correspondance phonographique Phonocolor. Ces personnes ont aussi en commun une certaine conception de la p\u00e9dagogie selon laquelle c\u2019est \u00e0 celles et ceux qui apprennent de [&hellip;]<\/p>\n","protected":false},"author":1002163,"featured_media":0,"parent":0,"menu_order":0,"comment_status":"closed","ping_status":"closed","template":"templates\/template-full-width.php","meta":{"_seopress_robots_primary_cat":"","_seopress_titles_title":"","_seopress_titles_desc":"","_seopress_robots_index":"","footnotes":""},"class_list":["post-524","page","type-page","status-publish"],"_links":{"self":[{"href":"https:\/\/wp.unil.ch\/ficellesapprendre\/wp-json\/wp\/v2\/pages\/524","targetHints":{"allow":["GET"]}}],"collection":[{"href":"https:\/\/wp.unil.ch\/ficellesapprendre\/wp-json\/wp\/v2\/pages"}],"about":[{"href":"https:\/\/wp.unil.ch\/ficellesapprendre\/wp-json\/wp\/v2\/types\/page"}],"author":[{"embeddable":true,"href":"https:\/\/wp.unil.ch\/ficellesapprendre\/wp-json\/wp\/v2\/users\/1002163"}],"replies":[{"embeddable":true,"href":"https:\/\/wp.unil.ch\/ficellesapprendre\/wp-json\/wp\/v2\/comments?post=524"}],"version-history":[{"count":0,"href":"https:\/\/wp.unil.ch\/ficellesapprendre\/wp-json\/wp\/v2\/pages\/524\/revisions"}],"wp:attachment":[{"href":"https:\/\/wp.unil.ch\/ficellesapprendre\/wp-json\/wp\/v2\/media?parent=524"}],"curies":[{"name":"wp","href":"https:\/\/api.w.org\/{rel}","templated":true}]}}