{"id":316,"date":"2021-01-21T09:24:53","date_gmt":"2021-01-21T08:24:53","guid":{"rendered":"https:\/\/wp.unil.ch\/ficellesapprendre\/?page_id=316"},"modified":"2023-12-20T17:56:00","modified_gmt":"2023-12-20T16:56:00","slug":"ficelles-didactiques","status":"publish","type":"page","link":"https:\/\/wp.unil.ch\/ficellesapprendre\/ficelles-didactiques\/","title":{"rendered":"Ficelles didactiques"},"content":{"rendered":"\n<p>FicellesApprendre, on s\u2019y prend comment ? Des ressources didactiques sont \u00e0 disposition pour mettre en \u0153uvre la p\u00e9dagogie ficellesApprendre et les outils TELL. Toutes sortes de s\u00e9quences didactiques, de jeux, de pastilles en couleur, de formes, de livres \u00e0 colorier, de comptines, etc. FicellesApprendre met en commun du mat\u00e9riel \u00e0 bricoler soi-m\u00eame pour apprendre le fran\u00e7ais, sa prononciation, sa lecture et son \u00e9criture, la pratique de sa grammaire. Ces ressources irriguent cet espace interm\u00e9diaire entre enseignant\u00b7e\u00b7s et apprenant\u00b7e\u00b7s o\u00f9 pousse l\u2019imagination et prend racine un avenir commun dans le langage des lettres et des livres.<\/p>\n\n\n\n<h2 class=\"wp-block-heading has-text-align-center\" id=\"phonocolor\">Phonocolor<\/h2>\n\n\n\n<!-- iframe plugin v.6.0 wordpress.org\/plugins\/iframe\/ -->\n<iframe loading=\"lazy\" src=\"https:\/\/phonocolor.ch\/colorier.html\" width=\"100%\" height=\"800\" scrolling=\"yes\" class=\"iframe-class\" frameborder=\"0\"><\/iframe>\n\n\n\n\n<h2 class=\"wp-block-heading has-text-align-center\" id=\"jeux\">Jeux<\/h2>\n\n\n\n<div class=\"wp-block-columns is-layout-flex wp-container-core-columns-is-layout-9d6595d7 wp-block-columns-is-layout-flex\">\n<div class=\"wp-block-column is-layout-flow wp-block-column-is-layout-flow\">\n<h3 class=\"wp-block-heading has-text-align-center has-large-font-size\">Jeux en ligne<\/h3>\n\n\n\n<figure class=\"wp-block-image size-large\"><img alt=\"\" loading=\"lazy\" decoding=\"async\" width=\"1024\" height=\"682\" src=\"https:\/\/wp.unil.ch\/ficellesapprendre\/files\/2021\/03\/jeu_harmonie_1_en_ligne-1024x682.jpg\" alt=\"\" class=\"wp-image-775\" srcset=\"https:\/\/wp.unil.ch\/ficellesapprendre\/files\/2021\/03\/jeu_harmonie_1_en_ligne-1024x682.jpg 1024w, https:\/\/wp.unil.ch\/ficellesapprendre\/files\/2021\/03\/jeu_harmonie_1_en_ligne-300x200.jpg 300w, https:\/\/wp.unil.ch\/ficellesapprendre\/files\/2021\/03\/jeu_harmonie_1_en_ligne-768x512.jpg 768w, https:\/\/wp.unil.ch\/ficellesapprendre\/files\/2021\/03\/jeu_harmonie_1_en_ligne-1200x800.jpg 1200w, https:\/\/wp.unil.ch\/ficellesapprendre\/files\/2021\/03\/jeu_harmonie_1_en_ligne-1320x880.jpg 1320w, https:\/\/wp.unil.ch\/ficellesapprendre\/files\/2021\/03\/jeu_harmonie_1_en_ligne.jpg 1418w\" sizes=\"auto, (max-width: 1024px) 100vw, 1024px\" \/><\/figure>\n\n\n\n<div class=\"wp-block-buttons is-horizontal is-content-justification-center is-layout-flex wp-container-core-buttons-is-layout-499968f5 wp-block-buttons-is-layout-flex\">\n<div class=\"wp-block-button is-style-fill\"><a class=\"wp-block-button__link no-border-radius wp-element-button\" href=\"https:\/\/wp.unil.ch\/ficellesapprendre\/jeux-en-ligne\/\">Jouer<\/a><\/div>\n<\/div>\n<\/div>\n\n\n\n<div class=\"wp-block-column is-layout-flow wp-block-column-is-layout-flow\">\n<h3 class=\"wp-block-heading has-text-align-center has-large-font-size\">Jeu des Harmonies 1<\/h3>\n\n\n\n<figure class=\"wp-block-image size-large\"><img alt=\"\" loading=\"lazy\" decoding=\"async\" width=\"1024\" height=\"683\" src=\"https:\/\/wp.unil.ch\/ficellesapprendre\/files\/2021\/03\/jeu_harmonies_1_1920x1080-1024x683.jpg\" alt=\"\" class=\"wp-image-773\" srcset=\"https:\/\/wp.unil.ch\/ficellesapprendre\/files\/2021\/03\/jeu_harmonies_1_1920x1080-1024x683.jpg 1024w, https:\/\/wp.unil.ch\/ficellesapprendre\/files\/2021\/03\/jeu_harmonies_1_1920x1080-300x200.jpg 300w, https:\/\/wp.unil.ch\/ficellesapprendre\/files\/2021\/03\/jeu_harmonies_1_1920x1080-768x512.jpg 768w, https:\/\/wp.unil.ch\/ficellesapprendre\/files\/2021\/03\/jeu_harmonies_1_1920x1080-1536x1024.jpg 1536w, https:\/\/wp.unil.ch\/ficellesapprendre\/files\/2021\/03\/jeu_harmonies_1_1920x1080-1200x800.jpg 1200w, https:\/\/wp.unil.ch\/ficellesapprendre\/files\/2021\/03\/jeu_harmonies_1_1920x1080-1320x880.jpg 1320w, https:\/\/wp.unil.ch\/ficellesapprendre\/files\/2021\/03\/jeu_harmonies_1_1920x1080.jpg 1920w\" sizes=\"auto, (max-width: 1024px) 100vw, 1024px\" \/><\/figure>\n\n\n\n<div class=\"wp-block-buttons is-horizontal is-content-justification-center is-layout-flex wp-container-core-buttons-is-layout-499968f5 wp-block-buttons-is-layout-flex\">\n<div class=\"wp-block-button is-style-fill\"><a class=\"wp-block-button__link no-border-radius wp-element-button\" href=\"https:\/\/wp.unil.ch\/ficellesapprendre\/files\/2022\/09\/041_TELL_JEU_HARMONIES_1_22_VECT.pdf\">T\u00e9l\u00e9charger<\/a><\/div>\n<\/div>\n<\/div>\n\n\n\n<div class=\"wp-block-column is-layout-flow wp-block-column-is-layout-flow\">\n<h3 class=\"wp-block-heading has-text-align-center has-large-font-size\">Jeu des Harmonies 2<\/h3>\n\n\n\n<figure class=\"wp-block-image size-large\"><img alt=\"\" loading=\"lazy\" decoding=\"async\" width=\"1024\" height=\"683\" src=\"https:\/\/wp.unil.ch\/ficellesapprendre\/files\/2021\/03\/jeu_harmonies_2_1920x1280-1024x683.jpg\" alt=\"\" class=\"wp-image-774\" srcset=\"https:\/\/wp.unil.ch\/ficellesapprendre\/files\/2021\/03\/jeu_harmonies_2_1920x1280-1024x683.jpg 1024w, https:\/\/wp.unil.ch\/ficellesapprendre\/files\/2021\/03\/jeu_harmonies_2_1920x1280-300x200.jpg 300w, https:\/\/wp.unil.ch\/ficellesapprendre\/files\/2021\/03\/jeu_harmonies_2_1920x1280-768x512.jpg 768w, https:\/\/wp.unil.ch\/ficellesapprendre\/files\/2021\/03\/jeu_harmonies_2_1920x1280-1536x1024.jpg 1536w, https:\/\/wp.unil.ch\/ficellesapprendre\/files\/2021\/03\/jeu_harmonies_2_1920x1280-1200x800.jpg 1200w, https:\/\/wp.unil.ch\/ficellesapprendre\/files\/2021\/03\/jeu_harmonies_2_1920x1280-1320x880.jpg 1320w, https:\/\/wp.unil.ch\/ficellesapprendre\/files\/2021\/03\/jeu_harmonies_2_1920x1280.jpg 1920w\" sizes=\"auto, (max-width: 1024px) 100vw, 1024px\" \/><\/figure>\n\n\n\n<div class=\"wp-block-buttons is-horizontal is-content-justification-center is-layout-flex wp-container-core-buttons-is-layout-499968f5 wp-block-buttons-is-layout-flex\">\n<div class=\"wp-block-button is-style-fill\"><a class=\"wp-block-button__link no-border-radius wp-element-button\" href=\"https:\/\/wp.unil.ch\/ficellesapprendre\/files\/2021\/02\/042_TELL_Jeu_harmonies_2.pdf\">T\u00e9l\u00e9charger<\/a><\/div>\n<\/div>\n<\/div>\n<\/div>\n\n\n\n<div class=\"wp-block-columns is-layout-flex wp-container-core-columns-is-layout-9d6595d7 wp-block-columns-is-layout-flex\">\n<div class=\"wp-block-column is-layout-flow wp-block-column-is-layout-flow\">\n<h3 class=\"wp-block-heading has-text-align-center has-large-font-size\">Dooble<\/h3>\n\n\n\n<figure class=\"wp-block-image size-full\"><img alt=\"\" loading=\"lazy\" decoding=\"async\" width=\"522\" height=\"326\" src=\"https:\/\/wp.unil.ch\/ficellesapprendre\/files\/2023\/12\/dooble-cover.jpg\" alt=\"\" class=\"wp-image-1442\" srcset=\"https:\/\/wp.unil.ch\/ficellesapprendre\/files\/2023\/12\/dooble-cover.jpg 522w, https:\/\/wp.unil.ch\/ficellesapprendre\/files\/2023\/12\/dooble-cover-300x187.jpg 300w\" sizes=\"auto, (max-width: 522px) 100vw, 522px\" \/><\/figure>\n\n\n\n<div class=\"wp-block-buttons is-horizontal is-content-justification-center is-layout-flex wp-container-core-buttons-is-layout-499968f5 wp-block-buttons-is-layout-flex\">\n<div class=\"wp-block-button is-style-fill\"><a class=\"wp-block-button__link no-border-radius wp-element-button\" href=\"https:\/\/wp.unil.ch\/ficellesapprendre\/dooble\/\">COnsulter<\/a><\/div>\n<\/div>\n<\/div>\n\n\n\n<div class=\"wp-block-column is-layout-flow wp-block-column-is-layout-flow\"><\/div>\n\n\n\n<div class=\"wp-block-column is-layout-flow wp-block-column-is-layout-flow\"><\/div>\n<\/div>\n\n\n\n<h2 class=\"wp-block-heading has-text-align-center\" id=\"materiel\">Mat\u00e9riel<\/h2>\n\n\n\n<div class=\"wp-block-columns is-layout-flex wp-container-core-columns-is-layout-9d6595d7 wp-block-columns-is-layout-flex\">\n<div class=\"wp-block-column is-layout-flow wp-block-column-is-layout-flow\">\n<h3 class=\"wp-block-heading has-text-align-center has-large-font-size\">Consonnes &#8211; voyelles<\/h3>\n\n\n\n<figure class=\"wp-block-image size-large\"><img loading=\"lazy\" decoding=\"async\" width=\"1024\" height=\"683\" src=\"https:\/\/wp.unil.ch\/ficellesapprendre\/files\/2021\/03\/consonnes_voyelles_1920x1280-1024x683.jpg\" alt=\"Tableau et pi\u00e8ces TELL\" class=\"wp-image-770\" srcset=\"https:\/\/wp.unil.ch\/ficellesapprendre\/files\/2021\/03\/consonnes_voyelles_1920x1280-1024x683.jpg 1024w, https:\/\/wp.unil.ch\/ficellesapprendre\/files\/2021\/03\/consonnes_voyelles_1920x1280-300x200.jpg 300w, https:\/\/wp.unil.ch\/ficellesapprendre\/files\/2021\/03\/consonnes_voyelles_1920x1280-768x512.jpg 768w, https:\/\/wp.unil.ch\/ficellesapprendre\/files\/2021\/03\/consonnes_voyelles_1920x1280-1536x1024.jpg 1536w, https:\/\/wp.unil.ch\/ficellesapprendre\/files\/2021\/03\/consonnes_voyelles_1920x1280-1200x800.jpg 1200w, https:\/\/wp.unil.ch\/ficellesapprendre\/files\/2021\/03\/consonnes_voyelles_1920x1280-1320x880.jpg 1320w, https:\/\/wp.unil.ch\/ficellesapprendre\/files\/2021\/03\/consonnes_voyelles_1920x1280.jpg 1920w\" sizes=\"auto, (max-width: 1024px) 100vw, 1024px\" \/><\/figure>\n\n\n\n<div class=\"wp-block-buttons is-horizontal is-content-justification-center is-layout-flex wp-container-core-buttons-is-layout-499968f5 wp-block-buttons-is-layout-flex\">\n<div class=\"wp-block-button is-style-fill\"><a class=\"wp-block-button__link no-border-radius wp-element-button\" href=\"https:\/\/wp.unil.ch\/ficellesapprendre\/files\/2022\/09\/031_TELL_CONSONNES_VOYELLES_22-1.pdf\">T\u00e9l\u00e9charger<\/a><\/div>\n<\/div>\n<\/div>\n\n\n\n<div class=\"wp-block-column is-layout-flow wp-block-column-is-layout-flow\">\n<h3 class=\"wp-block-heading has-text-align-center has-large-font-size\">Formes<\/h3>\n\n\n\n<figure class=\"wp-block-image size-large\"><img alt=\"\" loading=\"lazy\" decoding=\"async\" width=\"1024\" height=\"683\" src=\"https:\/\/wp.unil.ch\/ficellesapprendre\/files\/2021\/03\/tell_formes_1920x1280-1024x683.jpg\" alt=\"\" class=\"wp-image-772\" srcset=\"https:\/\/wp.unil.ch\/ficellesapprendre\/files\/2021\/03\/tell_formes_1920x1280-1024x683.jpg 1024w, https:\/\/wp.unil.ch\/ficellesapprendre\/files\/2021\/03\/tell_formes_1920x1280-300x200.jpg 300w, https:\/\/wp.unil.ch\/ficellesapprendre\/files\/2021\/03\/tell_formes_1920x1280-768x512.jpg 768w, https:\/\/wp.unil.ch\/ficellesapprendre\/files\/2021\/03\/tell_formes_1920x1280-1536x1024.jpg 1536w, https:\/\/wp.unil.ch\/ficellesapprendre\/files\/2021\/03\/tell_formes_1920x1280-1200x800.jpg 1200w, https:\/\/wp.unil.ch\/ficellesapprendre\/files\/2021\/03\/tell_formes_1920x1280-1320x880.jpg 1320w, https:\/\/wp.unil.ch\/ficellesapprendre\/files\/2021\/03\/tell_formes_1920x1280.jpg 1920w\" sizes=\"auto, (max-width: 1024px) 100vw, 1024px\" \/><\/figure>\n\n\n\n<div class=\"wp-block-buttons is-horizontal is-content-justification-center is-layout-flex wp-container-core-buttons-is-layout-499968f5 wp-block-buttons-is-layout-flex\">\n<div class=\"wp-block-button is-style-fill\"><a class=\"wp-block-button__link no-border-radius wp-element-button\" href=\"https:\/\/wp.unil.ch\/ficellesapprendre\/files\/2021\/02\/032_TELL_Formes.pdf\">T\u00e9l\u00e9charger<\/a><\/div>\n<\/div>\n<\/div>\n\n\n\n<div class=\"wp-block-column is-layout-flow wp-block-column-is-layout-flow\">\n<h3 class=\"wp-block-heading has-text-align-center has-large-font-size\" id=\"stylos\">Stylos<\/h3>\n\n\n\n<figure class=\"wp-block-image size-large\"><img alt=\"Stylos de couleur pour phonocoloriser\" loading=\"lazy\" decoding=\"async\" width=\"1024\" height=\"683\" src=\"https:\/\/wp.unil.ch\/ficellesapprendre\/files\/2021\/03\/stylos-1-1024x683.jpg\" alt=\"\" class=\"wp-image-881\" srcset=\"https:\/\/wp.unil.ch\/ficellesapprendre\/files\/2021\/03\/stylos-1-1024x683.jpg 1024w, https:\/\/wp.unil.ch\/ficellesapprendre\/files\/2021\/03\/stylos-1-300x200.jpg 300w, https:\/\/wp.unil.ch\/ficellesapprendre\/files\/2021\/03\/stylos-1-768x512.jpg 768w, https:\/\/wp.unil.ch\/ficellesapprendre\/files\/2021\/03\/stylos-1-1536x1024.jpg 1536w, https:\/\/wp.unil.ch\/ficellesapprendre\/files\/2021\/03\/stylos-1-1200x800.jpg 1200w, https:\/\/wp.unil.ch\/ficellesapprendre\/files\/2021\/03\/stylos-1-1320x880.jpg 1320w, https:\/\/wp.unil.ch\/ficellesapprendre\/files\/2021\/03\/stylos-1.jpg 1920w\" sizes=\"auto, (max-width: 1024px) 100vw, 1024px\" \/><\/figure>\n\n\n\n<div class=\"wp-block-buttons is-horizontal is-content-justification-center is-layout-flex wp-container-core-buttons-is-layout-499968f5 wp-block-buttons-is-layout-flex\">\n<div class=\"wp-block-button is-style-fill\"><a class=\"wp-block-button__link no-border-radius wp-element-button\" href=\"https:\/\/wp.unil.ch\/ficellesapprendre\/tell_liste-des-stylos\/\">Consulter<\/a><\/div>\n<\/div>\n<\/div>\n<\/div>\n\n\n\n<div class=\"wp-block-columns is-layout-flex wp-container-core-columns-is-layout-9d6595d7 wp-block-columns-is-layout-flex\">\n<div class=\"wp-block-column is-layout-flow wp-block-column-is-layout-flow\">\n<h3 class=\"wp-block-heading has-text-align-center has-large-font-size\" id=\"cahier-a-colorier\">Cahier \u00e0 colorier<\/h3>\n\n\n\n<figure class=\"wp-block-image size-full\"><img alt=\"\" loading=\"lazy\" decoding=\"async\" width=\"652\" height=\"435\" src=\"https:\/\/wp.unil.ch\/ficellesapprendre\/files\/2021\/01\/8_Reportage_photo.png\" alt=\"\" class=\"wp-image-296\" srcset=\"https:\/\/wp.unil.ch\/ficellesapprendre\/files\/2021\/01\/8_Reportage_photo.png 652w, https:\/\/wp.unil.ch\/ficellesapprendre\/files\/2021\/01\/8_Reportage_photo-300x200.png 300w\" sizes=\"auto, (max-width: 652px) 100vw, 652px\" \/><\/figure>\n\n\n\n<div class=\"wp-block-buttons is-horizontal is-content-justification-center is-layout-flex wp-container-core-buttons-is-layout-499968f5 wp-block-buttons-is-layout-flex\">\n<div class=\"wp-block-button is-style-fill\"><a class=\"wp-block-button__link no-border-radius wp-element-button\" href=\"https:\/\/wp.unil.ch\/ficellesapprendre\/files\/2021\/03\/Ficelles_a_colorier.pdf\">T\u00e9l\u00e9charger<\/a><\/div>\n<\/div>\n<\/div>\n\n\n\n<div class=\"wp-block-column is-layout-flow wp-block-column-is-layout-flow\">\n<h3 class=\"wp-block-heading has-text-align-center has-large-font-size\">mini TELL<\/h3>\n\n\n\n<figure class=\"wp-block-image size-large\"><img alt=\"\" loading=\"lazy\" decoding=\"async\" width=\"1024\" height=\"683\" src=\"https:\/\/wp.unil.ch\/ficellesapprendre\/files\/2021\/03\/mini_tell_1920x1280-1024x683.jpg\" alt=\"\" class=\"wp-image-943\" srcset=\"https:\/\/wp.unil.ch\/ficellesapprendre\/files\/2021\/03\/mini_tell_1920x1280-1024x683.jpg 1024w, https:\/\/wp.unil.ch\/ficellesapprendre\/files\/2021\/03\/mini_tell_1920x1280-300x200.jpg 300w, https:\/\/wp.unil.ch\/ficellesapprendre\/files\/2021\/03\/mini_tell_1920x1280-768x512.jpg 768w, https:\/\/wp.unil.ch\/ficellesapprendre\/files\/2021\/03\/mini_tell_1920x1280-1536x1024.jpg 1536w, https:\/\/wp.unil.ch\/ficellesapprendre\/files\/2021\/03\/mini_tell_1920x1280-1200x800.jpg 1200w, https:\/\/wp.unil.ch\/ficellesapprendre\/files\/2021\/03\/mini_tell_1920x1280-1320x880.jpg 1320w, https:\/\/wp.unil.ch\/ficellesapprendre\/files\/2021\/03\/mini_tell_1920x1280.jpg 1920w\" sizes=\"auto, (max-width: 1024px) 100vw, 1024px\" \/><\/figure>\n\n\n\n<div class=\"wp-block-buttons is-horizontal is-content-justification-center is-layout-flex wp-container-core-buttons-is-layout-499968f5 wp-block-buttons-is-layout-flex\">\n<div class=\"wp-block-button is-style-fill\"><a class=\"wp-block-button__link no-border-radius wp-element-button\" href=\"https:\/\/wp.unil.ch\/ficellesapprendre\/files\/2022\/09\/Mini-TELL-Repro-2022.zip\">T\u00e9l\u00e9charger<\/a><\/div>\n<\/div>\n<\/div>\n\n\n\n<div class=\"wp-block-column is-layout-flow wp-block-column-is-layout-flow\">\n<h3 class=\"wp-block-heading has-text-align-center has-large-font-size\">Album<\/h3>\n\n\n\n<figure class=\"wp-block-image size-large\"><img alt=\"\" loading=\"lazy\" decoding=\"async\" width=\"1024\" height=\"683\" src=\"https:\/\/wp.unil.ch\/ficellesapprendre\/files\/2021\/03\/album_igloup_1920x1280-1024x683.jpg\" alt=\"\" class=\"wp-image-945\" srcset=\"https:\/\/wp.unil.ch\/ficellesapprendre\/files\/2021\/03\/album_igloup_1920x1280-1024x683.jpg 1024w, https:\/\/wp.unil.ch\/ficellesapprendre\/files\/2021\/03\/album_igloup_1920x1280-300x200.jpg 300w, https:\/\/wp.unil.ch\/ficellesapprendre\/files\/2021\/03\/album_igloup_1920x1280-768x512.jpg 768w, https:\/\/wp.unil.ch\/ficellesapprendre\/files\/2021\/03\/album_igloup_1920x1280-1536x1024.jpg 1536w, https:\/\/wp.unil.ch\/ficellesapprendre\/files\/2021\/03\/album_igloup_1920x1280-1200x800.jpg 1200w, https:\/\/wp.unil.ch\/ficellesapprendre\/files\/2021\/03\/album_igloup_1920x1280-1320x880.jpg 1320w, https:\/\/wp.unil.ch\/ficellesapprendre\/files\/2021\/03\/album_igloup_1920x1280.jpg 1920w\" sizes=\"auto, (max-width: 1024px) 100vw, 1024px\" \/><\/figure>\n\n\n\n<div class=\"wp-block-buttons is-horizontal is-content-justification-center is-layout-flex wp-container-core-buttons-is-layout-499968f5 wp-block-buttons-is-layout-flex\">\n<div class=\"wp-block-button\"><a class=\"wp-block-button__link wp-element-button\" href=\"https:\/\/wp.unil.ch\/ficellesapprendre\/album\/\">Consulter<\/a><\/div>\n<\/div>\n<\/div>\n<\/div>\n\n\n\n<h2 class=\"wp-block-heading has-text-align-center\">Tutoriels vid\u00e9o<\/h2>\n\n\n<div class=\"wp-block-image\">\n<figure class=\"aligncenter size-large\"><a href=\"https:\/\/wp.unil.ch\/ficellesapprendre\/tutoriels-video\/\"><img alt=\"\" loading=\"lazy\" decoding=\"async\" width=\"1024\" height=\"286\" src=\"https:\/\/wp.unil.ch\/ficellesapprendre\/files\/2021\/12\/banniere-ficellesApprendre-video-1024x286.png\" alt=\"\" class=\"wp-image-1258\" srcset=\"https:\/\/wp.unil.ch\/ficellesapprendre\/files\/2021\/12\/banniere-ficellesApprendre-video-1024x286.png 1024w, https:\/\/wp.unil.ch\/ficellesapprendre\/files\/2021\/12\/banniere-ficellesApprendre-video-300x84.png 300w, https:\/\/wp.unil.ch\/ficellesapprendre\/files\/2021\/12\/banniere-ficellesApprendre-video-768x215.png 768w, https:\/\/wp.unil.ch\/ficellesapprendre\/files\/2021\/12\/banniere-ficellesApprendre-video-1200x335.png 1200w, https:\/\/wp.unil.ch\/ficellesapprendre\/files\/2021\/12\/banniere-ficellesApprendre-video.png 1288w\" sizes=\"auto, (max-width: 1024px) 100vw, 1024px\" \/><\/a><\/figure>\n<\/div>\n\n\n<h2 class=\"wp-block-heading has-text-align-center\">TELL pour TBI<\/h2>\n\n\n<div class=\"wp-block-image\">\n<figure class=\"aligncenter size-medium\"><a href=\"https:\/\/wp.unil.ch\/ficellesapprendre\/tell-pour-tbi\/\"><img alt=\"\" loading=\"lazy\" decoding=\"async\" width=\"300\" height=\"160\" src=\"https:\/\/wp.unil.ch\/ficellesapprendre\/files\/2022\/12\/tbi-capsule-2-300x160.png\" alt=\"\" class=\"wp-image-1332\" srcset=\"https:\/\/wp.unil.ch\/ficellesapprendre\/files\/2022\/12\/tbi-capsule-2-300x160.png 300w, https:\/\/wp.unil.ch\/ficellesapprendre\/files\/2022\/12\/tbi-capsule-2-1024x547.png 1024w, https:\/\/wp.unil.ch\/ficellesapprendre\/files\/2022\/12\/tbi-capsule-2-768x410.png 768w, https:\/\/wp.unil.ch\/ficellesapprendre\/files\/2022\/12\/tbi-capsule-2-1536x821.png 1536w, https:\/\/wp.unil.ch\/ficellesapprendre\/files\/2022\/12\/tbi-capsule-2-1200x641.png 1200w, https:\/\/wp.unil.ch\/ficellesapprendre\/files\/2022\/12\/tbi-capsule-2-1320x705.png 1320w, https:\/\/wp.unil.ch\/ficellesapprendre\/files\/2022\/12\/tbi-capsule-2.png 1677w\" sizes=\"auto, (max-width: 300px) 100vw, 300px\" \/><\/a><\/figure>\n<\/div>\n\n\n<h2 class=\"wp-block-heading has-text-align-center\" id=\"TELL-Alpha\">TELL Alpha<\/h2>\n\n\n\n<div class=\"wp-block-columns is-layout-flex wp-container-core-columns-is-layout-9d6595d7 wp-block-columns-is-layout-flex\">\n<div class=\"wp-block-column is-layout-flow wp-block-column-is-layout-flow\">\n<h3 class=\"wp-block-heading has-text-align-center has-large-font-size\">Graph\u00e8mes<\/h3>\n\n\n<div class=\"wp-block-image\">\n<figure class=\"aligncenter size-full\"><img alt=\"\" loading=\"lazy\" decoding=\"async\" width=\"181\" height=\"256\" src=\"https:\/\/wp.unil.ch\/ficellesapprendre\/files\/2023\/09\/2309_cover_Graphemes_TELL_Alpha.png\" alt=\"\" class=\"wp-image-1393\" \/><\/figure>\n<\/div>\n\n\n<div class=\"wp-block-buttons is-horizontal is-content-justification-center is-layout-flex wp-container-core-buttons-is-layout-499968f5 wp-block-buttons-is-layout-flex\">\n<div class=\"wp-block-button is-style-fill\"><a class=\"wp-block-button__link no-border-radius wp-element-button\" href=\"https:\/\/wp.unil.ch\/ficellesapprendre\/files\/2023\/09\/2309_Graphemes_TELL_Alpha.pdf\">T\u00e9l\u00e9charger<\/a><\/div>\n<\/div>\n<\/div>\n\n\n\n<div class=\"wp-block-column is-layout-flow wp-block-column-is-layout-flow\">\n<h3 class=\"wp-block-heading has-text-align-center has-large-font-size\">Graph\u00e8mes vides<\/h3>\n\n\n<div class=\"wp-block-image\">\n<figure class=\"aligncenter size-full\"><img alt=\"\" loading=\"lazy\" decoding=\"async\" width=\"181\" height=\"256\" src=\"https:\/\/wp.unil.ch\/ficellesapprendre\/files\/2023\/09\/2309_cover_Graphemes_vide_TELL_Alpha.png\" alt=\"\" class=\"wp-image-1395\" \/><\/figure>\n<\/div>\n\n\n<div class=\"wp-block-buttons is-horizontal is-content-justification-center is-layout-flex wp-container-core-buttons-is-layout-499968f5 wp-block-buttons-is-layout-flex\">\n<div class=\"wp-block-button is-style-fill\"><a class=\"wp-block-button__link no-border-radius wp-element-button\" href=\"https:\/\/wp.unil.ch\/ficellesapprendre\/files\/2023\/09\/2309_Graphemes_vides_TELL_Alpha.pdf\">T\u00e9l\u00e9charger<\/a><\/div>\n<\/div>\n<\/div>\n\n\n\n<div class=\"wp-block-column is-layout-flow wp-block-column-is-layout-flow\">\n<h3 class=\"wp-block-heading has-text-align-center has-large-font-size\" id=\"stylos\">Phon\u00e8mes<\/h3>\n\n\n<div class=\"wp-block-image\">\n<figure class=\"aligncenter size-full\"><img alt=\"\" loading=\"lazy\" decoding=\"async\" width=\"181\" height=\"256\" src=\"https:\/\/wp.unil.ch\/ficellesapprendre\/files\/2023\/09\/2309_cover_Phonemes_TELL_Alpha.png\" alt=\"\" class=\"wp-image-1394\" \/><\/figure>\n<\/div>\n\n\n<div class=\"wp-block-buttons is-horizontal is-content-justification-center is-layout-flex wp-container-core-buttons-is-layout-499968f5 wp-block-buttons-is-layout-flex\">\n<div class=\"wp-block-button is-style-fill\"><a class=\"wp-block-button__link no-border-radius wp-element-button\" href=\"https:\/\/wp.unil.ch\/ficellesapprendre\/files\/2023\/09\/2309_Phonemes_TELL_Alpha.pdf\">T\u00e9l\u00e9charger<\/a><\/div>\n<\/div>\n<\/div>\n<\/div>\n\n\n\n<div class=\"wp-block-columns is-layout-flex wp-container-core-columns-is-layout-9d6595d7 wp-block-columns-is-layout-flex\">\n<div class=\"wp-block-column is-layout-flow wp-block-column-is-layout-flow\">\n<h3 class=\"wp-block-heading has-text-align-center has-large-font-size\">mini TELL Graph\u00e8mes<\/h3>\n\n\n<div class=\"wp-block-image\">\n<figure class=\"aligncenter size-full\"><img alt=\"\" loading=\"lazy\" decoding=\"async\" width=\"181\" height=\"256\" src=\"https:\/\/wp.unil.ch\/ficellesapprendre\/files\/2023\/09\/2309_cover_Graphemes_TELL_Alpha.png\" alt=\"\" class=\"wp-image-1393\" \/><\/figure>\n<\/div>\n\n\n<div class=\"wp-block-buttons is-horizontal is-content-justification-center is-layout-flex wp-container-core-buttons-is-layout-499968f5 wp-block-buttons-is-layout-flex\">\n<div class=\"wp-block-button is-style-fill\"><a class=\"wp-block-button__link no-border-radius wp-element-button\" href=\"https:\/\/wp.unil.ch\/ficellesapprendre\/files\/2023\/09\/2309_Graphemes_MiniTELL_Alpha.pdf\">T\u00e9l\u00e9charger<\/a><\/div>\n<\/div>\n<\/div>\n\n\n\n<div class=\"wp-block-column is-layout-flow wp-block-column-is-layout-flow\">\n<h3 class=\"wp-block-heading has-text-align-center has-large-font-size\">mini TELL Phon\u00e8mes<\/h3>\n\n\n<div class=\"wp-block-image\">\n<figure class=\"aligncenter size-full\"><img alt=\"\" loading=\"lazy\" decoding=\"async\" width=\"181\" height=\"256\" src=\"https:\/\/wp.unil.ch\/ficellesapprendre\/files\/2023\/09\/2309_cover_Phonemes_TELL_Alpha.png\" alt=\"\" class=\"wp-image-1394\" \/><\/figure>\n<\/div>\n\n\n<div class=\"wp-block-buttons is-horizontal is-content-justification-center is-layout-flex wp-container-core-buttons-is-layout-499968f5 wp-block-buttons-is-layout-flex\">\n<div class=\"wp-block-button is-style-fill\"><a class=\"wp-block-button__link no-border-radius wp-element-button\" href=\"https:\/\/wp.unil.ch\/ficellesapprendre\/files\/2023\/09\/2309_Phonemes_MiniTELL_Alpha.pdf\">T\u00e9l\u00e9charger<\/a><\/div>\n<\/div>\n<\/div>\n\n\n\n<div class=\"wp-block-column is-layout-flow wp-block-column-is-layout-flow\"><\/div>\n<\/div>\n\n\n\n<p class=\"has-text-align-center\">Des questions&nbsp;? <a href=\"https:\/\/wp.unil.ch\/ficellesapprendre\/foire-aux-questions#ficelles-didactiques\">Consulter notre FAQ&#8230;<\/a><\/p>\n","protected":false},"excerpt":{"rendered":"<p>FicellesApprendre, on s\u2019y prend comment ? Des ressources didactiques sont \u00e0 disposition pour mettre en \u0153uvre la p\u00e9dagogie ficellesApprendre et les outils TELL. Toutes sortes de s\u00e9quences didactiques, de jeux, de pastilles en couleur, de formes, de livres \u00e0 colorier, de comptines, etc. FicellesApprendre met en commun du mat\u00e9riel \u00e0 bricoler soi-m\u00eame pour apprendre le [&hellip;]<\/p>\n","protected":false},"author":1002163,"featured_media":0,"parent":0,"menu_order":0,"comment_status":"closed","ping_status":"closed","template":"templates\/template-full-width.php","meta":{"_seopress_robots_primary_cat":"","_seopress_titles_title":"","_seopress_titles_desc":"","_seopress_robots_index":"","footnotes":""},"class_list":["post-316","page","type-page","status-publish"],"_links":{"self":[{"href":"https:\/\/wp.unil.ch\/ficellesapprendre\/wp-json\/wp\/v2\/pages\/316","targetHints":{"allow":["GET"]}}],"collection":[{"href":"https:\/\/wp.unil.ch\/ficellesapprendre\/wp-json\/wp\/v2\/pages"}],"about":[{"href":"https:\/\/wp.unil.ch\/ficellesapprendre\/wp-json\/wp\/v2\/types\/page"}],"author":[{"embeddable":true,"href":"https:\/\/wp.unil.ch\/ficellesapprendre\/wp-json\/wp\/v2\/users\/1002163"}],"replies":[{"embeddable":true,"href":"https:\/\/wp.unil.ch\/ficellesapprendre\/wp-json\/wp\/v2\/comments?post=316"}],"version-history":[{"count":1,"href":"https:\/\/wp.unil.ch\/ficellesapprendre\/wp-json\/wp\/v2\/pages\/316\/revisions"}],"predecessor-version":[{"id":1443,"href":"https:\/\/wp.unil.ch\/ficellesapprendre\/wp-json\/wp\/v2\/pages\/316\/revisions\/1443"}],"wp:attachment":[{"href":"https:\/\/wp.unil.ch\/ficellesapprendre\/wp-json\/wp\/v2\/media?parent=316"}],"curies":[{"name":"wp","href":"https:\/\/api.w.org\/{rel}","templated":true}]}}