{"id":1325,"date":"2022-12-07T16:47:50","date_gmt":"2022-12-07T15:47:50","guid":{"rendered":"https:\/\/wp.unil.ch\/ficellesapprendre\/?page_id=1325"},"modified":"2022-12-07T17:36:19","modified_gmt":"2022-12-07T16:36:19","slug":"tell-pour-tbi","status":"publish","type":"page","link":"https:\/\/wp.unil.ch\/ficellesapprendre\/tell-pour-tbi\/","title":{"rendered":"TELL pour TBI"},"content":{"rendered":"\n<p class=\"has-larger-font-size\"><a href=\"https:\/\/peterkrcmar0.github.io\/tell\/\">Essayer TELL pour TBI<\/a><\/p>\n\n\n\n<h2 class=\"wp-block-heading\">Capsules vid\u00e9os<\/h2>\n\n\n\n<div class=\"wp-block-columns is-layout-flex wp-container-core-columns-is-layout-9d6595d7 wp-block-columns-is-layout-flex\">\n<div class=\"wp-block-column is-layout-flow wp-block-column-is-layout-flow\">\n<div class=\"wp-block-group\"><div class=\"wp-block-group__inner-container is-layout-flow wp-block-group-is-layout-flow\">\n<h2 class=\"wp-block-heading\">Explication du d\u00e9marrage et du menu<\/h2>\n\n\n\n<figure class=\"wp-block-image size-large acf-border-video\"><a href=\"https:\/\/wp.unil.ch\/ficellesapprendre\/tell-pour-tbi\/1-explication-du-demarrage-et-du-menu\/\"><img alt=\"\" loading=\"lazy\" decoding=\"async\" width=\"1024\" height=\"559\" src=\"https:\/\/wp.unil.ch\/ficellesapprendre\/files\/2022\/12\/tbi-capsule-1-1024x559.png\" alt=\"\" class=\"wp-image-1328\" srcset=\"https:\/\/wp.unil.ch\/ficellesapprendre\/files\/2022\/12\/tbi-capsule-1-1024x559.png 1024w, https:\/\/wp.unil.ch\/ficellesapprendre\/files\/2022\/12\/tbi-capsule-1-300x164.png 300w, https:\/\/wp.unil.ch\/ficellesapprendre\/files\/2022\/12\/tbi-capsule-1-768x419.png 768w, https:\/\/wp.unil.ch\/ficellesapprendre\/files\/2022\/12\/tbi-capsule-1-1536x838.png 1536w, https:\/\/wp.unil.ch\/ficellesapprendre\/files\/2022\/12\/tbi-capsule-1-1200x655.png 1200w, https:\/\/wp.unil.ch\/ficellesapprendre\/files\/2022\/12\/tbi-capsule-1-1320x720.png 1320w, https:\/\/wp.unil.ch\/ficellesapprendre\/files\/2022\/12\/tbi-capsule-1.png 1671w\" sizes=\"auto, (max-width: 1024px) 100vw, 1024px\" \/><\/a><\/figure>\n<\/div><\/div>\n<\/div>\n\n\n\n<div class=\"wp-block-column is-layout-flow wp-block-column-is-layout-flow\">\n<div class=\"wp-block-group\"><div class=\"wp-block-group__inner-container is-layout-flow wp-block-group-is-layout-flow\">\n<h2 class=\"wp-block-heading\">Fonctionnalit\u00e9 D\u00e9couvrir<\/h2>\n\n\n\n<figure class=\"wp-block-image size-large acf-border-video\"><a href=\"https:\/\/wp.unil.ch\/ficellesapprendre\/tell-pour-tbi\/2-fonctionnalite-decouvrir\/\"><img alt=\"\" loading=\"lazy\" decoding=\"async\" width=\"1024\" height=\"547\" src=\"https:\/\/wp.unil.ch\/ficellesapprendre\/files\/2022\/12\/tbi-capsule-2-1024x547.png\" alt=\"\" class=\"wp-image-1332\" srcset=\"https:\/\/wp.unil.ch\/ficellesapprendre\/files\/2022\/12\/tbi-capsule-2-1024x547.png 1024w, https:\/\/wp.unil.ch\/ficellesapprendre\/files\/2022\/12\/tbi-capsule-2-300x160.png 300w, https:\/\/wp.unil.ch\/ficellesapprendre\/files\/2022\/12\/tbi-capsule-2-768x410.png 768w, https:\/\/wp.unil.ch\/ficellesapprendre\/files\/2022\/12\/tbi-capsule-2-1536x821.png 1536w, https:\/\/wp.unil.ch\/ficellesapprendre\/files\/2022\/12\/tbi-capsule-2-1200x641.png 1200w, https:\/\/wp.unil.ch\/ficellesapprendre\/files\/2022\/12\/tbi-capsule-2-1320x705.png 1320w, https:\/\/wp.unil.ch\/ficellesapprendre\/files\/2022\/12\/tbi-capsule-2.png 1677w\" sizes=\"auto, (max-width: 1024px) 100vw, 1024px\" \/><\/a><\/figure>\n<\/div><\/div>\n<\/div>\n\n\n\n<div class=\"wp-block-column is-layout-flow wp-block-column-is-layout-flow\">\n<div class=\"wp-block-group\"><div class=\"wp-block-group__inner-container is-layout-flow wp-block-group-is-layout-flow\">\n<h2 class=\"wp-block-heading\">Jouer : Mode ABC vers pastilles<\/h2>\n\n\n\n<figure class=\"wp-block-image size-large acf-border-video\"><a href=\"https:\/\/wp.unil.ch\/ficellesapprendre\/tell-pour-tbi\/3-fonctionnalite-jouer\/\"><img alt=\"\" loading=\"lazy\" decoding=\"async\" width=\"1024\" height=\"557\" src=\"https:\/\/wp.unil.ch\/ficellesapprendre\/files\/2022\/12\/tbi-capsule-3-1024x557.png\" alt=\"\" class=\"wp-image-1333\" srcset=\"https:\/\/wp.unil.ch\/ficellesapprendre\/files\/2022\/12\/tbi-capsule-3-1024x557.png 1024w, https:\/\/wp.unil.ch\/ficellesapprendre\/files\/2022\/12\/tbi-capsule-3-300x163.png 300w, https:\/\/wp.unil.ch\/ficellesapprendre\/files\/2022\/12\/tbi-capsule-3-768x418.png 768w, https:\/\/wp.unil.ch\/ficellesapprendre\/files\/2022\/12\/tbi-capsule-3-1536x836.png 1536w, https:\/\/wp.unil.ch\/ficellesapprendre\/files\/2022\/12\/tbi-capsule-3-1200x653.png 1200w, https:\/\/wp.unil.ch\/ficellesapprendre\/files\/2022\/12\/tbi-capsule-3-1320x719.png 1320w, https:\/\/wp.unil.ch\/ficellesapprendre\/files\/2022\/12\/tbi-capsule-3.png 1681w\" sizes=\"auto, (max-width: 1024px) 100vw, 1024px\" \/><\/a><\/figure>\n<\/div><\/div>\n<\/div>\n<\/div>\n\n\n\n<div class=\"wp-block-columns is-layout-flex wp-container-core-columns-is-layout-9d6595d7 wp-block-columns-is-layout-flex\">\n<div class=\"wp-block-column is-layout-flow wp-block-column-is-layout-flow\">\n<div class=\"wp-block-group\"><div class=\"wp-block-group__inner-container is-layout-flow wp-block-group-is-layout-flow\">\n<h2 class=\"wp-block-heading\">Jouer : Mode pastilles vers ABC<\/h2>\n\n\n\n<figure class=\"wp-block-image size-large acf-border-video\"><a href=\"https:\/\/wp.unil.ch\/ficellesapprendre\/tell-pour-tbi\/4-mode-abc-avec-pastilles\/\"><img alt=\"\" loading=\"lazy\" decoding=\"async\" width=\"1024\" height=\"583\" src=\"https:\/\/wp.unil.ch\/ficellesapprendre\/files\/2022\/12\/tbi-capsule-4-1024x583.png\" alt=\"\" class=\"wp-image-1331\" srcset=\"https:\/\/wp.unil.ch\/ficellesapprendre\/files\/2022\/12\/tbi-capsule-4-1024x583.png 1024w, https:\/\/wp.unil.ch\/ficellesapprendre\/files\/2022\/12\/tbi-capsule-4-300x171.png 300w, https:\/\/wp.unil.ch\/ficellesapprendre\/files\/2022\/12\/tbi-capsule-4-768x437.png 768w, https:\/\/wp.unil.ch\/ficellesapprendre\/files\/2022\/12\/tbi-capsule-4-1536x875.png 1536w, https:\/\/wp.unil.ch\/ficellesapprendre\/files\/2022\/12\/tbi-capsule-4-1200x683.png 1200w, https:\/\/wp.unil.ch\/ficellesapprendre\/files\/2022\/12\/tbi-capsule-4-1320x752.png 1320w, https:\/\/wp.unil.ch\/ficellesapprendre\/files\/2022\/12\/tbi-capsule-4.png 1679w\" sizes=\"auto, (max-width: 1024px) 100vw, 1024px\" \/><\/a><\/figure>\n<\/div><\/div>\n<\/div>\n\n\n\n<div class=\"wp-block-column is-layout-flow wp-block-column-is-layout-flow\">\n<div class=\"wp-block-group\"><div class=\"wp-block-group__inner-container is-layout-flow wp-block-group-is-layout-flow\">\n<h2 class=\"wp-block-heading\">Jouer : Mode vierge<\/h2>\n\n\n\n<figure class=\"wp-block-image size-large acf-border-video\"><a href=\"https:\/\/wp.unil.ch\/ficellesapprendre\/tell-pour-tbi\/5-mode-vierge\/\"><img alt=\"\" loading=\"lazy\" decoding=\"async\" width=\"1024\" height=\"556\" src=\"https:\/\/wp.unil.ch\/ficellesapprendre\/files\/2022\/12\/tbi-capsule-5-2-1024x556.png\" alt=\"\" class=\"wp-image-1329\" srcset=\"https:\/\/wp.unil.ch\/ficellesapprendre\/files\/2022\/12\/tbi-capsule-5-2-1024x556.png 1024w, https:\/\/wp.unil.ch\/ficellesapprendre\/files\/2022\/12\/tbi-capsule-5-2-300x163.png 300w, https:\/\/wp.unil.ch\/ficellesapprendre\/files\/2022\/12\/tbi-capsule-5-2-768x417.png 768w, https:\/\/wp.unil.ch\/ficellesapprendre\/files\/2022\/12\/tbi-capsule-5-2-1536x835.png 1536w, https:\/\/wp.unil.ch\/ficellesapprendre\/files\/2022\/12\/tbi-capsule-5-2-1200x652.png 1200w, https:\/\/wp.unil.ch\/ficellesapprendre\/files\/2022\/12\/tbi-capsule-5-2-1320x717.png 1320w, https:\/\/wp.unil.ch\/ficellesapprendre\/files\/2022\/12\/tbi-capsule-5-2.png 1671w\" sizes=\"auto, (max-width: 1024px) 100vw, 1024px\" \/><\/a><\/figure>\n<\/div><\/div>\n<\/div>\n\n\n\n<div class=\"wp-block-column is-layout-flow wp-block-column-is-layout-flow\"><\/div>\n<\/div>\n","protected":false},"excerpt":{"rendered":"<p>Essayer TELL pour TBI Capsules vid\u00e9os Explication du d\u00e9marrage et du menu Fonctionnalit\u00e9 D\u00e9couvrir Jouer : Mode ABC vers pastilles Jouer : Mode pastilles vers ABC Jouer : Mode vierge<\/p>\n","protected":false},"author":1002163,"featured_media":0,"parent":0,"menu_order":0,"comment_status":"closed","ping_status":"closed","template":"templates\/template-full-width.php","meta":{"_seopress_robots_primary_cat":"","_seopress_titles_title":"","_seopress_titles_desc":"","_seopress_robots_index":"","footnotes":""},"class_list":["post-1325","page","type-page","status-publish"],"_links":{"self":[{"href":"https:\/\/wp.unil.ch\/ficellesapprendre\/wp-json\/wp\/v2\/pages\/1325","targetHints":{"allow":["GET"]}}],"collection":[{"href":"https:\/\/wp.unil.ch\/ficellesapprendre\/wp-json\/wp\/v2\/pages"}],"about":[{"href":"https:\/\/wp.unil.ch\/ficellesapprendre\/wp-json\/wp\/v2\/types\/page"}],"author":[{"embeddable":true,"href":"https:\/\/wp.unil.ch\/ficellesapprendre\/wp-json\/wp\/v2\/users\/1002163"}],"replies":[{"embeddable":true,"href":"https:\/\/wp.unil.ch\/ficellesapprendre\/wp-json\/wp\/v2\/comments?post=1325"}],"version-history":[{"count":0,"href":"https:\/\/wp.unil.ch\/ficellesapprendre\/wp-json\/wp\/v2\/pages\/1325\/revisions"}],"wp:attachment":[{"href":"https:\/\/wp.unil.ch\/ficellesapprendre\/wp-json\/wp\/v2\/media?parent=1325"}],"curies":[{"name":"wp","href":"https:\/\/api.w.org\/{rel}","templated":true}]}}