{"id":1179,"date":"2021-12-09T14:08:42","date_gmt":"2021-12-09T13:08:42","guid":{"rendered":"https:\/\/wp.unil.ch\/ficellesapprendre\/?page_id=1179"},"modified":"2021-12-09T14:50:33","modified_gmt":"2021-12-09T13:50:33","slug":"album","status":"publish","type":"page","link":"https:\/\/wp.unil.ch\/ficellesapprendre\/album\/","title":{"rendered":"Album"},"content":{"rendered":"\n<p>Un livre pour apprendre \u00e0 lire quand on ne sait pas lire&nbsp;: comment le tenir dans la main, trouver la couverture, tourner les pages, suivre le sens de la lecture avec le doigt, dire des sons en m\u00eame temps, fort, doucement, \u00e0 la suite, s\u00e9par\u00e9. Finir la lecture, la reprendre, encore et encore. Toute seul. Ensuite le lire \u00e0 quelqu\u2019un&nbsp;en jouant avec les sons. Le petit livre l\u2019<em>Igloup<\/em> en est un exemple. C\u2019est l\u2019histoire de la rencontre du loup ouh et du chien ah. C\u2019est l\u2019histoire de comment le chien a appris \u00e0 faire ouah.<\/p>\n\n\n\n<div class=\"wp-block-image\"><figure class=\"aligncenter size-medium\"><img alt=\"\" loading=\"lazy\" decoding=\"async\" width=\"300\" height=\"200\" src=\"https:\/\/wp.unil.ch\/ficellesapprendre\/files\/2021\/03\/album_igloup_1920x1280-300x200.jpg\" alt=\"\" class=\"wp-image-945\" srcset=\"https:\/\/wp.unil.ch\/ficellesapprendre\/files\/2021\/03\/album_igloup_1920x1280-300x200.jpg 300w, https:\/\/wp.unil.ch\/ficellesapprendre\/files\/2021\/03\/album_igloup_1920x1280-1024x683.jpg 1024w, https:\/\/wp.unil.ch\/ficellesapprendre\/files\/2021\/03\/album_igloup_1920x1280-768x512.jpg 768w, https:\/\/wp.unil.ch\/ficellesapprendre\/files\/2021\/03\/album_igloup_1920x1280-1536x1024.jpg 1536w, https:\/\/wp.unil.ch\/ficellesapprendre\/files\/2021\/03\/album_igloup_1920x1280-1200x800.jpg 1200w, https:\/\/wp.unil.ch\/ficellesapprendre\/files\/2021\/03\/album_igloup_1920x1280-1320x880.jpg 1320w, https:\/\/wp.unil.ch\/ficellesapprendre\/files\/2021\/03\/album_igloup_1920x1280.jpg 1920w\" sizes=\"auto, (max-width: 300px) 100vw, 300px\" \/><\/figure><\/div>\n\n\n\n<div class=\"wp-block-buttons is-content-justification-center is-layout-flex wp-block-buttons-is-layout-flex\">\n<div class=\"wp-block-button\"><a class=\"wp-block-button__link\" href=\"https:\/\/wp.unil.ch\/ficellesapprendre\/files\/2021\/03\/igloup.zip\">T\u00e9l\u00e9charger le livre<\/a><\/div>\n<\/div>\n\n\n\n<h2 class=\"has-text-align-center wp-block-heading\">Vid\u00e9os d&rsquo;igloup<\/h2>\n\n\n\n<div class=\"wp-block-columns is-layout-flex wp-container-core-columns-is-layout-9d6595d7 wp-block-columns-is-layout-flex\">\n<div class=\"wp-block-column is-layout-flow wp-block-column-is-layout-flow\">\n<h3 class=\"wp-block-heading\">Lecture<\/h3>\n\n\n\n<p>Lecture de l&rsquo;album <em>Igloup<\/em><\/p>\n\n\n\n<figure class=\"wp-block-video\"><video controls src=\"https:\/\/av.unil.ch\/hva\/3721\/1-igloup.mp4\"><\/video><\/figure>\n<\/div>\n\n\n\n<div class=\"wp-block-column is-layout-flow wp-block-column-is-layout-flow\">\n<h3 class=\"wp-block-heading\">En classe<\/h3>\n\n\n\n<p>Lecture de l&rsquo;album \u00e0 une classe<\/p>\n\n\n\n<figure class=\"wp-block-video\"><video controls preload=\"none\" src=\"https:\/\/av.unil.ch\/hva\/3729\/igloup-raconte.mp4\"><\/video><\/figure>\n<\/div>\n\n\n\n<div class=\"wp-block-column is-layout-flow wp-block-column-is-layout-flow\">\n<h3 class=\"wp-block-heading\">Activit\u00e9<\/h3>\n\n\n\n<p>\u00c0 partir de la fiche <em>Igloup<\/em><\/p>\n\n\n\n<figure class=\"wp-block-video\"><video controls src=\"https:\/\/av.unil.ch\/hva\/3729\/coloriage-loup-chien.mp4\"><\/video><\/figure>\n<\/div>\n<\/div>\n\n\n\n<div class=\"wp-block-columns is-layout-flex wp-container-core-columns-is-layout-9d6595d7 wp-block-columns-is-layout-flex\">\n<div class=\"wp-block-column is-layout-flow wp-block-column-is-layout-flow\">\n<h3 class=\"wp-block-heading\">Jeu<\/h3>\n\n\n\n<p>Le jeu des Harmonies<\/p>\n\n\n\n<figure class=\"wp-block-video\"><video controls src=\"https:\/\/av.unil.ch\/hva\/3729\/jeu-des-harmonies.mp4\"><\/video><\/figure>\n<\/div>\n\n\n\n<div class=\"wp-block-column is-layout-flow wp-block-column-is-layout-flow\">\n<h3 class=\"wp-block-heading\">Dessins<\/h3>\n\n\n\n<p>Dessins du chien <em>ah<\/em> et du loup <em>ouh<\/em><\/p>\n\n\n\n<figure class=\"wp-block-video\"><video controls src=\"https:\/\/av.unil.ch\/hva\/3729\/dessin-du-chien.mp4\"><\/video><\/figure>\n<\/div>\n\n\n\n<div class=\"wp-block-column is-layout-flow wp-block-column-is-layout-flow\"><\/div>\n<\/div>\n","protected":false},"excerpt":{"rendered":"<p>Un livre pour apprendre \u00e0 lire quand on ne sait pas lire&nbsp;: comment le tenir dans la main, trouver la couverture, tourner les pages, suivre le sens de la lecture avec le doigt, dire des sons en m\u00eame temps, fort, doucement, \u00e0 la suite, s\u00e9par\u00e9. Finir la lecture, la reprendre, encore et encore. Toute seul. [&hellip;]<\/p>\n","protected":false},"author":1002163,"featured_media":0,"parent":0,"menu_order":0,"comment_status":"closed","ping_status":"closed","template":"templates\/template-full-width.php","meta":{"_seopress_robots_primary_cat":"","_seopress_titles_title":"","_seopress_titles_desc":"","_seopress_robots_index":"","footnotes":""},"class_list":["post-1179","page","type-page","status-publish"],"_links":{"self":[{"href":"https:\/\/wp.unil.ch\/ficellesapprendre\/wp-json\/wp\/v2\/pages\/1179","targetHints":{"allow":["GET"]}}],"collection":[{"href":"https:\/\/wp.unil.ch\/ficellesapprendre\/wp-json\/wp\/v2\/pages"}],"about":[{"href":"https:\/\/wp.unil.ch\/ficellesapprendre\/wp-json\/wp\/v2\/types\/page"}],"author":[{"embeddable":true,"href":"https:\/\/wp.unil.ch\/ficellesapprendre\/wp-json\/wp\/v2\/users\/1002163"}],"replies":[{"embeddable":true,"href":"https:\/\/wp.unil.ch\/ficellesapprendre\/wp-json\/wp\/v2\/comments?post=1179"}],"version-history":[{"count":0,"href":"https:\/\/wp.unil.ch\/ficellesapprendre\/wp-json\/wp\/v2\/pages\/1179\/revisions"}],"wp:attachment":[{"href":"https:\/\/wp.unil.ch\/ficellesapprendre\/wp-json\/wp\/v2\/media?parent=1179"}],"curies":[{"name":"wp","href":"https:\/\/api.w.org\/{rel}","templated":true}]}}