{"id":1010,"date":"2021-04-12T13:55:08","date_gmt":"2021-04-12T11:55:08","guid":{"rendered":"https:\/\/wp.unil.ch\/ficellesapprendre\/?page_id=1010"},"modified":"2022-09-27T12:03:22","modified_gmt":"2022-09-27T10:03:22","slug":"credits","status":"publish","type":"page","link":"https:\/\/wp.unil.ch\/ficellesapprendre\/credits\/","title":{"rendered":"Cr\u00e9dits"},"content":{"rendered":"\n<div class=\"wp-block-group credits_part\"><div class=\"wp-block-group__inner-container is-layout-flow wp-block-group-is-layout-flow\">\n<h2 class=\"wp-block-heading\">ficellesApprendre<\/h2>\n\n\n\n<ul class=\"wp-block-list\"><li>Yves Erard, concepteur<\/li><li>Carole Jorge, coordinatrice<\/li><li>Lo\u00efc Aubrays, d\u00e9veloppeur web<\/li><li>Fabrice Ducrest, photographe<\/li><li>Michel Erard, graphiste<\/li><li>Raff Giraf, animateur vid\u00e9o<\/li><li>Lorenz Nussbaumer, graphiste<\/li><\/ul>\n<\/div><\/div>\n\n\n\n<div class=\"wp-block-group\"><div class=\"wp-block-group__inner-container is-layout-flow wp-block-group-is-layout-flow\">\n<h2 class=\"wp-block-heading\">TELL<\/h2>\n\n\n\n<ul class=\"wp-block-list\"><li>Yves Erard, concepteur<\/li><li>Dominique Simonet Bianco, conceptrice<\/li><li>Jos\u00e9phine Stebler, conceptrice<\/li><li>Svetlana Zenger, conceptrice et graphiste<\/li><li>Michel Erard, graphiste<\/li><li>Lorenz Nussbaumer, graphiste<\/li><\/ul>\n<\/div><\/div>\n\n\n\n<div class=\"wp-block-group\"><div class=\"wp-block-group__inner-container is-layout-flow wp-block-group-is-layout-flow\">\n<h2 class=\"wp-block-heading\">Jeux<\/h2>\n\n\n\n<ul class=\"wp-block-list\"><li>Yves Erard, concepteur<\/li><li>Jos\u00e9phine Stebler, conceptrice<\/li><li>Svetlana Zenger, conceptrice<\/li><li>Michel Erard, graphiste<\/li><li>Raff Giraf, animateur vid\u00e9o<\/li><li>Sergei Kostevitch, d\u00e9veloppeur<\/li><li>Lorenz Nussbaumer, graphiste<\/li><\/ul>\n<\/div><\/div>\n\n\n\n<div class=\"wp-block-group\"><div class=\"wp-block-group__inner-container is-layout-flow wp-block-group-is-layout-flow\">\n<h2 class=\"wp-block-heading\">Phonocolor<\/h2>\n\n\n\n<ul class=\"wp-block-list\"><li>Yves Erard, concepteur<\/li><li>Adriano Florez, concepteur<\/li><li>Jos\u00e9phine Stebler, conceptrice<\/li><li>Svetlana Zenger, conceptrice<\/li><li>Lo\u00efc Aubrays, d\u00e9veloppeur<\/li><li>Raff Giraf, animateur vid\u00e9o<\/li><li>Sergei Kostevitch, d\u00e9veloppeur<\/li><li>Bassim Matar, d\u00e9veloppeur<\/li><li>Lorenz Nussbaumer, graphiste<\/li><li>Stephan Seewer, d\u00e9veloppeur<\/li><\/ul>\n\n\n\n<h3 class=\"wp-block-heading\">Base de donn\u00e9es<\/h3>\n\n\n\n<ul class=\"wp-block-list\"><li><a href=\"https:\/\/www.ortolang.fr\/market\/lexicons\/morphalou\/2.0\">Morphalou 2.0<\/a> \u2013 ATILF\/ CNRS \u2013 Universit\u00e9 de Lorraine<\/li><\/ul>\n<\/div><\/div>\n","protected":false},"excerpt":{"rendered":"<p>ficellesApprendre Yves Erard, concepteur Carole Jorge, coordinatrice Lo\u00efc Aubrays, d\u00e9veloppeur web Fabrice Ducrest, photographe Michel Erard, graphiste Raff Giraf, animateur vid\u00e9o Lorenz Nussbaumer, graphiste TELL Yves Erard, concepteur Dominique Simonet Bianco, conceptrice Jos\u00e9phine Stebler, conceptrice Svetlana Zenger, conceptrice et graphiste Michel Erard, graphiste Lorenz Nussbaumer, graphiste Jeux Yves Erard, concepteur Jos\u00e9phine Stebler, conceptrice Svetlana Zenger, [&hellip;]<\/p>\n","protected":false},"author":1002163,"featured_media":0,"parent":0,"menu_order":0,"comment_status":"closed","ping_status":"closed","template":"","meta":{"_seopress_robots_primary_cat":"","_seopress_titles_title":"","_seopress_titles_desc":"","_seopress_robots_index":"","footnotes":""},"class_list":["post-1010","page","type-page","status-publish"],"_links":{"self":[{"href":"https:\/\/wp.unil.ch\/ficellesapprendre\/wp-json\/wp\/v2\/pages\/1010","targetHints":{"allow":["GET"]}}],"collection":[{"href":"https:\/\/wp.unil.ch\/ficellesapprendre\/wp-json\/wp\/v2\/pages"}],"about":[{"href":"https:\/\/wp.unil.ch\/ficellesapprendre\/wp-json\/wp\/v2\/types\/page"}],"author":[{"embeddable":true,"href":"https:\/\/wp.unil.ch\/ficellesapprendre\/wp-json\/wp\/v2\/users\/1002163"}],"replies":[{"embeddable":true,"href":"https:\/\/wp.unil.ch\/ficellesapprendre\/wp-json\/wp\/v2\/comments?post=1010"}],"version-history":[{"count":0,"href":"https:\/\/wp.unil.ch\/ficellesapprendre\/wp-json\/wp\/v2\/pages\/1010\/revisions"}],"wp:attachment":[{"href":"https:\/\/wp.unil.ch\/ficellesapprendre\/wp-json\/wp\/v2\/media?parent=1010"}],"curies":[{"name":"wp","href":"https:\/\/api.w.org\/{rel}","templated":true}]}}