{"id":394,"date":"2023-03-13T17:13:57","date_gmt":"2023-03-13T16:13:57","guid":{"rendered":"https:\/\/wp.unil.ch\/fgse20ans\/?page_id=394"},"modified":"2024-01-23T16:17:28","modified_gmt":"2024-01-23T15:17:28","slug":"conversation-avec-felwine-sarr","status":"publish","type":"page","link":"https:\/\/wp.unil.ch\/fgse20ans\/conversation-avec-felwine-sarr\/","title":{"rendered":"Conversation avec Felwine Sarr\u00a0"},"content":{"rendered":"\n<h2 class=\"wp-block-heading\">Les diverses mani\u00e8res d\u2019habiter le monde<\/h2>\n\n\n\n<div class=\"wp-block-columns alignwide is-layout-flex wp-container-core-columns-is-layout-9d6595d7 wp-block-columns-is-layout-flex\">\n<div class=\"wp-block-column is-layout-flow wp-block-column-is-layout-flow\" style=\"flex-basis:30%\">\n<div class=\"wp-block-group bordure-rose\"><div class=\"wp-block-group__inner-container is-layout-constrained wp-block-group-is-layout-constrained\"><div class=\"su-service\"><div class=\"su-service-title\" style=\"padding-left:44px;min-height:30px;line-height:30px\"><i class=\"sui sui-users\" style=\"font-size:30px;color:#db4381\"><\/i> Communaut\u00e9 UNIL<\/div><div class=\"su-service-content su-u-clearfix su-u-trim\" style=\"padding-left:44px\"> <\/div><\/div>\n\n\n\n<div style=\"height:15px\" aria-hidden=\"true\" class=\"wp-block-spacer\"><\/div>\n\n\n<div class=\"su-service\"><div class=\"su-service-title\" style=\"padding-left:44px;min-height:30px;line-height:30px\"><i class=\"sui sui-calendar-check-o\" style=\"font-size:30px;color:#db4381\"><\/i> Le 1er juin 2023<\/div><div class=\"su-service-content su-u-clearfix su-u-trim\" style=\"padding-left:44px\"> <\/div><\/div>\n\n\n\n<div style=\"height:15px\" aria-hidden=\"true\" class=\"wp-block-spacer\"><\/div>\n\n\n<div class=\"su-service\"><div class=\"su-service-title\" style=\"padding-left:44px;min-height:30px;line-height:30px\"><i class=\"sui sui-map-marker\" style=\"font-size:30px;color:#db4381\"><\/i> Aula de l'IDHEAP<\/div><div class=\"su-service-content su-u-clearfix su-u-trim\" style=\"padding-left:44px\"> <\/div><\/div>\n<\/div><\/div>\n<\/div>\n\n\n\n<div class=\"wp-block-column is-layout-flow wp-block-column-is-layout-flow\" style=\"flex-basis:70%\">\n<figure class=\"wp-block-embed is-type-video is-provider-youtube wp-block-embed-youtube wp-embed-aspect-16-9 wp-has-aspect-ratio\"><div class=\"wp-block-embed__wrapper\">\n<iframe loading=\"lazy\" title=\"Conversation avec Felwine Sarr, docteur honoris causa\" width=\"580\" height=\"326\" src=\"https:\/\/www.youtube.com\/embed\/OmZVrS1E30U?feature=oembed\" frameborder=\"0\" allow=\"accelerometer; autoplay; clipboard-write; encrypted-media; gyroscope; picture-in-picture; web-share\" referrerpolicy=\"strict-origin-when-cross-origin\" allowfullscreen><\/iframe>\n<\/div><\/figure>\n<\/div>\n<\/div>\n\n\n\n<p>Sur proposition de la FGSE, l\u2019UNIL va d\u00e9cerner le titre de docteur honoris causa au Prof. Felwine Sarr lors du Dies Academicus du 2 juin 2023. La Facult\u00e9 souhaitant honorer le r\u00e9cipiendaire de cette future distinction, elle organise la&nbsp;veille du Dies une rencontre sous la forme d&rsquo;une conversation avec lui&nbsp;\u00e0 laquelle tout le monde est invit\u00e9.<\/p>\n\n\n\n<h3 class=\"wp-block-heading has-accent-color has-text-color\"><strong>Programme<\/strong><\/h3>\n\n\n\n<ul class=\"wp-block-list\">\n<li>Ouverture par le Doyen de la FGSE Niklas Linde<\/li>\n\n\n\n<li>Discours d\u2019introduction par Felwine Sarr<\/li>\n\n\n\n<li>Conversation entre Felwine Sarr et&nbsp;<a href=\"https:\/\/www.meg.ch\/fr\/espace-presse\/directrice-du-meg\" target=\"_blank\" rel=\"noreferrer noopener\">Carine Ay\u00e9l\u00e9 Durand<\/a> (Directrice du Mus\u00e9e ethnographie de Gen\u00e8ve), <a href=\"https:\/\/wp.unil.ch\/uniscope\/benedicte-brunet-entre-dans-la-grange\/\" target=\"_blank\" rel=\"noreferrer noopener\">B\u00e9n\u00e9dicte Brunet <\/a>(Directrice artistique de la Grange) et <a href=\"https:\/\/igd.unil.ch\/violante.torre\/\">Violante Torre<\/a> (Doctorante et assistante dipl\u00f4m\u00e9e \u00e0 l\u2019Institut de g\u00e9ographie et de durabilit\u00e9 de la FGSE)<br>Mod\u00e9ration&nbsp;: <a href=\"https:\/\/igd.unil.ch\/gwalters\/\" target=\"_blank\" rel=\"noreferrer noopener\">Gretchen Walters<\/a><\/li>\n\n\n\n<li>\u00c9change avec le public<\/li>\n\n\n\n<li>Ap\u00e9ro de cl\u00f4ture&nbsp;<\/li>\n<\/ul>\n\n\n\n<div class=\"wp-block-columns alignwide has-light-background-background-color has-background is-layout-flex wp-container-core-columns-is-layout-9d6595d7 wp-block-columns-is-layout-flex\">\n<div class=\"wp-block-column is-layout-flow wp-block-column-is-layout-flow\" style=\"flex-basis:60%\">\n<h2 class=\"wp-block-heading\">Felwine Sarr<\/h2>\n\n\n\n<p>Felwine Sarr est un \u00e9crivain et universitaire s\u00e9n\u00e9galais. Il est <em>Anne-Marie Bryan Distinguished Professor <\/em>d\u2019\u00e9tudes romanes \u00e0 l\u2019Universit\u00e9 de Duke en Caroline du Nord apr\u00e8s avoir enseign\u00e9 \u00e0 l\u2019Universit\u00e9 Gaston Berger de Saint-Louis au S\u00e9n\u00e9gal o\u00f9 il \u00e9tait professeur titulaire des universit\u00e9s et agr\u00e9g\u00e9 en \u00e9conomie. Ses travaux acad\u00e9miques portent sur l\u2019\u00e9cologie des savoirs, la philosophie contemporaine africaine, les politiques \u00e9conomiques, l\u2019\u00e9pist\u00e9mologie, l\u2019anthropologie \u00e9conomique et l\u2019histoire des id\u00e9es religieuses.<\/p>\n\n\n\n<p>En 2016, il cr\u00e9e avec l\u2019historien Achille Mbemb\u00e9,&nbsp;<em>les Ateliers de la pens\u00e9e de Dakar<\/em>,<em>&nbsp;<\/em>une plateforme qui r\u00e9unit intellectuels et artistes du continent et des diasporas pour penser les enjeux du monde contemporain.<\/p>\n\n\n\n<p>En 2018, il est charg\u00e9 par le Pr\u00e9sident fran\u00e7ais, avec l\u2019historienne de l\u2019art Benedicte Savoy, de r\u00e9diger un rapport sur la restitution du patrimoine africain pr\u00e9sent dans les mus\u00e9es fran\u00e7ais.<\/p>\n\n\n\n<p>Il a publi\u00e9 \u00e0 ce jour&nbsp;:<\/p>\n\n\n\n<ul class=\"wp-block-list\">\n<li><em>Dahij&nbsp;<\/em>(Gallimard, 2009)<\/li>\n\n\n\n<li><em>105 Rue Carnot&nbsp;<\/em>(M\u00e9moire d\u2019Encrier, 2011)<\/li>\n\n\n\n<li><em>M\u00e9ditations africaines&nbsp;<\/em>(M\u00e9moire d\u2019Encrier, 2012)<\/li>\n\n\n\n<li><em>Afrotopia&nbsp;<\/em>(Philippe Rey, 2016)<\/li>\n\n\n\n<li><em>Ishindenshin&nbsp;<\/em>(M\u00e9moire d\u2019Encrier, 2017)<\/li>\n\n\n\n<li><em>Habiter le monde&nbsp;<\/em>(M\u00e9moire d\u2019Encrier, 2017)<\/li>\n\n\n\n<li><em>\u00c9crire l\u2019Afrique-monde&nbsp;<\/em>(ouvrage collectif codirig\u00e9 avec Achille Mbemb\u00e9, Philippe Rey, 2017)<\/li>\n\n\n\n<li><em>Restituer le patrimoine africain&nbsp;<\/em>(Philippe Rey\/Seuil, 2018) avec B\u00e9n\u00e9dicte Savoy<\/li>\n\n\n\n<li><em>Politique des temps&nbsp;<\/em>(co-dirig\u00e9 avec Achille Mbemb\u00e9, Philippe Rey, 2019)<\/li>\n\n\n\n<li><em>La saveur des derniers m\u00e8tres&nbsp;<\/em>(Philippe Rey, 2021)<\/li>\n\n\n\n<li><em>Traces&nbsp;<\/em>(Actes Sud, 2021)<\/li>\n\n\n\n<li><em>L\u2019\u00c9conomie \u00e0 venir&nbsp;<\/em>(Les liens qui Lib\u00e8rent, 2021) avec Ga\u00ebl Giraud<\/li>\n\n\n\n<li><em>Les lieux qu\u2019habitent mes r\u00eaves&nbsp;<\/em>(Gallimard, 2022)<\/li>\n<\/ul>\n\n\n\n<p>Il est le co\u00e9diteur, avec sa maison d\u2019\u00e9dition Jimsaan, du Prix Goncourt 2021 :&nbsp;<em>La plus secr\u00e8te m\u00e9moire des hommes&nbsp;<\/em>de Mohamed Mbougar Sarr.<\/p>\n<\/div>\n\n\n\n<div class=\"wp-block-column is-layout-flow wp-block-column-is-layout-flow\" style=\"flex-basis:40%\">\n<div style=\"height:50px\" aria-hidden=\"true\" class=\"wp-block-spacer\"><\/div>\n\n\n\n<figure class=\"wp-block-image size-full is-style-rounded\"><img alt=\"\" loading=\"lazy\" decoding=\"async\" width=\"696\" height=\"696\" src=\"https:\/\/wp.unil.ch\/fgse20ans\/files\/2023\/03\/sarr.jpg\" alt=\"\" class=\"wp-image-463\" srcset=\"https:\/\/wp.unil.ch\/fgse20ans\/files\/2023\/03\/sarr.jpg 696w, https:\/\/wp.unil.ch\/fgse20ans\/files\/2023\/03\/sarr-300x300.jpg 300w, https:\/\/wp.unil.ch\/fgse20ans\/files\/2023\/03\/sarr-150x150.jpg 150w, https:\/\/wp.unil.ch\/fgse20ans\/files\/2023\/03\/sarr-540x540.jpg 540w\" sizes=\"auto, (max-width: 696px) 100vw, 696px\" \/><\/figure>\n<\/div>\n<\/div>\n","protected":false},"excerpt":{"rendered":"<p>Les diverses mani\u00e8res d\u2019habiter le monde Sur proposition de la FGSE, l\u2019UNIL va d\u00e9cerner le titre de docteur honoris causa au Prof. Felwine Sarr lors du Dies Academicus&hellip;<\/p>\n","protected":false},"author":108,"featured_media":0,"parent":0,"menu_order":4,"comment_status":"closed","ping_status":"closed","template":"","meta":{"_seopress_robots_primary_cat":"","_seopress_titles_title":"","_seopress_titles_desc":"","_seopress_robots_index":"","footnotes":""},"class_list":["post-394","page","type-page","status-publish","has-post-thumbnail"],"_links":{"self":[{"href":"https:\/\/wp.unil.ch\/fgse20ans\/wp-json\/wp\/v2\/pages\/394","targetHints":{"allow":["GET"]}}],"collection":[{"href":"https:\/\/wp.unil.ch\/fgse20ans\/wp-json\/wp\/v2\/pages"}],"about":[{"href":"https:\/\/wp.unil.ch\/fgse20ans\/wp-json\/wp\/v2\/types\/page"}],"author":[{"embeddable":true,"href":"https:\/\/wp.unil.ch\/fgse20ans\/wp-json\/wp\/v2\/users\/108"}],"replies":[{"embeddable":true,"href":"https:\/\/wp.unil.ch\/fgse20ans\/wp-json\/wp\/v2\/comments?post=394"}],"version-history":[{"count":1,"href":"https:\/\/wp.unil.ch\/fgse20ans\/wp-json\/wp\/v2\/pages\/394\/revisions"}],"predecessor-version":[{"id":1376,"href":"https:\/\/wp.unil.ch\/fgse20ans\/wp-json\/wp\/v2\/pages\/394\/revisions\/1376"}],"wp:attachment":[{"href":"https:\/\/wp.unil.ch\/fgse20ans\/wp-json\/wp\/v2\/media?parent=394"}],"curies":[{"name":"wp","href":"https:\/\/api.w.org\/{rel}","templated":true}]}}