{"id":197,"date":"2023-02-07T09:28:53","date_gmt":"2023-02-07T08:28:53","guid":{"rendered":"https:\/\/wp.unil.ch\/fgse20ans\/?page_id=197"},"modified":"2023-05-09T10:38:26","modified_gmt":"2023-05-09T08:38:26","slug":"5-ans-du-cirm","status":"publish","type":"page","link":"https:\/\/wp.unil.ch\/fgse20ans\/5-ans-du-cirm\/","title":{"rendered":"Cinq ans du CIRM"},"content":{"rendered":"\n<div class=\"wp-block-columns alignwide is-layout-flex wp-container-core-columns-is-layout-9d6595d7 wp-block-columns-is-layout-flex\">\n<div class=\"wp-block-column is-layout-flow wp-block-column-is-layout-flow\" style=\"flex-basis:33.33%\">\n<div class=\"wp-block-group bordure-rose\"><div class=\"wp-block-group__inner-container is-layout-constrained wp-block-group-is-layout-constrained\"><div class=\"su-service\"><div class=\"su-service-title\" style=\"padding-left:44px;min-height:30px;line-height:30px\"><i class=\"sui sui-users\" style=\"font-size:30px;color:#db4381\"><\/i> Tout public \u00e0 partir de 6 ans<\/div><div class=\"su-service-content su-u-clearfix su-u-trim\" style=\"padding-left:44px\"> <\/div><\/div>\n\n\n\n<div style=\"height:15px\" aria-hidden=\"true\" class=\"wp-block-spacer\"><\/div>\n\n\n<div class=\"su-service\"><div class=\"su-service-title\" style=\"padding-left:44px;min-height:30px;line-height:30px\"><i class=\"sui sui-calendar-check-o\" style=\"font-size:30px;color:#db4381\"><\/i> Le 3 juin de 9h00 \u00e0 18h00<\/div><div class=\"su-service-content su-u-clearfix su-u-trim\" style=\"padding-left:44px\"> <\/div><\/div>\n\n\n\n<div style=\"height:15px\" aria-hidden=\"true\" class=\"wp-block-spacer\"><\/div>\n\n\n<div class=\"su-service\"><div class=\"su-service-title\" style=\"padding-left:44px;min-height:30px;line-height:30px\"><i class=\"sui sui-map-marker\" style=\"font-size:30px;color:#db4381\"><\/i> UNIL-Site de Sion, Ch. de l'Institut 18, 1967 Bramois et alentours<\/div><div class=\"su-service-content su-u-clearfix su-u-trim\" style=\"padding-left:44px\"> <\/div><\/div>\n<\/div><\/div>\n<\/div>\n\n\n\n<div class=\"wp-block-column is-layout-flow wp-block-column-is-layout-flow\" style=\"flex-basis:66.66%\">\n<div class=\"wp-block-group alignwide has-accent-background-color has-background\"><div class=\"wp-block-group__inner-container is-layout-constrained wp-block-group-is-layout-constrained\">\n<h3 class=\"wp-block-heading has-text-align-center has-buttons-text-color has-text-color\">Vivez une immersion au coeur de la montagne<br>en participant \u00e0 des ateliers en plein air<\/h3>\n\n\n\n<p class=\"has-text-align-center has-buttons-text-color has-text-color\"> <\/p>\n\n\n\n<p class=\"has-text-align-center has-buttons-text-color has-text-color\">Les ateliers sont gratuits. Inscription avant le <strong>21 mai 2023<\/strong><\/p>\n\n\n\n<p class=\"has-text-align-center has-buttons-text-color has-text-color\"><strong>Annulation :<\/strong>&nbsp;Les activit\u00e9s auront lieu m\u00eame en cas de mauvais temps, pr\u00e9voir des habits en cons\u00e9quence.<\/p>\n\n\n\n<div class=\"wp-block-buttons is-content-justification-center is-layout-flex wp-container-core-buttons-is-layout-16018d1d wp-block-buttons-is-layout-flex\">\n<div class=\"wp-block-button has-custom-font-size has-large-font-size\"><a class=\"wp-block-button__link has-accent-color has-buttons-text-background-color has-text-color has-background has-text-align-center wp-element-button\" href=\"https:\/\/www.unil.ch\/centre-montagne\/5ans \" style=\"border-radius:4px\" target=\"_blank\" rel=\"noreferrer noopener\">Inscription<\/a><\/div>\n<\/div>\n<\/div><\/div>\n<\/div>\n<\/div>\n\n\n\n<p>Venez f\u00eater les 5 ans du Centre interdisciplinaire de recherche sur la montagne (CIRM)&nbsp;de l\u2019Universit\u00e9 de Lausanne ! Des ateliers en plein air vous attendent pour vivre une&nbsp;immersion au coeur de la montagne et ses enjeux. Ouverts \u00e0 toutes et tous d\u00e8s l\u2019\u00e2ge de 6 ans, ils porteront en particulier sur trois th\u00e9matiques :&nbsp;<\/p>\n\n\n\n<ul class=\"wp-block-list\">\n<li>La sant\u00e9 en montagne<\/li>\n\n\n\n<li>La relation \u00e0 la nature<\/li>\n\n\n\n<li>Les paysages<\/li>\n<\/ul>\n\n\n\n<div class=\"wp-block-columns alignwide is-layout-flex wp-container-core-columns-is-layout-9d6595d7 wp-block-columns-is-layout-flex\">\n<div class=\"wp-block-column is-layout-flow wp-block-column-is-layout-flow\">\n<h3 class=\"wp-block-heading\">Programme<\/h3>\n\n\n\n<figure class=\"wp-block-table\"><table><tbody><tr><td>9h00<\/td><td>Accueil<\/td><\/tr><tr><td>10h00<\/td><td>Ateliers du matin<\/td><\/tr><tr><td>12h30<\/td><td>Pause<\/td><\/tr><tr><td>13h30<\/td><td>Ateliers de l&rsquo;apr\u00e8s-midi<\/td><\/tr><tr><td>17h00<\/td><td>Partie officielle et ap\u00e9ritif<\/td><\/tr><\/tbody><\/table><\/figure>\n<\/div>\n\n\n\n<div class=\"wp-block-column is-layout-flow wp-block-column-is-layout-flow\">\n<h3 class=\"wp-block-heading\">Descriptif des ateliers<\/h3>\n\n\n\n<div class=\"wp-block-group bordure\"><div class=\"wp-block-group__inner-container is-layout-constrained wp-block-group-is-layout-constrained\">\n<h4 class=\"wp-block-heading has-accent-color has-text-color\">Atelier 1 | Sant\u00e9 en montagne<\/h4>\n\n\n\n<p>Intervention de Vincent Barras, historien et m\u00e9decin, et initiation \u00e0 l\u2019escalade* en falaise assur\u00e9e par des professionnel\u00b7le\u00b7s des Sports universitaires de l&rsquo;UNIL.<\/p>\n\n\n\n<p><em>* En cas de mauvais temps, une activit\u00e9 de remplacement sera mise en place en int\u00e9rieur.&nbsp;<\/em><\/p>\n<\/div><\/div>\n\n\n\n<div class=\"wp-block-group bordure\"><div class=\"wp-block-group__inner-container is-layout-constrained wp-block-group-is-layout-constrained\">\n<h4 class=\"wp-block-heading has-accent-color has-text-color\">Atelier 2 | Relation \u00e0 la nature en montagne<\/h4>\n\n\n\n<p>Balade entre cueillette et pistage d\u2019esp\u00e8ces typiques des r\u00e9gions de montagne avec le biologiste Christophe Randin, la sp\u00e9cialiste&nbsp;en droit de l\u2019environnement Val\u00e9rie Dupont, le chasseur Maxime Rey et l&rsquo;anthropologue Kylian Henchoz.&nbsp;<\/p>\n<\/div><\/div>\n\n\n\n<div class=\"wp-block-group bordure\"><div class=\"wp-block-group__inner-container is-layout-constrained wp-block-group-is-layout-constrained\">\n<h4 class=\"wp-block-heading has-accent-color has-text-color\">Atelier 3 | Paysages<\/h4>\n\n\n\n<p>Balade g\u00e9omorphologique et litt\u00e9raire avec les sp\u00e9cialistes de la litt\u00e9rature romande Daniel Maggetti et St\u00e9phane P\u00e9termann, et le g\u00e9omorphologue Jonathan Bussard.<\/p>\n<\/div><\/div>\n<\/div>\n<\/div>\n","protected":false},"excerpt":{"rendered":"<p>Vivez une immersion au coeur de la montagneen participant \u00e0 des ateliers en plein air Les ateliers sont gratuits. Inscription avant le 21 mai 2023 Annulation :&nbsp;Les activit\u00e9s&hellip;<\/p>\n","protected":false},"author":108,"featured_media":0,"parent":0,"menu_order":3,"comment_status":"closed","ping_status":"closed","template":"","meta":{"_seopress_robots_primary_cat":"","_seopress_titles_title":"","_seopress_titles_desc":"","_seopress_robots_index":"","footnotes":""},"class_list":["post-197","page","type-page","status-publish","has-post-thumbnail"],"_links":{"self":[{"href":"https:\/\/wp.unil.ch\/fgse20ans\/wp-json\/wp\/v2\/pages\/197","targetHints":{"allow":["GET"]}}],"collection":[{"href":"https:\/\/wp.unil.ch\/fgse20ans\/wp-json\/wp\/v2\/pages"}],"about":[{"href":"https:\/\/wp.unil.ch\/fgse20ans\/wp-json\/wp\/v2\/types\/page"}],"author":[{"embeddable":true,"href":"https:\/\/wp.unil.ch\/fgse20ans\/wp-json\/wp\/v2\/users\/108"}],"replies":[{"embeddable":true,"href":"https:\/\/wp.unil.ch\/fgse20ans\/wp-json\/wp\/v2\/comments?post=197"}],"version-history":[{"count":0,"href":"https:\/\/wp.unil.ch\/fgse20ans\/wp-json\/wp\/v2\/pages\/197\/revisions"}],"wp:attachment":[{"href":"https:\/\/wp.unil.ch\/fgse20ans\/wp-json\/wp\/v2\/media?parent=197"}],"curies":[{"name":"wp","href":"https:\/\/api.w.org\/{rel}","templated":true}]}}