{"id":191,"date":"2023-02-07T08:57:20","date_gmt":"2023-02-07T07:57:20","guid":{"rendered":"https:\/\/wp.unil.ch\/fgse20ans\/?page_id=191"},"modified":"2024-01-23T11:59:55","modified_gmt":"2024-01-23T10:59:55","slug":"grande-fete-des-20-ans","status":"publish","type":"page","link":"https:\/\/wp.unil.ch\/fgse20ans\/grande-fete-des-20-ans\/","title":{"rendered":"Grande F\u00eate et repas des 20 ans"},"content":{"rendered":"\n<div class=\"wp-block-columns alignwide is-layout-flex wp-container-core-columns-is-layout-9d6595d7 wp-block-columns-is-layout-flex\">\n<div class=\"wp-block-column is-layout-flow wp-block-column-is-layout-flow\" style=\"flex-basis:33.33%\">\n<div class=\"wp-block-group bordure-rose\"><div class=\"wp-block-group__inner-container is-layout-constrained wp-block-group-is-layout-constrained\"><div class=\"su-service\"><div class=\"su-service-title\" style=\"padding-left:44px;min-height:30px;line-height:30px\"><i class=\"sui sui-users\" style=\"font-size:30px;color:#db4381\"><\/i> Communaut\u00e9 GSE<\/div><div class=\"su-service-content su-u-clearfix su-u-trim\" style=\"padding-left:44px\"> <\/div><\/div>\n\n\n\n<div style=\"height:15px\" aria-hidden=\"true\" class=\"wp-block-spacer\"><\/div>\n\n\n<div class=\"su-service\"><div class=\"su-service-title\" style=\"padding-left:44px;min-height:30px;line-height:30px\"><i class=\"sui sui-calendar-check-o\" style=\"font-size:30px;color:#db4381\"><\/i> Le 2 juin 2023<\/div><div class=\"su-service-content su-u-clearfix su-u-trim\" style=\"padding-left:44px\"> <\/div><\/div>\n\n\n\n<div style=\"height:15px\" aria-hidden=\"true\" class=\"wp-block-spacer\"><\/div>\n\n\n<div class=\"su-service\"><div class=\"su-service-title\" style=\"padding-left:44px;min-height:30px;line-height:30px\"><i class=\"sui sui-map-marker\" style=\"font-size:30px;color:#db4381\"><\/i> Caf\u00e9t\u00e9ria de G\u00e9opolis<\/div><div class=\"su-service-content su-u-clearfix su-u-trim\" style=\"padding-left:44px\"> <\/div><\/div>\n<\/div><\/div>\n<\/div>\n\n\n\n<div class=\"wp-block-column is-layout-flow wp-block-column-is-layout-flow\" style=\"flex-basis:66.66%\">\n<figure class=\"wp-block-gallery has-nested-images columns-default is-cropped wp-block-gallery-1 is-layout-flex wp-block-gallery-is-layout-flex\">\n<figure class=\"wp-block-image size-large\"><a href=\"https:\/\/wp.unil.ch\/fgse20ans\/files\/2023\/06\/DSCF8124.jpg\"><img alt=\"\" loading=\"lazy\" decoding=\"async\" width=\"1024\" height=\"683\" data-id=\"788\" src=\"https:\/\/wp.unil.ch\/fgse20ans\/files\/2023\/06\/DSCF8124-1024x683.jpg\" alt=\"\" class=\"wp-image-788\" srcset=\"https:\/\/wp.unil.ch\/fgse20ans\/files\/2023\/06\/DSCF8124-1024x683.jpg 1024w, https:\/\/wp.unil.ch\/fgse20ans\/files\/2023\/06\/DSCF8124-300x200.jpg 300w, https:\/\/wp.unil.ch\/fgse20ans\/files\/2023\/06\/DSCF8124-768x512.jpg 768w, https:\/\/wp.unil.ch\/fgse20ans\/files\/2023\/06\/DSCF8124-540x360.jpg 540w, https:\/\/wp.unil.ch\/fgse20ans\/files\/2023\/06\/DSCF8124-1080x720.jpg 1080w, https:\/\/wp.unil.ch\/fgse20ans\/files\/2023\/06\/DSCF8124.jpg 1200w\" sizes=\"auto, (max-width: 1024px) 100vw, 1024px\" \/><\/a><\/figure>\n\n\n\n<figure class=\"wp-block-image size-large\"><a href=\"https:\/\/wp.unil.ch\/fgse20ans\/files\/2023\/06\/DSCF8170.jpg\"><img alt=\"\" loading=\"lazy\" decoding=\"async\" width=\"1024\" height=\"683\" data-id=\"791\" src=\"https:\/\/wp.unil.ch\/fgse20ans\/files\/2023\/06\/DSCF8170-1024x683.jpg\" alt=\"\" class=\"wp-image-791\" srcset=\"https:\/\/wp.unil.ch\/fgse20ans\/files\/2023\/06\/DSCF8170-1024x683.jpg 1024w, https:\/\/wp.unil.ch\/fgse20ans\/files\/2023\/06\/DSCF8170-300x200.jpg 300w, https:\/\/wp.unil.ch\/fgse20ans\/files\/2023\/06\/DSCF8170-768x512.jpg 768w, https:\/\/wp.unil.ch\/fgse20ans\/files\/2023\/06\/DSCF8170-540x360.jpg 540w, https:\/\/wp.unil.ch\/fgse20ans\/files\/2023\/06\/DSCF8170-1080x720.jpg 1080w, https:\/\/wp.unil.ch\/fgse20ans\/files\/2023\/06\/DSCF8170.jpg 1200w\" sizes=\"auto, (max-width: 1024px) 100vw, 1024px\" \/><\/a><\/figure>\n\n\n\n<figure class=\"wp-block-image size-large\"><a href=\"https:\/\/wp.unil.ch\/fgse20ans\/files\/2023\/06\/DSCF8177.jpg\"><img alt=\"\" loading=\"lazy\" decoding=\"async\" width=\"1024\" height=\"683\" data-id=\"796\" src=\"https:\/\/wp.unil.ch\/fgse20ans\/files\/2023\/06\/DSCF8177-1024x683.jpg\" alt=\"\" class=\"wp-image-796\" srcset=\"https:\/\/wp.unil.ch\/fgse20ans\/files\/2023\/06\/DSCF8177-1024x683.jpg 1024w, https:\/\/wp.unil.ch\/fgse20ans\/files\/2023\/06\/DSCF8177-300x200.jpg 300w, https:\/\/wp.unil.ch\/fgse20ans\/files\/2023\/06\/DSCF8177-768x512.jpg 768w, https:\/\/wp.unil.ch\/fgse20ans\/files\/2023\/06\/DSCF8177-540x360.jpg 540w, https:\/\/wp.unil.ch\/fgse20ans\/files\/2023\/06\/DSCF8177-1080x720.jpg 1080w, https:\/\/wp.unil.ch\/fgse20ans\/files\/2023\/06\/DSCF8177.jpg 1200w\" sizes=\"auto, (max-width: 1024px) 100vw, 1024px\" \/><\/a><\/figure>\n\n\n\n<figure class=\"wp-block-image size-large\"><a href=\"https:\/\/wp.unil.ch\/fgse20ans\/files\/2023\/06\/DSCF8193.jpg\"><img alt=\"\" loading=\"lazy\" decoding=\"async\" width=\"1024\" height=\"683\" data-id=\"798\" src=\"https:\/\/wp.unil.ch\/fgse20ans\/files\/2023\/06\/DSCF8193-1024x683.jpg\" alt=\"\" class=\"wp-image-798\" srcset=\"https:\/\/wp.unil.ch\/fgse20ans\/files\/2023\/06\/DSCF8193-1024x683.jpg 1024w, https:\/\/wp.unil.ch\/fgse20ans\/files\/2023\/06\/DSCF8193-300x200.jpg 300w, https:\/\/wp.unil.ch\/fgse20ans\/files\/2023\/06\/DSCF8193-768x512.jpg 768w, https:\/\/wp.unil.ch\/fgse20ans\/files\/2023\/06\/DSCF8193-540x360.jpg 540w, https:\/\/wp.unil.ch\/fgse20ans\/files\/2023\/06\/DSCF8193-1080x720.jpg 1080w, https:\/\/wp.unil.ch\/fgse20ans\/files\/2023\/06\/DSCF8193.jpg 1200w\" sizes=\"auto, (max-width: 1024px) 100vw, 1024px\" \/><\/a><\/figure>\n\n\n\n<figure class=\"wp-block-image size-large\"><a href=\"https:\/\/wp.unil.ch\/fgse20ans\/files\/2023\/06\/DSCF8265.jpg\"><img alt=\"\" loading=\"lazy\" decoding=\"async\" width=\"1024\" height=\"683\" data-id=\"794\" src=\"https:\/\/wp.unil.ch\/fgse20ans\/files\/2023\/06\/DSCF8265-1024x683.jpg\" alt=\"\" class=\"wp-image-794\" srcset=\"https:\/\/wp.unil.ch\/fgse20ans\/files\/2023\/06\/DSCF8265-1024x683.jpg 1024w, https:\/\/wp.unil.ch\/fgse20ans\/files\/2023\/06\/DSCF8265-300x200.jpg 300w, https:\/\/wp.unil.ch\/fgse20ans\/files\/2023\/06\/DSCF8265-768x512.jpg 768w, https:\/\/wp.unil.ch\/fgse20ans\/files\/2023\/06\/DSCF8265-540x360.jpg 540w, https:\/\/wp.unil.ch\/fgse20ans\/files\/2023\/06\/DSCF8265-1080x720.jpg 1080w, https:\/\/wp.unil.ch\/fgse20ans\/files\/2023\/06\/DSCF8265.jpg 1200w\" sizes=\"auto, (max-width: 1024px) 100vw, 1024px\" \/><\/a><\/figure>\n<\/figure>\n\n\n\n<div class=\"wp-block-buttons is-content-justification-center is-layout-flex wp-container-core-buttons-is-layout-16018d1d wp-block-buttons-is-layout-flex\">\n<div class=\"wp-block-button\"><a class=\"wp-block-button__link has-buttons-text-color has-accent-background-color has-text-color has-background wp-element-button\" href=\"https:\/\/wp.unil.ch\/fgse20ans\/la-fgse-fete-ses-20-ans-en-images\/\" style=\"border-radius:3px\">Toutes les photos<\/a><\/div>\n<\/div>\n<\/div>\n<\/div>\n\n\n\n<h3 class=\"wp-block-heading\">Programme<\/h3>\n\n\n\n<figure class=\"wp-block-table alignwide is-style-stripes has-normal-font-size\"><table><tbody><tr><td>                       <\/td><td><strong>Partie<\/strong>&nbsp;<strong>officielle<\/strong><\/td><td><\/td><\/tr><tr><td>17h30<\/td><td>Accueil<\/td><td><\/td><\/tr><tr><td>18h00<\/td><td>Visions crois\u00e9es sur le pass\u00e9, pr\u00e9sent et futur de la Facult\u00e9<br><span>Jean Hernandez, premier doyen en 2003<br>Niklas Linde, doyen actuel en 2023<br>Etudiant\u00b7e, incarnant le futur doyen de 2043<\/span><\/td><td><\/td><\/tr><tr><td>  <\/td><td>  <\/td><td><\/td><\/tr><tr><td><\/td><td><strong>Repas et f\u00eate<\/strong><\/td><td><\/td><\/tr><tr><td>D\u00e8s 18h30<\/td><td>Buffet d\u00eenatoire v\u00e9g\u00e9tarien et v\u00e9gan<\/td><td><\/td><\/tr><tr><td>18h30<\/td><td>Premier concert donn\u00e9 par <strong><a href=\"https:\/\/mx3.ch\/gammavibes\">Gamma Vibes<\/a><\/strong>, un collectif d\u2019\u00e9tudiants UNIL<\/td><td><\/td><\/tr><tr><td>20h15<\/td><td>Second concert avec le groupe suisse&nbsp;<a rel=\"noreferrer noopener\" href=\"https:\/\/www.lesfilsdufacteur.com\" target=\"_blank\"><strong>Les<\/strong>&nbsp;<strong>Fils du Facteur<\/strong><\/a> <\/td><td><\/td><\/tr><tr><td>22h00<\/td><td>DJ Set par <strong><a rel=\"noreferrer noopener\" href=\"https:\/\/mr-w.ch\" target=\"_blank\">Mr W.<\/a><\/strong>, r\u00e9sident au D!Club&nbsp;et sur Couleur3<\/td><td><\/td><\/tr><\/tbody><\/table><\/figure>\n\n\n\n<figure class=\"wp-block-gallery alignwide has-nested-images columns-default is-cropped wp-block-gallery-2 is-layout-flex wp-block-gallery-is-layout-flex\">\n<figure class=\"wp-block-image size-large\"><img alt=\"\" loading=\"lazy\" decoding=\"async\" width=\"1024\" height=\"683\" data-id=\"823\" src=\"https:\/\/wp.unil.ch\/fgse20ans\/files\/2023\/06\/DSCF8027-1024x683.jpg\" alt=\"\" class=\"wp-image-823\" srcset=\"https:\/\/wp.unil.ch\/fgse20ans\/files\/2023\/06\/DSCF8027-1024x683.jpg 1024w, https:\/\/wp.unil.ch\/fgse20ans\/files\/2023\/06\/DSCF8027-300x200.jpg 300w, https:\/\/wp.unil.ch\/fgse20ans\/files\/2023\/06\/DSCF8027-768x512.jpg 768w, https:\/\/wp.unil.ch\/fgse20ans\/files\/2023\/06\/DSCF8027-540x360.jpg 540w, https:\/\/wp.unil.ch\/fgse20ans\/files\/2023\/06\/DSCF8027-1080x720.jpg 1080w, https:\/\/wp.unil.ch\/fgse20ans\/files\/2023\/06\/DSCF8027.jpg 1200w\" sizes=\"auto, (max-width: 1024px) 100vw, 1024px\" \/><\/figure>\n\n\n\n<figure class=\"wp-block-image size-large\"><img alt=\"\" loading=\"lazy\" decoding=\"async\" width=\"1024\" height=\"683\" data-id=\"832\" src=\"https:\/\/wp.unil.ch\/fgse20ans\/files\/2023\/06\/Marie-Elodie-Perga-1024x683.jpg\" alt=\"\" class=\"wp-image-832\" srcset=\"https:\/\/wp.unil.ch\/fgse20ans\/files\/2023\/06\/Marie-Elodie-Perga-1024x683.jpg 1024w, https:\/\/wp.unil.ch\/fgse20ans\/files\/2023\/06\/Marie-Elodie-Perga-300x200.jpg 300w, https:\/\/wp.unil.ch\/fgse20ans\/files\/2023\/06\/Marie-Elodie-Perga-768x512.jpg 768w, https:\/\/wp.unil.ch\/fgse20ans\/files\/2023\/06\/Marie-Elodie-Perga-540x360.jpg 540w, https:\/\/wp.unil.ch\/fgse20ans\/files\/2023\/06\/Marie-Elodie-Perga-1080x720.jpg 1080w, https:\/\/wp.unil.ch\/fgse20ans\/files\/2023\/06\/Marie-Elodie-Perga.jpg 1200w\" sizes=\"auto, (max-width: 1024px) 100vw, 1024px\" \/><figcaption class=\"wp-element-caption\">Marie-Elodie Perga<\/figcaption><\/figure>\n\n\n\n<figure class=\"wp-block-image size-large\"><img alt=\"\" loading=\"lazy\" decoding=\"async\" width=\"1024\" height=\"683\" data-id=\"817\" src=\"https:\/\/wp.unil.ch\/fgse20ans\/files\/2023\/06\/Niklas-Linde-1024x683.jpg\" alt=\"\" class=\"wp-image-817\" srcset=\"https:\/\/wp.unil.ch\/fgse20ans\/files\/2023\/06\/Niklas-Linde-1024x683.jpg 1024w, https:\/\/wp.unil.ch\/fgse20ans\/files\/2023\/06\/Niklas-Linde-300x200.jpg 300w, https:\/\/wp.unil.ch\/fgse20ans\/files\/2023\/06\/Niklas-Linde-768x512.jpg 768w, https:\/\/wp.unil.ch\/fgse20ans\/files\/2023\/06\/Niklas-Linde-540x360.jpg 540w, https:\/\/wp.unil.ch\/fgse20ans\/files\/2023\/06\/Niklas-Linde-1080x720.jpg 1080w, https:\/\/wp.unil.ch\/fgse20ans\/files\/2023\/06\/Niklas-Linde.jpg 1200w\" sizes=\"auto, (max-width: 1024px) 100vw, 1024px\" \/><figcaption class=\"wp-element-caption\"><span>Niklas Linde<\/span> le doyen de 2023<\/figcaption><\/figure>\n\n\n\n<figure class=\"wp-block-image size-large\"><img alt=\"\" loading=\"lazy\" decoding=\"async\" width=\"1024\" height=\"683\" data-id=\"827\" src=\"https:\/\/wp.unil.ch\/fgse20ans\/files\/2023\/06\/Jean-Hernandez2-1024x683.jpg\" alt=\"\" class=\"wp-image-827\" srcset=\"https:\/\/wp.unil.ch\/fgse20ans\/files\/2023\/06\/Jean-Hernandez2-1024x683.jpg 1024w, https:\/\/wp.unil.ch\/fgse20ans\/files\/2023\/06\/Jean-Hernandez2-300x200.jpg 300w, https:\/\/wp.unil.ch\/fgse20ans\/files\/2023\/06\/Jean-Hernandez2-768x512.jpg 768w, https:\/\/wp.unil.ch\/fgse20ans\/files\/2023\/06\/Jean-Hernandez2-540x360.jpg 540w, https:\/\/wp.unil.ch\/fgse20ans\/files\/2023\/06\/Jean-Hernandez2-1080x720.jpg 1080w, https:\/\/wp.unil.ch\/fgse20ans\/files\/2023\/06\/Jean-Hernandez2.jpg 1200w\" sizes=\"auto, (max-width: 1024px) 100vw, 1024px\" \/><figcaption class=\"wp-element-caption\">Jean Hernandez, premier doyen en 2003<\/figcaption><\/figure>\n\n\n\n<figure class=\"wp-block-image size-large\"><img alt=\"\" loading=\"lazy\" decoding=\"async\" width=\"1024\" height=\"683\" data-id=\"811\" src=\"https:\/\/wp.unil.ch\/fgse20ans\/files\/2023\/06\/Futur-doyen-1024x683.jpg\" alt=\"\" class=\"wp-image-811\" srcset=\"https:\/\/wp.unil.ch\/fgse20ans\/files\/2023\/06\/Futur-doyen-1024x683.jpg 1024w, https:\/\/wp.unil.ch\/fgse20ans\/files\/2023\/06\/Futur-doyen-300x200.jpg 300w, https:\/\/wp.unil.ch\/fgse20ans\/files\/2023\/06\/Futur-doyen-768x512.jpg 768w, https:\/\/wp.unil.ch\/fgse20ans\/files\/2023\/06\/Futur-doyen-540x360.jpg 540w, https:\/\/wp.unil.ch\/fgse20ans\/files\/2023\/06\/Futur-doyen-1080x720.jpg 1080w, https:\/\/wp.unil.ch\/fgse20ans\/files\/2023\/06\/Futur-doyen.jpg 1200w\" sizes=\"auto, (max-width: 1024px) 100vw, 1024px\" \/><figcaption class=\"wp-element-caption\"><span>Le futur doyen de 2043<\/span><\/figcaption><\/figure>\n<\/figure>\n","protected":false},"excerpt":{"rendered":"<p>Programme Partie&nbsp;officielle 17h30 Accueil 18h00 Visions crois\u00e9es sur le pass\u00e9, pr\u00e9sent et futur de la Facult\u00e9Jean Hernandez, premier doyen en 2003Niklas Linde, doyen actuel en 2023Etudiant\u00b7e, incarnant le&hellip;<\/p>\n","protected":false},"author":108,"featured_media":0,"parent":0,"menu_order":1,"comment_status":"closed","ping_status":"closed","template":"","meta":{"_seopress_robots_primary_cat":"","_seopress_titles_title":"","_seopress_titles_desc":"","_seopress_robots_index":"","footnotes":""},"class_list":["post-191","page","type-page","status-publish","has-post-thumbnail"],"_links":{"self":[{"href":"https:\/\/wp.unil.ch\/fgse20ans\/wp-json\/wp\/v2\/pages\/191","targetHints":{"allow":["GET"]}}],"collection":[{"href":"https:\/\/wp.unil.ch\/fgse20ans\/wp-json\/wp\/v2\/pages"}],"about":[{"href":"https:\/\/wp.unil.ch\/fgse20ans\/wp-json\/wp\/v2\/types\/page"}],"author":[{"embeddable":true,"href":"https:\/\/wp.unil.ch\/fgse20ans\/wp-json\/wp\/v2\/users\/108"}],"replies":[{"embeddable":true,"href":"https:\/\/wp.unil.ch\/fgse20ans\/wp-json\/wp\/v2\/comments?post=191"}],"version-history":[{"count":1,"href":"https:\/\/wp.unil.ch\/fgse20ans\/wp-json\/wp\/v2\/pages\/191\/revisions"}],"predecessor-version":[{"id":1371,"href":"https:\/\/wp.unil.ch\/fgse20ans\/wp-json\/wp\/v2\/pages\/191\/revisions\/1371"}],"wp:attachment":[{"href":"https:\/\/wp.unil.ch\/fgse20ans\/wp-json\/wp\/v2\/media?parent=191"}],"curies":[{"name":"wp","href":"https:\/\/api.w.org\/{rel}","templated":true}]}}