{"id":1183,"date":"2023-12-15T10:19:02","date_gmt":"2023-12-15T09:19:02","guid":{"rendered":"https:\/\/wp.unil.ch\/fgse20ans\/?page_id=1183"},"modified":"2024-01-23T11:59:22","modified_gmt":"2024-01-23T10:59:22","slug":"soiree-anniversaire-pour-les-20-ans-de-la-fbm-et-de-la-fgse","status":"publish","type":"page","link":"https:\/\/wp.unil.ch\/fgse20ans\/soiree-anniversaire-pour-les-20-ans-de-la-fbm-et-de-la-fgse\/","title":{"rendered":"Soir\u00e9e anniversaire pour les 20 ans de la FBM et de la FGSE"},"content":{"rendered":"\n<div class=\"wp-block-group alignfull has-background\" style=\"background-color:#1c395a\"><div class=\"wp-block-group__inner-container is-layout-constrained wp-block-group-is-layout-constrained\">\n<div style=\"height:10px\" aria-hidden=\"true\" class=\"wp-block-spacer\"><\/div>\n\n\n\n<h1 class=\"wp-block-heading has-text-align-center has-buttons-text-color has-text-color\" style=\"font-size:50px\">Soir\u00e9e anniversaire pour les 20 ans de la FBM et de la FGSE<\/h1>\n\n\n\n<div class=\"wp-block-columns has-background is-layout-flex wp-container-core-columns-is-layout-9d6595d7 wp-block-columns-is-layout-flex\" style=\"background-color:#1c395a\">\n<div class=\"wp-block-column is-vertically-aligned-top is-layout-flow wp-block-column-is-layout-flow\" style=\"flex-basis:50%\">\n<h2 class=\"wp-block-heading has-text-align-center has-buttons-text-color has-text-color has-link-color wp-elements-78566f9a27950b2d194b99f7b019991c\">Programme<\/h2>\n\n\n\n<h5 class=\"wp-block-heading has-text-align-center has-buttons-text-color has-text-color has-larger-font-size\">Mots de bienvenue<\/h5>\n\n\n\n<p class=\"has-text-align-center has-buttons-text-color has-text-color has-link-color wp-elements-f7dbb9069740959c0a3eac82c00dbcd1\"><strong>Fr\u00e9d\u00e9ric Herman<\/strong>, Recteur de l\u2019UNIL<br><strong>Manuel Pascual<\/strong>, Doyen de la FBM<br><strong>Niklas Linde<\/strong>, Doyen de la FGSE<br><strong>Rebecca Ruiz,<\/strong> Conseill\u00e8re d\u2019\u00e9tat et Cheffe du D\u00e9partement de la sant\u00e9 et de l\u2019action sociale<\/p>\n\n\n\n<h5 class=\"wp-block-heading has-text-align-center has-buttons-text-color has-text-color has-larger-font-size\">Keynote Lecture<\/h5>\n\n\n\n<p class=\"has-text-align-center has-buttons-text-color has-text-color has-link-color wp-elements-d1a2542e6d22d485c8c1fcc60ff0267f\"><strong>Fran\u00e7ois Gemenne<\/strong>, Directeur du Hugo Observatory, Universit\u00e9 de Li\u00e8ge<\/p>\n\n\n\n<h5 class=\"wp-block-heading has-text-align-center has-buttons-text-color has-text-color has-larger-font-size\">Table ronde<\/h5>\n\n\n\n<p class=\"has-text-align-center has-buttons-text-color has-text-color has-link-color wp-elements-f1547b32d1c52e5bcf0592b014d55132\">Anim\u00e9e par <strong>Laurence Dif\u00e9lix<\/strong>, RTS<\/p>\n\n\n\n<div class=\"wp-block-buttons is-content-justification-center is-layout-flex wp-container-core-buttons-is-layout-16018d1d wp-block-buttons-is-layout-flex\">\n<div class=\"wp-block-button has-custom-font-size is-style-outline has-larger-font-size is-style-outline--1\"><a class=\"wp-block-button__link has-buttons-text-color has-text-color has-link-color wp-element-button\" href=\"https:\/\/wp.unil.ch\/fgse20ans\/soiree-anniversaire-conjointe-fbm-fgse\/\" style=\"border-radius:4px\">Revivre l&rsquo;\u00e9v\u00e9nement en images<\/a><\/div>\n<\/div>\n<\/div>\n\n\n\n<div class=\"wp-block-column is-layout-flow wp-block-column-is-layout-flow\" style=\"flex-basis:50%\">\n<figure class=\"wp-block-image size-full\"><img alt=\"\" loading=\"lazy\" decoding=\"async\" width=\"900\" height=\"900\" src=\"https:\/\/wp.unil.ch\/fgse20ans\/files\/2023\/10\/20ansfbm.jpg\" alt=\"\" class=\"wp-image-1060\" srcset=\"https:\/\/wp.unil.ch\/fgse20ans\/files\/2023\/10\/20ansfbm.jpg 900w, https:\/\/wp.unil.ch\/fgse20ans\/files\/2023\/10\/20ansfbm-300x300.jpg 300w, https:\/\/wp.unil.ch\/fgse20ans\/files\/2023\/10\/20ansfbm-150x150.jpg 150w, https:\/\/wp.unil.ch\/fgse20ans\/files\/2023\/10\/20ansfbm-768x768.jpg 768w, https:\/\/wp.unil.ch\/fgse20ans\/files\/2023\/10\/20ansfbm-540x540.jpg 540w\" sizes=\"auto, (max-width: 900px) 100vw, 900px\" \/><\/figure>\n<\/div>\n<\/div>\n<\/div><\/div>\n\n\n\n<figure class=\"wp-block-embed is-type-video is-provider-youtube wp-block-embed-youtube wp-embed-aspect-16-9 wp-has-aspect-ratio\"><div class=\"wp-block-embed__wrapper\">\n<iframe loading=\"lazy\" title=\"20 ans  - Facult\u00e9 de biologie et de m\u00e9decine et la Facult\u00e9 des g\u00e9osciences et de l\u2019environnement\" width=\"580\" height=\"326\" src=\"https:\/\/www.youtube.com\/embed\/JeZyMTV8Jlo?feature=oembed\" frameborder=\"0\" allow=\"accelerometer; autoplay; clipboard-write; encrypted-media; gyroscope; picture-in-picture; web-share\" referrerpolicy=\"strict-origin-when-cross-origin\" allowfullscreen><\/iframe>\n<\/div><\/figure>\n\n\n\n<div class=\"wp-block-group bordurerose\"><div class=\"wp-block-group__inner-container is-layout-constrained wp-block-group-is-layout-constrained\">\n<h2 class=\"wp-block-heading has-text-align-left has-text-color has-larger-font-size\" style=\"color:#e0989c\">Pr\u00e9sentation de projets de recherche conjoints aux 2 facult\u00e9s<\/h2>\n\n\n\n<div class=\"wp-block-columns is-layout-flex wp-container-core-columns-is-layout-9d6595d7 wp-block-columns-is-layout-flex\">\n<div class=\"wp-block-column is-layout-flow wp-block-column-is-layout-flow\">\n<figure class=\"wp-block-embed is-type-video is-provider-youtube wp-block-embed-youtube wp-embed-aspect-16-9 wp-has-aspect-ratio\"><div class=\"wp-block-embed__wrapper\">\n<iframe loading=\"lazy\" title=\"Odyss\u00e9e du m\u00e9dicament\" width=\"580\" height=\"326\" src=\"https:\/\/www.youtube.com\/embed\/DYEZFsbjzd4?feature=oembed\" frameborder=\"0\" allow=\"accelerometer; autoplay; clipboard-write; encrypted-media; gyroscope; picture-in-picture; web-share\" referrerpolicy=\"strict-origin-when-cross-origin\" allowfullscreen><\/iframe>\n<\/div><figcaption class=\"wp-element-caption\">Nathalie Ch\u00e8vre et Nicolas Senn<\/figcaption><\/figure>\n<\/div>\n\n\n\n<div class=\"wp-block-column is-layout-flow wp-block-column-is-layout-flow\">\n<figure class=\"wp-block-embed is-type-video is-provider-youtube wp-block-embed-youtube wp-embed-aspect-16-9 wp-has-aspect-ratio\"><div class=\"wp-block-embed__wrapper\">\n<iframe loading=\"lazy\" title=\"Wild Wild Gut\" width=\"580\" height=\"326\" src=\"https:\/\/www.youtube.com\/embed\/Easil48uswc?feature=oembed\" frameborder=\"0\" allow=\"accelerometer; autoplay; clipboard-write; encrypted-media; gyroscope; picture-in-picture; web-share\" referrerpolicy=\"strict-origin-when-cross-origin\" allowfullscreen><\/iframe>\n<\/div><figcaption class=\"wp-element-caption\">Pietro De Anna et Philipp Engel<\/figcaption><\/figure>\n<\/div>\n\n\n\n<div class=\"wp-block-column is-layout-flow wp-block-column-is-layout-flow\">\n<figure class=\"wp-block-embed is-type-video is-provider-youtube wp-block-embed-youtube wp-embed-aspect-16-9 wp-has-aspect-ratio\"><div class=\"wp-block-embed__wrapper\">\n<iframe loading=\"lazy\" title=\"Ind\u00e9sirables?!\" width=\"580\" height=\"326\" src=\"https:\/\/www.youtube.com\/embed\/Sf5Sl0u-uEM?feature=oembed\" frameborder=\"0\" allow=\"accelerometer; autoplay; clipboard-write; encrypted-media; gyroscope; picture-in-picture; web-share\" referrerpolicy=\"strict-origin-when-cross-origin\" allowfullscreen><\/iframe>\n<\/div><figcaption class=\"wp-element-caption\">Jo\u00eblle Salomon Cavin et Daniel Cherix<\/figcaption><\/figure>\n<\/div>\n<\/div>\n<\/div><\/div>\n","protected":false},"excerpt":{"rendered":"<p>Soir\u00e9e anniversaire pour les 20 ans de la FBM et de la FGSE Programme Mots de bienvenue Fr\u00e9d\u00e9ric Herman, Recteur de l\u2019UNILManuel Pascual, Doyen de la FBMNiklas Linde,&hellip;<\/p>\n","protected":false},"author":108,"featured_media":0,"parent":0,"menu_order":0,"comment_status":"closed","ping_status":"closed","template":"template-full-width.php","meta":{"_seopress_robots_primary_cat":"","_seopress_titles_title":"","_seopress_titles_desc":"","_seopress_robots_index":"","footnotes":""},"class_list":["post-1183","page","type-page","status-publish","has-post-thumbnail"],"_links":{"self":[{"href":"https:\/\/wp.unil.ch\/fgse20ans\/wp-json\/wp\/v2\/pages\/1183","targetHints":{"allow":["GET"]}}],"collection":[{"href":"https:\/\/wp.unil.ch\/fgse20ans\/wp-json\/wp\/v2\/pages"}],"about":[{"href":"https:\/\/wp.unil.ch\/fgse20ans\/wp-json\/wp\/v2\/types\/page"}],"author":[{"embeddable":true,"href":"https:\/\/wp.unil.ch\/fgse20ans\/wp-json\/wp\/v2\/users\/108"}],"replies":[{"embeddable":true,"href":"https:\/\/wp.unil.ch\/fgse20ans\/wp-json\/wp\/v2\/comments?post=1183"}],"version-history":[{"count":5,"href":"https:\/\/wp.unil.ch\/fgse20ans\/wp-json\/wp\/v2\/pages\/1183\/revisions"}],"predecessor-version":[{"id":1370,"href":"https:\/\/wp.unil.ch\/fgse20ans\/wp-json\/wp\/v2\/pages\/1183\/revisions\/1370"}],"wp:attachment":[{"href":"https:\/\/wp.unil.ch\/fgse20ans\/wp-json\/wp\/v2\/media?parent=1183"}],"curies":[{"name":"wp","href":"https:\/\/api.w.org\/{rel}","templated":true}]}}