{"id":73,"date":"2013-03-14T16:42:31","date_gmt":"2013-03-14T15:42:31","guid":{"rendered":"http:\/\/wp.unil.ch\/fejunil\/?page_id=73"},"modified":"2026-02-25T17:53:11","modified_gmt":"2026-02-25T16:53:11","slug":"evenements-et-actualites","status":"publish","type":"page","link":"https:\/\/wp.unil.ch\/fejunil\/evenements-et-actualites\/","title":{"rendered":"\u00c9v\u00e9nements et actualit\u00e9s"},"content":{"rendered":"\n<p class=\"has-black-color has-text-color has-link-color has-medium-font-size wp-elements-c58a2d5e4a6848c681495d5462ec58c6\">\u00ab\u00a0<strong>Comprendre le monde\u00a0\u00bb : de l&rsquo;influence de la m\u00e9moire<\/strong><\/p>\n\n\n\n<p>Conf\u00e9rence de Denis Charbit, professeur de Sciences Politiques de l&rsquo;Universit\u00e9 ouverte d&rsquo;Isra\u00ebl, sp\u00e9cialiste de l&rsquo;histoire des id\u00e9es.<\/p>\n\n\n\n<p><strong>Mercredi 16 mars 2026 \u00e0 18h30<\/strong>, <strong>h\u00f4tel Alpha-Palmier<\/strong>, Lausanne<\/p>\n\n\n\n<p>La conf\u00e9rence est organis\u00e9e par l&rsquo;Association des Amis de la Fondation pour l&rsquo;enseignement du juda\u00efsme \u00e0 l&rsquo;UNIL (AFEJUNIL).<\/p>\n\n\n\n<p><a href=\"https:\/\/www.amisfejunil.ch\/event-details\/comprendre-le-monde-de-linfluence-de-la-memoire-2\">Plus d&rsquo;informations<\/a><\/p>\n\n\n\n<p><strong><a href=\"https:\/\/www.amisfejunil.ch\/blank-1\">Inscriptions<\/a><\/strong><\/p>\n\n\n\n<figure class=\"wp-block-image size-medium\"><a href=\"https:\/\/wp.unil.ch\/fejunil\/files\/2026\/02\/charbit.jpg\"><img loading=\"lazy\" decoding=\"async\" width=\"254\" height=\"300\" src=\"https:\/\/wp.unil.ch\/fejunil\/files\/2026\/02\/charbit-254x300.jpg\" alt=\"charbit\" class=\"wp-image-895\" srcset=\"https:\/\/wp.unil.ch\/fejunil\/files\/2026\/02\/charbit-254x300.jpg 254w, https:\/\/wp.unil.ch\/fejunil\/files\/2026\/02\/charbit-866x1024.jpg 866w, https:\/\/wp.unil.ch\/fejunil\/files\/2026\/02\/charbit-768x908.jpg 768w, https:\/\/wp.unil.ch\/fejunil\/files\/2026\/02\/charbit.jpg 961w\" sizes=\"auto, (max-width: 254px) 100vw, 254px\" \/><\/a><\/figure>\n\n\n\n<figure class=\"wp-block-image\"><a href=\"https:\/\/wp.unil.ch\/fejunil\/files\/2013\/04\/cropped-cropped-FEJUNIL_logo-e1366719581570.jpg\"><img loading=\"lazy\" decoding=\"async\" width=\"800\" height=\"216\" src=\"https:\/\/wp.unil.ch\/fejunil\/files\/2013\/04\/cropped-cropped-FEJUNIL_logo-e1366719581570.jpg\" alt=\"cropped-cropped-FEJUNIL_logo-e1366719581570.jpg\" class=\"wp-image-146\" srcset=\"https:\/\/wp.unil.ch\/fejunil\/files\/2013\/04\/cropped-cropped-FEJUNIL_logo-e1366719581570.jpg 800w, https:\/\/wp.unil.ch\/fejunil\/files\/2013\/04\/cropped-cropped-FEJUNIL_logo-e1366719581570-300x81.jpg 300w, https:\/\/wp.unil.ch\/fejunil\/files\/2013\/04\/cropped-cropped-FEJUNIL_logo-e1366719581570-624x168.jpg 624w\" sizes=\"auto, (max-width: 800px) 100vw, 800px\" \/><\/a><\/figure>\n\n\n\n<p><\/p>\n","protected":false},"excerpt":{"rendered":"<p>\u00ab\u00a0Comprendre le monde\u00a0\u00bb : de l&rsquo;influence de la m\u00e9moire Conf\u00e9rence de Denis Charbit, professeur de Sciences Politiques de l&rsquo;Universit\u00e9 ouverte d&rsquo;Isra\u00ebl, sp\u00e9cialiste de l&rsquo;histoire des id\u00e9es. Mercredi 16 mars 2026 &hellip; <\/p>\n","protected":false},"author":1186,"featured_media":0,"parent":0,"menu_order":2,"comment_status":"closed","ping_status":"closed","template":"","meta":{"_seopress_robots_primary_cat":"","_seopress_titles_title":"","_seopress_titles_desc":"","_seopress_robots_index":"","footnotes":""},"class_list":["post-73","page","type-page","status-publish"],"_links":{"self":[{"href":"https:\/\/wp.unil.ch\/fejunil\/wp-json\/wp\/v2\/pages\/73","targetHints":{"allow":["GET"]}}],"collection":[{"href":"https:\/\/wp.unil.ch\/fejunil\/wp-json\/wp\/v2\/pages"}],"about":[{"href":"https:\/\/wp.unil.ch\/fejunil\/wp-json\/wp\/v2\/types\/page"}],"author":[{"embeddable":true,"href":"https:\/\/wp.unil.ch\/fejunil\/wp-json\/wp\/v2\/users\/1186"}],"replies":[{"embeddable":true,"href":"https:\/\/wp.unil.ch\/fejunil\/wp-json\/wp\/v2\/comments?post=73"}],"version-history":[{"count":4,"href":"https:\/\/wp.unil.ch\/fejunil\/wp-json\/wp\/v2\/pages\/73\/revisions"}],"predecessor-version":[{"id":896,"href":"https:\/\/wp.unil.ch\/fejunil\/wp-json\/wp\/v2\/pages\/73\/revisions\/896"}],"wp:attachment":[{"href":"https:\/\/wp.unil.ch\/fejunil\/wp-json\/wp\/v2\/media?parent=73"}],"curies":[{"name":"wp","href":"https:\/\/api.w.org\/{rel}","templated":true}]}}