{"id":53,"date":"2013-03-14T16:25:23","date_gmt":"2013-03-14T15:25:23","guid":{"rendered":"http:\/\/wp.unil.ch\/fejunil\/?page_id=53"},"modified":"2023-02-01T10:31:42","modified_gmt":"2023-02-01T09:31:42","slug":"nous-contacter","status":"publish","type":"page","link":"https:\/\/wp.unil.ch\/fejunil\/nous-contacter\/","title":{"rendered":"Nous contacter"},"content":{"rendered":"<p style=\"text-align: justify\">Pour plus d&rsquo;informations sur les activit\u00e9s de la FEJUNIL :<br \/>\n<span style=\"text-decoration: underline\">jacques.ehrenfreund@unil.ch<\/span><br \/>\n+41 (0) 21 692 27 08<\/p>\n<p style=\"text-align: justify\"><a href=\"https:\/\/wp.unil.ch\/fejunil\/files\/2013\/03\/FEJUNIL_logo.jpg\"><img loading=\"lazy\" decoding=\"async\" class=\"alignnone size-full wp-image-124\" src=\"https:\/\/wp.unil.ch\/fejunil\/files\/2013\/03\/FEJUNIL_logo.jpg\" alt=\"FEJUNIL_logo\" width=\"260\" height=\"70\" srcset=\"https:\/\/wp.unil.ch\/fejunil\/files\/2013\/03\/FEJUNIL_logo.jpg 1031w, https:\/\/wp.unil.ch\/fejunil\/files\/2013\/03\/FEJUNIL_logo-300x81.jpg 300w, https:\/\/wp.unil.ch\/fejunil\/files\/2013\/03\/FEJUNIL_logo-1024x277.jpg 1024w, https:\/\/wp.unil.ch\/fejunil\/files\/2013\/03\/FEJUNIL_logo-624x168.jpg 624w\" sizes=\"auto, (max-width: 260px) 100vw, 260px\" \/><\/a><\/p>\n<p><span style=\"color: #ffffff\">&#8211;<\/span><br \/>\nSi vous \u00eates int\u00e9ress\u00e9-e par les activit\u00e9s de l&rsquo;<strong><a title=\"Association des Amis\" href=\"https:\/\/wp.unil.ch\/fejunil\/association-des-amis-de-la-fejunil-afejunil\/\">Association des Amis de la FEJUNIL<\/a> (AFEJUNIL)<\/strong>, son pr\u00e9sident M. Lazare Benaroyo se fera un plaisir de vous r\u00e9pondre :<br \/>\n<a href=\"mailto:Lazare.Benaroyo@unil.ch\">Lazare.Benaroyo@unil.ch<\/a><\/p>\n<p><a href=\"https:\/\/wp.unil.ch\/fejunil\/files\/2013\/03\/AFEJUNIL_logo.jpg\"><img loading=\"lazy\" decoding=\"async\" class=\"alignnone  wp-image-125\" src=\"https:\/\/wp.unil.ch\/fejunil\/files\/2013\/03\/AFEJUNIL_logo.jpg\" alt=\"AFEJUNIL_logo\" width=\"286\" height=\"65\" srcset=\"https:\/\/wp.unil.ch\/fejunil\/files\/2013\/03\/AFEJUNIL_logo.jpg 1149w, https:\/\/wp.unil.ch\/fejunil\/files\/2013\/03\/AFEJUNIL_logo-300x68.jpg 300w, https:\/\/wp.unil.ch\/fejunil\/files\/2013\/03\/AFEJUNIL_logo-1024x233.jpg 1024w, https:\/\/wp.unil.ch\/fejunil\/files\/2013\/03\/AFEJUNIL_logo-624x142.jpg 624w\" sizes=\"auto, (max-width: 286px) 100vw, 286px\" \/><\/a><\/p>\n","protected":false},"excerpt":{"rendered":"<p>Pour plus d&rsquo;informations sur les activit\u00e9s de la FEJUNIL : jacques.ehrenfreund@unil.ch +41 (0) 21 692 27 08 &#8211; Si vous \u00eates int\u00e9ress\u00e9-e par les activit\u00e9s de l&rsquo;Association des Amis de &hellip; <\/p>\n","protected":false},"author":1186,"featured_media":0,"parent":0,"menu_order":6,"comment_status":"closed","ping_status":"closed","template":"","meta":{"_seopress_robots_primary_cat":"","_seopress_titles_title":"","_seopress_titles_desc":"","_seopress_robots_index":"","footnotes":""},"class_list":["post-53","page","type-page","status-publish"],"_links":{"self":[{"href":"https:\/\/wp.unil.ch\/fejunil\/wp-json\/wp\/v2\/pages\/53","targetHints":{"allow":["GET"]}}],"collection":[{"href":"https:\/\/wp.unil.ch\/fejunil\/wp-json\/wp\/v2\/pages"}],"about":[{"href":"https:\/\/wp.unil.ch\/fejunil\/wp-json\/wp\/v2\/types\/page"}],"author":[{"embeddable":true,"href":"https:\/\/wp.unil.ch\/fejunil\/wp-json\/wp\/v2\/users\/1186"}],"replies":[{"embeddable":true,"href":"https:\/\/wp.unil.ch\/fejunil\/wp-json\/wp\/v2\/comments?post=53"}],"version-history":[{"count":0,"href":"https:\/\/wp.unil.ch\/fejunil\/wp-json\/wp\/v2\/pages\/53\/revisions"}],"wp:attachment":[{"href":"https:\/\/wp.unil.ch\/fejunil\/wp-json\/wp\/v2\/media?parent=53"}],"curies":[{"name":"wp","href":"https:\/\/api.w.org\/{rel}","templated":true}]}}