{"id":42,"date":"2013-03-14T15:37:57","date_gmt":"2013-03-14T14:37:57","guid":{"rendered":"http:\/\/wp.unil.ch\/fejunil\/?page_id=42"},"modified":"2023-10-11T10:19:33","modified_gmt":"2023-10-11T08:19:33","slug":"prix-de-la-fejunil","status":"publish","type":"page","link":"https:\/\/wp.unil.ch\/fejunil\/prix-de-la-fejunil\/","title":{"rendered":"Prix de la FEJUNIL"},"content":{"rendered":"<h3>Laur\u00e9ate 2023<\/h3>\n<p>Dr <strong>Teresa Scarso<\/strong> a obtenu le Prix de la FEJUNIL en 2023 pour sa th\u00e8se de Doctorat en th\u00e9ologie (Universit\u00e9 de Lausanne) intitul\u00e9e: <em>The Relationship between Moses and Elijah in Ancient Judaism<\/em>, sous la direction du Prof. David Hamidovic. Th\u00e8se soutenue le 7 d\u00e9cembre 2021.<\/p>\n<h3><strong>Laur\u00e9at\u00b7e\u00b7s 2018<\/strong><\/h3>\n<p>Dr <strong>Sarah Azzopardi-Ljubibratic<\/strong> a obtenu le Prix de la FEJUNIL en 2018 pour sa th\u00e8se de Doctorat en Histoire des religions (Universit\u00e9 de Lausanne) intitul\u00e9e: <em>Conversions religieuses des Juifs \u00e0 Malte (XVIe-XVIIIe si\u00e8cles): <\/em><em>une approche compar\u00e9e du marranisme<\/em>, sous la direction du Prof. Jacques Ehrenfreund.<\/p>\n<p>Dr <strong>Micha\u00ebl Jost<\/strong> a obtenu le Prix de la FEJUNIL en 2018 pour sa th\u00e8se de Doctorat (Universit\u00e9 de Berne) intitul\u00e9e: <em>Gemeinschaft mit den Engeln im irdischen Gottesdienst in fruhjudischen und neutestamentlichen Schriften<\/em>, sous la direction des Profs. Benjamin Schliessler et J\u00f6rg Frey.<\/p>\n<h3>Laur\u00e9at 2016<\/h3>\n<p>Dr <strong>Richard Bl\u00e4ttel<\/strong> a obtenu le Prix de la FEJUNIL en 2016 pour sa th\u00e8se de Doctorat en sciences humaines et sociales (Universit\u00e9 de Lucerne) intitul\u00e9e: <em>Das Geheimnis des Wiederholung: S\u00f8rem Kirkegaard passiert j\u00fcdisches Denken<\/em>, sous la direction de la Prof. Verena Lenzen.<\/p>\n<h3>Laur\u00e9ate 2015<\/h3>\n<p style=\"text-align: justify\">Mme <strong>Monika Amsler<\/strong> a obtenu le Prix de la FEJUNIL en 2015 pour son m\u00e9moire de master en juda\u00efsme antique intitul\u00e9 (Universit\u00e9 de Berne): <em>Die magischen Texte im babylonischen Traktat Sabbat: der Versuch einer Kontextualisierung<\/em>, sous la direction du Prof. Ren\u00e9 Bloch.<\/p>\n<h3 style=\"text-align: justify\">Laur\u00e9ate 2013<\/h3>\n<p style=\"text-align: justify\">Mme <strong>Valentine Cl\u00e9mence<\/strong> a obtenu le Prix de la FEJUNIL en 2013 pour son m\u00e9moire de master en Histoire des religions intitul\u00e9: <em>L\u2019identit\u00e9 juive \u00e0 l\u2019aune de la constitution de l\u2019Etat d\u2019Isra\u00ebl. La question du lien national et religieux au sein du groupe juif<\/em>, sous la direction du Prof. Jacques Ehrenfreund, Universit\u00e9 de Lausanne.<\/p>\n<h3 style=\"text-align: justify\">R\u00e8glement<\/h3>\n<p style=\"text-align: justify\" align=\"center\"><strong>Article premier &#8211; Objet<\/strong><br \/>\nLa Fondation susmentionn\u00e9e a cr\u00e9\u00e9 un prix destin\u00e9 \u00e0 r\u00e9compenser le travail \u00e9crit d&rsquo;un-e \u00e9tudiant-e, touchant le juda\u00efsme (m\u00e9moire de master ou th\u00e8se de doctorat), r\u00e9dig\u00e9 dans le cadre d\u2019un enseignement dispens\u00e9 dans l\u2019une des universit\u00e9s suisses.<\/p>\n<p style=\"text-align: justify\"><strong>Article 2 &#8211; Montant<\/strong><br \/>\nLe montant du prix est d\u00e9cid\u00e9 par le Conseil de Fondation. Il est de CHF 3&rsquo;000.- la premi\u00e8re ann\u00e9e (an 2013). Il est annuel, il peut \u00eatre attribu\u00e9 partiellement ou en totalit\u00e9, il peut ne pas \u00eatre distribu\u00e9. Il peut aussi \u00eatre divis\u00e9 entre plusieurs laur\u00e9at-e-s sur d\u00e9cision unilat\u00e9rale du Conseil de Fondation.<\/p>\n<p style=\"text-align: justify\"><strong>Article 3 &#8211; Conditions<\/strong><br \/>\nLes candidat-e-s au prix doivent \u00eatre immatricul\u00e9-e-s ou l\u2019avoir \u00e9t\u00e9 dans les deux ann\u00e9es pr\u00e9c\u00e9dant la remise du prix comme \u00e9tudiant-e (cycle de Master ou de Doctorat) de l&rsquo;une des universit\u00e9s suisses.<\/p>\n<p><strong>Article 4 &#8211; Proc\u00e9dure<\/strong><br \/>\nLes travaux des candidat-e-s susmentionn\u00e9(e)s doivent \u00eatre envoy\u00e9s avant le 31 mai de chaque ann\u00e9e.<\/p>\n<p style=\"text-align: justify\"><strong>Article 5 \u2013 Commission ad hoc<\/strong><br \/>\nLe prix est attribu\u00e9 sur la base de la proposition d&rsquo;une Commission ad hoc (ci-apr\u00e8s\u00a0: la Commission), form\u00e9e de trois personnes. Deux d\u2019entre elles sont membres de la FEJUNIL et d\u00e9sign\u00e9es par son Conseil de la Fondation, et l&rsquo;une par le D\u00e9canat de la Facult\u00e9 de th\u00e9ologie et de sciences des religions de l&rsquo;UNIL. Le Conseil de Fondation prend la d\u00e9cision finale en dernier ressort.<\/p>\n<p style=\"text-align: justify\"><strong>Article 6 &#8211; C\u00e9r\u00e9monie<\/strong><br \/>\nLe Prix est d\u00e9cern\u00e9 par le\/la pr\u00e9sident-e de la FEJUNIL lors de la s\u00e9ance publique d\u2019ouverture des cours de la Facult\u00e9 de th\u00e9ologie et de sciences des religions de l\u2019UNIL, en septembre de chaque ann\u00e9e.<\/p>\n<p><strong>Article 7 \u2013 Dur\u00e9e<\/strong><br \/>\nLe Prix est instaur\u00e9 pour une dur\u00e9e de cinq ans.<\/p>\n<p style=\"text-align: justify\"><a href=\"https:\/\/wp.unil.ch\/fejunil\/files\/2013\/04\/cropped-cropped-FEJUNIL_logo-e1366719581570.jpg\"><img loading=\"lazy\" decoding=\"async\" class=\"alignnone size-full wp-image-146\" src=\"https:\/\/wp.unil.ch\/fejunil\/files\/2013\/04\/cropped-cropped-FEJUNIL_logo-e1366719581570.jpg\" alt=\"cropped-cropped-FEJUNIL_logo-e1366719581570.jpg\" width=\"800\" height=\"216\" srcset=\"https:\/\/wp.unil.ch\/fejunil\/files\/2013\/04\/cropped-cropped-FEJUNIL_logo-e1366719581570.jpg 800w, https:\/\/wp.unil.ch\/fejunil\/files\/2013\/04\/cropped-cropped-FEJUNIL_logo-e1366719581570-300x81.jpg 300w, https:\/\/wp.unil.ch\/fejunil\/files\/2013\/04\/cropped-cropped-FEJUNIL_logo-e1366719581570-624x168.jpg 624w\" sizes=\"auto, (max-width: 800px) 100vw, 800px\" \/><\/a><\/p>\n","protected":false},"excerpt":{"rendered":"<p>Laur\u00e9ate 2023 Dr Teresa Scarso a obtenu le Prix de la FEJUNIL en 2023 pour sa th\u00e8se de Doctorat en th\u00e9ologie (Universit\u00e9 de Lausanne) intitul\u00e9e: The Relationship between Moses and &hellip; <\/p>\n","protected":false},"author":1186,"featured_media":0,"parent":0,"menu_order":3,"comment_status":"closed","ping_status":"closed","template":"","meta":{"_seopress_robots_primary_cat":"","_seopress_titles_title":"","_seopress_titles_desc":"","_seopress_robots_index":"","footnotes":""},"class_list":["post-42","page","type-page","status-publish"],"_links":{"self":[{"href":"https:\/\/wp.unil.ch\/fejunil\/wp-json\/wp\/v2\/pages\/42","targetHints":{"allow":["GET"]}}],"collection":[{"href":"https:\/\/wp.unil.ch\/fejunil\/wp-json\/wp\/v2\/pages"}],"about":[{"href":"https:\/\/wp.unil.ch\/fejunil\/wp-json\/wp\/v2\/types\/page"}],"author":[{"embeddable":true,"href":"https:\/\/wp.unil.ch\/fejunil\/wp-json\/wp\/v2\/users\/1186"}],"replies":[{"embeddable":true,"href":"https:\/\/wp.unil.ch\/fejunil\/wp-json\/wp\/v2\/comments?post=42"}],"version-history":[{"count":0,"href":"https:\/\/wp.unil.ch\/fejunil\/wp-json\/wp\/v2\/pages\/42\/revisions"}],"wp:attachment":[{"href":"https:\/\/wp.unil.ch\/fejunil\/wp-json\/wp\/v2\/media?parent=42"}],"curies":[{"name":"wp","href":"https:\/\/api.w.org\/{rel}","templated":true}]}}