{"id":351,"date":"2015-01-14T14:38:46","date_gmt":"2015-01-14T13:38:46","guid":{"rendered":"http:\/\/wp.unil.ch\/fejunil\/?page_id=351"},"modified":"2023-02-01T10:30:30","modified_gmt":"2023-02-01T09:30:30","slug":"conseil-de-fondation","status":"publish","type":"page","link":"https:\/\/wp.unil.ch\/fejunil\/conseil-de-fondation\/","title":{"rendered":"Conseil de Fondation"},"content":{"rendered":"<p>Sont membres du Conseil de la FEJUNIL :<\/p>\n<p>M. <strong>Antoine Reymond<\/strong>, Pr\u00e9sident<br \/>\nProf. <strong>Jacques Ehrenfreund<\/strong>, Tr\u00e9sorier<br \/>\nProf. <strong>David Hamidovic<br \/>\n<\/strong>Me<strong> Elie Elkaim<br \/>\n<\/strong>Mme <strong>Doris Cohen-Dumani<\/strong><br \/>\nM. <strong>Fran\u00e7ois Fraiberger<\/strong><br \/>\nProf. <strong>Marta Caraion<\/strong><br \/>\nProf. <strong>Lazare Benaroyo<br \/>\n<\/strong><\/p>\n<p>Secr\u00e9taire du Conseil de Fondation :<br \/>\nMme Aline Hostettler<\/p>\n","protected":false},"excerpt":{"rendered":"<p>Sont membres du Conseil de la FEJUNIL : M. Antoine Reymond, Pr\u00e9sident Prof. Jacques Ehrenfreund, Tr\u00e9sorier Prof. David Hamidovic Me Elie Elkaim Mme Doris Cohen-Dumani M. Fran\u00e7ois Fraiberger Prof. Marta &hellip; <\/p>\n","protected":false},"author":1186,"featured_media":0,"parent":0,"menu_order":5,"comment_status":"closed","ping_status":"closed","template":"","meta":{"_seopress_robots_primary_cat":"","_seopress_titles_title":"","_seopress_titles_desc":"","_seopress_robots_index":"","footnotes":""},"class_list":["post-351","page","type-page","status-publish"],"_links":{"self":[{"href":"https:\/\/wp.unil.ch\/fejunil\/wp-json\/wp\/v2\/pages\/351","targetHints":{"allow":["GET"]}}],"collection":[{"href":"https:\/\/wp.unil.ch\/fejunil\/wp-json\/wp\/v2\/pages"}],"about":[{"href":"https:\/\/wp.unil.ch\/fejunil\/wp-json\/wp\/v2\/types\/page"}],"author":[{"embeddable":true,"href":"https:\/\/wp.unil.ch\/fejunil\/wp-json\/wp\/v2\/users\/1186"}],"replies":[{"embeddable":true,"href":"https:\/\/wp.unil.ch\/fejunil\/wp-json\/wp\/v2\/comments?post=351"}],"version-history":[{"count":0,"href":"https:\/\/wp.unil.ch\/fejunil\/wp-json\/wp\/v2\/pages\/351\/revisions"}],"wp:attachment":[{"href":"https:\/\/wp.unil.ch\/fejunil\/wp-json\/wp\/v2\/media?parent=351"}],"curies":[{"name":"wp","href":"https:\/\/api.w.org\/{rel}","templated":true}]}}