{"id":2,"date":"2013-03-07T14:39:51","date_gmt":"2013-03-07T14:39:51","guid":{"rendered":"http:\/\/wp.unil.ch\/fejunil\/?page_id=2"},"modified":"2023-02-01T10:34:45","modified_gmt":"2023-02-01T09:34:45","slug":"sample-page","status":"publish","type":"page","link":"https:\/\/wp.unil.ch\/fejunil\/","title":{"rendered":"Accueil"},"content":{"rendered":"<p style=\"text-align: justify\"><a href=\"https:\/\/wp.unil.ch\/fejunil\/files\/2013\/04\/cropped-cropped-FEJUNIL_logo-e1366719581570.jpg\"><img loading=\"lazy\" decoding=\"async\" class=\"alignnone size-full wp-image-146\" src=\"https:\/\/wp.unil.ch\/fejunil\/files\/2013\/04\/cropped-cropped-FEJUNIL_logo-e1366719581570.jpg\" alt=\"cropped-cropped-FEJUNIL_logo-e1366719581570.jpg\" width=\"800\" height=\"216\" srcset=\"https:\/\/wp.unil.ch\/fejunil\/files\/2013\/04\/cropped-cropped-FEJUNIL_logo-e1366719581570.jpg 800w, https:\/\/wp.unil.ch\/fejunil\/files\/2013\/04\/cropped-cropped-FEJUNIL_logo-e1366719581570-300x81.jpg 300w, https:\/\/wp.unil.ch\/fejunil\/files\/2013\/04\/cropped-cropped-FEJUNIL_logo-e1366719581570-624x168.jpg 624w\" sizes=\"auto, (max-width: 800px) 100vw, 800px\" \/><\/a><\/p>\n<h3 style=\"text-align: justify\"><strong>La FEJUNIL aujourd&rsquo;hui<\/strong><\/h3>\n<p style=\"text-align: left\">Le juda\u00efsme constitue, avec le christianisme et la culture gr\u00e9co-romaine, une des traditions fondatrices de l\u2019Occident ; tenu \u00e0 l\u2019\u00e9cart pendant longtemps, il a \u00e9t\u00e9 de ce fait m\u00e9connu, marginalis\u00e9. Ce n\u2019est cependant pas du seul fait de ce pass\u00e9 que le juda\u00efsme suscite l\u2019int\u00e9r\u00eat aujourd\u2019hui : depuis quelques ann\u00e9es, il est \u00e0 nouveau l\u2019enjeu de d\u00e9bats et de pol\u00e9miques dans un contexte social et international en recomposition. Des discussions sur la Shoah aux controverses entourant Isra\u00ebl, sans oublier les nombreux d\u00e9bats sur le communautarisme, les recompositions identitaires dans la modernit\u00e9, les questions ne manquent pas qui donnent \u00e0 la pr\u00e9sence de l\u2019\u00e9tude critique du juda\u00efsme \u00e0 l\u2019Universit\u00e9 toute son importance ; cela montre aussi la n\u00e9cessit\u00e9 et l\u2019utilit\u00e9 de renforcer les liens avec la cit\u00e9. C&rsquo;est dans ce contexte que les actions de la FEJUNIL, situ\u00e9es au carrefour entre le monde acad\u00e9mique et la soci\u00e9t\u00e9 civile, s&rsquo;inscrivent.<\/p>\n<p>En 2019, l&rsquo;Universit\u00e9 et la FEJUNIL ont sign\u00e9 une <a href=\"https:\/\/www.unil.ch\/files\/live\/sites\/ciej\/files\/Documents\/Convention_CIEJ_signe%cc%81e.pdf\">convention<\/a> afin de constituer le <a href=\"https:\/\/www.unil.ch\/ciej\/home.html\">Centre Interdisciplinaire d&rsquo;Etudes Juives (CIEJ)<\/a>. Convention qui a pour objet \u00ab\u00a0de fixer les modalit\u00e9s de la contribution de la FEJUNIL au budget du Centre interdisciplinaire d&rsquo;\u00e9tudes juives (CIEJ), centre interdisciplinaire rattach\u00e9 institutionnellement \u00e0 la Facult\u00e9 de th\u00e9ologie et de sciences des religions (FTSR)\u00a0\u00bb (art. 1 de la dite convention).<\/p>\n<h3 style=\"text-align: justify\">1. Mission<\/h3>\n<p>Les chaires d&rsquo;<strong>Histoire des Juifs et du juda\u00efsme<\/strong> (Prof. Jacques Ehrenfreund) et de\u00a0<strong>Litt\u00e9rature apocryphe juive et histoire du juda\u00efsme dans l&rsquo;Antiquit\u00e9<\/strong> (Prof. David Hamidovic) cr\u00e9\u00e9es par l\u2019Universit\u00e9 de Lausanne assument la triple t\u00e2che :<\/p>\n<ul style=\"text-align: justify\">\n<li>de diffuser aux \u00e9tudiants des institutions universitaires de Suisse romande la connaissance de cette tradition et de celles et ceux qui la portent ;<\/li>\n<li>de participer \u00e0 la recherche, men\u00e9e internationalement, dans le domaine des \u00e9tudes juives ;<\/li>\n<li>par l\u2019interface avec la soci\u00e9t\u00e9, de veiller \u00e0 la diffusion dans un large public d\u2019un savoir objectiv\u00e9 sur le juda\u00efsme.<\/li>\n<\/ul>\n<p style=\"text-align: justify\">C\u2019est dans ces trois directions et par des projets ambitieux que la FEJUNIL agit.<\/p>\n<h3 style=\"text-align: justify\">2. Objectifs<\/h3>\n<p style=\"text-align: left\"><strong>D\u00e9velopper l\u2019offre d\u2019enseignement<\/strong> :<br \/>\nLe juda\u00efsme est une r\u00e9alit\u00e9 tr\u00e8s ancienne, qu\u2019il est souhaitable de pouvoir aborder dans ses dimensions historique, culturelle, philologique, sociologique et philosophique. Parall\u00e8lement aux enseignements dispens\u00e9s dans les deux chaires mentionn\u00e9es ci-dessus, il est souhaitable que des intervenants ext\u00e9rieurs puissent venir enrichir l\u2019offre locale. Depuis la rentr\u00e9e 2007, un master en sciences des religions avec sp\u00e9cialisation en juda\u00efsme est propos\u00e9 aux \u00e9tudiant-e-s et prochainement, une fili\u00e8re en histoire du juda\u00efsme ancien et moderne verra le jour. Pour cela, des enseignements d\u2019h\u00e9breu moderne et de philosophie juive sont indispensables.<\/p>\n<p><strong>Promouvoir la recherche<\/strong> :<br \/>\nLa recherche en sciences humaines, si elle est moins co\u00fbteuse que celle des sciences fondamentales, a n\u00e9anmoins besoin de moyens financiers. La FEJUNIL devrait permettre \u00e0 la recherche dans ce domaine de s\u2019effectuer dans de meilleures conditions.<br \/>\n<strong><br \/>\nInterface avec la soci\u00e9t\u00e9 civile<\/strong> :<\/p>\n<ul style=\"text-align: justify\">\n<li>Organiser des conf\u00e9rences et colloques grand public,<\/li>\n<li>Assurer la pr\u00e9sence, dans le d\u00e9bat public, d\u2019une position bas\u00e9e sur l\u2019analyse critique du juda\u00efsme.<\/li>\n<\/ul>\n<p style=\"text-align: left\">Le r\u00f4le de la FEJUNIL devrait \u00eatre de faciliter la r\u00e9alisation de l\u2019ensemble de ses missions, notamment par la recherche des fonds, l\u2019appui apport\u00e9 \u00e0 des manifestations diverses au sein de la cit\u00e9 et par tout autre moyen souhaitable, <strong>en coordination avec les activit\u00e9s de l\u2019<a title=\"Association des Amis\" href=\"https:\/\/wp.unil.ch\/fejunil\/afejunil\/\">Association des amis de la FEJUNIL<\/a><\/strong>.<\/p>\n","protected":false},"excerpt":{"rendered":"<p>La FEJUNIL aujourd&rsquo;hui Le juda\u00efsme constitue, avec le christianisme et la culture gr\u00e9co-romaine, une des traditions fondatrices de l\u2019Occident ; tenu \u00e0 l\u2019\u00e9cart pendant longtemps, il a \u00e9t\u00e9 de ce &hellip; <\/p>\n","protected":false},"author":1186,"featured_media":0,"parent":0,"menu_order":0,"comment_status":"closed","ping_status":"open","template":"","meta":{"_seopress_robots_primary_cat":"","_seopress_titles_title":"","_seopress_titles_desc":"","_seopress_robots_index":"","footnotes":""},"class_list":["post-2","page","type-page","status-publish"],"_links":{"self":[{"href":"https:\/\/wp.unil.ch\/fejunil\/wp-json\/wp\/v2\/pages\/2","targetHints":{"allow":["GET"]}}],"collection":[{"href":"https:\/\/wp.unil.ch\/fejunil\/wp-json\/wp\/v2\/pages"}],"about":[{"href":"https:\/\/wp.unil.ch\/fejunil\/wp-json\/wp\/v2\/types\/page"}],"author":[{"embeddable":true,"href":"https:\/\/wp.unil.ch\/fejunil\/wp-json\/wp\/v2\/users\/1186"}],"replies":[{"embeddable":true,"href":"https:\/\/wp.unil.ch\/fejunil\/wp-json\/wp\/v2\/comments?post=2"}],"version-history":[{"count":0,"href":"https:\/\/wp.unil.ch\/fejunil\/wp-json\/wp\/v2\/pages\/2\/revisions"}],"wp:attachment":[{"href":"https:\/\/wp.unil.ch\/fejunil\/wp-json\/wp\/v2\/media?parent=2"}],"curies":[{"name":"wp","href":"https:\/\/api.w.org\/{rel}","templated":true}]}}