{"id":131,"date":"2013-04-23T14:09:54","date_gmt":"2013-04-23T12:09:54","guid":{"rendered":"http:\/\/wp.unil.ch\/fejunil\/?page_id=131"},"modified":"2023-05-05T10:25:30","modified_gmt":"2023-05-05T08:25:30","slug":"afejunil","status":"publish","type":"page","link":"https:\/\/wp.unil.ch\/fejunil\/afejunil\/","title":{"rendered":"Association des Amis"},"content":{"rendered":"<p><a href=\"https:\/\/wp.unil.ch\/fejunil\/evenements-et-actualites\/\">&gt;&gt; Prochains \u00e9v\u00e9nements<\/a><a href=\"https:\/\/wp.unil.ch\/fejunil\/files\/2023\/05\/Visuel_AFEJUNIL.jpg\"><img alt=\"\" loading=\"lazy\" decoding=\"async\" class=\"alignleft size-full wp-image-809\" src=\"https:\/\/wp.unil.ch\/fejunil\/files\/2023\/05\/Visuel_AFEJUNIL.jpg\" alt=\"\" width=\"1280\" height=\"957\" srcset=\"https:\/\/wp.unil.ch\/fejunil\/files\/2023\/05\/Visuel_AFEJUNIL.jpg 1280w, https:\/\/wp.unil.ch\/fejunil\/files\/2023\/05\/Visuel_AFEJUNIL-300x224.jpg 300w, https:\/\/wp.unil.ch\/fejunil\/files\/2023\/05\/Visuel_AFEJUNIL-1024x766.jpg 1024w, https:\/\/wp.unil.ch\/fejunil\/files\/2023\/05\/Visuel_AFEJUNIL-768x574.jpg 768w\" sizes=\"auto, (max-width: 1280px) 100vw, 1280px\" \/><\/a><\/p>\n<p>Si vous \u00eates int\u00e9ress\u00e9-e-s aux activit\u00e9s de l&rsquo;AFEJUNIL, vous pouvez contacter son Pr\u00e9sident<strong> Monsieur Lazare Benaroyo <\/strong>: <a href=\"mailto:lazare.benaroyo@unil.ch\">lazare.benaroyo@unil.ch<\/a><\/p>\n","protected":false},"excerpt":{"rendered":"<p>&gt;&gt; Prochains \u00e9v\u00e9nements Si vous \u00eates int\u00e9ress\u00e9-e-s aux activit\u00e9s de l&rsquo;AFEJUNIL, vous pouvez contacter son Pr\u00e9sident Monsieur Lazare Benaroyo : lazare.benaroyo@unil.ch<\/p>\n","protected":false},"author":1186,"featured_media":0,"parent":0,"menu_order":4,"comment_status":"closed","ping_status":"closed","template":"","meta":{"_seopress_robots_primary_cat":"","_seopress_titles_title":"","_seopress_titles_desc":"","_seopress_robots_index":"","footnotes":""},"class_list":["post-131","page","type-page","status-publish"],"_links":{"self":[{"href":"https:\/\/wp.unil.ch\/fejunil\/wp-json\/wp\/v2\/pages\/131","targetHints":{"allow":["GET"]}}],"collection":[{"href":"https:\/\/wp.unil.ch\/fejunil\/wp-json\/wp\/v2\/pages"}],"about":[{"href":"https:\/\/wp.unil.ch\/fejunil\/wp-json\/wp\/v2\/types\/page"}],"author":[{"embeddable":true,"href":"https:\/\/wp.unil.ch\/fejunil\/wp-json\/wp\/v2\/users\/1186"}],"replies":[{"embeddable":true,"href":"https:\/\/wp.unil.ch\/fejunil\/wp-json\/wp\/v2\/comments?post=131"}],"version-history":[{"count":0,"href":"https:\/\/wp.unil.ch\/fejunil\/wp-json\/wp\/v2\/pages\/131\/revisions"}],"wp:attachment":[{"href":"https:\/\/wp.unil.ch\/fejunil\/wp-json\/wp\/v2\/media?parent=131"}],"curies":[{"name":"wp","href":"https:\/\/api.w.org\/{rel}","templated":true}]}}