{"id":133,"date":"2018-05-25T15:05:59","date_gmt":"2018-05-25T13:05:59","guid":{"rendered":"http:\/\/wp.unil.ch\/fava\/?page_id=133"},"modified":"2018-09-19T10:32:27","modified_gmt":"2018-09-19T08:32:27","slug":"mandat-et-prelevement","status":"publish","type":"page","link":"https:\/\/wp.unil.ch\/fava\/expertises\/mandat-et-prelevement\/","title":{"rendered":"Pr\u00e9l\u00e8vements des \u00e9chantillons"},"content":{"rendered":"<h4><span style=\"color: #ba2248\">Pr\u00e9cautions g\u00e9n\u00e9rales :<\/span><\/h4>\n<p>Attention \u00e0 toute contamination!<\/p>\n<ul>\n<li><span style=\"color: #000000\"><em>entre \u00e9chantillons et avec de l&rsquo;ADN humain, il est important de travailler avec des instruments et du mat\u00e9riel propres (\u00e9ventuellement st\u00e9rilis\u00e9 \u00e0 la flamme), et de d\u00e9poser les \u00e9chantillons d&rsquo;un seul individu par tube ou enveloppe.<\/em><\/span><\/li>\n<li><span style=\"color: #000000\"><em>\u00c9viter absolument que les \u00e9chantillons restent humides car l&rsquo;humidit\u00e9 favorise la d\u00e9gradation de l&rsquo;ADN.<br \/>\n<\/em><\/span><\/li>\n<\/ul>\n<div class=\"content\">\n<p><span style=\"color: #ba2248\"><strong>Types d&rsquo;\u00e9chantillons<\/strong><\/span><\/p>\n<ul>\n<li><strong><span class=\"textecouleur\"><span style=\"color: #ba2248\">Sang<\/span> :<\/span><\/strong> il\u00a0doit \u00eatre pr\u00e9lev\u00e9\u00a0avec des \u00e9couvillons sp\u00e9cialement pr\u00e9vus \u00e0 cet effet qu&rsquo;il faut\u00a0bien faire s\u00e9cher \u00e0 temp\u00e9rature ambiante et conserver au sec. (cliquer sur l&rsquo;image pour agrandir)\n<p><a href=\"https:\/\/wp.unil.ch\/fava\/files\/2018\/09\/\u00e9couvillons-divers-nb.jpg\"><img alt=\"\" loading=\"lazy\" decoding=\"async\" class=\"size-medium wp-image-303 alignnone\" src=\"https:\/\/wp.unil.ch\/fava\/files\/2018\/09\/\u00e9couvillons-divers-nb-300x199.jpg\" alt=\"\" width=\"300\" height=\"199\" srcset=\"https:\/\/wp.unil.ch\/fava\/files\/2018\/09\/\u00e9couvillons-divers-nb-300x199.jpg 300w, https:\/\/wp.unil.ch\/fava\/files\/2018\/09\/\u00e9couvillons-divers-nb-768x508.jpg 768w, https:\/\/wp.unil.ch\/fava\/files\/2018\/09\/\u00e9couvillons-divers-nb-1024x678.jpg 1024w, https:\/\/wp.unil.ch\/fava\/files\/2018\/09\/\u00e9couvillons-divers-nb-332x220.jpg 332w, https:\/\/wp.unil.ch\/fava\/files\/2018\/09\/\u00e9couvillons-divers-nb.jpg 1813w\" sizes=\"auto, (max-width: 300px) 100vw, 300px\" \/><br \/>\n<\/a><\/li>\n<\/ul>\n<\/div>\n<div class=\"content\">\n<ul>\n<li><strong><span class=\"textecouleur\"><span style=\"color: #ba2248\">Salive<\/span> :<\/span><\/strong><br \/>\nelle doit \u00eatre pr\u00e9lev\u00e9e\u00a0avec des \u00e9couvillons\u00a0 sp\u00e9cialement pr\u00e9vus \u00e0 cet effet, par exemple \u00e0 l&rsquo;int\u00e9rieur de la joue d&rsquo;un animal ou autour des blessures d&rsquo;une proie sur le terrain. Il est important de bien\u00a0les faire s\u00e9cher \u00e0 temp\u00e9rature ambiante et conserver au sec.<br \/>\n(cliquer sur l&rsquo;image pour agrandir)<br \/>\n<a href=\"https:\/\/wp.unil.ch\/fava\/files\/2018\/09\/prlvt-salive-nb.jpg\"><img alt=\"\" loading=\"lazy\" decoding=\"async\" class=\"size-medium wp-image-305 alignnone\" src=\"https:\/\/wp.unil.ch\/fava\/files\/2018\/09\/prlvt-salive-nb-300x191.jpg\" alt=\"\" width=\"300\" height=\"191\" srcset=\"https:\/\/wp.unil.ch\/fava\/files\/2018\/09\/prlvt-salive-nb-300x191.jpg 300w, https:\/\/wp.unil.ch\/fava\/files\/2018\/09\/prlvt-salive-nb-768x490.jpg 768w, https:\/\/wp.unil.ch\/fava\/files\/2018\/09\/prlvt-salive-nb-1024x653.jpg 1024w, https:\/\/wp.unil.ch\/fava\/files\/2018\/09\/prlvt-salive-nb-345x220.jpg 345w, https:\/\/wp.unil.ch\/fava\/files\/2018\/09\/prlvt-salive-nb.jpg 1882w\" sizes=\"auto, (max-width: 300px) 100vw, 300px\" \/><\/a><\/li>\n<\/ul>\n<\/div>\n<div class=\"content\">\n<ul>\n<li><strong><span class=\"textecouleur\"><span style=\"color: #ba2248\">Tissus<\/span> :<\/span><\/strong>les morceaux d&rsquo;organes (muscle, foie, peau) et autres tissus (viande, nageoires de poisson, biopsies) contiennent une grande quantit\u00e9 d&rsquo;ADN, mais se d\u00e9gradent rapidement. Stocker quelques mm<sup>3<\/sup> d&rsquo;\u00e9chantillon par ex. dans des tubes de 1.5 ml (tubes Eppendorf) et les recouvrir compl\u00e8tement avec de l&rsquo;alcool 70%.\u00a0Conserver \u00e0 temp\u00e9rature ambiante ou au frigo. Alternativement, des petits \u00e9chantillons peuvent \u00eatre s\u00e9ch\u00e9s et conserv\u00e9s dans des tubes avec un dessicant (Silicagel).<\/li>\n<li><strong><span class=\"textecouleur\"><span style=\"color: #ba2248\">Poils et plumes<\/span> :<br \/>\n<\/span><\/strong>l&rsquo;ADN est\u00a0essentiellement pr\u00e9sent dans le bulbe de la plume ou\u00a0la racine du poil: pour le stockage, des enveloppes en papier sont conseill\u00e9es \u00e0 conserver\u00a0\u00e0 l&rsquo;abri de l&rsquo;humidit\u00e9.<br \/>\n<a href=\"https:\/\/wp.unil.ch\/fava\/files\/2018\/05\/IMG_6494.jpg\"><img alt=\"\" loading=\"lazy\" decoding=\"async\" class=\"size-medium wp-image-154 alignnone\" src=\"https:\/\/wp.unil.ch\/fava\/files\/2018\/05\/IMG_6494-300x300.jpg\" alt=\"\" width=\"300\" height=\"300\" srcset=\"https:\/\/wp.unil.ch\/fava\/files\/2018\/05\/IMG_6494-300x300.jpg 300w, https:\/\/wp.unil.ch\/fava\/files\/2018\/05\/IMG_6494-150x150.jpg 150w, https:\/\/wp.unil.ch\/fava\/files\/2018\/05\/IMG_6494-768x768.jpg 768w, https:\/\/wp.unil.ch\/fava\/files\/2018\/05\/IMG_6494-1024x1024.jpg 1024w, https:\/\/wp.unil.ch\/fava\/files\/2018\/05\/IMG_6494-90x90.jpg 90w, https:\/\/wp.unil.ch\/fava\/files\/2018\/05\/IMG_6494-220x220.jpg 220w, https:\/\/wp.unil.ch\/fava\/files\/2018\/05\/IMG_6494.jpg 1200w\" sizes=\"auto, (max-width: 300px) 100vw, 300px\" \/><\/a><\/li>\n<\/ul>\n<\/div>\n<div class=\"content\">\n<ul>\n<li><strong><strong><span class=\"textecouleur\"><span style=\"color: #ba2248\">Crottes<\/span> :\u00a0<\/span><\/strong><\/strong><span class=\"textecouleur\">les excr\u00e9ments<\/span>\u00a0contiennent de faibles quantit\u00e9s d&rsquo;ADN plus ou moins d\u00e9grad\u00e9 mais peuvent\u00a0donner de bons r\u00e9sultats, en particulier chez les carnivores. Des petites portions de crotte (quelques cm3) peuvent \u00eatre d\u00e9pos\u00e9es recouverts compl\u00e8tement\u00a0d&rsquo;alcool 90% dans des tubes \u00e0 fermeture herm\u00e9tique \u00e0 conserver \u00e0 temp\u00e9rature ambiante ou au frigo.<br \/>\nLes crottes peuvent \u00eatre \u00e9galement\u00a0s\u00e9ch\u00e9es et conserv\u00e9es dans des tubes avec un dessicant (Silicagel).<\/li>\n<li><strong><span class=\"textecouleur\"><span style=\"color: #ba2248\">Urine<\/span> : <\/span><\/strong><span class=\"textecouleur\"><span class=\"textecouleur\">Elle peut donner de bons r\u00e9sultats en fonction de la quantit\u00e9 (volume)\u00a0\u00e0 analyser et de\u00a0l&rsquo;\u00e9tat de \u00ab\u00a0fra\u00eecheur\u00a0\u00bb du liquide.<br \/>\n<\/span><\/span><\/li>\n<\/ul>\n<p>&nbsp;<\/p>\n<ul>\n<li><strong><span class=\"textecouleur\"><span style=\"color: #ba2248\">V\u00e9g\u00e9taux<\/span> :<\/span><\/strong>d\u00e9poser une feuille ou\u00a0un fragment de plante dans une enveloppe en papier ou dans\u00a0un tube\u00a0avec du dessicant (Silicagel).<\/li>\n<\/ul>\n<p>&nbsp;<\/p>\n<ul>\n<li><strong><span class=\"textecouleur\"><span style=\"color: #ba2248\">Autres \u00e9chantillons<\/span> :<\/span><\/strong> notre laboratoire effectue \u00e9galement des analyses g\u00e9n\u00e9tiques \u00e0 partir d&rsquo;autres types d&rsquo;\u00e9chantillons biologiques, comme par exemple des os, des bois de cervid\u00e9, des coquilles d&rsquo;\u0153uf, des \u00e9chantillons de mus\u00e9e, ainsi qu&rsquo;\u00e0 partir de traces biologiques pr\u00e9sentes sur <span style=\"color: #000000\">des supports vari\u00e9s (sang s\u00e9ch\u00e9 ou salive\u00a0sur habits, traces sur couteau, etc.).<\/span><\/li>\n<\/ul>\n<\/div>\n<div class=\"content\">\n<h1><span style=\"color: #808080\"><strong>Envoi des \u00e9chantillons<\/strong><\/span><\/h1>\n<ul>\n<li><em>Les \u00e9chantillons peuvent \u00eatre envoy\u00e9s par simple courrier postal, en veillant toutefois que les tubes contenant du liquide soient bien ferm\u00e9s:<br \/>\n<span style=\"color: #ff0000\"><a style=\"color: #ff0000\" href=\"https:\/\/wp.unil.ch\/fava\/contact\/\"><strong>pour tout renseignement suppl\u00e9mentaire, nous contacter avant l&rsquo;envoi<\/strong>.<\/a><\/span><br \/>\n<\/em><br \/>\n<span style=\"color: #ba2248\"><span style=\"color: #ba2248\"><strong>Notre adresse pour envoyer les demandes d&rsquo;analyse et\u00a0pr\u00e9l\u00e8vements :<\/p>\n<p><\/strong><\/span><\/span><span style=\"color: #ba2248\"><strong>\u00e0 l&rsquo;attention de Dr Luca Fumagalli<\/strong><\/span><br \/>\n<span style=\"color: #ba2248\"><strong>FAVA &#8211; Unit\u00e9 de G\u00e9n\u00e9tique Forensique<\/strong><\/span><br \/>\n<span style=\"color: #ba2248\"><strong>Centre Universitaire Romand de M\u00e9decine L\u00e9gale<\/strong><\/span><br \/>\n<span style=\"color: #ba2248\"><strong>Ch. de la Vulliette 4<\/strong><\/span><br \/>\n<span style=\"color: #ba2248\"><strong>CH-1000\u00a0<u>Lausanne<\/u>\u00a025 (Suisse)<\/strong><\/span><\/li>\n<\/ul>\n<\/div>\n","protected":false},"excerpt":{"rendered":"<p>Pr\u00e9cautions g\u00e9n\u00e9rales : Attention \u00e0 toute contamination! entre \u00e9chantillons et avec de l&rsquo;ADN humain, il est important de travailler avec des instruments et du mat\u00e9riel propres (\u00e9ventuellement st\u00e9rilis\u00e9 \u00e0 la &hellip; <\/p>\n","protected":false},"author":1001708,"featured_media":0,"parent":13,"menu_order":2,"comment_status":"closed","ping_status":"closed","template":"page-templates\/full-width-page.php","meta":{"_seopress_robots_primary_cat":"","_seopress_titles_title":"","_seopress_titles_desc":"","_seopress_robots_index":"","footnotes":""},"class_list":["post-133","page","type-page","status-publish"],"_links":{"self":[{"href":"https:\/\/wp.unil.ch\/fava\/wp-json\/wp\/v2\/pages\/133","targetHints":{"allow":["GET"]}}],"collection":[{"href":"https:\/\/wp.unil.ch\/fava\/wp-json\/wp\/v2\/pages"}],"about":[{"href":"https:\/\/wp.unil.ch\/fava\/wp-json\/wp\/v2\/types\/page"}],"author":[{"embeddable":true,"href":"https:\/\/wp.unil.ch\/fava\/wp-json\/wp\/v2\/users\/1001708"}],"replies":[{"embeddable":true,"href":"https:\/\/wp.unil.ch\/fava\/wp-json\/wp\/v2\/comments?post=133"}],"version-history":[{"count":0,"href":"https:\/\/wp.unil.ch\/fava\/wp-json\/wp\/v2\/pages\/133\/revisions"}],"up":[{"embeddable":true,"href":"https:\/\/wp.unil.ch\/fava\/wp-json\/wp\/v2\/pages\/13"}],"wp:attachment":[{"href":"https:\/\/wp.unil.ch\/fava\/wp-json\/wp\/v2\/media?parent=133"}],"curies":[{"name":"wp","href":"https:\/\/api.w.org\/{rel}","templated":true}]}}