{"id":85,"date":"2015-09-14T14:15:49","date_gmt":"2015-09-14T12:15:49","guid":{"rendered":"http:\/\/wp.unil.ch\/expophoto-ch\/?page_id=85"},"modified":"2016-10-11T09:38:20","modified_gmt":"2016-10-11T07:38:20","slug":"presentation-2","status":"publish","type":"page","link":"https:\/\/wp.unil.ch\/expophoto-ch\/","title":{"rendered":"Pr\u00e9sentation"},"content":{"rendered":"<h4>Photographie et exposition en Suisse, 1920-1970<br \/>\nProjet de recherche du Fonds national suisse de la recherche scientifique (FNS)<\/h4>\n<p><strong>Responsable du projet: Prof. Olivier Lugon (Unil, Section d&rsquo;histoire et esth\u00e9tique du cin\u00e9ma)<\/strong><\/p>\n<p><strong>\u00c9quipe du projet: Claire-Lise Deblu\u00eb (Unil, chercheuse FNS Senior), Anne Develey et Muriel Willi (Unil, doctorantes FNS)<\/strong><\/p>\n<p style=\"text-align: justify\">Tout au long du XXe si\u00e8cle, la pr\u00e9sentation de la photographie, image particuli\u00e8rement mall\u00e9able dans sa mati\u00e8re et dans son sens, a red\u00e9fini les modes de monstration des images et favoris\u00e9 un foisonnement d\u2019exp\u00e9rimentations dans le domaine de la sc\u00e9nographie d\u2019exposition. Certaines innovations allemandes, sovi\u00e9tiques ou \u00e9tats-uniennes sont bien connues, mais un autre pays a \u00e9t\u00e9 moins souvent consid\u00e9r\u00e9 par l\u2019historiographie, alors qu\u2019il a lui aussi jou\u00e9 un r\u00f4le essentiel dans cette histoire, c\u2019est la Suisse.<\/p>\n<p style=\"text-align: justify\">L\u2019id\u00e9e d\u2019un \u00ab style suisse d\u2019exposition \u00bb se propage des ann\u00e9es 1930 \u00e0 l\u2019apr\u00e8s-guerre, conjointement \u00e0 l\u2019essor international du graphisme helv\u00e9tique. Ce \u00ab style \u00bb est fa\u00e7onn\u00e9 tout autant par des graphistes, des architectes, des industriels que des photographes. L\u2019image photographique y joue un r\u00f4le important et particuli\u00e8rement int\u00e9ressant puisque son usage s\u2019\u00e9tend depuis les accrochages proprement artistiques du m\u00e9dium \u00e0 des manifestations plus commerciales, industrielles ou institutionnelles. Avec elle, les mod\u00e8les de pr\u00e9sentation circulent entre Salons d\u2019art et expositions marchandes, techniques, touristiques ou politiques, et entre deux statuts du m\u00e9dium constamment en interaction : celui d\u2019objet de contemplation autonome et celui d\u2019instrument de communication mis au service d\u2019autres sujets que lui-m\u00eame.<\/p>\n<p style=\"text-align: justify\">L\u2019histoire de l\u2019exposition photographique en Suisse offre ainsi un objet id\u00e9al pour examiner la porosit\u00e9 de cat\u00e9gories trop souvent per\u00e7ues comme s\u00e9par\u00e9es, et les interactions complexes \u00e9tablies entre des professionnels issus de milieux vari\u00e9s et aux int\u00e9r\u00eats parfois divergents. Son \u00e9tude devrait permettre d\u2019esquisser une histoire \u00e9largie des expositions de photographie qui prenne en compte toute l\u2019\u00e9tendue des fonctions de cette image et toute la richesse de ses mises en jeu \u00e0 la crois\u00e9e de la communication graphique et de l\u2019architecture.<\/p>\n<div>\n<p>&nbsp;<\/p>\n<p>Illustration\u00a0: Hans Hofmann (architecte), Walter K\u00e4ch (graphiste), Wehrli Verlag (photomural), Pavillon suisse, Exposition internationale de Li\u00e8ge, 1930 (in\u00a0<em>Das Werk<\/em>, vol. 17, n\u00b0 8, 1930, p. 239).<\/p>\n<\/div>\n","protected":false},"excerpt":{"rendered":"<p>Photographie et exposition en Suisse, 1920-1970 Projet de recherche du Fonds national suisse de la recherche scientifique (FNS) Responsable du projet: Prof. Olivier Lugon (Unil, Section d&rsquo;histoire et esth\u00e9tique du cin\u00e9ma) \u00c9quipe du projet: Claire-Lise Deblu\u00eb (Unil, chercheuse FNS Senior), Anne Develey et Muriel Willi (Unil, doctorantes FNS) Tout au long du XXe si\u00e8cle, la &hellip; <a href=\"https:\/\/wp.unil.ch\/expophoto-ch\/\" class=\"more-link\">Continuer la lecture de <span class=\"screen-reader-text\">Pr\u00e9sentation<\/span> <span class=\"meta-nav\">&rarr;<\/span><\/a><\/p>\n","protected":false},"author":1001234,"featured_media":258,"parent":0,"menu_order":3,"comment_status":"closed","ping_status":"closed","template":"","meta":{"_seopress_robots_primary_cat":"","_seopress_titles_title":"","_seopress_titles_desc":"","_seopress_robots_index":"","footnotes":""},"class_list":["post-85","page","type-page","status-publish","has-post-thumbnail"],"_links":{"self":[{"href":"https:\/\/wp.unil.ch\/expophoto-ch\/wp-json\/wp\/v2\/pages\/85","targetHints":{"allow":["GET"]}}],"collection":[{"href":"https:\/\/wp.unil.ch\/expophoto-ch\/wp-json\/wp\/v2\/pages"}],"about":[{"href":"https:\/\/wp.unil.ch\/expophoto-ch\/wp-json\/wp\/v2\/types\/page"}],"author":[{"embeddable":true,"href":"https:\/\/wp.unil.ch\/expophoto-ch\/wp-json\/wp\/v2\/users\/1001234"}],"replies":[{"embeddable":true,"href":"https:\/\/wp.unil.ch\/expophoto-ch\/wp-json\/wp\/v2\/comments?post=85"}],"version-history":[{"count":0,"href":"https:\/\/wp.unil.ch\/expophoto-ch\/wp-json\/wp\/v2\/pages\/85\/revisions"}],"wp:featuredmedia":[{"embeddable":true,"href":"https:\/\/wp.unil.ch\/expophoto-ch\/wp-json\/wp\/v2\/media\/258"}],"wp:attachment":[{"href":"https:\/\/wp.unil.ch\/expophoto-ch\/wp-json\/wp\/v2\/media?parent=85"}],"curies":[{"name":"wp","href":"https:\/\/api.w.org\/{rel}","templated":true}]}}