{"id":83,"date":"2015-09-14T13:57:52","date_gmt":"2015-09-14T11:57:52","guid":{"rendered":"http:\/\/wp.unil.ch\/expophoto-ch\/?page_id=83"},"modified":"2016-10-11T11:32:28","modified_gmt":"2016-10-11T09:32:28","slug":"contact","status":"publish","type":"page","link":"https:\/\/wp.unil.ch\/expophoto-ch\/contact\/","title":{"rendered":"Contact"},"content":{"rendered":"<p>Universit\u00e9 de Lausanne<br \/>\n<span style=\"line-height: 1.5\">Facult\u00e9 des Lettres<br \/>\n<\/span><span style=\"line-height: 1.5\">Centre des Sciences historiques de la culture<br \/>\n<\/span><span style=\"line-height: 1.5\">B\u00e2timent Anthropole<br \/>\n<\/span><span style=\"line-height: 1.5\">CH &#8211; 1015 Lausanne<\/span><\/p>\n<p>claire-lise.deblue@unil.ch \u00a0<a href=\"https:\/\/wp.unil.ch\/expophoto-ch\/projets-de-recherche\/claire-lise-deblue\/\">Voir le projet de recherche\u00a0<\/a><br \/>\nanne.develey@unil.ch <a href=\"https:\/\/wp.unil.ch\/expophoto-ch\/projets-de-recherche\/anne-develey\/\">Voir le projet de recherche<\/a><br \/>\nolivier.lugon@unil.ch<br \/>\nmuriel.willi@unil.ch <a href=\"https:\/\/wp.unil.ch\/expophoto-ch\/projets-de-recherche\/muriel-willi\/\">Voir le projet de recherche<\/a><\/p>\n<p>&nbsp;<\/p>\n","protected":false},"excerpt":{"rendered":"<p>Universit\u00e9 de Lausanne Facult\u00e9 des Lettres Centre des Sciences historiques de la culture B\u00e2timent Anthropole CH &#8211; 1015 Lausanne claire-lise.deblue@unil.ch \u00a0Voir le projet de recherche\u00a0 anne.develey@unil.ch Voir le projet de recherche olivier.lugon@unil.ch muriel.willi@unil.ch Voir le projet de recherche &nbsp;<\/p>\n","protected":false},"author":1001234,"featured_media":0,"parent":0,"menu_order":0,"comment_status":"closed","ping_status":"closed","template":"","meta":{"_seopress_robots_primary_cat":"","_seopress_titles_title":"","_seopress_titles_desc":"","_seopress_robots_index":"","footnotes":""},"class_list":["post-83","page","type-page","status-publish"],"_links":{"self":[{"href":"https:\/\/wp.unil.ch\/expophoto-ch\/wp-json\/wp\/v2\/pages\/83","targetHints":{"allow":["GET"]}}],"collection":[{"href":"https:\/\/wp.unil.ch\/expophoto-ch\/wp-json\/wp\/v2\/pages"}],"about":[{"href":"https:\/\/wp.unil.ch\/expophoto-ch\/wp-json\/wp\/v2\/types\/page"}],"author":[{"embeddable":true,"href":"https:\/\/wp.unil.ch\/expophoto-ch\/wp-json\/wp\/v2\/users\/1001234"}],"replies":[{"embeddable":true,"href":"https:\/\/wp.unil.ch\/expophoto-ch\/wp-json\/wp\/v2\/comments?post=83"}],"version-history":[{"count":0,"href":"https:\/\/wp.unil.ch\/expophoto-ch\/wp-json\/wp\/v2\/pages\/83\/revisions"}],"wp:attachment":[{"href":"https:\/\/wp.unil.ch\/expophoto-ch\/wp-json\/wp\/v2\/media?parent=83"}],"curies":[{"name":"wp","href":"https:\/\/api.w.org\/{rel}","templated":true}]}}