{"id":65,"date":"2015-08-11T16:11:41","date_gmt":"2015-08-11T14:11:41","guid":{"rendered":"http:\/\/wp.unil.ch\/expophoto-ch\/?page_id=65"},"modified":"2016-10-11T11:26:53","modified_gmt":"2016-10-11T09:26:53","slug":"muriel-willi","status":"publish","type":"page","link":"https:\/\/wp.unil.ch\/expophoto-ch\/projets-de-recherche\/muriel-willi\/","title":{"rendered":"Weltausstellung der Photographie"},"content":{"rendered":"<p style=\"text-align: left\">\u00a0Muriel Willi<\/p>\n<p><a href=\"#dewilli\">Version allemande<\/a><\/p>\n<h5 style=\"text-align: center\">L\u2019<em>Exposition mondiale de la photographie<\/em>, Lucerne, 1952,<br \/>\nentre contexte local et ambitions globales<\/h5>\n<p style=\"text-align: justify\">L\u2019<em>Exposition mondiale de la photographie <\/em>(<em>Weltausstellung der Photographie<\/em>) s\u2019est tenue \u00e0 Lucerne \u00e0 l\u2019\u00e9t\u00e9 1952. On peut la situer entre la tradition des expositions universelles ou internationales et une s\u00e9rie d\u2019expositions photographiques locales organis\u00e9es \u00e0 Lucerne dans les d\u00e9cennies pr\u00e9c\u00e9dentes. Elle croise \u00e9galement plusieurs formes de pr\u00e9sentation du m\u00e9dium photographique, qui y \u00e9tait convoqu\u00e9 aussi bien comme un moyen de communication de valeurs id\u00e9elles, une branche de l\u2019\u00e9conomie qu\u2019un instrument d\u2019expression artistique. Elle peut en cela \u00eatre inscrite parmi les grandes expositions photographiques ayant cherch\u00e9 \u00e0 couvrir tous les champs d\u2019application du m\u00e9dium.<\/p>\n<p style=\"text-align: justify\">A partir de l\u00e0, on peut se demander comment il a \u00e9t\u00e9 possible que ce soit pr\u00e9cis\u00e9ment dans la paisible Suisse centrale qu\u2019ait eu lieu la premi\u00e8re \u00ab\u00a0exposition mondiale\u00a0\u00bb d\u2019apr\u00e8s la guerre. Cette polarit\u00e9 du local et du global sera examin\u00e9e \u00e0 travers un certain nombre de th\u00e9matiques primordiales pour la manifestation\u00a0: le r\u00f4le de l\u2019\u00e9dition, celui de l\u2019histoire naissante de la photographie, les enjeux politiques et diplomatiques, les d\u00e9terminations du tourisme et de l\u2019\u00e9conomie \u2013\u00a0autant de dimensions qui permettent de saisir l\u2019exposition dans un contexte \u00e9largi. Ces diff\u00e9rents \u00e9clairages devraient aider \u00e0 mieux comprendre la conception et la r\u00e9ception d\u2019une manifestation importante dans l\u2019histoire de la photographie et pourtant peu prise en compte par la recherche jusque-l\u00e0.<\/p>\n<h5 id=\"dewilli\" style=\"text-align: center\">Die <em>Weltausstellung der Photographie<\/em> (1952 in Luzern)<br \/>\nin ihrem lokalen und globalen Kontext<\/h5>\n<p style=\"text-align: justify\">Die <em>Weltausstellung der Photographie<\/em> (im folgenden WAP abgek\u00fcrzt)<em>, <\/em>welche im Sommer 1952 in Luzern stattfand, wird einleitend zwischen Welt- sowie internationalen und lokalen Fotoausstellungen verortet. Dadurch kann aufgezeigt werden, wie die WAP die verschiedenen Tendenzen, das Medium der Fotografie als Kommunikationsmittel ideeller Anliegen, wirtschaftlicher Zweig oder \u00e4sthetisches Ausdruckmittel zu pr\u00e4sentieren, vereinte. Zudem kann sie eingereiht werden unter Fotoausstellungen, mit der Zielsetzung, s\u00e4mtliche Anwendungsbereiche der Fotografie aufzuzeigen. Diese Verortung bildet die Basis, um ausgehend von der \u00fcbergeordneten Fragestellung, wesshalb es gerade in der beschaulichen Zentralschweiz m\u00f6glich geworden war, die erste Weltausstellung nach dem II. Weltkrieg durchzuf\u00fchren, zentrale Themenbereiche aufzuarbeiten. \u00dcber die Er\u00f6rterung der Polarit\u00e4t zwischen lokalen und globalen Tendenzen innerhalb der Themenbereiche <em>Publikationen<\/em>, <em>Fotogeschichte<\/em>, <em>Politik\/Diplomatie<\/em>, <em>Tourismus<\/em> und <em>\u00d6konomie<\/em> kann die WAP in einen umfassenden Kontext gesetzt werden. So entsteht ein Beitrag zum besseren Verst\u00e4ndnis der Konzeption sowie der sowohl zeitgen\u00f6ssischen als auch heutigen Rezeption dieses, bisher kaum wissenschaftlich aufgearbeiteten, fotohistorisch relevanten Anlasses.<\/p>\n<figure id=\"attachment_214\" aria-describedby=\"caption-attachment-214\" style=\"width: 733px\" class=\"wp-caption alignnone\"><a href=\"https:\/\/wp.unil.ch\/expophoto-ch\/files\/2015\/08\/WAP_Wyss_2.jpg\"><img loading=\"lazy\" decoding=\"async\" class=\"wp-image-214 size-full\" src=\"https:\/\/wp.unil.ch\/expophoto-ch\/files\/2015\/08\/WAP_Wyss_2.jpg\" alt=\"identifier:=:CH-000076-6 FDC 76\/2067.1#title:=:Ausstellungsw?nde unter freiem Himmel#artist:=:Max A. Wyss (1908-1977)#copyright:=:Stiftung Fotodokumentation Kanton Luzern#Bildverwaltung:=:Staatsarchiv Luzern#\" width=\"733\" height=\"768\" \/><\/a><figcaption id=\"caption-attachment-214\" class=\"wp-caption-text\">Max Albert Wyss: Weltausstellung der Photographie 1952 in Luzern &#8211; \u00a0Ausstellung der Nationen, Staatsarchiv Luzern \u00a9 Stiftung Fotodokumentation Kanton Luzern, Datei : FDC 76\/2067.1.<\/figcaption><\/figure>\n<p>Bildlegende zur Fotografie eingangs der Seite:<\/p>\n<p>Max Albert Wyss: Weltausstellung der Photographie 1952 in Luzern &#8211; \u00a0Kassenhaus, im Hintergrund Fototurm, Staatsarchiv Luzern \u00a9 Stiftung Fotodokumentation Kanton Luzern, Datei : FDC 76\/2068.1.<\/p>\n<p>&nbsp;<\/p>\n<p>&nbsp;<\/p>\n","protected":false},"excerpt":{"rendered":"<p>\u00a0Muriel Willi Version allemande L\u2019Exposition mondiale de la photographie, Lucerne, 1952, entre contexte local et ambitions globales L\u2019Exposition mondiale de la photographie (Weltausstellung der Photographie) s\u2019est tenue \u00e0 Lucerne \u00e0 l\u2019\u00e9t\u00e9 1952. On peut la situer entre la tradition des expositions universelles ou internationales et une s\u00e9rie d\u2019expositions photographiques locales organis\u00e9es \u00e0 Lucerne dans les &hellip; <a href=\"https:\/\/wp.unil.ch\/expophoto-ch\/projets-de-recherche\/muriel-willi\/\" class=\"more-link\">Continuer la lecture de <span class=\"screen-reader-text\">Weltausstellung der Photographie<\/span> <span class=\"meta-nav\">&rarr;<\/span><\/a><\/p>\n","protected":false},"author":1001234,"featured_media":215,"parent":12,"menu_order":4,"comment_status":"closed","ping_status":"closed","template":"","meta":{"_seopress_robots_primary_cat":"","_seopress_titles_title":"","_seopress_titles_desc":"","_seopress_robots_index":"","footnotes":""},"class_list":["post-65","page","type-page","status-publish","has-post-thumbnail"],"_links":{"self":[{"href":"https:\/\/wp.unil.ch\/expophoto-ch\/wp-json\/wp\/v2\/pages\/65","targetHints":{"allow":["GET"]}}],"collection":[{"href":"https:\/\/wp.unil.ch\/expophoto-ch\/wp-json\/wp\/v2\/pages"}],"about":[{"href":"https:\/\/wp.unil.ch\/expophoto-ch\/wp-json\/wp\/v2\/types\/page"}],"author":[{"embeddable":true,"href":"https:\/\/wp.unil.ch\/expophoto-ch\/wp-json\/wp\/v2\/users\/1001234"}],"replies":[{"embeddable":true,"href":"https:\/\/wp.unil.ch\/expophoto-ch\/wp-json\/wp\/v2\/comments?post=65"}],"version-history":[{"count":0,"href":"https:\/\/wp.unil.ch\/expophoto-ch\/wp-json\/wp\/v2\/pages\/65\/revisions"}],"up":[{"embeddable":true,"href":"https:\/\/wp.unil.ch\/expophoto-ch\/wp-json\/wp\/v2\/pages\/12"}],"wp:featuredmedia":[{"embeddable":true,"href":"https:\/\/wp.unil.ch\/expophoto-ch\/wp-json\/wp\/v2\/media\/215"}],"wp:attachment":[{"href":"https:\/\/wp.unil.ch\/expophoto-ch\/wp-json\/wp\/v2\/media?parent=65"}],"curies":[{"name":"wp","href":"https:\/\/api.w.org\/{rel}","templated":true}]}}