{"id":530,"date":"2017-02-21T08:27:40","date_gmt":"2017-02-21T07:27:40","guid":{"rendered":"http:\/\/wp.unil.ch\/expophoto-ch\/?page_id=530"},"modified":"2017-02-21T09:08:14","modified_gmt":"2017-02-21T08:08:14","slug":"vers-lexposition-audio-visuelle","status":"publish","type":"page","link":"https:\/\/wp.unil.ch\/expophoto-ch\/projets-de-recherche\/vers-lexposition-audio-visuelle\/","title":{"rendered":"Vers l\u2019exposition audio-visuelle"},"content":{"rendered":"<p>Olivier Lugon<\/p>\n<h5 style=\"text-align: center\"><strong>Vers l\u2019exposition audio-visuelle\u00a0:<br \/>\n<\/strong><strong>diapositive et multiprojection en Suisse, 1960-1980<\/strong><\/h5>\n<p>En 1964, la cinqui\u00e8me exposition nationale \u00e0 Lausanne, l\u2019Expo 64, marque en Suisse l\u2019av\u00e8nement d\u2019une forme nouvelle d\u2019exposition, domin\u00e9e par une pr\u00e9sence in\u00e9dite de l\u2019image lumineuse et des \u00e9crans. A c\u00f4t\u00e9 du film, la projection de diapositives y joue un r\u00f4le essentiel, favoris\u00e9 aussi bien par l\u2019essor de la photographie en couleurs que par les progr\u00e8s de l\u2019automatisation et de la synchronisation des appareils, qui participent \u00e0 un processus plus g\u00e9n\u00e9ral de m\u00e9canisation de l\u2019art de l\u2019exposition. Dans des dispositifs de projection volontiers multipolaires et kal\u00e9idoscopiques, les images fixes tendent \u00e0 prendre \u00e0 leur tour la qualit\u00e9 d\u2019images anim\u00e9es, soumises tant au d\u00e9filement rapide du montage s\u00e9quentiel qu\u2019aux juxtapositions du \u00ab\u00a0multi\u00e9cran\u00a0\u00bb, ainsi qu\u2019\u00e0 un accompagnement sonore synchronis\u00e9. Ces formes neuves de pr\u00e9sentation des images, irr\u00e9ductibles \u00e0 la photographie autant qu\u2019au cin\u00e9ma, semblent alors annoncer une \u00e8re nouvelle, celle de \u00ab\u00a0l\u2019audiovisuel\u00a0\u00bb, et dessiner un champ professionnel prometteur qui, \u00e0 la crois\u00e9e des disciplines, va rapidement attirer \u00e0 lui de nombreux photographes, graphistes, designers, ing\u00e9nieurs ou cin\u00e9astes. D\u00e9sign\u00e9s sous les labels de \u00ab\u00a0polyvision\u00a0\u00bb, de \u00ab\u00a0multivision\u00a0\u00bb ou de \u00ab\u00a0mur d\u2019images\u00a0\u00bb, ces modes complexes de la projection conqui\u00e8rent bient\u00f4t les stands de foire, les mus\u00e9es historiques ou techniques, voire la d\u00e9coration d\u2019int\u00e9rieurs commerciaux. Au tournant des ann\u00e9es 1970, des soci\u00e9t\u00e9s sp\u00e9cialis\u00e9es voient le jour, comme celle du zurichois Peter M\u00fcnger, avant que des enseignements sp\u00e9cifiques ne soient introduits dans les \u00e9coles d\u2019arts appliqu\u00e9s, \u00e0 l\u2019instar du cours \u00ab\u00a0M\u00e9dias audiovisuels\u00a0\u00bb organis\u00e9 par J\u00fcrg Gasser \u00e0 l\u2019Ecole des arts d\u00e9coratifs de Zurich d\u00e8s 1975. Si ce bouillonnement sera de courte dur\u00e9e avec la concurrence croissante des supports \u00e9lectroniques d\u00e8s les ann\u00e9es 1980, cet \u00e9pisode oubli\u00e9 de la \u00ab\u00a0multivision\u00a0\u00bb analogique constitue un \u00e9l\u00e9ment important de l\u2019histoire de l\u2019exposition photographique \u00e0 l\u2019or\u00e9e du tournant num\u00e9rique, dont l\u2019\u00e9tude peut enrichir notre compr\u00e9hension des cultures des \u00e9crans contemporaines.<\/p>\n<figure id=\"attachment_529\" aria-describedby=\"caption-attachment-529\" style=\"width: 2508px\" class=\"wp-caption alignnone\"><a href=\"https:\/\/wp.unil.ch\/expophoto-ch\/files\/2017\/02\/Peter-M\u00fcnger-Lignum-Mustermesse-Basel-1972.jpeg\"><img alt=\"\" loading=\"lazy\" decoding=\"async\" class=\"size-full wp-image-529\" src=\"https:\/\/wp.unil.ch\/expophoto-ch\/files\/2017\/02\/Peter-M\u00fcnger-Lignum-Mustermesse-Basel-1972.jpeg\" alt=\"\" width=\"2508\" height=\"1691\" srcset=\"https:\/\/wp.unil.ch\/expophoto-ch\/files\/2017\/02\/Peter-M\u00fcnger-Lignum-Mustermesse-Basel-1972.jpeg 2508w, https:\/\/wp.unil.ch\/expophoto-ch\/files\/2017\/02\/Peter-M\u00fcnger-Lignum-Mustermesse-Basel-1972-300x202.jpeg 300w, https:\/\/wp.unil.ch\/expophoto-ch\/files\/2017\/02\/Peter-M\u00fcnger-Lignum-Mustermesse-Basel-1972-768x518.jpeg 768w, https:\/\/wp.unil.ch\/expophoto-ch\/files\/2017\/02\/Peter-M\u00fcnger-Lignum-Mustermesse-Basel-1972-1024x690.jpeg 1024w\" sizes=\"auto, (max-width: 2508px) 100vw, 2508px\" \/><\/a><figcaption id=\"caption-attachment-529\" class=\"wp-caption-text\">Peter M\u00fcnger, \u00ab Holz im Grossbau \u00bb, exposition Lignum, Mustermesse, B\u00e2le, 1972 (\u00a9 Peter M\u00fcnger, Zurich)<\/figcaption><\/figure>\n<p>Illustration en haut de page\u00a0:<br \/>\n<span style=\"line-height: 1.5\">Paillard S. A., maquette pour la section \u00ab\u00a0Le Monde de l\u2019image \u00bb de l\u2019Expo 64, 1963<br \/>\n(Archives f\u00e9d\u00e9rales, Berne)<\/span><\/p>\n<p>&nbsp;<\/p>\n<p>&nbsp;<\/p>\n","protected":false},"excerpt":{"rendered":"<p>Olivier Lugon Vers l\u2019exposition audio-visuelle\u00a0: diapositive et multiprojection en Suisse, 1960-1980 En 1964, la cinqui\u00e8me exposition nationale \u00e0 Lausanne, l\u2019Expo 64, marque en Suisse l\u2019av\u00e8nement d\u2019une forme nouvelle d\u2019exposition, domin\u00e9e par une pr\u00e9sence in\u00e9dite de l\u2019image lumineuse et des \u00e9crans. A c\u00f4t\u00e9 du film, la projection de diapositives y joue un r\u00f4le essentiel, favoris\u00e9 aussi &hellip; <a href=\"https:\/\/wp.unil.ch\/expophoto-ch\/projets-de-recherche\/vers-lexposition-audio-visuelle\/\" class=\"more-link\">Continuer la lecture de <span class=\"screen-reader-text\">Vers l\u2019exposition audio-visuelle<\/span> <span class=\"meta-nav\">&rarr;<\/span><\/a><\/p>\n","protected":false},"author":1001234,"featured_media":528,"parent":12,"menu_order":5,"comment_status":"closed","ping_status":"closed","template":"","meta":{"_seopress_robots_primary_cat":"","_seopress_titles_title":"","_seopress_titles_desc":"","_seopress_robots_index":"","footnotes":""},"class_list":["post-530","page","type-page","status-publish","has-post-thumbnail"],"_links":{"self":[{"href":"https:\/\/wp.unil.ch\/expophoto-ch\/wp-json\/wp\/v2\/pages\/530","targetHints":{"allow":["GET"]}}],"collection":[{"href":"https:\/\/wp.unil.ch\/expophoto-ch\/wp-json\/wp\/v2\/pages"}],"about":[{"href":"https:\/\/wp.unil.ch\/expophoto-ch\/wp-json\/wp\/v2\/types\/page"}],"author":[{"embeddable":true,"href":"https:\/\/wp.unil.ch\/expophoto-ch\/wp-json\/wp\/v2\/users\/1001234"}],"replies":[{"embeddable":true,"href":"https:\/\/wp.unil.ch\/expophoto-ch\/wp-json\/wp\/v2\/comments?post=530"}],"version-history":[{"count":0,"href":"https:\/\/wp.unil.ch\/expophoto-ch\/wp-json\/wp\/v2\/pages\/530\/revisions"}],"up":[{"embeddable":true,"href":"https:\/\/wp.unil.ch\/expophoto-ch\/wp-json\/wp\/v2\/pages\/12"}],"wp:featuredmedia":[{"embeddable":true,"href":"https:\/\/wp.unil.ch\/expophoto-ch\/wp-json\/wp\/v2\/media\/528"}],"wp:attachment":[{"href":"https:\/\/wp.unil.ch\/expophoto-ch\/wp-json\/wp\/v2\/media?parent=530"}],"curies":[{"name":"wp","href":"https:\/\/api.w.org\/{rel}","templated":true}]}}