{"id":279,"date":"2016-05-23T22:49:18","date_gmt":"2016-05-23T20:49:18","guid":{"rendered":"http:\/\/wp.unil.ch\/expophoto-ch\/?page_id=279"},"modified":"2019-01-14T10:29:48","modified_gmt":"2019-01-14T09:29:48","slug":"ouvrages","status":"publish","type":"page","link":"https:\/\/wp.unil.ch\/expophoto-ch\/publications\/ouvrages\/","title":{"rendered":"Ouvrages"},"content":{"rendered":"<p><strong>S\u00e9lection<br \/>\n<\/strong><em><strong><br \/>\n<\/strong>Transbordeur : photographie histoire soci\u00e9t\u00e9<\/em>, num\u00e9ro 2, \u00e9ditions\u00a0Macula, 2018.<em><br \/>\n<\/em><a href=\"https:\/\/www.transbordeur.ch\/\">https:\/\/www.transbordeur.ch\/<\/a><em><br \/>\n<\/em>Dossier consacr\u00e9 aux expositions et \u00e0 la photographie dirig\u00e9 par Olivier Lugon et Claire-Lise Deblu\u00eb, avec notamment des contributions de Claire-Lise Deblu\u00eb, Muriel Willi et Anne Develey.<\/p>\n<p><a href=\"https:\/\/wp.unil.ch\/expophoto-ch\/files\/2018\/03\/Transbordeur_2.jpg\"><img alt=\"\" loading=\"lazy\" decoding=\"async\" class=\"wp-image-591 aligncenter\" src=\"https:\/\/wp.unil.ch\/expophoto-ch\/files\/2018\/03\/Transbordeur_2.jpg\" alt=\"\" width=\"383\" height=\"269\" srcset=\"https:\/\/wp.unil.ch\/expophoto-ch\/files\/2018\/03\/Transbordeur_2.jpg 1714w, https:\/\/wp.unil.ch\/expophoto-ch\/files\/2018\/03\/Transbordeur_2-300x210.jpg 300w, https:\/\/wp.unil.ch\/expophoto-ch\/files\/2018\/03\/Transbordeur_2-768x538.jpg 768w, https:\/\/wp.unil.ch\/expophoto-ch\/files\/2018\/03\/Transbordeur_2-1024x717.jpg 1024w\" sizes=\"auto, (max-width: 383px) 100vw, 383px\" \/><\/a><\/p>\n<p><em>Transbordeur : photographie histoire soci\u00e9t\u00e9<\/em>, num\u00e9ro 1, \u00e9ditions Macula, 2017. Dossier \u00ab\u00a0Mus\u00e9es de photographies documentaires\u00a0\u00bb, dirig\u00e9 par Estelle Sohier, Olivier Lugon et Anne Lacoste.<br \/>\n<a href=\"https:\/\/wp.unil.ch\/expophoto-ch\/files\/2017\/01\/Transbordeur_Couverture_1.jpg\"><img alt=\"\" loading=\"lazy\" decoding=\"async\" class=\"wp-image-518 aligncenter\" src=\"https:\/\/wp.unil.ch\/expophoto-ch\/files\/2017\/01\/Transbordeur_Couverture_1.jpg\" alt=\"\" width=\"163\" height=\"210\" srcset=\"https:\/\/wp.unil.ch\/expophoto-ch\/files\/2017\/01\/Transbordeur_Couverture_1.jpg 1258w, https:\/\/wp.unil.ch\/expophoto-ch\/files\/2017\/01\/Transbordeur_Couverture_1-233x300.jpg 233w, https:\/\/wp.unil.ch\/expophoto-ch\/files\/2017\/01\/Transbordeur_Couverture_1-768x990.jpg 768w, https:\/\/wp.unil.ch\/expophoto-ch\/files\/2017\/01\/Transbordeur_Couverture_1-794x1024.jpg 794w\" sizes=\"auto, (max-width: 163px) 100vw, 163px\" \/><\/a><\/p>\n<p>LACOSTE Anne, BOULOUCH Nathalie, LUGON Olivier, SANDRIN Carole (dir.), <i>Diapositive\u00a0: histoire de la photographie projet\u00e9e<\/i>, cat. expo. Mus\u00e9e de l\u2019Elys\u00e9e, Lausanne, <a href=\"https:\/\/www.leseditionsnoirsurblanc.fr\/diapositive--histoire-de-la-photographie-projetee-anne-lacoste-9782882504784\">Les Editions Noir sur Blanc<\/a>, 2017.<br \/>\n<a href=\"https:\/\/wp.unil.ch\/expophoto-ch\/files\/2017\/07\/Diapositive.-Histoire-de-la-photographie-projete\u0301e.jpg\"><img alt=\"\" loading=\"lazy\" decoding=\"async\" class=\"wp-image-561 aligncenter\" src=\"https:\/\/wp.unil.ch\/expophoto-ch\/files\/2017\/07\/Diapositive.-Histoire-de-la-photographie-projete\u0301e.jpg\" alt=\"\" width=\"155\" height=\"206\" srcset=\"https:\/\/wp.unil.ch\/expophoto-ch\/files\/2017\/07\/Diapositive.-Histoire-de-la-photographie-projete\u0301e.jpg 420w, https:\/\/wp.unil.ch\/expophoto-ch\/files\/2017\/07\/Diapositive.-Histoire-de-la-photographie-projete\u0301e-226x300.jpg 226w\" sizes=\"auto, (max-width: 155px) 100vw, 155px\" \/><\/a><br \/>\nDEBLU\u00cb Claire-Lise,\u00a0<em>Exposer pour exporter. Culture visuelle et expansion commerciale en Suisse (1908-1939)<\/em>, Neuch\u00e2tel,\u00a0<a href=\"https:\/\/www.alphil.com\/index.php\/exposer-pour-exporter.html\">Alphil<\/a> &#8211; Presses universitaires suisses, 2015.<br \/>\n<a href=\"https:\/\/wp.unil.ch\/expophoto-ch\/files\/2017\/07\/exposer-pour-exporter.jpg\"><img alt=\"\" loading=\"lazy\" decoding=\"async\" class=\" wp-image-563 aligncenter\" src=\"https:\/\/wp.unil.ch\/expophoto-ch\/files\/2017\/07\/exposer-pour-exporter.jpg\" alt=\"\" width=\"152\" height=\"243\" srcset=\"https:\/\/wp.unil.ch\/expophoto-ch\/files\/2017\/07\/exposer-pour-exporter.jpg 263w, https:\/\/wp.unil.ch\/expophoto-ch\/files\/2017\/07\/exposer-pour-exporter-188x300.jpg 188w\" sizes=\"auto, (max-width: 152px) 100vw, 152px\" \/><\/a>CORSINI Silvio, LACOSTE Anne, LUGON Olivier (dir.), La m\u00e9moire des images. Autour de la Collection iconographique vaudoise, Gollion, <a href=\"https:\/\/www.infolio.ch\/livre\/la-memoire-des-images.htm\">Infolio \u00e9ditions<\/a>, 2015.<br \/>\n<a href=\"https:\/\/wp.unil.ch\/expophoto-ch\/files\/2015\/08\/Corsini.jpg\"><img loading=\"lazy\" decoding=\"async\" class=\"size-full wp-image-158 aligncenter\" src=\"https:\/\/wp.unil.ch\/expophoto-ch\/files\/2015\/08\/Corsini.jpg\" alt=\"couv_978-2-88474-762-2.indd\" width=\"150\" height=\"184\" srcset=\"https:\/\/wp.unil.ch\/expophoto-ch\/files\/2015\/08\/Corsini.jpg 150w, https:\/\/wp.unil.ch\/expophoto-ch\/files\/2015\/08\/Corsini-e1461940756768-122x150.jpg 122w\" sizes=\"auto, (max-width: 150px) 100vw, 150px\" \/><\/a><br \/>\nLUGON Olivier, VALLOTTON Fran\u00e7ois (dir.),\u00a0<em>Revisiter l\u2019Expo 64. Acteurs, discours, controverses<\/em>, Lausanne, <a href=\"https:\/\/www.ppur.org\/produit\/711\/9782889150946\/Revisiter%20lExpo%2064%20\">PPUR<\/a>, 2014.\u00a0<a href=\"https:\/\/wp.unil.ch\/expophoto-ch\/files\/2015\/08\/IMAGE_MAIN-1-1-e1461942178929.png\"><img loading=\"lazy\" decoding=\"async\" class=\" wp-image-174 aligncenter\" src=\"https:\/\/wp.unil.ch\/expophoto-ch\/files\/2015\/08\/IMAGE_MAIN-1-1-e1461942178929.png\" alt=\"IMAGE_MAIN-1\" width=\"366\" height=\"245\" \/><\/a><\/p>\n<p>&nbsp;<\/p>\n","protected":false},"excerpt":{"rendered":"<p>S\u00e9lection Transbordeur : photographie histoire soci\u00e9t\u00e9, num\u00e9ro 2, \u00e9ditions\u00a0Macula, 2018. https:\/\/www.transbordeur.ch\/ Dossier consacr\u00e9 aux expositions et \u00e0 la photographie dirig\u00e9 par Olivier Lugon et Claire-Lise Deblu\u00eb, avec notamment des contributions de Claire-Lise Deblu\u00eb, Muriel Willi et Anne Develey. Transbordeur : photographie histoire soci\u00e9t\u00e9, num\u00e9ro 1, \u00e9ditions Macula, 2017. Dossier \u00ab\u00a0Mus\u00e9es de photographies documentaires\u00a0\u00bb, dirig\u00e9 par &hellip; <a href=\"https:\/\/wp.unil.ch\/expophoto-ch\/publications\/ouvrages\/\" class=\"more-link\">Continuer la lecture de <span class=\"screen-reader-text\">Ouvrages<\/span> <span class=\"meta-nav\">&rarr;<\/span><\/a><\/p>\n","protected":false},"author":1001234,"featured_media":0,"parent":20,"menu_order":0,"comment_status":"closed","ping_status":"closed","template":"","meta":{"_seopress_robots_primary_cat":"","_seopress_titles_title":"","_seopress_titles_desc":"","_seopress_robots_index":"","footnotes":""},"class_list":["post-279","page","type-page","status-publish"],"_links":{"self":[{"href":"https:\/\/wp.unil.ch\/expophoto-ch\/wp-json\/wp\/v2\/pages\/279","targetHints":{"allow":["GET"]}}],"collection":[{"href":"https:\/\/wp.unil.ch\/expophoto-ch\/wp-json\/wp\/v2\/pages"}],"about":[{"href":"https:\/\/wp.unil.ch\/expophoto-ch\/wp-json\/wp\/v2\/types\/page"}],"author":[{"embeddable":true,"href":"https:\/\/wp.unil.ch\/expophoto-ch\/wp-json\/wp\/v2\/users\/1001234"}],"replies":[{"embeddable":true,"href":"https:\/\/wp.unil.ch\/expophoto-ch\/wp-json\/wp\/v2\/comments?post=279"}],"version-history":[{"count":0,"href":"https:\/\/wp.unil.ch\/expophoto-ch\/wp-json\/wp\/v2\/pages\/279\/revisions"}],"up":[{"embeddable":true,"href":"https:\/\/wp.unil.ch\/expophoto-ch\/wp-json\/wp\/v2\/pages\/20"}],"wp:attachment":[{"href":"https:\/\/wp.unil.ch\/expophoto-ch\/wp-json\/wp\/v2\/media?parent=279"}],"curies":[{"name":"wp","href":"https:\/\/api.w.org\/{rel}","templated":true}]}}