{"id":666,"date":"2012-07-11T10:13:06","date_gmt":"2012-07-11T08:13:06","guid":{"rendered":"http:\/\/wp.unil.ch\/europeansourcebook\/?page_id=666"},"modified":"2018-07-10T10:38:22","modified_gmt":"2018-07-10T08:38:22","slug":"general-links","status":"publish","type":"page","link":"https:\/\/wp.unil.ch\/europeansourcebook\/links\/general-links\/","title":{"rendered":"General links"},"content":{"rendered":"<p style=\"text-align: justify\">Please find attached various general links where quantitative data on crime and criminal justice can be found.<\/p>\n<ul>\n<li><strong><a href=\"https:\/\/www.cep-probation.org\/\" target=\"_blank\" rel=\"noopener\">Conf\u00e9rence Permanente Europ\u00e9enne de la Probation, CEP<\/a><\/strong><br \/>\nConf\u00e9rence Permanente Europ\u00e9enne de la Probation, CEP works to promote the social inclusion of offenders through community sanctions and measures such as probation, community service, mediation and conciliation.<\/li>\n<\/ul>\n<ul>\n<li><strong><a href=\"CBS-Services-Links\" target=\"_blank\" rel=\"noopener\">Dutch Statistical Bureau<\/a><\/strong><br \/>\nThis site contains links to many National Statistical Institutes worlwide. Useful if you need e.g. demographic information.<\/li>\n<\/ul>\n<ul>\n<li><strong><a href=\"www.heuni.fi\/\" target=\"_blank\" rel=\"noopener\">European Institute for Crime Prevention and Control (HEUNI)<\/a><\/strong><br \/>\nThe European Institute for Crime Prevention and Control, affiliated with the United Nations (HEUNI) is the European link in the network of institutes operating within the framework of the United Nations Crime Prevention and Criminal Justice Programme.<\/li>\n<\/ul>\n<ul>\n<li><strong><a href=\"https:\/\/epp.eurostat.ec.europa.eu\/portal\/page\/portal\/eurostat\/home\/\" target=\"_blank\" rel=\"noopener\">European Statistics (EUROSTAT)<\/a><\/strong><br \/>\nEurostat is the statistical office of the European Union.\u00a0Its task is to provide the European Union with statistics at European level that enable comparisons between countries and regions.<\/li>\n<\/ul>\n<ul>\n<li><strong><a href=\"https:\/\/www.fbi.gov\/about-us\/cjis\/ucr\/ucr\">FBI Uniform Crime Reports<\/a><\/strong><br \/>\nThe Uniform Crime Reporting (UCR) Program was conceived in 1929 by the International Association of Chiefs of Police to meet a need for reliable, uniform crime statistics for the nation. Today, several annual statistical publications, such as the comprehensive <em><a href=\"https:\/\/www.fbi.gov\/about-us\/cjis\/ucr\/ucr#ucr_cius\"><strong>Crime in the United States<\/strong><\/a><\/em>, are produced from data provided by nearly 17,000 law enforcement agencies across the United States.<\/li>\n<\/ul>\n<ul>\n<li>Tilburg University\/<strong><a href=\"https:\/\/rechten.uvt.nl\/icvs\/\" target=\"_blank\" rel=\"noopener\">Intervict: International Crime Victim Survey (ICVS)<\/a><\/strong><br \/>\nThe International Crime Victim Survey (ICVS) is a programme of standardised sample surveys\u00a0 to look at householders\u2019 experience with crime, policing, crime prevention and feelings of unsafety in a large number of countries.<\/li>\n<\/ul>\n<ul>\n<li><a href=\"https:\/\/www.unicri.it\/documentation_centre\/publications\/icvs\/\" target=\"_blank\" rel=\"noopener\"><strong>UNICRI &#8211; United Nations Interregional Crime and Justice Research Institute: International Crime Victim Survey (ICVS)<\/strong><\/a><strong>.<\/strong>The International Crime Victim Survey (ICVS) is a programme of standardised sample surveys\u00a0 to look at householders\u2019 experience with crime, policing, crime prevention and feelings of unsafety in a large number of countries.<br \/>\n<a href=\"https:\/\/www.unicri.it\/documentation_centre\/publications\/icvs\/publications.php\" target=\"_blank\" rel=\"noopener\">Publications<\/a><a href=\"https:\/\/www.unicri.it\/documentation_centre\/publications\/icvs\/data.php\" target=\"_blank\" rel=\"noopener\"><br \/>\nData<\/a><\/li>\n<\/ul>\n<ul>\n<li><strong><a href=\"https:\/\/www.unodc.org\/\" target=\"_blank\" rel=\"noopener\">United Nations Office on Drugs and Crime (UNODC) <\/a><\/strong><br \/>\nUNODC collects data on crime and the operation of criminal justice systems on the global level through the annual\u00a0United Nations Surveys on Crime Trends and the Operations of Criminal Justice Systems (CTS).<strong><strong><strong>\u00a0<\/strong><\/strong><\/strong>UNODC works on the development of standards for national crime and criminal justice information systems and for the conduct of victimization surveys. The office also aims to enhance the cross-national comparability of data through the development of key indicators and data reporting tools. Periodic reports on selected crime issues provide in-depth analysis on key topic of concern at the global and regional level.<\/li>\n<li><span style=\"font-family: arial,helvetica\"><strong><a href=\"https:\/\/andromeda.rutgers.edu\/~wcjlen\/WCJ\/mainpages\/cjlinks.htm\" target=\"_blank\" rel=\"noopener\">World Criminal Justice Library Network (WCJLN)<br \/>\n<\/a><\/strong>In this section (Criminal Justice Links Annotated), the WCJLN provides links of criminal justice agencies, institutes, or organizations of each country. Links of each country are arranged in such categories as administration of justice, correction, law and the courts, police and law enforcement, and so on.<br \/>\n<\/span><\/li>\n<\/ul>\n<p style=\"text-align: justify\">This page is updated regularly. If you have comments on the links, or if you know of other interesting sites please contact me at <a href=\"mailto:claudia.campistol@unil.ch\">claudia.campistol@unil.ch<\/a><\/p>\n","protected":false},"excerpt":{"rendered":"<p>Please find attached various general links where quantitative data on crime and criminal justice can be found. Conf\u00e9rence Permanente Europ\u00e9enne de la Probation, CEP Conf\u00e9rence Permanente Europ\u00e9enne de la Probation, CEP works to promote the social inclusion of offenders through<\/p>\n","protected":false},"author":922,"featured_media":0,"parent":145,"menu_order":0,"comment_status":"closed","ping_status":"closed","template":"","meta":{"_seopress_robots_primary_cat":"","_seopress_titles_title":"","_seopress_titles_desc":"","_seopress_robots_index":"","footnotes":""},"class_list":["post-666","page","type-page","status-publish"],"_links":{"self":[{"href":"https:\/\/wp.unil.ch\/europeansourcebook\/wp-json\/wp\/v2\/pages\/666","targetHints":{"allow":["GET"]}}],"collection":[{"href":"https:\/\/wp.unil.ch\/europeansourcebook\/wp-json\/wp\/v2\/pages"}],"about":[{"href":"https:\/\/wp.unil.ch\/europeansourcebook\/wp-json\/wp\/v2\/types\/page"}],"author":[{"embeddable":true,"href":"https:\/\/wp.unil.ch\/europeansourcebook\/wp-json\/wp\/v2\/users\/922"}],"replies":[{"embeddable":true,"href":"https:\/\/wp.unil.ch\/europeansourcebook\/wp-json\/wp\/v2\/comments?post=666"}],"version-history":[{"count":0,"href":"https:\/\/wp.unil.ch\/europeansourcebook\/wp-json\/wp\/v2\/pages\/666\/revisions"}],"up":[{"embeddable":true,"href":"https:\/\/wp.unil.ch\/europeansourcebook\/wp-json\/wp\/v2\/pages\/145"}],"wp:attachment":[{"href":"https:\/\/wp.unil.ch\/europeansourcebook\/wp-json\/wp\/v2\/media?parent=666"}],"curies":[{"name":"wp","href":"https:\/\/api.w.org\/{rel}","templated":true}]}}