{"id":157,"date":"2012-06-04T16:11:07","date_gmt":"2012-06-04T14:11:07","guid":{"rendered":"http:\/\/wp.unil.ch\/europeansourcebook\/?page_id=157"},"modified":"2024-06-20T17:08:27","modified_gmt":"2024-06-20T15:08:27","slug":"a-list-of-participating-countries-with-national-correspondents","status":"publish","type":"page","link":"https:\/\/wp.unil.ch\/europeansourcebook\/european-sourcebook-members\/a-list-of-participating-countries-with-national-correspondents\/","title":{"rendered":"Participating countries"},"content":{"rendered":"<h3>Via national correspondents (State of 06.2024)<\/h3>\n<div class=\"su-accordion su-u-trim\">\n<div class=\"su-spoiler su-spoiler-style-standard su-spoiler-icon-plus su-spoiler-closed\" data-scroll-offset=\"0\" data-anchor-in-url=\"no\"><div class=\"su-spoiler-title\" tabindex=\"0\" role=\"button\"><span class=\"su-spoiler-icon\"><\/span>Albania<\/div><div class=\"su-spoiler-content su-u-clearfix su-u-trim\">\nBELA Alma<\/p>\n<\/div><\/div>\n<div class=\"su-spoiler su-spoiler-style-standard su-spoiler-icon-plus su-spoiler-closed\" data-scroll-offset=\"0\" data-anchor-in-url=\"no\"><div class=\"su-spoiler-title\" tabindex=\"0\" role=\"button\"><span class=\"su-spoiler-icon\"><\/span>Andorra<\/div><div class=\"su-spoiler-content su-u-clearfix su-u-trim\">\nNot covered due to microstate rule<br \/>\n<\/div><\/div>\n<div class=\"su-spoiler su-spoiler-style-standard su-spoiler-icon-plus su-spoiler-closed\" data-scroll-offset=\"0\" data-anchor-in-url=\"no\"><div class=\"su-spoiler-title\" tabindex=\"0\" role=\"button\"><span class=\"su-spoiler-icon\"><\/span>Armenia<\/div><div class=\"su-spoiler-content su-u-clearfix su-u-trim\">\nMARGARYAN Anna<br \/>\nYerevan State University<br \/>\nFaculty of Law<br \/>\nAgatangeghos T apt. 54<br \/>\n375010 Yerevan<br \/>\nannamargaryan@hotmail.com<br \/>\n<\/div><\/div>\n<div class=\"su-spoiler su-spoiler-style-standard su-spoiler-icon-plus su-spoiler-closed\" data-scroll-offset=\"0\" data-anchor-in-url=\"no\"><div class=\"su-spoiler-title\" tabindex=\"0\" role=\"button\"><span class=\"su-spoiler-icon\"><\/span>Austria<\/div><div class=\"su-spoiler-content su-u-clearfix su-u-trim\">\n<p>Prof. Dr. Karin Bruckm\u00fcller<br \/>\nSiegmund-Freud-Privatuniversit\u00e4t Wien<br \/>\nkarin.bruckmueller@jus.sfu.ac.at<\/p>\n<p>Prof. Dr. Stefan Schumann<br \/>\nJohannes-Kepler-Universit\u00e4t Linz<br \/>\nstefan.schumann@jku.at<\/p>\n<\/div><\/div>\n<div class=\"su-spoiler su-spoiler-style-standard su-spoiler-icon-plus su-spoiler-closed\" data-scroll-offset=\"0\" data-anchor-in-url=\"no\"><div class=\"su-spoiler-title\" tabindex=\"0\" role=\"button\"><span class=\"su-spoiler-icon\"><\/span>Azerbaijan<\/div><div class=\"su-spoiler-content su-u-clearfix su-u-trim\">\nAGHAYEV Vugar<\/p>\n<p>vugar.aghayev@justice.gov.az;<\/p>\n<p>Deputy Head of the Inspectorate for Supervision over Execution of Punishments<\/p>\n<p>Ministry of Justice of the Republic of Azerbaijan.<\/div><\/div>\n<div class=\"su-spoiler su-spoiler-style-standard su-spoiler-icon-plus su-spoiler-closed\" data-scroll-offset=\"0\" data-anchor-in-url=\"no\"><div class=\"su-spoiler-title\" tabindex=\"0\" role=\"button\"><span class=\"su-spoiler-icon\"><\/span>Belgium<\/div><div class=\"su-spoiler-content su-u-clearfix su-u-trim\">\nEric MAES &amp; VANNESTE Charlotte<br \/>\nInstitut National de Criminalistique et de Criminologie.Boulevard du jardin botanique,50. 7\u00e8me \u00e9tage.1000 Bruxelles.<br \/>\nCharlotte.Vanneste@just.fgov.be<br \/>\nEric.Maes@just.fgov.be<\/p>\n<\/div><\/div>\n<div class=\"su-spoiler su-spoiler-style-standard su-spoiler-icon-plus su-spoiler-closed\" data-scroll-offset=\"0\" data-anchor-in-url=\"no\"><div class=\"su-spoiler-title\" tabindex=\"0\" role=\"button\"><span class=\"su-spoiler-icon\"><\/span>Bosnia and Herzegovina<\/div><div class=\"su-spoiler-content su-u-clearfix su-u-trim\">\n<p>Sandra Kobajica<br \/>\nDocent \/ Assistant Professor<br \/>\nUniverzitet u Sarajevu \/ University of Sarajevo<br \/>\nwww.fkn.unsa.ba<br \/>\n<\/div><\/div>\n<div class=\"su-spoiler su-spoiler-style-standard su-spoiler-icon-plus su-spoiler-closed\" data-scroll-offset=\"0\" data-anchor-in-url=\"no\"><div class=\"su-spoiler-title\" tabindex=\"0\" role=\"button\"><span class=\"su-spoiler-icon\"><\/span>Bulgaria<\/div><div class=\"su-spoiler-content su-u-clearfix su-u-trim\">\n<\/div><\/div>\n<div class=\"su-spoiler su-spoiler-style-standard su-spoiler-icon-plus su-spoiler-closed\" data-scroll-offset=\"0\" data-anchor-in-url=\"no\"><div class=\"su-spoiler-title\" tabindex=\"0\" role=\"button\"><span class=\"su-spoiler-icon\"><\/span>Croatia<\/div><div class=\"su-spoiler-content su-u-clearfix su-u-trim\">\nBEZIC Reana<br \/>\nbezic.reana@gmail.com<\/p>\n<p>GETOS KALAC Anna-Maria<br \/>\nFaculty of Law<br \/>\nUniversity of Zagreb.<br \/>\nanna-maria.getos@pravo.hr<br \/>\n<\/div><\/div>\n<div class=\"su-spoiler su-spoiler-style-standard su-spoiler-icon-plus su-spoiler-closed\" data-scroll-offset=\"0\" data-anchor-in-url=\"no\"><div class=\"su-spoiler-title\" tabindex=\"0\" role=\"button\"><span class=\"su-spoiler-icon\"><\/span>Cyprus<\/div><div class=\"su-spoiler-content su-u-clearfix su-u-trim\">\nKONSTANTINOU Mar\u00eda<\/p>\n<\/div><\/div>\n<div class=\"su-spoiler su-spoiler-style-standard su-spoiler-icon-plus su-spoiler-closed\" data-scroll-offset=\"0\" data-anchor-in-url=\"no\"><div class=\"su-spoiler-title\" tabindex=\"0\" role=\"button\"><span class=\"su-spoiler-icon\"><\/span>Czech Republic<\/div><div class=\"su-spoiler-content su-u-clearfix su-u-trim\">\nDIBLIKOVA Simona<\/p>\n<\/div><\/div>\n<div class=\"su-spoiler su-spoiler-style-standard su-spoiler-icon-plus su-spoiler-closed\" data-scroll-offset=\"0\" data-anchor-in-url=\"no\"><div class=\"su-spoiler-title\" tabindex=\"0\" role=\"button\"><span class=\"su-spoiler-icon\"><\/span>Denmark<\/div><div class=\"su-spoiler-content su-u-clearfix su-u-trim\">\nChristiane Trolle-Busck, Nicklas Lyng, Mette Damgaard<\/p>\n<p>Ministry of Justice<br \/>\nSlotsholmsgade 10<br \/>\nDK-1216 Copenhagen K<br \/>\nbky@jm.dk<br \/>\n<\/div><\/div>\n<div class=\"su-spoiler su-spoiler-style-standard su-spoiler-icon-plus su-spoiler-closed\" data-scroll-offset=\"0\" data-anchor-in-url=\"no\"><div class=\"su-spoiler-title\" tabindex=\"0\" role=\"button\"><span class=\"su-spoiler-icon\"><\/span>Estonia<\/div><div class=\"su-spoiler-content su-u-clearfix su-u-trim\">\nAHVEN Andri<br \/>\nMinistry of Justice<br \/>\nT\u00f5nism\u00e4gi 5a<br \/>\n15191 Tallinn<br \/>\nandri.ahven@just.ee<br \/>\n<\/div><\/div>\n<div class=\"su-spoiler su-spoiler-style-standard su-spoiler-icon-plus su-spoiler-closed\" data-scroll-offset=\"0\" data-anchor-in-url=\"no\"><div class=\"su-spoiler-title\" tabindex=\"0\" role=\"button\"><span class=\"su-spoiler-icon\"><\/span>Finland<\/div><div class=\"su-spoiler-content su-u-clearfix su-u-trim\">\nLAPPI-SEPP\u00c4LA Tapio<\/p>\n<\/div><\/div>\n<div class=\"su-spoiler su-spoiler-style-standard su-spoiler-icon-plus su-spoiler-closed\" data-scroll-offset=\"0\" data-anchor-in-url=\"no\"><div class=\"su-spoiler-title\" tabindex=\"0\" role=\"button\"><span class=\"su-spoiler-icon\"><\/span>France<\/div><div class=\"su-spoiler-content su-u-clearfix su-u-trim\">\nKENSEY Annie<\/p>\n<\/div><\/div>\n<div class=\"su-spoiler su-spoiler-style-standard su-spoiler-icon-plus su-spoiler-closed\" data-scroll-offset=\"0\" data-anchor-in-url=\"no\"><div class=\"su-spoiler-title\" tabindex=\"0\" role=\"button\"><span class=\"su-spoiler-icon\"><\/span>North Macedonia<\/div><div class=\"su-spoiler-content su-u-clearfix su-u-trim\">\n<span class=\"outlook-search-highlight\" data-markjs=\"true\">Angelin<\/span>a Stanojoska<\/p>\n<p><span class=\"outlook-search-highlight\" data-markjs=\"true\">angelin<\/span>a.stanojoska@uklo.edu.mk<\/p>\n<\/div><\/div>\n<div class=\"su-spoiler su-spoiler-style-standard su-spoiler-icon-plus su-spoiler-closed\" data-scroll-offset=\"0\" data-anchor-in-url=\"no\"><div class=\"su-spoiler-title\" tabindex=\"0\" role=\"button\"><span class=\"su-spoiler-icon\"><\/span>Georgia<\/div><div class=\"su-spoiler-content su-u-clearfix su-u-trim\">\nGLONTI Georgi<br \/>\nGrigol Robakidze University<br \/>\nSchool of Law<br \/>\nJano Bagrationi Street, N6<br \/>\n0105 Tbilisi<br \/>\nglontigeorgi@hotmail.com<\/p>\n<\/div><\/div>\n<div class=\"su-spoiler su-spoiler-style-standard su-spoiler-icon-plus su-spoiler-closed\" data-scroll-offset=\"0\" data-anchor-in-url=\"no\"><div class=\"su-spoiler-title\" tabindex=\"0\" role=\"button\"><span class=\"su-spoiler-icon\"><\/span>Germany<\/div><div class=\"su-spoiler-content su-u-clearfix su-u-trim\">\nHARRENDORF Stefan<br \/>\nstefan.harrendorf@uni-greifswald.de<\/p>\n<\/div><\/div>\n<div class=\"su-spoiler su-spoiler-style-standard su-spoiler-icon-plus su-spoiler-closed\" data-scroll-offset=\"0\" data-anchor-in-url=\"no\"><div class=\"su-spoiler-title\" tabindex=\"0\" role=\"button\"><span class=\"su-spoiler-icon\"><\/span>Greece<\/div><div class=\"su-spoiler-content su-u-clearfix su-u-trim\">\nPAPANICOLAOU Georgios<br \/>\ngpapanicolaou@tees.ac.uk<br \/>\n<\/div><\/div>\n<div class=\"su-spoiler su-spoiler-style-standard su-spoiler-icon-plus su-spoiler-closed\" data-scroll-offset=\"0\" data-anchor-in-url=\"no\"><div class=\"su-spoiler-title\" tabindex=\"0\" role=\"button\"><span class=\"su-spoiler-icon\"><\/span>Hungary<\/div><div class=\"su-spoiler-content su-u-clearfix su-u-trim\">\nSZ\u00c1SZVAI-PAPP G\u00e1bor<br \/>\nDr.Szaszvai-Papp.Gabor@mku.hu<br \/>\n<\/div><\/div>\n<div class=\"su-spoiler su-spoiler-style-standard su-spoiler-icon-plus su-spoiler-closed\" data-scroll-offset=\"0\" data-anchor-in-url=\"no\"><div class=\"su-spoiler-title\" tabindex=\"0\" role=\"button\"><span class=\"su-spoiler-icon\"><\/span>Iceland<\/div><div class=\"su-spoiler-content su-u-clearfix su-u-trim\">\nTHORISDOTTIR Rannveig<br \/>\nL\u00f6greglustj\u00f3rinn \u00e1 h\u00f6fu\u203aborgarsv\u00e6\u203ainu<br \/>\nHverjisgata 113-115<br \/>\nIS-150 Reykjavik<br \/>\nrannveig@lrh.is<\/p>\n<p>KHAN Tara Sif<br \/>\n<\/div><\/div>\n<div class=\"su-spoiler su-spoiler-style-standard su-spoiler-icon-plus su-spoiler-closed\" data-scroll-offset=\"0\" data-anchor-in-url=\"no\"><div class=\"su-spoiler-title\" tabindex=\"0\" role=\"button\"><span class=\"su-spoiler-icon\"><\/span>Ireland<\/div><div class=\"su-spoiler-content su-u-clearfix su-u-trim\">\nSCRIVEN Sam<br \/>\nsam.scriven@cso.ie<br \/>\n<\/div><\/div>\n<div class=\"su-spoiler su-spoiler-style-standard su-spoiler-icon-plus su-spoiler-closed\" data-scroll-offset=\"0\" data-anchor-in-url=\"no\"><div class=\"su-spoiler-title\" tabindex=\"0\" role=\"button\"><span class=\"su-spoiler-icon\"><\/span>Italy<\/div><div class=\"su-spoiler-content su-u-clearfix su-u-trim\">\n<\/div><\/div>\n<div class=\"su-spoiler su-spoiler-style-standard su-spoiler-icon-plus su-spoiler-closed\" data-scroll-offset=\"0\" data-anchor-in-url=\"no\"><div class=\"su-spoiler-title\" tabindex=\"0\" role=\"button\"><span class=\"su-spoiler-icon\"><\/span>Latvia<\/div><div class=\"su-spoiler-content su-u-clearfix su-u-trim\">\nOKMANIS Kalvis<br \/>\nKalvis.Okmanis@csb.gov.lv<br \/>\n<\/div><\/div>\n<div class=\"su-spoiler su-spoiler-style-standard su-spoiler-icon-plus su-spoiler-closed\" data-scroll-offset=\"0\" data-anchor-in-url=\"no\"><div class=\"su-spoiler-title\" tabindex=\"0\" role=\"button\"><span class=\"su-spoiler-icon\"><\/span>Liechtenstein<\/div><div class=\"su-spoiler-content su-u-clearfix su-u-trim\">\nNot covered due to microstate rule<br \/>\n<\/div><\/div>\n<div class=\"su-spoiler su-spoiler-style-standard su-spoiler-icon-plus su-spoiler-closed\" data-scroll-offset=\"0\" data-anchor-in-url=\"no\"><div class=\"su-spoiler-title\" tabindex=\"0\" role=\"button\"><span class=\"su-spoiler-icon\"><\/span>Lithuania<\/div><div class=\"su-spoiler-content su-u-clearfix su-u-trim\">\nSIMONAS\u00a0Nikartas<\/p>\n<\/div><\/div>\n<div class=\"su-spoiler su-spoiler-style-standard su-spoiler-icon-plus su-spoiler-closed\" data-scroll-offset=\"0\" data-anchor-in-url=\"no\"><div class=\"su-spoiler-title\" tabindex=\"0\" role=\"button\"><span class=\"su-spoiler-icon\"><\/span>Luxembourg<\/div><div class=\"su-spoiler-content su-u-clearfix su-u-trim\">\nDAHME Clarissa<br \/>\nClarissa.Dahmen@statec.etat.lu<br \/>\n<\/div><\/div>\n<div class=\"su-spoiler su-spoiler-style-standard su-spoiler-icon-plus su-spoiler-closed\" data-scroll-offset=\"0\" data-anchor-in-url=\"no\"><div class=\"su-spoiler-title\" tabindex=\"0\" role=\"button\"><span class=\"su-spoiler-icon\"><\/span>Malta<\/div><div class=\"su-spoiler-content su-u-clearfix su-u-trim\">\nFORMOSA Saviour<br \/>\n<\/div><\/div>\n<div class=\"su-spoiler su-spoiler-style-standard su-spoiler-icon-plus su-spoiler-closed\" data-scroll-offset=\"0\" data-anchor-in-url=\"no\"><div class=\"su-spoiler-title\" tabindex=\"0\" role=\"button\"><span class=\"su-spoiler-icon\"><\/span>Moldova<\/div><div class=\"su-spoiler-content su-u-clearfix su-u-trim\">\nVIDAICU Mihaela<br \/>\nmvidaicu@abaroli.md<br \/>\n<\/div><\/div>\n<div class=\"su-spoiler su-spoiler-style-standard su-spoiler-icon-plus su-spoiler-closed\" data-scroll-offset=\"0\" data-anchor-in-url=\"no\"><div class=\"su-spoiler-title\" tabindex=\"0\" role=\"button\"><span class=\"su-spoiler-icon\"><\/span>Monaco<\/div><div class=\"su-spoiler-content su-u-clearfix su-u-trim\">\nNot covered due to microstate rule<br \/>\n<\/div><\/div>\n<div class=\"su-spoiler su-spoiler-style-standard su-spoiler-icon-plus su-spoiler-closed\" data-scroll-offset=\"0\" data-anchor-in-url=\"no\"><div class=\"su-spoiler-title\" tabindex=\"0\" role=\"button\"><span class=\"su-spoiler-icon\"><\/span>Montenegro<\/div><div class=\"su-spoiler-content su-u-clearfix su-u-trim\">\nRAKOCEVIC Velimir<br \/>\nveljorakocevic@yahoo.com<br \/>\n<\/div><\/div>\n<div class=\"su-spoiler su-spoiler-style-standard su-spoiler-icon-plus su-spoiler-closed\" data-scroll-offset=\"0\" data-anchor-in-url=\"no\"><div class=\"su-spoiler-title\" tabindex=\"0\" role=\"button\"><span class=\"su-spoiler-icon\"><\/span>Netherlands<\/div><div class=\"su-spoiler-content su-u-clearfix su-u-trim\">\nSMIT Paul<br \/>\n(also group member)<br \/>\n<\/div><\/div>\n<div class=\"su-spoiler su-spoiler-style-standard su-spoiler-icon-plus su-spoiler-closed\" data-scroll-offset=\"0\" data-anchor-in-url=\"no\"><div class=\"su-spoiler-title\" tabindex=\"0\" role=\"button\"><span class=\"su-spoiler-icon\"><\/span>Norway<\/div><div class=\"su-spoiler-content su-u-clearfix su-u-trim\">\n<\/div><\/div>\n<div class=\"su-spoiler su-spoiler-style-standard su-spoiler-icon-plus su-spoiler-closed\" data-scroll-offset=\"0\" data-anchor-in-url=\"no\"><div class=\"su-spoiler-title\" tabindex=\"0\" role=\"button\"><span class=\"su-spoiler-icon\"><\/span>Poland<\/div><div class=\"su-spoiler-content su-u-clearfix su-u-trim\">\nGRUSZCZYNSKA Beata<br \/>\nUniversity of Warsaw, Chair of Criminology and Criminal Policy and Institute of Justice<br \/>\nUl. Krakowskie Przedmiescie 25<br \/>\nPL-00-071 Warsaw<br \/>\nPoland<br \/>\nb.gruszczynska@uw.edu.pl<br \/>\nPawe\u0142 Ostaszewski<\/p>\n<\/div><\/div>\n<div class=\"su-spoiler su-spoiler-style-standard su-spoiler-icon-plus su-spoiler-closed\" data-scroll-offset=\"0\" data-anchor-in-url=\"no\"><div class=\"su-spoiler-title\" tabindex=\"0\" role=\"button\"><span class=\"su-spoiler-icon\"><\/span>Portugal<\/div><div class=\"su-spoiler-content su-u-clearfix su-u-trim\">\nMORGADO COSTA Maria Jo\u00e3o<br \/>\nDirec\u00e7\u00e3o-Geral da Pol\u00edtica de Justi\u00e7a<br \/>\nAv. Oscar Monteiro Torres 39<br \/>\nPT-1000-216 Lisbon<br \/>\nmjoaocosta@dgpj.mj.pt<\/p>\n<\/div><\/div>\n<div class=\"su-spoiler su-spoiler-style-standard su-spoiler-icon-plus su-spoiler-closed\" data-scroll-offset=\"0\" data-anchor-in-url=\"no\"><div class=\"su-spoiler-title\" tabindex=\"0\" role=\"button\"><span class=\"su-spoiler-icon\"><\/span>Romania<\/div><div class=\"su-spoiler-content su-u-clearfix su-u-trim\">\nTRANDAFIR Andra-Roxana<br \/>\nandra-roxana.trandafir@drept.unibuc.ro<br \/>\n<\/div><\/div>\n<div class=\"su-spoiler su-spoiler-style-standard su-spoiler-icon-plus su-spoiler-closed\" data-scroll-offset=\"0\" data-anchor-in-url=\"no\"><div class=\"su-spoiler-title\" tabindex=\"0\" role=\"button\"><span class=\"su-spoiler-icon\"><\/span>San Marino<\/div><div class=\"su-spoiler-content su-u-clearfix su-u-trim\">\nNot covered due to microstate rule.<br \/>\n<\/div><\/div>\n<div class=\"su-spoiler su-spoiler-style-standard su-spoiler-icon-plus su-spoiler-closed\" data-scroll-offset=\"0\" data-anchor-in-url=\"no\"><div class=\"su-spoiler-title\" tabindex=\"0\" role=\"button\"><span class=\"su-spoiler-icon\"><\/span>Serbia<\/div><div class=\"su-spoiler-content su-u-clearfix su-u-trim\">\nCOPIC Sanja<br \/>\nsanja.copic011@gmail.com<br \/>\n<\/div><\/div>\n<div class=\"su-spoiler su-spoiler-style-standard su-spoiler-icon-plus su-spoiler-closed\" data-scroll-offset=\"0\" data-anchor-in-url=\"no\"><div class=\"su-spoiler-title\" tabindex=\"0\" role=\"button\"><span class=\"su-spoiler-icon\"><\/span>Slovak Republic<\/div><div class=\"su-spoiler-content su-u-clearfix su-u-trim\">\nSVIE\u017dEN\u00dd Richard<br \/>\nrichard.sviezeny@justice.sk<br \/>\n<\/div><\/div>\n<div class=\"su-spoiler su-spoiler-style-standard su-spoiler-icon-plus su-spoiler-closed\" data-scroll-offset=\"0\" data-anchor-in-url=\"no\"><div class=\"su-spoiler-title\" tabindex=\"0\" role=\"button\"><span class=\"su-spoiler-icon\"><\/span>Slovenia<\/div><div class=\"su-spoiler-content su-u-clearfix su-u-trim\">\nRobert Lali\u0107<br \/>\n<\/div><\/div>\n<div class=\"su-spoiler su-spoiler-style-standard su-spoiler-icon-plus su-spoiler-closed\" data-scroll-offset=\"0\" data-anchor-in-url=\"no\"><div class=\"su-spoiler-title\" tabindex=\"0\" role=\"button\"><span class=\"su-spoiler-icon\"><\/span>Spain<\/div><div class=\"su-spoiler-content su-u-clearfix su-u-trim\">\nLINDE Antonia<br \/>\nUniversitat Oberta de Catalunya (Open University of Catalonia)<br \/>\nEspa\u00f1a<br \/>\nalindeg@uoc.edu<br \/>\n<\/div><\/div>\n<div class=\"su-spoiler su-spoiler-style-standard su-spoiler-icon-plus su-spoiler-closed\" data-scroll-offset=\"0\" data-anchor-in-url=\"no\"><div class=\"su-spoiler-title\" tabindex=\"0\" role=\"button\"><span class=\"su-spoiler-icon\"><\/span>Sweden<\/div><div class=\"su-spoiler-content su-u-clearfix su-u-trim\">\nEKSTROM Louise<br \/>\n<\/div><\/div>\n<div class=\"su-spoiler su-spoiler-style-standard su-spoiler-icon-plus su-spoiler-closed\" data-scroll-offset=\"0\" data-anchor-in-url=\"no\"><div class=\"su-spoiler-title\" tabindex=\"0\" role=\"button\"><span class=\"su-spoiler-icon\"><\/span>Switzerland<\/div><div class=\"su-spoiler-content su-u-clearfix su-u-trim\">\nZODER Isabel<\/p>\n<\/div><\/div>\n<div class=\"su-spoiler su-spoiler-style-standard su-spoiler-icon-plus su-spoiler-closed\" data-scroll-offset=\"0\" data-anchor-in-url=\"no\"><div class=\"su-spoiler-title\" tabindex=\"0\" role=\"button\"><span class=\"su-spoiler-icon\"><\/span>Turkey<\/div><div class=\"su-spoiler-content su-u-clearfix su-u-trim\">\nAKDENIZ Galma<br \/>\nIstanbul Bilgi University, Faculty of Law. Haciahmet Mah. Pir H\u00fcsamettin Sokak No:20<br \/>\n34440 Beyoglu Istanbul Turkey<br \/>\ngalma.akdeniz@bilgi.edu.tr<\/p>\n<\/div><\/div>\n<div class=\"su-spoiler su-spoiler-style-standard su-spoiler-icon-plus su-spoiler-closed\" data-scroll-offset=\"0\" data-anchor-in-url=\"no\"><div class=\"su-spoiler-title\" tabindex=\"0\" role=\"button\"><span class=\"su-spoiler-icon\"><\/span>Ukraine<\/div><div class=\"su-spoiler-content su-u-clearfix su-u-trim\">Mykola Karchevskyi<\/p>\n<\/div><\/div>\n<div class=\"su-spoiler su-spoiler-style-standard su-spoiler-icon-plus su-spoiler-closed\" data-scroll-offset=\"0\" data-anchor-in-url=\"no\"><div class=\"su-spoiler-title\" tabindex=\"0\" role=\"button\"><span class=\"su-spoiler-icon\"><\/span>United Kingdom: England and Wales<\/div><div class=\"su-spoiler-content su-u-clearfix su-u-trim\">\nJose PINA-S\u00c1NCHEZ<br \/>\n(also group member)<br \/>\n<\/div><\/div>\n<\/div>\n","protected":false},"excerpt":{"rendered":"<p>Via national correspondents (State of 06.2024)<\/p>\n","protected":false},"author":922,"featured_media":0,"parent":39,"menu_order":0,"comment_status":"closed","ping_status":"closed","template":"","meta":{"_seopress_robots_primary_cat":"","_seopress_titles_title":"","_seopress_titles_desc":"","_seopress_robots_index":"","footnotes":""},"class_list":["post-157","page","type-page","status-publish"],"_links":{"self":[{"href":"https:\/\/wp.unil.ch\/europeansourcebook\/wp-json\/wp\/v2\/pages\/157","targetHints":{"allow":["GET"]}}],"collection":[{"href":"https:\/\/wp.unil.ch\/europeansourcebook\/wp-json\/wp\/v2\/pages"}],"about":[{"href":"https:\/\/wp.unil.ch\/europeansourcebook\/wp-json\/wp\/v2\/types\/page"}],"author":[{"embeddable":true,"href":"https:\/\/wp.unil.ch\/europeansourcebook\/wp-json\/wp\/v2\/users\/922"}],"replies":[{"embeddable":true,"href":"https:\/\/wp.unil.ch\/europeansourcebook\/wp-json\/wp\/v2\/comments?post=157"}],"version-history":[{"count":4,"href":"https:\/\/wp.unil.ch\/europeansourcebook\/wp-json\/wp\/v2\/pages\/157\/revisions"}],"predecessor-version":[{"id":2023,"href":"https:\/\/wp.unil.ch\/europeansourcebook\/wp-json\/wp\/v2\/pages\/157\/revisions\/2023"}],"up":[{"embeddable":true,"href":"https:\/\/wp.unil.ch\/europeansourcebook\/wp-json\/wp\/v2\/pages\/39"}],"wp:attachment":[{"href":"https:\/\/wp.unil.ch\/europeansourcebook\/wp-json\/wp\/v2\/media?parent=157"}],"curies":[{"name":"wp","href":"https:\/\/api.w.org\/{rel}","templated":true}]}}