{"id":243,"date":"2021-11-09T10:15:07","date_gmt":"2021-11-09T09:15:07","guid":{"rendered":"https:\/\/wp.unil.ch\/etude-switch\/?page_id=243"},"modified":"2022-06-07T14:45:29","modified_gmt":"2022-06-07T12:45:29","slug":"nous-contacter","status":"publish","type":"page","link":"https:\/\/wp.unil.ch\/etude-switch\/nous-contacter\/","title":{"rendered":"Nous contacter"},"content":{"rendered":"\n<h2 class=\"has-text-color wp-block-heading\" style=\"color:#126392;font-size:24px\"><strong>Nous contacter<\/strong><\/h2>\n\n\n\n<p>Pour tout besoin, nous vous invitons \u00e0 nous contacter par <strong>courriel <\/strong>\u00e0 l&#8217;adresse:<\/p>\n\n\n\n<p class=\"has-text-align-center has-vivid-cyan-blue-color has-text-color\">etude.switch[a]chuv.ch<\/p>\n\n\n\n<p>Un membre de l&#8217;\u00e9quipe SwiTCH donnera suite \u00e0 votre message dans les meilleurs d\u00e9lais. <\/p>\n\n\n\n<p>En <strong>cas d&#8217;urgence<\/strong>, un responsable de l&#8217;\u00e9tude ou son coordinateur sera \u00e9galement joignable par <strong>t\u00e9l\u00e9phone <\/strong>au num\u00e9ro suivant:<\/p>\n\n\n\n<p class=\"has-text-align-center\">079 556 55 98<\/p>\n","protected":false},"excerpt":{"rendered":"<p>Nous contacter Pour tout besoin, nous vous invitons \u00e0 nous contacter par courriel \u00e0 l&#8217;adresse: etude.switch[a]chuv.ch Un membre de l&#8217;\u00e9quipe SwiTCH donnera suite \u00e0 votre message dans les meilleurs d\u00e9lais. &hellip; <\/p>\n","protected":false},"author":1002310,"featured_media":0,"parent":0,"menu_order":0,"comment_status":"closed","ping_status":"closed","template":"template-builder.php","meta":{"_seopress_robots_primary_cat":"","_seopress_titles_title":"","_seopress_titles_desc":"","_seopress_robots_index":"","footnotes":""},"class_list":["post-243","page","type-page","status-publish"],"_links":{"self":[{"href":"https:\/\/wp.unil.ch\/etude-switch\/wp-json\/wp\/v2\/pages\/243","targetHints":{"allow":["GET"]}}],"collection":[{"href":"https:\/\/wp.unil.ch\/etude-switch\/wp-json\/wp\/v2\/pages"}],"about":[{"href":"https:\/\/wp.unil.ch\/etude-switch\/wp-json\/wp\/v2\/types\/page"}],"author":[{"embeddable":true,"href":"https:\/\/wp.unil.ch\/etude-switch\/wp-json\/wp\/v2\/users\/1002310"}],"replies":[{"embeddable":true,"href":"https:\/\/wp.unil.ch\/etude-switch\/wp-json\/wp\/v2\/comments?post=243"}],"version-history":[{"count":0,"href":"https:\/\/wp.unil.ch\/etude-switch\/wp-json\/wp\/v2\/pages\/243\/revisions"}],"wp:attachment":[{"href":"https:\/\/wp.unil.ch\/etude-switch\/wp-json\/wp\/v2\/media?parent=243"}],"curies":[{"name":"wp","href":"https:\/\/api.w.org\/{rel}","templated":true}]}}