{"id":239,"date":"2021-11-09T09:33:20","date_gmt":"2021-11-09T08:33:20","guid":{"rendered":"https:\/\/wp.unil.ch\/etude-switch\/?page_id=239"},"modified":"2025-03-17T16:05:34","modified_gmt":"2025-03-17T15:05:34","slug":"participer-a-letude","status":"publish","type":"page","link":"https:\/\/wp.unil.ch\/etude-switch\/participer-a-letude\/","title":{"rendered":"Participer \u00e0 l&#8217;\u00e9tude"},"content":{"rendered":"\n<h2 class=\"wp-block-heading is-style-default has-text-color\" style=\"color:#126392;font-size:24px\"><strong>Modalit\u00e9s de participation \u00e0 l&#8217;\u00e9tude<\/strong><\/h2>\n\n\n\n<p>Les inscriptions \u00e0 l&#8217;\u00e9tude sont dor\u00e9navant ferm\u00e9es.<\/p>\n","protected":false},"excerpt":{"rendered":"<p>Modalit\u00e9s de participation \u00e0 l&#8217;\u00e9tude Les inscriptions \u00e0 l&#8217;\u00e9tude sont dor\u00e9navant ferm\u00e9es.<\/p>\n","protected":false},"author":1002310,"featured_media":0,"parent":0,"menu_order":0,"comment_status":"closed","ping_status":"closed","template":"template-builder.php","meta":{"_seopress_robots_primary_cat":"","_seopress_titles_title":"","_seopress_titles_desc":"","_seopress_robots_index":"","footnotes":""},"class_list":["post-239","page","type-page","status-publish"],"_links":{"self":[{"href":"https:\/\/wp.unil.ch\/etude-switch\/wp-json\/wp\/v2\/pages\/239","targetHints":{"allow":["GET"]}}],"collection":[{"href":"https:\/\/wp.unil.ch\/etude-switch\/wp-json\/wp\/v2\/pages"}],"about":[{"href":"https:\/\/wp.unil.ch\/etude-switch\/wp-json\/wp\/v2\/types\/page"}],"author":[{"embeddable":true,"href":"https:\/\/wp.unil.ch\/etude-switch\/wp-json\/wp\/v2\/users\/1002310"}],"replies":[{"embeddable":true,"href":"https:\/\/wp.unil.ch\/etude-switch\/wp-json\/wp\/v2\/comments?post=239"}],"version-history":[{"count":2,"href":"https:\/\/wp.unil.ch\/etude-switch\/wp-json\/wp\/v2\/pages\/239\/revisions"}],"predecessor-version":[{"id":923,"href":"https:\/\/wp.unil.ch\/etude-switch\/wp-json\/wp\/v2\/pages\/239\/revisions\/923"}],"wp:attachment":[{"href":"https:\/\/wp.unil.ch\/etude-switch\/wp-json\/wp\/v2\/media?parent=239"}],"curies":[{"name":"wp","href":"https:\/\/api.w.org\/{rel}","templated":true}]}}