{"id":217,"date":"2021-11-08T16:17:31","date_gmt":"2021-11-08T15:17:31","guid":{"rendered":"https:\/\/wp.unil.ch\/etude-switch\/?page_id=217"},"modified":"2023-04-28T15:10:21","modified_gmt":"2023-04-28T13:10:21","slug":"faq","status":"publish","type":"page","link":"https:\/\/wp.unil.ch\/etude-switch\/faq\/","title":{"rendered":"Foire aux questions"},"content":{"rendered":"\n<h2 class=\"wp-block-heading has-text-align-center is-style-default has-text-color\" style=\"color:#126392;font-size:27px;text-transform:uppercase\"><strong>Public vis\u00e9 par l&#8217;\u00e9tude<\/strong><\/h2>\n\n\n\n<div style=\"height:100px\" aria-hidden=\"true\" class=\"wp-block-spacer\"><\/div>\n\n\n\n<h2 class=\"wp-block-heading has-text-color\" style=\"color:#126392;font-size:18px\"><strong><em>Qui peut participer \u00e0 l&#8217;\u00e9tude SwiTCH?<\/em><\/strong><\/h2>\n\n\n\n<p class=\"has-text-align-left\">L&#8217;\u00e9tude SwiTCH est ouverte \u00e0 <strong>toutes les personnes enceintes de plus de 16 ans<\/strong>, <strong>ainsi qu&#8217;\u00e0 leurs partenaires<\/strong>, &nbsp;r\u00e9sidant dans les cantons de Vaud, Fribourg, Neuch\u00e2tel, Valais et Gen\u00e8ve.<\/p>\n\n\n\n<p class=\"has-text-align-left\"> SwiTCH est une \u00e9tude dans laquelle l&#8217;on cherche \u00e0 d\u00e9terminer la proportion de personnes pouvant conna\u00eetre des difficult\u00e9s ou un stress important en lien avec la naissance de l&#8217;enfant, les facteurs pouvant augmenter ou r\u00e9duire la probabilit\u00e9 de survenue de ces difficult\u00e9s, et les cons\u00e9quences de ce stress durant l&#8217;ann\u00e9e suivant l&#8217;accouchement.<\/p>\n\n\n\n<p>Pour cette raison, les personnes en bonne sant\u00e9 ou ne connaissant aucune difficult\u00e9 sont aussi importantes et utiles \u00e0 l&#8217;\u00e9tude que celles qui connaissent des probl\u00e8mes de sant\u00e9.<\/p>\n\n\n\n<div style=\"height:100px\" aria-hidden=\"true\" class=\"wp-block-spacer\"><\/div>\n\n\n\n<h2 class=\"wp-block-heading has-text-align-center is-style-default has-text-color\" style=\"color:#126392;font-size:28px;text-transform:uppercase\"><strong><strong>Participants mineurs<\/strong><\/strong><\/h2>\n\n\n\n<div style=\"height:100px\" aria-hidden=\"true\" class=\"wp-block-spacer\"><\/div>\n\n\n\n<p class=\"has-text-color\" style=\"color:#126392;font-size:18px\"><strong><em>J&#8217;attends un enfant mais n&#8217;ai pas encore 18 ans, mes parents en seront-ils avertis si je participe \u00e0 l&#8217;\u00e9tude?<\/em><\/strong><\/p>\n\n\n\n<p>Non. Les personnes mineures de 16 ans ou plus peuvent participer \u00e0 l&#8217;\u00e9tude <strong>sans avoir \u00e0 demander l&#8217;accord de leurs parents ou de leur repr\u00e9sentant l\u00e9gal<\/strong>. L&#8217;\u00e9quipe de recherche garantit la confidentialit\u00e9 des informations fournies, ce qui signifie qu&#8217;elle n&#8217;aura aucun contact avec les parents de participants mineurs.<\/p>\n\n\n\n<p>Dans le cas des personnes incapables de discernement au sens de la loi, l&#8217;accord du repr\u00e9sentant l\u00e9gal est requis, m\u00eame pour les personnes de plus 18 ans.<\/p>\n\n\n\n<div style=\"height:100px\" aria-hidden=\"true\" class=\"wp-block-spacer\"><\/div>\n\n\n\n<h2 class=\"wp-block-heading has-text-align-center is-style-default has-text-color\" style=\"color:#126392;font-size:28px;text-transform:uppercase\"><strong>Participants majeurs<\/strong><\/h2>\n\n\n\n<div style=\"height:100px\" aria-hidden=\"true\" class=\"wp-block-spacer\"><\/div>\n\n\n\n<p class=\"has-text-color has-medium-font-size\" style=\"color:#126392\"><strong><strong><em>L&#8217;\u00e9tude SwiTCH est-elle ouverte aux personnes seules?<\/em><\/strong><\/strong><\/p>\n\n\n\n<p><strong>Oui<\/strong>. L&#8217;\u00e9tude s&#8217;int\u00e9resse au v\u00e9cu des deux parents, mais aussi \u00e0 celui des <strong>personnes enceintes seules<\/strong>, enceintes d&#8217;un p\u00e8re inconnu, ou comptant \u00e9lever leur enfant sans l&#8217;aide de leur partenaire.<\/p>\n\n\n\n<p class=\"has-text-color has-medium-font-size\" style=\"color:#126392\"><strong><strong><em>L&#8217;\u00e9tude SwiTCH est-elle ouverte aux couples LGBTIQ+?<\/em><\/strong><\/strong><\/p>\n\n\n\n<p><strong>Oui<\/strong>. L&#8217;\u00e9tude vise \u00e0 collecter des informations <strong>repr\u00e9sentatives sur les nouveaux parents de la population suisse <\/strong>et leur v\u00e9cu. Pour cette raison, tous les types de couples et de familles nous int\u00e9ressent, pas uniquement les couples compos\u00e9s d&#8217;un homme et d&#8217;une femme.<\/p>\n\n\n\n<p class=\"has-text-color has-medium-font-size\" style=\"color:#126392\"><strong><strong><em>L&#8217;\u00e9tude SwiTCH est-elle ouverte aux parents qui ont d\u00e9j\u00e0 un ou plusieurs enfants?<\/em><\/strong><\/strong><\/p>\n\n\n\n<p><strong>Oui<\/strong>.  L&#8217;\u00e9tude est ouverte aux <strong>parents et futurs parents<\/strong>, qu&#8217;ils aient d\u00e9j\u00e0 un enfant ou non. <\/p>\n","protected":false},"excerpt":{"rendered":"<p>Public vis\u00e9 par l&#8217;\u00e9tude Qui peut participer \u00e0 l&#8217;\u00e9tude SwiTCH? L&#8217;\u00e9tude SwiTCH est ouverte \u00e0 toutes les personnes enceintes de plus de 16 ans, ainsi qu&#8217;\u00e0 leurs partenaires, &nbsp;r\u00e9sidant dans &hellip; <\/p>\n","protected":false},"author":1002310,"featured_media":0,"parent":0,"menu_order":0,"comment_status":"closed","ping_status":"closed","template":"template-builder.php","meta":{"_seopress_robots_primary_cat":"","_seopress_titles_title":"","_seopress_titles_desc":"","_seopress_robots_index":"","footnotes":""},"class_list":["post-217","page","type-page","status-publish"],"_links":{"self":[{"href":"https:\/\/wp.unil.ch\/etude-switch\/wp-json\/wp\/v2\/pages\/217","targetHints":{"allow":["GET"]}}],"collection":[{"href":"https:\/\/wp.unil.ch\/etude-switch\/wp-json\/wp\/v2\/pages"}],"about":[{"href":"https:\/\/wp.unil.ch\/etude-switch\/wp-json\/wp\/v2\/types\/page"}],"author":[{"embeddable":true,"href":"https:\/\/wp.unil.ch\/etude-switch\/wp-json\/wp\/v2\/users\/1002310"}],"replies":[{"embeddable":true,"href":"https:\/\/wp.unil.ch\/etude-switch\/wp-json\/wp\/v2\/comments?post=217"}],"version-history":[{"count":0,"href":"https:\/\/wp.unil.ch\/etude-switch\/wp-json\/wp\/v2\/pages\/217\/revisions"}],"wp:attachment":[{"href":"https:\/\/wp.unil.ch\/etude-switch\/wp-json\/wp\/v2\/media?parent=217"}],"curies":[{"name":"wp","href":"https:\/\/api.w.org\/{rel}","templated":true}]}}