{"id":6,"date":"2019-11-28T16:00:19","date_gmt":"2019-11-28T15:00:19","guid":{"rendered":"http:\/\/wp.unil.ch\/modele\/?page_id=6"},"modified":"2023-07-19T15:58:52","modified_gmt":"2023-07-19T13:58:52","slug":"home","status":"publish","type":"page","link":"https:\/\/wp.unil.ch\/etude-superstar\/","title":{"rendered":"Etude SUPERSTAR : Pr\u00e9sentation de l&rsquo;\u00e9tude"},"content":{"rendered":"\n<figure class=\"wp-block-image alignwide size-large\"><img alt=\"\" loading=\"lazy\" decoding=\"async\" width=\"1024\" height=\"683\" src=\"https:\/\/wp.unil.ch\/etude-superstar\/files\/2023\/01\/HQD-1-1024x683.jpg\" alt=\"\" class=\"wp-image-166\" srcset=\"https:\/\/wp.unil.ch\/etude-superstar\/files\/2023\/01\/HQD-1-1024x683.jpg 1024w, https:\/\/wp.unil.ch\/etude-superstar\/files\/2023\/01\/HQD-1-300x200.jpg 300w, https:\/\/wp.unil.ch\/etude-superstar\/files\/2023\/01\/HQD-1-768x513.jpg 768w, https:\/\/wp.unil.ch\/etude-superstar\/files\/2023\/01\/HQD-1-1536x1025.jpg 1536w, https:\/\/wp.unil.ch\/etude-superstar\/files\/2023\/01\/HQD-1-540x360.jpg 540w, https:\/\/wp.unil.ch\/etude-superstar\/files\/2023\/01\/HQD-1-1080x721.jpg 1080w, https:\/\/wp.unil.ch\/etude-superstar\/files\/2023\/01\/HQD-1.jpg 1798w\" sizes=\"auto, (max-width: 1024px) 100vw, 1024px\" \/><\/figure>\n\n\n\n<p class=\"has-text-align-center has-larger-font-size\"><strong>Parents pour la premi\u00e8re fois&nbsp;?<\/strong><\/p>\n\n\n\n<p class=\"has-text-align-center has-larger-font-size\"><strong>Nous sommes int\u00e9ress\u00e9s \u00e0 mieux conna\u00eetre vos besoins apr\u00e8s l\u2019accouchement lors de votre s\u00e9jour \u00e0 la maternit\u00e9.&nbsp;<\/strong><\/p>\n\n\n\n<h2 class=\"wp-block-heading has-text-color\" style=\"color:#9e1962\">Pr\u00e9sentation<\/h2>\n\n\n\n<p>Devenir parent pour la premi\u00e8re fois est souvent v\u00e9cu comme une exp\u00e9rience heureuse, mais qui peut aussi \u00eatre stressante. La premi\u00e8re semaine suivant l\u2019accouchement est un moment o\u00f9 les parents doivent faire face \u00e0 de nombreux changements (changement de r\u00f4le, changements sociaux et \u00e9motionnels). L\u2019exp\u00e9rience de l\u2019accouchement et les changements qui s\u2019ensuivent peuvent induire un \u00e9tat de stress s\u00e9v\u00e8re ou de la d\u00e9pression. Nous savons qu\u2019un soutien appropri\u00e9 peut aider la transition \u00e0 la parentalit\u00e9, mais nous pensons que les besoins des parents ne sont pas toujours satisfaits. Aujourd\u2019hui, nous ne disposons pas suffisamment d\u2019informations concernant le soutien prodigu\u00e9 aux parents par les professionnel-le-s de la sant\u00e9 durant cette premi\u00e8re semaine suivant l\u2019accouchement et si les besoins de soutien sont satisfaits ou non.<\/p>\n\n\n\n<p class=\"has-text-align-center has-buttons-text-color has-text-color has-background\" style=\"background-color:#9e1962b8\"><strong>Notre projet de recherche vise \u00e0 mieux comprendre les besoins de soutien des parents pour la premi\u00e8re fois, lors de la premi\u00e8re semaine apr\u00e8s l\u2019accouchement et le r\u00f4le du soutien apport\u00e9 par les professionnel\u00b7le\u00b7s de la sant\u00e9 durant cette p\u00e9riode.<\/strong><\/p>\n\n\n\n<p>Le recrutement de cette \u00e9tude se d\u00e9roule dans plusieurs h\u00f4pitaux&nbsp;: Le CHUV, \u00e0 Lausanne, l\u2019h\u00f4pital de Neuch\u00e2tel, Morges, Nyon, Yverdon et Rennaz, ainsi que sur les r\u00e9seaux sociaux. Elle va se d\u00e9rouler sur une p\u00e9riode de 2 ans.<\/p>\n\n\n\n<p>Un total de 500 parents (250 m\u00e8res et 250 partenaires) est n\u00e9cessaire pour la r\u00e9alisation de cette \u00e9tude.<\/p>\n\n\n\n<p>Nous effectuons ce projet dans le respect des prescriptions de la l\u00e9gislation suisse. La commission cantonale d\u2019\u00e9thique comp\u00e9tente a contr\u00f4l\u00e9 et autoris\u00e9 le projet.<\/p>\n\n\n\n<div class=\"wp-block-group alignwide is-nowrap is-layout-flex wp-container-core-group-is-layout-ad2f72ca wp-block-group-is-layout-flex\">\n<div class=\"wp-block-buttons is-layout-flex wp-block-buttons-is-layout-flex\">\n<div class=\"wp-block-button\"><a class=\"wp-block-button__link has-background wp-element-button\" href=\"https:\/\/wp.unil.ch\/etude-superstar\/home\/qui-peut-participer-a-letude\/\" style=\"border-radius:0px;background-color:#9e1962\">Qui peut participer \u00e0 l&rsquo;\u00e9tude ?<\/a><\/div>\n\n\n\n<div class=\"wp-block-button\"><a class=\"wp-block-button__link has-background wp-element-button\" href=\"https:\/\/wp.unil.ch\/etude-superstar\/home\/quel-est-mon-interet-a-participer\/\" style=\"border-radius:0px;background-color:#9e1962\">Quel est mon int\u00e9r\u00eat \u00e0 participer ?<\/a><\/div>\n\n\n\n<div class=\"wp-block-button\"><a class=\"wp-block-button__link has-background wp-element-button\" href=\"https:\/\/wp.unil.ch\/etude-superstar\/home\/deroulement-de-letude\/\" style=\"border-radius:0px;background-color:#9e1962\">D\u00e9roulement de l&rsquo;\u00e9tude<\/a><\/div>\n\n\n\n<div class=\"wp-block-button\"><a class=\"wp-block-button__link has-background wp-element-button\" href=\"https:\/\/wp.unil.ch\/etude-superstar\/equipe\/\" style=\"border-radius:0px;background-color:#9e1962\">\u00c9quipe<\/a><\/div>\n<\/div>\n<\/div>\n\n\n\n<div class=\"wp-block-cover alignfull is-light\"><span aria-hidden=\"true\" class=\"wp-block-cover__background has-background-dim\" style=\"background-color:#906186\"><\/span><img alt=\"\" loading=\"lazy\" decoding=\"async\" width=\"1798\" height=\"1200\" class=\"wp-block-cover__image-background wp-image-339\" alt=\"\" src=\"https:\/\/wp.unil.ch\/etude-superstar\/files\/2023\/01\/HQD-1-NB-1.jpg\" data-object-fit=\"cover\" srcset=\"https:\/\/wp.unil.ch\/etude-superstar\/files\/2023\/01\/HQD-1-NB-1.jpg 1798w, https:\/\/wp.unil.ch\/etude-superstar\/files\/2023\/01\/HQD-1-NB-1-300x200.jpg 300w, https:\/\/wp.unil.ch\/etude-superstar\/files\/2023\/01\/HQD-1-NB-1-1024x683.jpg 1024w, https:\/\/wp.unil.ch\/etude-superstar\/files\/2023\/01\/HQD-1-NB-1-768x513.jpg 768w, https:\/\/wp.unil.ch\/etude-superstar\/files\/2023\/01\/HQD-1-NB-1-1536x1025.jpg 1536w, https:\/\/wp.unil.ch\/etude-superstar\/files\/2023\/01\/HQD-1-NB-1-540x360.jpg 540w, https:\/\/wp.unil.ch\/etude-superstar\/files\/2023\/01\/HQD-1-NB-1-1080x721.jpg 1080w\" sizes=\"auto, (max-width: 1798px) 100vw, 1798px\" \/><div class=\"wp-block-cover__inner-container is-layout-flow wp-block-cover-is-layout-flow\">\n<p class=\"has-text-align-center has-background has-larger-font-size\" style=\"background-color:#ed91e900\"><strong><a href=\"https:\/\/redcap.unisante.ch\/surveys\/?s=FF4KMEHR9KLN7FPF\" target=\"_blank\" rel=\"noreferrer noopener\">Je souhaite participer \u00e0 l&rsquo;\u00e9tude !<\/a><\/strong><\/p>\n<\/div><\/div>\n\n\n\n<hr class=\"wp-block-separator has-alpha-channel-opacity\" \/>\n\n\n\n<div class=\"wp-block-group is-content-justification-center is-nowrap is-layout-flex wp-container-core-group-is-layout-94bc23d7 wp-block-group-is-layout-flex\">\n<figure class=\"wp-block-image size-full is-resized\"><img alt=\"\" loading=\"lazy\" decoding=\"async\" src=\"https:\/\/wp.unil.ch\/etude-superstar\/files\/2023\/01\/IUFRS_logo.png\" alt=\"\" class=\"wp-image-293\" width=\"150\" height=\"52\" \/><\/figure>\n\n\n\n<figure class=\"wp-block-image size-full is-resized\"><img alt=\"\" loading=\"lazy\" decoding=\"async\" src=\"https:\/\/wp.unil.ch\/etude-superstar\/files\/2023\/01\/logo-2.png\" alt=\"\" class=\"wp-image-294\" width=\"93\" height=\"50\" \/><\/figure>\n<\/div>\n","protected":false},"excerpt":{"rendered":"<p>Parents pour la premi\u00e8re fois&nbsp;? Nous sommes int\u00e9ress\u00e9s \u00e0 mieux conna\u00eetre vos besoins apr\u00e8s l\u2019accouchement lors de votre s\u00e9jour \u00e0 la maternit\u00e9.&nbsp; Pr\u00e9sentation Devenir parent pour la premi\u00e8re&hellip;<\/p>\n","protected":false},"author":108,"featured_media":0,"parent":0,"menu_order":0,"comment_status":"closed","ping_status":"closed","template":"template-full-width.php","meta":{"_seopress_robots_primary_cat":"","_seopress_titles_title":"","_seopress_titles_desc":"","_seopress_robots_index":"","footnotes":""},"class_list":["post-6","page","type-page","status-publish","has-post-thumbnail"],"_links":{"self":[{"href":"https:\/\/wp.unil.ch\/etude-superstar\/wp-json\/wp\/v2\/pages\/6","targetHints":{"allow":["GET"]}}],"collection":[{"href":"https:\/\/wp.unil.ch\/etude-superstar\/wp-json\/wp\/v2\/pages"}],"about":[{"href":"https:\/\/wp.unil.ch\/etude-superstar\/wp-json\/wp\/v2\/types\/page"}],"author":[{"embeddable":true,"href":"https:\/\/wp.unil.ch\/etude-superstar\/wp-json\/wp\/v2\/users\/108"}],"replies":[{"embeddable":true,"href":"https:\/\/wp.unil.ch\/etude-superstar\/wp-json\/wp\/v2\/comments?post=6"}],"version-history":[{"count":0,"href":"https:\/\/wp.unil.ch\/etude-superstar\/wp-json\/wp\/v2\/pages\/6\/revisions"}],"wp:attachment":[{"href":"https:\/\/wp.unil.ch\/etude-superstar\/wp-json\/wp\/v2\/media?parent=6"}],"curies":[{"name":"wp","href":"https:\/\/api.w.org\/{rel}","templated":true}]}}