{"id":398,"date":"2023-01-30T10:40:36","date_gmt":"2023-01-30T09:40:36","guid":{"rendered":"https:\/\/wp.unil.ch\/etude-superstar\/?page_id=398"},"modified":"2023-07-19T16:04:50","modified_gmt":"2023-07-19T14:04:50","slug":"equipe","status":"publish","type":"page","link":"https:\/\/wp.unil.ch\/etude-superstar\/home\/equipe\/","title":{"rendered":"\u00c9quipe"},"content":{"rendered":"\n<figure class=\"wp-block-image size-large\"><img alt=\"\" loading=\"lazy\" decoding=\"async\" width=\"1024\" height=\"683\" src=\"https:\/\/wp.unil.ch\/etude-superstar\/files\/2023\/01\/HQD-1-5-1024x683.jpg\" alt=\"\" class=\"wp-image-403\" srcset=\"https:\/\/wp.unil.ch\/etude-superstar\/files\/2023\/01\/HQD-1-5-1024x683.jpg 1024w, https:\/\/wp.unil.ch\/etude-superstar\/files\/2023\/01\/HQD-1-5-300x200.jpg 300w, https:\/\/wp.unil.ch\/etude-superstar\/files\/2023\/01\/HQD-1-5-768x513.jpg 768w, https:\/\/wp.unil.ch\/etude-superstar\/files\/2023\/01\/HQD-1-5-1536x1025.jpg 1536w, https:\/\/wp.unil.ch\/etude-superstar\/files\/2023\/01\/HQD-1-5-540x360.jpg 540w, https:\/\/wp.unil.ch\/etude-superstar\/files\/2023\/01\/HQD-1-5-1080x721.jpg 1080w, https:\/\/wp.unil.ch\/etude-superstar\/files\/2023\/01\/HQD-1-5.jpg 1798w\" sizes=\"auto, (max-width: 1024px) 100vw, 1024px\" \/><\/figure>\n\n\n\n<h2 class=\"wp-block-heading has-text-align-left has-buttons-text-background-color has-text-color has-background\" style=\"color:#9e1962\">Responsables du projet<\/h2>\n\n\n\n<h3 class=\"wp-block-heading has-text-color\" style=\"color:#9e1962a6\"><a href=\"https:\/\/applicationspub.unil.ch\/interpub\/noauth\/php\/Un\/UnPers.php?PerNum=1128789&amp;LanCode=37\" target=\"_blank\" rel=\"noreferrer noopener\">Antje Horsch<\/a><\/h3>\n\n\n\n<p>Antje Horsch est professeure associ\u00e9e&nbsp;\u00e0 l\u2019Institut universitaire de formation et de recherche en soins (IUFRS) \u00e0 la facult\u00e9 de biologie et de m\u00e9decine \u00e0 l\u2019Universit\u00e9 de Lausanne. Elle est aussi affili\u00e9e au D\u00e9partement Femme-M\u00e8re-Enfant (DFME) du Centre Hospitalier Universitaire Vaudois (CHUV) en tant que collaboratrice scientifique.<\/p>\n\n\n\n<p>Psychologue clinicienne de formation, Antje Horsch a r\u00e9alis\u00e9 son doctorat \u00e0 l\u2019Universit\u00e9 d\u2019Oxford (Royaume-Uni) en 2004. Ses exp\u00e9riences en tant que psychoth\u00e9rapeute d\u2019enfants et d\u2019adultes lui ont servi \u00e9galement \u00e0 inspirer et motiver ses axes de recherche. A Oxford, elle dirigeait des \u00e9tudes identifiant les facteurs de risque psychologiques li\u00e9s au d\u00e9veloppement des probl\u00e8mes de sant\u00e9 mentale chez des parents suite aux \u00e9v\u00e8nements stressants ou traumatiques en lien avec leur enfant, la grossesse ou l\u2019accouchement.<\/p>\n\n\n\n<p>Au c\u0153ur du DFME, elle y a d\u00e9velopp\u00e9 le Lausanne Perinatal Research Group avec un focus sur l\u2019impact du stress et du traumatisme sur la sant\u00e9 mentale des parents et de leurs enfants durant la p\u00e9riode p\u00e9rinatale.<\/p>\n\n\n\n<h3 class=\"wp-block-heading has-text-color\" style=\"color:#9e1962a6\"><a href=\"https:\/\/applicationspub.unil.ch\/interpub\/noauth\/php\/Un\/UnPers.php?PerNum=1102215&amp;LanCode=37\" target=\"_blank\" rel=\"noreferrer noopener\">Anne-Sylvie Ramelet<\/a><\/h3>\n\n\n\n<p><strong>Anne-Sylvie Ramelet<\/strong> est Professeure ordinaire \u00e0 l&rsquo;Institut universitaire de formation et de recherche en soins-IUFRS de la Facult\u00e9 de biologie et de m\u00e9decine, \u00e0 l&rsquo;Universit\u00e9 de Lausanne. Elle est \u00e9galement Infirmi\u00e8re consultante en recherche au D\u00e9partement femme-m\u00e8re-enfant du Centre Hospitalier Universitaire Vaudois (CHUV) de Lausanne.<\/p>\n\n\n\n<p>Infirmi\u00e8re en hygi\u00e8ne maternelle et p\u00e9diatrie (HMP) et en soins intensifs adultes et en p\u00e9diatrie. Motiv\u00e9e \u00e0 poursuivre une carri\u00e8re acad\u00e9mique, en 2008 elle obtient son doctorat en sciences infirmi\u00e8res \u00e0 l&rsquo;\u00c9cole des Sciences infirmi\u00e8res de l&rsquo;Universit\u00e9 de Curtin, en Australie occidentale.<\/p>\n\n\n\n<p>Son exp\u00e9rience clinique de plus de 15 ans comme infirmi\u00e8re aux soins intensifs a largement contribu\u00e9 \u00e0 inspirer sa programmation de recherche. Celle-ci a d\u00e9but\u00e9 \u00e0 l\u2019h\u00f4pital pour enfants Princess Margaret (Australie) et se d\u00e9veloppe aujourd\u2019hui principalement au CHUV, mais aussi plus largement en Suisse. La programmation de recherche de Prof. Ramelet s\u2019articule sur deux axes centr\u00e9s sur les patients non-communicants aux soins intensifs et\/ou c\u00e9r\u00e9bro-l\u00e9s\u00e9s. Le premier axe concerne la douleur chez les patients non communicants aux soins intensifs adultes et p\u00e9diatriques, en particulier chez le petit enfant. Le deuxi\u00e8me axe concerne le soutien aux familles de patients hospitalis\u00e9s dans des unit\u00e9s de soins critiques ou aigus.<\/p>\n\n\n\n<h3 class=\"wp-block-heading has-text-color\" style=\"color:#9e1962a6\">Elisabeth Schobinger<\/h3>\n\n\n\n<p>Elisabeth Schobinger est doctorante en sciences infirmi\u00e8res \u00e0 l&rsquo;Institut universitaire de formation et de recherche en soins-IUFRS de la Facult\u00e9 de biologie et de m\u00e9decine, \u00e0 l&rsquo;Universit\u00e9 de Lausanne.<\/p>\n\n\n\n<p>Infirmi\u00e8re diplom\u00e9e depuis 2011, Elisabeth Schobinger rejoint le Lausanne Perinatal Research Group en tant qu\u2019\u00e9tudiante Master en Sciences Infirmi\u00e8res en 2017. Dans le cadre de son m\u00e9moire, elle s&rsquo;est int\u00e9ress\u00e9e \u00e0 l\u2019\u00e9tat de stress aigu et l\u2019\u00e9tat de stress post-traumatique qui peuvent \u00eatre induit par l\u2019accouchement chez les parents. Son projet de doctorat vise \u00e0 mieux comprendre les besoins de soutien social des parents<em> <\/em>pour la premi\u00e8re fois, lors de leur s\u00e9jour en postpartum et les comportements que les infirmi\u00e8res d\u00e9montrent pour r\u00e9pondre aux besoins des parents. De par son doctorat, elle esp\u00e8re pouvoir am\u00e9liorer les soins et l&rsquo;accompagnement propos\u00e9s en milieu hospitalier, lors du s\u00e9jour apr\u00e8s l&rsquo;accouchement<\/p>\n\n\n\n<div class=\"wp-block-group is-nowrap is-layout-flex wp-container-core-group-is-layout-ad2f72ca wp-block-group-is-layout-flex\">\n<div class=\"wp-block-buttons is-layout-flex wp-block-buttons-is-layout-flex\">\n<div class=\"wp-block-button\"><a class=\"wp-block-button__link has-background wp-element-button\" href=\"https:\/\/wp.unil.ch\/etude-superstar\/home\/qui-peut-participer-a-letude\/\" style=\"border-radius:0px;background-color:#9e1962\">Qui peut participer \u00e0 l&rsquo;\u00e9tude?<\/a><\/div>\n<\/div>\n\n\n\n<div class=\"wp-block-buttons is-layout-flex wp-block-buttons-is-layout-flex\">\n<div class=\"wp-block-button\"><a class=\"wp-block-button__link has-background wp-element-button\" href=\"https:\/\/wp.unil.ch\/etude-superstar\/home\/quel-est-mon-interet-a-participer\/\" style=\"border-radius:0px;background-color:#9e1962\">Quel est mon int\u00e9r\u00eat \u00e0 participer?<\/a><\/div>\n<\/div>\n\n\n\n<div class=\"wp-block-buttons is-layout-flex wp-block-buttons-is-layout-flex\">\n<div class=\"wp-block-button\"><a class=\"wp-block-button__link has-background wp-element-button\" href=\"https:\/\/wp.unil.ch\/etude-superstar\/home\/deroulement-de-letude\/\" style=\"border-radius:0px;background-color:#9e1962\">D\u00e9roulement de l&rsquo;\u00e9tude<\/a><\/div>\n<\/div>\n<\/div>\n\n\n\n<p><\/p>\n\n\n\n<div class=\"wp-block-buttons is-content-justification-center is-layout-flex wp-container-core-buttons-is-layout-16018d1d wp-block-buttons-is-layout-flex\">\n<div class=\"wp-block-button\"><a class=\"wp-block-button__link has-buttons-text-color has-text-color has-background wp-element-button\" href=\"https:\/\/wp.unil.ch\/etude-superstar\/contacts\/\" style=\"border-radius:0px;background-color:#9e1962\">Contact<\/a><\/div>\n<\/div>\n\n\n\n<div class=\"wp-block-cover alignfull is-light\"><span aria-hidden=\"true\" class=\"wp-block-cover__background has-background-dim\" style=\"background-color:#906186\"><\/span><img alt=\"\" loading=\"lazy\" decoding=\"async\" width=\"1798\" height=\"1200\" class=\"wp-block-cover__image-background wp-image-432\" alt=\"\" src=\"https:\/\/wp.unil.ch\/etude-superstar\/files\/2023\/01\/HQD-1-NB-6.jpg\" data-object-fit=\"cover\" srcset=\"https:\/\/wp.unil.ch\/etude-superstar\/files\/2023\/01\/HQD-1-NB-6.jpg 1798w, https:\/\/wp.unil.ch\/etude-superstar\/files\/2023\/01\/HQD-1-NB-6-300x200.jpg 300w, https:\/\/wp.unil.ch\/etude-superstar\/files\/2023\/01\/HQD-1-NB-6-1024x683.jpg 1024w, https:\/\/wp.unil.ch\/etude-superstar\/files\/2023\/01\/HQD-1-NB-6-768x513.jpg 768w, https:\/\/wp.unil.ch\/etude-superstar\/files\/2023\/01\/HQD-1-NB-6-1536x1025.jpg 1536w, https:\/\/wp.unil.ch\/etude-superstar\/files\/2023\/01\/HQD-1-NB-6-540x360.jpg 540w, https:\/\/wp.unil.ch\/etude-superstar\/files\/2023\/01\/HQD-1-NB-6-1080x721.jpg 1080w\" sizes=\"auto, (max-width: 1798px) 100vw, 1798px\" \/><div class=\"wp-block-cover__inner-container is-layout-flow wp-block-cover-is-layout-flow\">\n<p class=\"has-text-align-center has-larger-font-size\"><a href=\"https:\/\/redcap.unisante.ch\/surveys\/?s=3NYCWC9HT7EDFPMN\"><strong>Je souhaite p<\/strong><\/a><strong><a href=\"https:\/\/redcap.unisante.ch\/surveys\/?s=FF4KMEHR9KLN7FPF\">artic<\/a><\/strong><a href=\"https:\/\/redcap.unisante.ch\/surveys\/?s=FF4KMEHR9KLN7FPF\"><strong>iper \u00e0 l&rsquo;\u00e9tude!<\/strong><\/a><\/p>\n<\/div><\/div>\n\n\n\n<hr class=\"wp-block-separator has-alpha-channel-opacity\" \/>\n\n\n\n<div class=\"wp-block-group is-content-justification-center is-nowrap is-layout-flex wp-container-core-group-is-layout-94bc23d7 wp-block-group-is-layout-flex\">\n<figure class=\"wp-block-image size-full is-resized\"><img alt=\"\" loading=\"lazy\" decoding=\"async\" src=\"https:\/\/wp.unil.ch\/etude-superstar\/files\/2023\/01\/IUFRS_logo-6.png\" alt=\"\" class=\"wp-image-440\" width=\"150\" height=\"52\" \/><\/figure>\n\n\n\n<figure class=\"wp-block-image size-full is-resized\"><img alt=\"\" loading=\"lazy\" decoding=\"async\" src=\"https:\/\/wp.unil.ch\/etude-superstar\/files\/2023\/01\/logo-8.png\" alt=\"\" class=\"wp-image-441\" width=\"93\" height=\"50\" \/><\/figure>\n<\/div>\n","protected":false},"excerpt":{"rendered":"<p>Responsables du projet Antje Horsch Antje Horsch est professeure associ\u00e9e&nbsp;\u00e0 l\u2019Institut universitaire de formation et de recherche en soins (IUFRS) \u00e0 la facult\u00e9 de biologie et de m\u00e9decine&hellip;<\/p>\n","protected":false},"author":1002557,"featured_media":0,"parent":6,"menu_order":0,"comment_status":"closed","ping_status":"closed","template":"template-full-width.php","meta":{"_seopress_robots_primary_cat":"","_seopress_titles_title":"","_seopress_titles_desc":"","_seopress_robots_index":"","footnotes":""},"class_list":["post-398","page","type-page","status-publish","has-post-thumbnail"],"_links":{"self":[{"href":"https:\/\/wp.unil.ch\/etude-superstar\/wp-json\/wp\/v2\/pages\/398","targetHints":{"allow":["GET"]}}],"collection":[{"href":"https:\/\/wp.unil.ch\/etude-superstar\/wp-json\/wp\/v2\/pages"}],"about":[{"href":"https:\/\/wp.unil.ch\/etude-superstar\/wp-json\/wp\/v2\/types\/page"}],"author":[{"embeddable":true,"href":"https:\/\/wp.unil.ch\/etude-superstar\/wp-json\/wp\/v2\/users\/1002557"}],"replies":[{"embeddable":true,"href":"https:\/\/wp.unil.ch\/etude-superstar\/wp-json\/wp\/v2\/comments?post=398"}],"version-history":[{"count":0,"href":"https:\/\/wp.unil.ch\/etude-superstar\/wp-json\/wp\/v2\/pages\/398\/revisions"}],"up":[{"embeddable":true,"href":"https:\/\/wp.unil.ch\/etude-superstar\/wp-json\/wp\/v2\/pages\/6"}],"wp:attachment":[{"href":"https:\/\/wp.unil.ch\/etude-superstar\/wp-json\/wp\/v2\/media?parent=398"}],"curies":[{"name":"wp","href":"https:\/\/api.w.org\/{rel}","templated":true}]}}