{"id":220,"date":"2023-01-13T16:43:49","date_gmt":"2023-01-13T15:43:49","guid":{"rendered":"https:\/\/wp.unil.ch\/etude-superstar\/?page_id=220"},"modified":"2023-03-10T21:46:26","modified_gmt":"2023-03-10T20:46:26","slug":"remerciements","status":"publish","type":"page","link":"https:\/\/wp.unil.ch\/etude-superstar\/remerciements\/","title":{"rendered":"Remerciements"},"content":{"rendered":"\n<figure class=\"wp-block-image size-large\"><img alt=\"\" loading=\"lazy\" decoding=\"async\" width=\"1024\" height=\"683\" src=\"https:\/\/wp.unil.ch\/etude-superstar\/files\/2023\/01\/HQD-1-4-1024x683.jpg\" alt=\"\" class=\"wp-image-355\" srcset=\"https:\/\/wp.unil.ch\/etude-superstar\/files\/2023\/01\/HQD-1-4-1024x683.jpg 1024w, https:\/\/wp.unil.ch\/etude-superstar\/files\/2023\/01\/HQD-1-4-300x200.jpg 300w, https:\/\/wp.unil.ch\/etude-superstar\/files\/2023\/01\/HQD-1-4-768x513.jpg 768w, https:\/\/wp.unil.ch\/etude-superstar\/files\/2023\/01\/HQD-1-4-1536x1025.jpg 1536w, https:\/\/wp.unil.ch\/etude-superstar\/files\/2023\/01\/HQD-1-4-540x360.jpg 540w, https:\/\/wp.unil.ch\/etude-superstar\/files\/2023\/01\/HQD-1-4-1080x721.jpg 1080w, https:\/\/wp.unil.ch\/etude-superstar\/files\/2023\/01\/HQD-1-4.jpg 1798w\" sizes=\"auto, (max-width: 1024px) 100vw, 1024px\" \/><\/figure>\n\n\n\n<p>Nous tenons \u00e0 remercier les h\u00f4pitaux partenaires de cette \u00e9tude: \u00e0 savoir le Centre Hospitalier Universitaire Vaudois (CHUV), l&rsquo;h\u00f4pital de Neuch\u00e2tel, l&rsquo;Ensemble Hospitalier de la C\u00f4te (Morges), l&rsquo;h\u00f4pital Riviera Chablais, Vaud-Valais (Rennaz) et les Etablissements Hopsitaliers du Nord Vaudois (Yverdon)<\/p>\n\n\n\n<div class=\"wp-block-group alignfull is-content-justification-center is-nowrap is-layout-flex wp-container-core-group-is-layout-94bc23d7 wp-block-group-is-layout-flex\">\n<figure class=\"wp-block-image size-full is-resized\"><img alt=\"\" loading=\"lazy\" decoding=\"async\" src=\"https:\/\/wp.unil.ch\/etude-superstar\/files\/2023\/01\/IUFRS_logo-5.png\" alt=\"\" class=\"wp-image-357\" width=\"225\" height=\"78\" \/><\/figure>\n\n\n\n<figure class=\"wp-block-image size-full is-resized\"><img alt=\"\" loading=\"lazy\" decoding=\"async\" src=\"https:\/\/wp.unil.ch\/etude-superstar\/files\/2023\/01\/logo-7.png\" alt=\"\" class=\"wp-image-358\" width=\"139\" height=\"75\" \/><\/figure>\n\n\n\n<figure class=\"wp-block-image size-medium is-resized\"><img alt=\"\" loading=\"lazy\" decoding=\"async\" src=\"https:\/\/wp.unil.ch\/etude-superstar\/files\/2023\/02\/Logo_EHC-1-300x73.png\" alt=\"\" class=\"wp-image-460\" width=\"225\" height=\"55\" srcset=\"https:\/\/wp.unil.ch\/etude-superstar\/files\/2023\/02\/Logo_EHC-1-300x73.png 300w, https:\/\/wp.unil.ch\/etude-superstar\/files\/2023\/02\/Logo_EHC-1-1024x251.png 1024w, https:\/\/wp.unil.ch\/etude-superstar\/files\/2023\/02\/Logo_EHC-1-768x188.png 768w, https:\/\/wp.unil.ch\/etude-superstar\/files\/2023\/02\/Logo_EHC-1-1536x376.png 1536w, https:\/\/wp.unil.ch\/etude-superstar\/files\/2023\/02\/Logo_EHC-1-2048x502.png 2048w, https:\/\/wp.unil.ch\/etude-superstar\/files\/2023\/02\/Logo_EHC-1-540x132.png 540w, https:\/\/wp.unil.ch\/etude-superstar\/files\/2023\/02\/Logo_EHC-1-1080x265.png 1080w, https:\/\/wp.unil.ch\/etude-superstar\/files\/2023\/02\/Logo_EHC-1-1980x485.png 1980w\" sizes=\"auto, (max-width: 225px) 100vw, 225px\" \/><\/figure>\n<\/div>\n\n\n\n<div class=\"wp-block-group is-content-justification-center is-nowrap is-layout-flex wp-container-core-group-is-layout-94bc23d7 wp-block-group-is-layout-flex\">\n<figure class=\"wp-block-image size-medium is-resized\"><img alt=\"\" loading=\"lazy\" decoding=\"async\" src=\"https:\/\/wp.unil.ch\/etude-superstar\/files\/2023\/02\/HRC_VD-VS_RVB-300x143.png\" alt=\"\" class=\"wp-image-461\" width=\"225\" height=\"107\" srcset=\"https:\/\/wp.unil.ch\/etude-superstar\/files\/2023\/02\/HRC_VD-VS_RVB-300x143.png 300w, https:\/\/wp.unil.ch\/etude-superstar\/files\/2023\/02\/HRC_VD-VS_RVB-768x366.png 768w, https:\/\/wp.unil.ch\/etude-superstar\/files\/2023\/02\/HRC_VD-VS_RVB-540x257.png 540w, https:\/\/wp.unil.ch\/etude-superstar\/files\/2023\/02\/HRC_VD-VS_RVB.png 825w\" sizes=\"auto, (max-width: 225px) 100vw, 225px\" \/><\/figure>\n\n\n\n<figure class=\"wp-block-image size-full is-resized\"><img alt=\"\" loading=\"lazy\" decoding=\"async\" src=\"https:\/\/wp.unil.ch\/etude-superstar\/files\/2023\/03\/CHUVDFME.png\" alt=\"\" class=\"wp-image-468\" width=\"281\" height=\"66\" \/><\/figure>\n\n\n\n<figure class=\"wp-block-image size-medium is-resized\"><img alt=\"\" loading=\"lazy\" decoding=\"async\" src=\"https:\/\/wp.unil.ch\/etude-superstar\/files\/2023\/03\/Logo-eHnv-RVB-300x71.png\" alt=\"\" class=\"wp-image-474\" width=\"225\" height=\"53\" srcset=\"https:\/\/wp.unil.ch\/etude-superstar\/files\/2023\/03\/Logo-eHnv-RVB-300x71.png 300w, https:\/\/wp.unil.ch\/etude-superstar\/files\/2023\/03\/Logo-eHnv-RVB-1024x242.png 1024w, https:\/\/wp.unil.ch\/etude-superstar\/files\/2023\/03\/Logo-eHnv-RVB-768x182.png 768w, https:\/\/wp.unil.ch\/etude-superstar\/files\/2023\/03\/Logo-eHnv-RVB-540x128.png 540w, https:\/\/wp.unil.ch\/etude-superstar\/files\/2023\/03\/Logo-eHnv-RVB.png 1039w\" sizes=\"auto, (max-width: 225px) 100vw, 225px\" \/><\/figure>\n<\/div>\n","protected":false},"excerpt":{"rendered":"<p>Nous tenons \u00e0 remercier les h\u00f4pitaux partenaires de cette \u00e9tude: \u00e0 savoir le Centre Hospitalier Universitaire Vaudois (CHUV), l&rsquo;h\u00f4pital de Neuch\u00e2tel, l&rsquo;Ensemble Hospitalier de la C\u00f4te (Morges), l&rsquo;h\u00f4pital&hellip;<\/p>\n","protected":false},"author":1002557,"featured_media":0,"parent":0,"menu_order":0,"comment_status":"closed","ping_status":"closed","template":"template-full-width.php","meta":{"_seopress_robots_primary_cat":"","_seopress_titles_title":"","_seopress_titles_desc":"","_seopress_robots_index":"","footnotes":""},"class_list":["post-220","page","type-page","status-publish","has-post-thumbnail"],"_links":{"self":[{"href":"https:\/\/wp.unil.ch\/etude-superstar\/wp-json\/wp\/v2\/pages\/220","targetHints":{"allow":["GET"]}}],"collection":[{"href":"https:\/\/wp.unil.ch\/etude-superstar\/wp-json\/wp\/v2\/pages"}],"about":[{"href":"https:\/\/wp.unil.ch\/etude-superstar\/wp-json\/wp\/v2\/types\/page"}],"author":[{"embeddable":true,"href":"https:\/\/wp.unil.ch\/etude-superstar\/wp-json\/wp\/v2\/users\/1002557"}],"replies":[{"embeddable":true,"href":"https:\/\/wp.unil.ch\/etude-superstar\/wp-json\/wp\/v2\/comments?post=220"}],"version-history":[{"count":0,"href":"https:\/\/wp.unil.ch\/etude-superstar\/wp-json\/wp\/v2\/pages\/220\/revisions"}],"wp:attachment":[{"href":"https:\/\/wp.unil.ch\/etude-superstar\/wp-json\/wp\/v2\/media?parent=220"}],"curies":[{"name":"wp","href":"https:\/\/api.w.org\/{rel}","templated":true}]}}