{"id":205,"date":"2023-01-13T16:26:40","date_gmt":"2023-01-13T15:26:40","guid":{"rendered":"https:\/\/wp.unil.ch\/etude-superstar\/?page_id=205"},"modified":"2023-07-19T15:59:40","modified_gmt":"2023-07-19T13:59:40","slug":"deroulement-de-letude","status":"publish","type":"page","link":"https:\/\/wp.unil.ch\/etude-superstar\/home\/deroulement-de-letude\/","title":{"rendered":"D\u00e9roulement de l&rsquo;\u00e9tude"},"content":{"rendered":"\n<figure class=\"wp-block-image size-large\"><img alt=\"\" loading=\"lazy\" decoding=\"async\" width=\"1024\" height=\"683\" src=\"https:\/\/wp.unil.ch\/etude-superstar\/files\/2023\/01\/HQD-1-3-1024x683.jpg\" alt=\"\" class=\"wp-image-311\" srcset=\"https:\/\/wp.unil.ch\/etude-superstar\/files\/2023\/01\/HQD-1-3-1024x683.jpg 1024w, https:\/\/wp.unil.ch\/etude-superstar\/files\/2023\/01\/HQD-1-3-300x200.jpg 300w, https:\/\/wp.unil.ch\/etude-superstar\/files\/2023\/01\/HQD-1-3-768x513.jpg 768w, https:\/\/wp.unil.ch\/etude-superstar\/files\/2023\/01\/HQD-1-3-1536x1025.jpg 1536w, https:\/\/wp.unil.ch\/etude-superstar\/files\/2023\/01\/HQD-1-3-540x360.jpg 540w, https:\/\/wp.unil.ch\/etude-superstar\/files\/2023\/01\/HQD-1-3-1080x721.jpg 1080w, https:\/\/wp.unil.ch\/etude-superstar\/files\/2023\/01\/HQD-1-3.jpg 1798w\" sizes=\"auto, (max-width: 1024px) 100vw, 1024px\" \/><\/figure>\n\n\n\n<p>Entre le 2<sup>eme<\/sup> jour apr\u00e8s l\u2019accouchement et avant votre retour \u00e0 domicile, vous avez re\u00e7u un flyer concernant l\u2019\u00e9tude avec les informations vous permettant d\u2019acc\u00e9der \u00e0 ce site d&rsquo;informations. Si vous acceptez de participer veuillez cliquer sur le \u00ab\u00a0J<a rel=\"noreferrer noopener\" href=\"https:\/\/redcap.unisante.ch\/surveys\/?s=3NYCWC9HT7EDFPMN\" target=\"_blank\">e souhaite participer \u00e0 l&rsquo;\u00e9tude<\/a>.\u00a0\u00bb Ce lien vous permettra d&rsquo;acc\u00e9der au questionnaire en ligne, apr\u00e8s avoir r\u00e9pondu \u00e0 quelques br\u00e8ves questions qui permettent de s&rsquo;assurer que vous r\u00e9pondez bien aux <a href=\"https:\/\/wp.unil.ch\/etude-superstar\/home\/qui-peut-participer-a-letude\/\">crit\u00e8res de participation<\/a> pour l&rsquo;\u00e9tude. Il vous sera demand\u00e9 de remplir en ligne une s\u00e9rie de questionnaires concernant votre exp\u00e9rience de la naissance ainsi que du soutien que vous avez re\u00e7u apr\u00e8s l\u2019accouchement, ceci devrait prendre environ 30 minutes (vous avez la possibilit\u00e9 si souhait\u00e9 de le remplir en plusieurs fois). Ce questionnaire devra \u00eatre rempli \u00e0 n&rsquo;importe quel moment entre le 2\u00e8me jour apr\u00e8s l&rsquo;accouchement et jusqu&rsquo;\u00e0 un mois apr\u00e8s votre accouchement, l&rsquo;accouchement de votre partenaire.<\/p>\n\n\n\n<p>Vous pouvez \u00e0 tout moment d\u00e9cider de renoncer \u00e0 votre participation, n\u00e9anmoins les r\u00e9ponses d\u00e9j\u00e0 soumises seront toute m\u00eame conserv\u00e9es et analys\u00e9es.<\/p>\n\n\n\n<h2 class=\"wp-block-heading\">Traitement des donn\u00e9es<\/h2>\n\n\n\n<p>Votre participation au questionnaire en ligne est anonyme, aucunes donn\u00e9es permettant de vous identifier ne sera collect\u00e9es.<\/p>\n\n\n\n<div class=\"wp-block-group is-content-justification-center is-nowrap is-layout-flex wp-container-core-group-is-layout-94bc23d7 wp-block-group-is-layout-flex\">\n<div class=\"wp-block-buttons is-layout-flex wp-block-buttons-is-layout-flex\">\n<div class=\"wp-block-button\"><a class=\"wp-block-button__link has-background wp-element-button\" href=\"https:\/\/wp.unil.ch\/etude-superstar\/home\/qui-peut-participer-a-letude\/\" style=\"border-radius:0px;background-color:#9e1962\">Qui peut participer?<\/a><\/div>\n<\/div>\n\n\n\n<div class=\"wp-block-buttons is-layout-flex wp-block-buttons-is-layout-flex\">\n<div class=\"wp-block-button\"><a class=\"wp-block-button__link has-background wp-element-button\" href=\"https:\/\/wp.unil.ch\/etude-superstar\/home\/quel-est-mon-interet-a-participer\/\" style=\"border-radius:0px;background-color:#9e1962\">Quel est mon int\u00e9r\u00eat \u00e0 participer?<\/a><\/div>\n<\/div>\n\n\n\n<div class=\"wp-block-buttons is-layout-flex wp-block-buttons-is-layout-flex\">\n<div class=\"wp-block-button\"><a class=\"wp-block-button__link has-background wp-element-button\" href=\"https:\/\/wp.unil.ch\/etude-superstar\/home\/equipe\/\" style=\"border-radius:0px;background-color:#9e1962\">Equipe<\/a><\/div>\n<\/div>\n<\/div>\n\n\n\n<p>Si vous avez des interrogations sur le d\u00e9roulement de l&rsquo;\u00e9tude, n&rsquo;h\u00e9sitez pas \u00e0 nous contacter<\/p>\n\n\n\n<div class=\"wp-block-buttons is-content-justification-center is-layout-flex wp-container-core-buttons-is-layout-16018d1d wp-block-buttons-is-layout-flex\">\n<div class=\"wp-block-button\"><a class=\"wp-block-button__link has-background wp-element-button\" href=\"https:\/\/wp.unil.ch\/etude-superstar\/contacts\/\" style=\"border-radius:0px;background-color:#9e1962\">Formulaire de contact<\/a><\/div>\n<\/div>\n\n\n\n<div class=\"wp-block-cover alignfull is-light\"><span aria-hidden=\"true\" class=\"wp-block-cover__background has-background-dim\" style=\"background-color:#906186\"><\/span><img alt=\"\" loading=\"lazy\" decoding=\"async\" width=\"1798\" height=\"1200\" class=\"wp-block-cover__image-background wp-image-330\" alt=\"\" src=\"https:\/\/wp.unil.ch\/etude-superstar\/files\/2023\/01\/HQD-1-NB.jpg\" data-object-fit=\"cover\" srcset=\"https:\/\/wp.unil.ch\/etude-superstar\/files\/2023\/01\/HQD-1-NB.jpg 1798w, https:\/\/wp.unil.ch\/etude-superstar\/files\/2023\/01\/HQD-1-NB-300x200.jpg 300w, https:\/\/wp.unil.ch\/etude-superstar\/files\/2023\/01\/HQD-1-NB-1024x683.jpg 1024w, https:\/\/wp.unil.ch\/etude-superstar\/files\/2023\/01\/HQD-1-NB-768x513.jpg 768w, https:\/\/wp.unil.ch\/etude-superstar\/files\/2023\/01\/HQD-1-NB-1536x1025.jpg 1536w, https:\/\/wp.unil.ch\/etude-superstar\/files\/2023\/01\/HQD-1-NB-540x360.jpg 540w, https:\/\/wp.unil.ch\/etude-superstar\/files\/2023\/01\/HQD-1-NB-1080x721.jpg 1080w\" sizes=\"auto, (max-width: 1798px) 100vw, 1798px\" \/><div class=\"wp-block-cover__inner-container is-layout-flow wp-block-cover-is-layout-flow\">\n<p class=\"has-text-align-center has-larger-font-size\"><strong>J<a href=\"https:\/\/redcap.unisante.ch\/surveys\/?s=FF4KMEHR9KLN7FPF\" target=\"_blank\" rel=\"noreferrer noopener\">e souhaite participer \u00e0 l&rsquo;\u00e9tude !<\/a><\/strong><\/p>\n<\/div><\/div>\n\n\n\n<hr class=\"wp-block-separator has-alpha-channel-opacity\" \/>\n\n\n\n<div class=\"wp-block-group is-content-justification-center is-nowrap is-layout-flex wp-container-core-group-is-layout-94bc23d7 wp-block-group-is-layout-flex\">\n<figure class=\"wp-block-image size-full is-resized\"><img alt=\"\" loading=\"lazy\" decoding=\"async\" src=\"https:\/\/wp.unil.ch\/etude-superstar\/files\/2023\/01\/IUFRS_logo-3.png\" alt=\"\" class=\"wp-image-336\" width=\"150\" height=\"52\" \/><\/figure>\n\n\n\n<figure class=\"wp-block-image size-full is-resized\"><img alt=\"\" loading=\"lazy\" decoding=\"async\" src=\"https:\/\/wp.unil.ch\/etude-superstar\/files\/2023\/01\/logo-5.png\" alt=\"\" class=\"wp-image-337\" width=\"93\" height=\"50\" \/><\/figure>\n<\/div>\n","protected":false},"excerpt":{"rendered":"<p>Entre le 2eme jour apr\u00e8s l\u2019accouchement et avant votre retour \u00e0 domicile, vous avez re\u00e7u un flyer concernant l\u2019\u00e9tude avec les informations vous permettant d\u2019acc\u00e9der \u00e0 ce site&hellip;<\/p>\n","protected":false},"author":1002557,"featured_media":0,"parent":6,"menu_order":0,"comment_status":"closed","ping_status":"closed","template":"template-full-width.php","meta":{"_seopress_robots_primary_cat":"","_seopress_titles_title":"","_seopress_titles_desc":"","_seopress_robots_index":"","footnotes":""},"class_list":["post-205","page","type-page","status-publish","has-post-thumbnail"],"_links":{"self":[{"href":"https:\/\/wp.unil.ch\/etude-superstar\/wp-json\/wp\/v2\/pages\/205","targetHints":{"allow":["GET"]}}],"collection":[{"href":"https:\/\/wp.unil.ch\/etude-superstar\/wp-json\/wp\/v2\/pages"}],"about":[{"href":"https:\/\/wp.unil.ch\/etude-superstar\/wp-json\/wp\/v2\/types\/page"}],"author":[{"embeddable":true,"href":"https:\/\/wp.unil.ch\/etude-superstar\/wp-json\/wp\/v2\/users\/1002557"}],"replies":[{"embeddable":true,"href":"https:\/\/wp.unil.ch\/etude-superstar\/wp-json\/wp\/v2\/comments?post=205"}],"version-history":[{"count":0,"href":"https:\/\/wp.unil.ch\/etude-superstar\/wp-json\/wp\/v2\/pages\/205\/revisions"}],"up":[{"embeddable":true,"href":"https:\/\/wp.unil.ch\/etude-superstar\/wp-json\/wp\/v2\/pages\/6"}],"wp:attachment":[{"href":"https:\/\/wp.unil.ch\/etude-superstar\/wp-json\/wp\/v2\/media?parent=205"}],"curies":[{"name":"wp","href":"https:\/\/api.w.org\/{rel}","templated":true}]}}