{"id":202,"date":"2023-01-13T16:25:57","date_gmt":"2023-01-13T15:25:57","guid":{"rendered":"https:\/\/wp.unil.ch\/etude-superstar\/?page_id=202"},"modified":"2023-07-19T16:01:33","modified_gmt":"2023-07-19T14:01:33","slug":"quel-est-mon-interet-a-participer","status":"publish","type":"page","link":"https:\/\/wp.unil.ch\/etude-superstar\/home\/quel-est-mon-interet-a-participer\/","title":{"rendered":"Quel est mon int\u00e9r\u00eat \u00e0 participer?"},"content":{"rendered":"\n<figure class=\"wp-block-image size-large\"><img alt=\"\" loading=\"lazy\" decoding=\"async\" width=\"1024\" height=\"683\" src=\"https:\/\/wp.unil.ch\/etude-superstar\/files\/2023\/01\/HQD-1-2-1024x683.jpg\" alt=\"\" class=\"wp-image-309\" srcset=\"https:\/\/wp.unil.ch\/etude-superstar\/files\/2023\/01\/HQD-1-2-1024x683.jpg 1024w, https:\/\/wp.unil.ch\/etude-superstar\/files\/2023\/01\/HQD-1-2-300x200.jpg 300w, https:\/\/wp.unil.ch\/etude-superstar\/files\/2023\/01\/HQD-1-2-768x513.jpg 768w, https:\/\/wp.unil.ch\/etude-superstar\/files\/2023\/01\/HQD-1-2-1536x1025.jpg 1536w, https:\/\/wp.unil.ch\/etude-superstar\/files\/2023\/01\/HQD-1-2-540x360.jpg 540w, https:\/\/wp.unil.ch\/etude-superstar\/files\/2023\/01\/HQD-1-2-1080x721.jpg 1080w, https:\/\/wp.unil.ch\/etude-superstar\/files\/2023\/01\/HQD-1-2.jpg 1798w\" sizes=\"auto, (max-width: 1024px) 100vw, 1024px\" \/><\/figure>\n\n\n\n<p>Votre participation \u00e0 l&rsquo;\u00e9tude ne vous apportera aucun b\u00e9n\u00e9fice direct. Cependant, vous pourriez ressentir une certaine satisfaction \u00e0 nous aider \u00e0 mieux comprendre les besoins de soutien des parents pour la premi\u00e8re fois et comment les professionnel\u00b7le\u00b7s de la sant\u00e9 peuvent les soutenir. Nous esp\u00e9rons que les r\u00e9sultats de ce projet permettront de mettre en place des strat\u00e9gies qui am\u00e9lioreront les soins des futurs parents.<\/p>\n\n\n\n<p>Cette \u00e9tude ne comporte aucun risque pour vous. Cependant, il est possible qu\u2019en remplissant les questionnaires et en r\u00e9fl\u00e9chissant sur votre \u00e9tat \u00e9motionnel, certaines \u00e9motions n\u00e9gatives puissent survenir temporairement. Dans ce cas et si vous le souhaitez, vous pourrez en discuter avec la psychologue en charge de l\u2019\u00e9tude (pour se faire vous pouvez utiliser le formulaire de contact).<\/p>\n\n\n\n<div class=\"wp-block-group is-content-justification-center is-nowrap is-layout-flex wp-container-core-group-is-layout-94bc23d7 wp-block-group-is-layout-flex\">\n<div class=\"wp-block-buttons is-layout-flex wp-block-buttons-is-layout-flex\">\n<div class=\"wp-block-button\"><a class=\"wp-block-button__link has-background wp-element-button\" href=\"https:\/\/wp.unil.ch\/etude-superstar\/home\/qui-peut-participer-a-letude\/\" style=\"border-radius:0px;background-color:#9e1962\">Qui peut participer \u00e0 l&rsquo;\u00e9tude ?<\/a><\/div>\n<\/div>\n\n\n\n<div class=\"wp-block-buttons is-layout-flex wp-block-buttons-is-layout-flex\">\n<div class=\"wp-block-button\"><a class=\"wp-block-button__link has-background wp-element-button\" href=\"https:\/\/wp.unil.ch\/etude-superstar\/home\/deroulement-de-letude\/\" style=\"border-radius:0px;background-color:#9e1962\">D\u00e9roulement de l&rsquo;\u00e9tude<\/a><\/div>\n<\/div>\n\n\n\n<div class=\"wp-block-buttons is-layout-flex wp-block-buttons-is-layout-flex\">\n<div class=\"wp-block-button\"><a class=\"wp-block-button__link has-background wp-element-button\" href=\"https:\/\/wp.unil.ch\/etude-superstar\/home\/equipe\/\" style=\"border-radius:0px;background-color:#9e1962\">\u00c9quipe<\/a><\/div>\n<\/div>\n\n\n\n<div class=\"wp-block-buttons is-layout-flex wp-block-buttons-is-layout-flex\"><\/div>\n<\/div>\n\n\n\n<div class=\"wp-block-buttons is-content-justification-center is-layout-flex wp-container-core-buttons-is-layout-16018d1d wp-block-buttons-is-layout-flex\">\n<div class=\"wp-block-button\"><a class=\"wp-block-button__link has-background wp-element-button\" href=\"https:\/\/wp.unil.ch\/etude-superstar\/contacts\/\" style=\"border-radius:0px;background-color:#9e1962\">Formulaire de contact<\/a><\/div>\n<\/div>\n\n\n\n<div class=\"wp-block-cover alignfull is-light\"><span aria-hidden=\"true\" class=\"wp-block-cover__background has-background-dim\" style=\"background-color:#906186\"><\/span><img alt=\"\" loading=\"lazy\" decoding=\"async\" width=\"1798\" height=\"1200\" class=\"wp-block-cover__image-background wp-image-377\" alt=\"\" src=\"https:\/\/wp.unil.ch\/etude-superstar\/files\/2023\/01\/HQD-1-NB-5.jpg\" data-object-fit=\"cover\" srcset=\"https:\/\/wp.unil.ch\/etude-superstar\/files\/2023\/01\/HQD-1-NB-5.jpg 1798w, https:\/\/wp.unil.ch\/etude-superstar\/files\/2023\/01\/HQD-1-NB-5-300x200.jpg 300w, https:\/\/wp.unil.ch\/etude-superstar\/files\/2023\/01\/HQD-1-NB-5-1024x683.jpg 1024w, https:\/\/wp.unil.ch\/etude-superstar\/files\/2023\/01\/HQD-1-NB-5-768x513.jpg 768w, https:\/\/wp.unil.ch\/etude-superstar\/files\/2023\/01\/HQD-1-NB-5-1536x1025.jpg 1536w, https:\/\/wp.unil.ch\/etude-superstar\/files\/2023\/01\/HQD-1-NB-5-540x360.jpg 540w, https:\/\/wp.unil.ch\/etude-superstar\/files\/2023\/01\/HQD-1-NB-5-1080x721.jpg 1080w\" sizes=\"auto, (max-width: 1798px) 100vw, 1798px\" \/><div class=\"wp-block-cover__inner-container is-layout-flow wp-block-cover-is-layout-flow\">\n<p class=\"has-text-align-center has-larger-font-size\"><strong><a href=\"https:\/\/redcap.unisante.ch\/surveys\/?s=FF4KMEHR9KLN7FPF\" target=\"_blank\" rel=\"noreferrer noopener\">Je souhaite participer \u00e0 l&rsquo;\u00e9tude !<\/a><\/strong><\/p>\n<\/div><\/div>\n\n\n\n<hr class=\"wp-block-separator has-alpha-channel-opacity\" \/>\n\n\n\n<div class=\"wp-block-group is-content-justification-center is-nowrap is-layout-flex wp-container-core-group-is-layout-94bc23d7 wp-block-group-is-layout-flex\">\n<figure class=\"wp-block-image size-full is-resized\"><img alt=\"\" loading=\"lazy\" decoding=\"async\" src=\"https:\/\/wp.unil.ch\/etude-superstar\/files\/2023\/01\/IUFRS_logo-2.png\" alt=\"\" class=\"wp-image-303\" width=\"150\" height=\"52\" \/><\/figure>\n\n\n\n<figure class=\"wp-block-image size-full is-resized\"><img alt=\"\" loading=\"lazy\" decoding=\"async\" src=\"https:\/\/wp.unil.ch\/etude-superstar\/files\/2023\/01\/logo-4.png\" alt=\"\" class=\"wp-image-304\" width=\"93\" height=\"50\" \/><\/figure>\n<\/div>\n","protected":false},"excerpt":{"rendered":"<p>Votre participation \u00e0 l&rsquo;\u00e9tude ne vous apportera aucun b\u00e9n\u00e9fice direct. Cependant, vous pourriez ressentir une certaine satisfaction \u00e0 nous aider \u00e0 mieux comprendre les besoins de soutien des&hellip;<\/p>\n","protected":false},"author":1002557,"featured_media":0,"parent":6,"menu_order":0,"comment_status":"closed","ping_status":"closed","template":"template-full-width.php","meta":{"_seopress_robots_primary_cat":"","_seopress_titles_title":"","_seopress_titles_desc":"","_seopress_robots_index":"","footnotes":""},"class_list":["post-202","page","type-page","status-publish","has-post-thumbnail"],"_links":{"self":[{"href":"https:\/\/wp.unil.ch\/etude-superstar\/wp-json\/wp\/v2\/pages\/202","targetHints":{"allow":["GET"]}}],"collection":[{"href":"https:\/\/wp.unil.ch\/etude-superstar\/wp-json\/wp\/v2\/pages"}],"about":[{"href":"https:\/\/wp.unil.ch\/etude-superstar\/wp-json\/wp\/v2\/types\/page"}],"author":[{"embeddable":true,"href":"https:\/\/wp.unil.ch\/etude-superstar\/wp-json\/wp\/v2\/users\/1002557"}],"replies":[{"embeddable":true,"href":"https:\/\/wp.unil.ch\/etude-superstar\/wp-json\/wp\/v2\/comments?post=202"}],"version-history":[{"count":0,"href":"https:\/\/wp.unil.ch\/etude-superstar\/wp-json\/wp\/v2\/pages\/202\/revisions"}],"up":[{"embeddable":true,"href":"https:\/\/wp.unil.ch\/etude-superstar\/wp-json\/wp\/v2\/pages\/6"}],"wp:attachment":[{"href":"https:\/\/wp.unil.ch\/etude-superstar\/wp-json\/wp\/v2\/media?parent=202"}],"curies":[{"name":"wp","href":"https:\/\/api.w.org\/{rel}","templated":true}]}}