{"id":199,"date":"2023-01-13T16:25:26","date_gmt":"2023-01-13T15:25:26","guid":{"rendered":"https:\/\/wp.unil.ch\/etude-superstar\/?page_id=199"},"modified":"2023-07-19T16:02:13","modified_gmt":"2023-07-19T14:02:13","slug":"qui-peut-participer-a-letude","status":"publish","type":"page","link":"https:\/\/wp.unil.ch\/etude-superstar\/home\/qui-peut-participer-a-letude\/","title":{"rendered":"Qui peut participer \u00e0 l&rsquo;\u00e9tude?"},"content":{"rendered":"\n<figure class=\"wp-block-image alignwide size-large\"><img alt=\"\" loading=\"lazy\" decoding=\"async\" width=\"1024\" height=\"683\" src=\"https:\/\/wp.unil.ch\/etude-superstar\/files\/2023\/01\/HQD-1-1-1024x683.jpg\" alt=\"\" class=\"wp-image-242\" srcset=\"https:\/\/wp.unil.ch\/etude-superstar\/files\/2023\/01\/HQD-1-1-1024x683.jpg 1024w, https:\/\/wp.unil.ch\/etude-superstar\/files\/2023\/01\/HQD-1-1-300x200.jpg 300w, https:\/\/wp.unil.ch\/etude-superstar\/files\/2023\/01\/HQD-1-1-768x513.jpg 768w, https:\/\/wp.unil.ch\/etude-superstar\/files\/2023\/01\/HQD-1-1-1536x1025.jpg 1536w, https:\/\/wp.unil.ch\/etude-superstar\/files\/2023\/01\/HQD-1-1-540x360.jpg 540w, https:\/\/wp.unil.ch\/etude-superstar\/files\/2023\/01\/HQD-1-1-1080x721.jpg 1080w, https:\/\/wp.unil.ch\/etude-superstar\/files\/2023\/01\/HQD-1-1.jpg 1798w\" sizes=\"auto, (max-width: 1024px) 100vw, 1024px\" \/><\/figure>\n\n\n\n<p>La participation \u00e0 ce projet est ouverte \u00e0 toutes les m\u00e8res ayant accouch\u00e9 de leur premier enfant et ayant s\u00e9journ\u00e9 dans le service postpartum d&rsquo;une maternit\u00e9 en Suisse romande<strong>. La participation est aussi ouverte aux partenaires<\/strong> qui ont assist\u00e9 \u00e0 l\u2019accouchement de leur premier enfant pour autant que les crit\u00e8res suivant soit respect\u00e9s.<\/p>\n\n\n\n<ul class=\"wp-block-list\">\n<li>Etre parent pour la premi\u00e8re fois<\/li>\n\n\n\n<li>Que vous ayez ou votre partenaire ait accouch\u00e9 d&rsquo;un b\u00e9b\u00e9 \u00e0 terme<\/li>\n\n\n\n<li>Que vous ayez ou votre partenaire ait accouch\u00e9 et s\u00e9journ\u00e9 dans une maternit\u00e9 de Suisse romande<\/li>\n\n\n\n<li>Que vous ayez ou votre partenaire ait accouch\u00e9 il y a moins d&rsquo;un mois<\/li>\n\n\n\n<li>Le b\u00e9b\u00e9 ne doit pas avoir \u00e9t\u00e9 admis en n\u00e9onatologie<\/li>\n<\/ul>\n\n\n\n<p>Si vous avez des questions quant \u00e0 votre participation \u00e0 l&rsquo;\u00e9tude, vous pouvez nous \u00e9crire gr\u00e2ce au <a href=\"https:\/\/wp.unil.ch\/etude-superstar\/contacts\/\">formulaire de contact<\/a> (\u00e9galement disponible ci-dessous) <\/p>\n\n\n\n<div class=\"wp-block-buttons is-layout-flex wp-block-buttons-is-layout-flex\">\n<div class=\"wp-block-button aligncenter\"><a class=\"wp-block-button__link has-background wp-element-button\" href=\"https:\/\/wp.unil.ch\/etude-superstar\/contacts\/\" style=\"border-radius:0px;background-color:#9e1962\">Formulaire de contact<\/a><\/div>\n<\/div>\n\n\n\n<div class=\"wp-block-group is-content-justification-center is-nowrap is-layout-flex wp-container-core-group-is-layout-94bc23d7 wp-block-group-is-layout-flex\">\n<div class=\"wp-block-buttons is-content-justification-center is-layout-flex wp-container-core-buttons-is-layout-16018d1d wp-block-buttons-is-layout-flex\">\n<div class=\"wp-block-button aligncenter\"><a class=\"wp-block-button__link has-background wp-element-button\" href=\"https:\/\/wp.unil.ch\/etude-superstar\/home\/quel-est-mon-interet-a-participer\/\" style=\"border-radius:0px;background-color:#9e1962\">Quel est mon int\u00e9r\u00eat \u00e0 participer ?<\/a><\/div>\n<\/div>\n\n\n\n<div class=\"wp-block-buttons is-content-justification-center is-layout-flex wp-container-core-buttons-is-layout-16018d1d wp-block-buttons-is-layout-flex\">\n<div class=\"wp-block-button aligncenter\"><a class=\"wp-block-button__link has-background wp-element-button\" href=\"https:\/\/wp.unil.ch\/etude-superstar\/home\/deroulement-de-letude\/\" style=\"border-radius:0px;background-color:#9e1962\">D\u00e9roulement de l&rsquo;\u00e9tude<\/a><\/div>\n<\/div>\n\n\n\n<div class=\"wp-block-buttons is-content-justification-center is-layout-flex wp-container-core-buttons-is-layout-16018d1d wp-block-buttons-is-layout-flex\">\n<div class=\"wp-block-button\"><a class=\"wp-block-button__link has-background wp-element-button\" href=\"https:\/\/wp.unil.ch\/etude-superstar\/home\/equipe\/\" style=\"border-radius:0px;background-color:#9e1962\">\u00c9quipe<\/a><\/div>\n<\/div>\n<\/div>\n\n\n\n<div class=\"wp-block-cover alignfull is-light\"><span aria-hidden=\"true\" class=\"wp-block-cover__background has-background-dim\" style=\"background-color:#906186\"><\/span><img alt=\"\" loading=\"lazy\" decoding=\"async\" width=\"1798\" height=\"1200\" class=\"wp-block-cover__image-background wp-image-369\" alt=\"\" src=\"https:\/\/wp.unil.ch\/etude-superstar\/files\/2023\/01\/HQD-1-NB-3.jpg\" data-object-fit=\"cover\" srcset=\"https:\/\/wp.unil.ch\/etude-superstar\/files\/2023\/01\/HQD-1-NB-3.jpg 1798w, https:\/\/wp.unil.ch\/etude-superstar\/files\/2023\/01\/HQD-1-NB-3-300x200.jpg 300w, https:\/\/wp.unil.ch\/etude-superstar\/files\/2023\/01\/HQD-1-NB-3-1024x683.jpg 1024w, https:\/\/wp.unil.ch\/etude-superstar\/files\/2023\/01\/HQD-1-NB-3-768x513.jpg 768w, https:\/\/wp.unil.ch\/etude-superstar\/files\/2023\/01\/HQD-1-NB-3-1536x1025.jpg 1536w, https:\/\/wp.unil.ch\/etude-superstar\/files\/2023\/01\/HQD-1-NB-3-540x360.jpg 540w, https:\/\/wp.unil.ch\/etude-superstar\/files\/2023\/01\/HQD-1-NB-3-1080x721.jpg 1080w\" sizes=\"auto, (max-width: 1798px) 100vw, 1798px\" \/><div class=\"wp-block-cover__inner-container is-layout-flow wp-block-cover-is-layout-flow\">\n<p class=\"has-text-align-center has-larger-font-size\"><strong>J<a href=\"https:\/\/redcap.unisante.ch\/surveys\/?s=FF4KMEHR9KLN7FPF\" target=\"_blank\" rel=\"noreferrer noopener\">e souhaite participer \u00e0 l&rsquo;\u00e9tude !<\/a><\/strong><\/p>\n<\/div><\/div>\n\n\n\n<hr class=\"wp-block-separator has-alpha-channel-opacity\" \/>\n\n\n\n<div class=\"wp-block-group is-content-justification-center is-nowrap is-layout-flex wp-container-core-group-is-layout-94bc23d7 wp-block-group-is-layout-flex\">\n<figure class=\"wp-block-image size-full is-resized\"><img alt=\"\" loading=\"lazy\" decoding=\"async\" src=\"https:\/\/wp.unil.ch\/etude-superstar\/files\/2023\/01\/IUFRS_logo-1.png\" alt=\"\" class=\"wp-image-300\" width=\"150\" height=\"52\" \/><\/figure>\n\n\n\n<figure class=\"wp-block-image size-full is-resized\"><img alt=\"\" loading=\"lazy\" decoding=\"async\" src=\"https:\/\/wp.unil.ch\/etude-superstar\/files\/2023\/01\/logo-3.png\" alt=\"\" class=\"wp-image-301\" width=\"93\" height=\"50\" \/><\/figure>\n<\/div>\n","protected":false},"excerpt":{"rendered":"<p>La participation \u00e0 ce projet est ouverte \u00e0 toutes les m\u00e8res ayant accouch\u00e9 de leur premier enfant et ayant s\u00e9journ\u00e9 dans le service postpartum d&rsquo;une maternit\u00e9 en Suisse&hellip;<\/p>\n","protected":false},"author":1002557,"featured_media":0,"parent":6,"menu_order":0,"comment_status":"closed","ping_status":"closed","template":"template-full-width.php","meta":{"_seopress_robots_primary_cat":"","_seopress_titles_title":"","_seopress_titles_desc":"","_seopress_robots_index":"","footnotes":""},"class_list":["post-199","page","type-page","status-publish","has-post-thumbnail"],"_links":{"self":[{"href":"https:\/\/wp.unil.ch\/etude-superstar\/wp-json\/wp\/v2\/pages\/199","targetHints":{"allow":["GET"]}}],"collection":[{"href":"https:\/\/wp.unil.ch\/etude-superstar\/wp-json\/wp\/v2\/pages"}],"about":[{"href":"https:\/\/wp.unil.ch\/etude-superstar\/wp-json\/wp\/v2\/types\/page"}],"author":[{"embeddable":true,"href":"https:\/\/wp.unil.ch\/etude-superstar\/wp-json\/wp\/v2\/users\/1002557"}],"replies":[{"embeddable":true,"href":"https:\/\/wp.unil.ch\/etude-superstar\/wp-json\/wp\/v2\/comments?post=199"}],"version-history":[{"count":0,"href":"https:\/\/wp.unil.ch\/etude-superstar\/wp-json\/wp\/v2\/pages\/199\/revisions"}],"up":[{"embeddable":true,"href":"https:\/\/wp.unil.ch\/etude-superstar\/wp-json\/wp\/v2\/pages\/6"}],"wp:attachment":[{"href":"https:\/\/wp.unil.ch\/etude-superstar\/wp-json\/wp\/v2\/media?parent=199"}],"curies":[{"name":"wp","href":"https:\/\/api.w.org\/{rel}","templated":true}]}}