{"id":6,"date":"2019-11-28T16:00:19","date_gmt":"2019-11-28T15:00:19","guid":{"rendered":"http:\/\/wp.unil.ch\/modele\/?page_id=6"},"modified":"2025-11-04T14:41:18","modified_gmt":"2025-11-04T13:41:18","slug":"home","status":"publish","type":"page","link":"https:\/\/wp.unil.ch\/etude-astral\/","title":{"rendered":"Etude ASTRAL : Pr\u00e9sentation de l&rsquo;\u00e9tude"},"content":{"rendered":"<div class=\"wp-block-image\">\n<figure class=\"aligncenter size-large\"><img alt=\"\" loading=\"lazy\" decoding=\"async\" width=\"1024\" height=\"559\" src=\"https:\/\/wp.unil.ch\/etude-astral\/files\/2022\/02\/nformations-complementair-1-1024x559.png\" alt=\"\" class=\"wp-image-174\" srcset=\"https:\/\/wp.unil.ch\/etude-astral\/files\/2022\/02\/nformations-complementair-1-1024x559.png 1024w, https:\/\/wp.unil.ch\/etude-astral\/files\/2022\/02\/nformations-complementair-1-300x164.png 300w, https:\/\/wp.unil.ch\/etude-astral\/files\/2022\/02\/nformations-complementair-1-768x419.png 768w, https:\/\/wp.unil.ch\/etude-astral\/files\/2022\/02\/nformations-complementair-1-1536x838.png 1536w, https:\/\/wp.unil.ch\/etude-astral\/files\/2022\/02\/nformations-complementair-1-540x295.png 540w, https:\/\/wp.unil.ch\/etude-astral\/files\/2022\/02\/nformations-complementair-1-1080x589.png 1080w, https:\/\/wp.unil.ch\/etude-astral\/files\/2022\/02\/nformations-complementair-1.png 1572w\" sizes=\"auto, (max-width: 1024px) 100vw, 1024px\" \/><\/figure>\n<\/div>\n\n\n<figure class=\"wp-block-pullquote has-text-align-center has-normal-font-size\" style=\"font-style:normal;font-weight:500\"><blockquote><p>Le CHUV et l&rsquo;UNIL \u00e9tudient actuellement les <strong>b\u00e9n\u00e9fices d&rsquo;une activit\u00e9 pour r\u00e9duire les flashbacks* <\/strong>apr\u00e8s un <strong>accouchement difficile<\/strong><\/p><\/blockquote><\/figure>\n\n\n\n<h2 class=\"wp-block-heading has-text-color\" id=\"presentation\" style=\"color:#792ac7\">Pr\u00e9sentation<\/h2>\n\n\n\n<p class=\"has-primary-color has-text-color has-normal-font-size\">Cette \u00e9tude vise \u00e0 aider les femmes ayant eu une exp\u00e9rience difficile lors de leur accouchement \u2013 par exemple celles qui ont eu des complications, ou qui ont eu peur pour la vie de leur enfant. En effet, l\u2019accouchement peut parfois \u00eatre un moment tr\u00e8s angoissant, voire traumatisant. Dans ce cas, il arrive que ces femmes aient des<span style=\"color: purple\"><strong> flashbacks*  de la naissance<\/strong><\/span>, elles peuvent par exemple revivre le moment o\u00f9 la sage-femme quitte la salle de naissance avec le b\u00e9b\u00e9, sans savoir comment il va. Bien qu\u2019involontaires, <strong>ces flashbacks sont source de d\u00e9tresse et peuvent diminuer le bien-\u00eatre maternel<\/strong>.<\/p>\n\n\n\n<p><strong>L\u2019\u00e9tude que nous proposons a pour but de d\u00e9velopper une <span style=\"color: purple\">activit\u00e9 br\u00e8ve \u00e0 vis\u00e9e th\u00e9rapeutique<\/span>, pour lutter contre les flashbacks li\u00e9s \u00e0 l\u2019accouchement. <\/strong>La participation \u00e0 cette \u00e9tude permet aux femmes de b\u00e9n\u00e9ficier de l\u2019activit\u00e9, qui est r\u00e9alis\u00e9e avec une psychologue, mais aussi de faire le point sur leur bien-\u00eatre au d\u00e9but et \u00e0 la fin de l&rsquo;\u00e9tude. Au besoin, elles re\u00e7oivent de l\u2019information sur la sant\u00e9 mentale et les potentielles difficult\u00e9s qui peuvent arriver apr\u00e8s un accouchement. Elles sont \u00e9galement inform\u00e9es sur les ressources qui existent localement pour recevoir de l\u2019aide et du soutien (professionnel\u00b7le\u00b7s, associations, etc\u2026).<\/p>\n\n\n\n<p class=\"has-text-align-center has-background has-small-font-size\" style=\"background-color:#f2e5fc\">* Les flashbacks sont des images, pens\u00e9es ou sensations involontaires, en rapport avec l\u2019accouchement.<\/p>\n\n\n\n<p>Le recrutement de l&rsquo;\u00e9tude est d\u00e9sormais ferm\u00e9. Nous remercions toutes nos participantes pour leur implication et leur aide pr\u00e9cieuses pour faire avancer la recherche. En cas de questions sur notre \u00e9tude, veuillez nous contacter \u00e0 l&rsquo;adresse mail suivante : <span style=\"color: purple\"><strong>etude-astral@chuv.ch<\/strong><\/span><\/p>\n\n\n\n<div class=\"wp-block-columns alignwide are-vertically-aligned-center is-layout-flex wp-container-core-columns-is-layout-9d6595d7 wp-block-columns-is-layout-flex\">\n<div class=\"wp-block-column is-vertically-aligned-center is-layout-flow wp-block-column-is-layout-flow\" style=\"flex-basis:100%\">\n<div class=\"wp-block-columns is-layout-flex wp-container-core-columns-is-layout-9d6595d7 wp-block-columns-is-layout-flex\">\n<div class=\"wp-block-column is-layout-flow wp-block-column-is-layout-flow\">\n<div class=\"wp-block-buttons is-layout-flex wp-block-buttons-is-layout-flex\">\n<div class=\"wp-block-button\"><a class=\"wp-block-button__link has-background wp-element-button\" href=\"https:\/\/wp.unil.ch\/etude-astral\/home\/qui-peux-participer-a-letude\/\" style=\"background-color:#792ac7\" target=\"_blank\" rel=\"noreferrer noopener\">Qui peut participer \u00e0 l&rsquo;\u00e9tude ?<\/a><\/div>\n<\/div>\n<\/div>\n\n\n\n<div class=\"wp-block-column is-layout-flow wp-block-column-is-layout-flow\">\n<div class=\"wp-block-buttons is-layout-flex wp-block-buttons-is-layout-flex\">\n<div class=\"wp-block-button\"><a class=\"wp-block-button__link has-background wp-element-button\" href=\"https:\/\/wp.unil.ch\/etude-astral\/quel-est-mon-interet-a-participer\/\" style=\"background-color:#792ac7\" target=\"_blank\" rel=\"noreferrer noopener\">Quel est mon int\u00e9r\u00eat \u00e0 participer ?<\/a><\/div>\n<\/div>\n<\/div>\n\n\n\n<div class=\"wp-block-column is-layout-flow wp-block-column-is-layout-flow\">\n<div class=\"wp-block-buttons is-layout-flex wp-block-buttons-is-layout-flex\">\n<div class=\"wp-block-button\"><a class=\"wp-block-button__link has-background wp-element-button\" href=\"https:\/\/wp.unil.ch\/etude-astral\/les-etapes-de-letude\/\" style=\"background-color:#792ac7\" target=\"_blank\" rel=\"noreferrer noopener\">Les \u00e9tapes de l&rsquo;\u00e9tude<\/a><\/div>\n<\/div>\n<\/div>\n<\/div>\n<\/div>\n<\/div>\n\n\n\n<p><\/p>\n","protected":false},"excerpt":{"rendered":"<p>Le CHUV et l&rsquo;UNIL \u00e9tudient actuellement les b\u00e9n\u00e9fices d&rsquo;une activit\u00e9 pour r\u00e9duire les flashbacks* apr\u00e8s un accouchement difficile Pr\u00e9sentation Cette \u00e9tude vise \u00e0 aider les femmes ayant eu&hellip;<\/p>\n","protected":false},"author":1002379,"featured_media":0,"parent":0,"menu_order":0,"comment_status":"closed","ping_status":"closed","template":"template-full-width.php","meta":{"_seopress_robots_primary_cat":"","_seopress_titles_title":"","_seopress_titles_desc":"","_seopress_robots_index":"","footnotes":""},"class_list":["post-6","page","type-page","status-publish","has-post-thumbnail"],"_links":{"self":[{"href":"https:\/\/wp.unil.ch\/etude-astral\/wp-json\/wp\/v2\/pages\/6","targetHints":{"allow":["GET"]}}],"collection":[{"href":"https:\/\/wp.unil.ch\/etude-astral\/wp-json\/wp\/v2\/pages"}],"about":[{"href":"https:\/\/wp.unil.ch\/etude-astral\/wp-json\/wp\/v2\/types\/page"}],"author":[{"embeddable":true,"href":"https:\/\/wp.unil.ch\/etude-astral\/wp-json\/wp\/v2\/users\/1002379"}],"replies":[{"embeddable":true,"href":"https:\/\/wp.unil.ch\/etude-astral\/wp-json\/wp\/v2\/comments?post=6"}],"version-history":[{"count":3,"href":"https:\/\/wp.unil.ch\/etude-astral\/wp-json\/wp\/v2\/pages\/6\/revisions"}],"predecessor-version":[{"id":417,"href":"https:\/\/wp.unil.ch\/etude-astral\/wp-json\/wp\/v2\/pages\/6\/revisions\/417"}],"wp:attachment":[{"href":"https:\/\/wp.unil.ch\/etude-astral\/wp-json\/wp\/v2\/media?parent=6"}],"curies":[{"name":"wp","href":"https:\/\/api.w.org\/{rel}","templated":true}]}}