{"id":404,"date":"2024-05-27T11:37:00","date_gmt":"2024-05-27T09:37:00","guid":{"rendered":"https:\/\/wp.unil.ch\/etude-astral\/?page_id=404"},"modified":"2024-05-27T11:37:00","modified_gmt":"2024-05-27T09:37:00","slug":"bilan-de-fin-de-journee","status":"publish","type":"page","link":"https:\/\/wp.unil.ch\/etude-astral\/bilan-de-fin-de-journee\/","title":{"rendered":"Bilan de fin de journ\u00e9e"},"content":{"rendered":"\n<p>La deuxi\u00e8me partie du journal de bord nous permettra de suivre votre progression dans votre journal de bord. Pour cela, nous vous demandons d\u2019indiquer chaque jour si un ou des souvenir(s) intrusif(s) vous sont venus \u00e0 l\u2019esprit en suivant les \u00e9tapes comme dans l\u2019exemple ci-dessous\u00a0:<\/p>\n\n\n\n<p>1. Dans MyCap, cliquez sur l\u2019entr\u00e9e <strong>\u00ab\u00a0Journal 1 \u2013 Bilan Jour 1\u00a0\u00bb <\/strong>correspondant au jour en question. <strong>Pour ce faire, vous pouvez vous r\u00e9f\u00e9rer \u00e0 \u00ab\u00a0l\u2019agenda de l\u2019\u00e9tude\u00a0\u00bb envoy\u00e9 dans la messagerie sur l\u2019application pour retrouver le num\u00e9ro du jour correspondant \u00e0 la bonne date.<\/strong>\u00a0:<\/p>\n\n\n<div class=\"wp-block-image\">\n<figure class=\"aligncenter size-full is-resized\"><img alt=\"\" loading=\"lazy\" decoding=\"async\" width=\"553\" height=\"622\" src=\"https:\/\/wp.unil.ch\/etude-astral\/files\/2024\/05\/image-13.png\" alt=\"\" class=\"wp-image-405\" style=\"width:229px;height:auto\" srcset=\"https:\/\/wp.unil.ch\/etude-astral\/files\/2024\/05\/image-13.png 553w, https:\/\/wp.unil.ch\/etude-astral\/files\/2024\/05\/image-13-267x300.png 267w, https:\/\/wp.unil.ch\/etude-astral\/files\/2024\/05\/image-13-540x607.png 540w\" sizes=\"auto, (max-width: 553px) 100vw, 553px\" \/><\/figure>\n<\/div>\n\n\n<p>2. Indiquez si vous avez eu ou non un ou des souvenir(s) intrusif(s) ce jour-l\u00e0.<\/p>\n\n\n<div class=\"wp-block-image\">\n<figure class=\"aligncenter size-full is-resized\"><img alt=\"\" loading=\"lazy\" decoding=\"async\" width=\"533\" height=\"456\" src=\"https:\/\/wp.unil.ch\/etude-astral\/files\/2024\/05\/image-14.png\" alt=\"\" class=\"wp-image-406\" style=\"width:216px;height:auto\" srcset=\"https:\/\/wp.unil.ch\/etude-astral\/files\/2024\/05\/image-14.png 533w, https:\/\/wp.unil.ch\/etude-astral\/files\/2024\/05\/image-14-300x257.png 300w\" sizes=\"auto, (max-width: 533px) 100vw, 533px\" \/><\/figure>\n<\/div>\n\n\n<p>Il ne s\u2019agit que d\u2019une seule question,<strong> vous avez donc d\u00e9sormais compl\u00e9t\u00e9 la deuxi\u00e8me partie du journal\u00a0! <\/strong>Comme il n\u2019est possible de r\u00e9pondre \u00e0 cette question qu\u2019en fin de journ\u00e9e<strong>, nous vous conseillons d\u2019y r\u00e9pondre soit avant d\u2019aller vous coucher ou bien le lendemain matin. <\/strong><\/p>\n","protected":false},"excerpt":{"rendered":"<p>La deuxi\u00e8me partie du journal de bord nous permettra de suivre votre progression dans votre journal de bord. Pour cela, nous vous demandons d\u2019indiquer chaque jour si un&hellip;<\/p>\n","protected":false},"author":1002379,"featured_media":0,"parent":0,"menu_order":0,"comment_status":"closed","ping_status":"closed","template":"","meta":{"_seopress_robots_primary_cat":"","_seopress_titles_title":"","_seopress_titles_desc":"","_seopress_robots_index":"","footnotes":""},"class_list":["post-404","page","type-page","status-publish","has-post-thumbnail"],"_links":{"self":[{"href":"https:\/\/wp.unil.ch\/etude-astral\/wp-json\/wp\/v2\/pages\/404","targetHints":{"allow":["GET"]}}],"collection":[{"href":"https:\/\/wp.unil.ch\/etude-astral\/wp-json\/wp\/v2\/pages"}],"about":[{"href":"https:\/\/wp.unil.ch\/etude-astral\/wp-json\/wp\/v2\/types\/page"}],"author":[{"embeddable":true,"href":"https:\/\/wp.unil.ch\/etude-astral\/wp-json\/wp\/v2\/users\/1002379"}],"replies":[{"embeddable":true,"href":"https:\/\/wp.unil.ch\/etude-astral\/wp-json\/wp\/v2\/comments?post=404"}],"version-history":[{"count":1,"href":"https:\/\/wp.unil.ch\/etude-astral\/wp-json\/wp\/v2\/pages\/404\/revisions"}],"predecessor-version":[{"id":409,"href":"https:\/\/wp.unil.ch\/etude-astral\/wp-json\/wp\/v2\/pages\/404\/revisions\/409"}],"wp:attachment":[{"href":"https:\/\/wp.unil.ch\/etude-astral\/wp-json\/wp\/v2\/media?parent=404"}],"curies":[{"name":"wp","href":"https:\/\/api.w.org\/{rel}","templated":true}]}}