{"id":385,"date":"2024-05-27T11:11:35","date_gmt":"2024-05-27T09:11:35","guid":{"rendered":"https:\/\/wp.unil.ch\/etude-astral\/?page_id=385"},"modified":"2024-05-27T11:11:35","modified_gmt":"2024-05-27T09:11:35","slug":"journal-de-bord-instructions-generales","status":"publish","type":"page","link":"https:\/\/wp.unil.ch\/etude-astral\/journal-de-bord-instructions-generales\/","title":{"rendered":"Journal de bord &#8211; Instructions g\u00e9n\u00e9rales"},"content":{"rendered":"\n<p>Le journal de bord va vous permettre de noter vos souvenirs intrusifs, c\u2019est-\u00e0-dire les flashbacks, cauchemars et autres souvenirs li\u00e9s \u00e0 la naissance de votre enfant. <span style=\"color: purple\"><strong>Les flashbacks sont des souvenirs involontaires du travail et de l\u2019accouchement, qui vous viennent \u00e0 l\u2019esprit sans avertissement. Ils peuvent \u00eatre vivants et \u00e9motionnels, et sont souvent comme une image mentale, par exemple comme une photo ou un film. Ils peuvent impliquer tous les sens, comme des sons, des odeurs et des sensations corporelles. Les flashbacks de l&rsquo;accouchement peuvent \u00eatre tr\u00e8s courts, fuyants et morcel\u00e9s.<\/strong><\/span> <span style=\"text-decoration: underline\">Il est important que vous les notiez tous pour pouvoir suivre au mieux leur \u00e9volution au cours de votre participation \u00e0 l\u2019\u00e9tude ! <\/span><\/p>\n\n\n\n<p>Certains \u00e9l\u00e9ments pr\u00e9sent\u00e9s dans les instructions ci-dessous peuvent se pr\u00e9senter diff\u00e9remment sur votre t\u00e9l\u00e9phone portable, cela d\u00e9pend du mod\u00e8le que vous utilisez. En cas de questions, vous pouvez contacter Mme D\u00e9borah Fort (079 556 73 37 ou <a href=\"mailto:deborah.fort@chuv.ch\">deborah.fort@chuv.ch<\/a>) ou nous \u00e9crire depuis la messagerie s\u00e9curis\u00e9e pr\u00e9sente dans l\u2019application MyCap.<\/p>\n\n\n\n<p>Vous recevrez des SMS pour vous rappeler du d\u00e9but et de la fin du journal de bord. <strong>Pour compl\u00e9ter votre journal de bord, vous devrez chaque jour r\u00e9pondre \u00e0 deux brefs questionnaires\u00a0:<\/strong><\/p>\n\n\n\n<ol class=\"wp-block-list\" style=\"list-style-type:upper-alpha\">\n<li><strong><span style=\"text-decoration: underline\">Journal de bord \u2013 Noter un souvenir intrusif<\/span>&nbsp;:<\/strong> Cette premi\u00e8re partie vous permettra de <span style=\"color: purple\"><strong>reporter chaque cauchemar, flashback et\/ou autre souvenir intrusif de votre accouchement <\/strong><\/span>.<\/li>\n\n\n\n<li><strong><span style=\"text-decoration: underline\">Journal de bord \u2013 Bilan de fin de journ\u00e9e<\/span>&nbsp;:<\/strong> Cette seconde partie devra \u00eatre remplie <span style=\"color: purple\"><strong>chaque jour<\/strong><\/span> afin<span style=\"color: purple\"> <strong>d\u2019indiquer si vous avez eu ou non un ou des souvenir(s) intrusif(s) ce jour-l\u00e0<\/strong><\/span>, ceci nous permettra de suivre votre progression dans le journal. Nous vous conseillons de le remplir en fin de journ\u00e9e, p. ex. avant d\u2019aller vous coucher. Vous pouvez \u00e9galement le remplir le lendemain matin pour la veille.<\/li>\n<\/ol>\n\n\n\n<p>Vous trouverez ci-dessous les instructions d\u00e9taill\u00e9es relatives au journal de bord. Les questionnaires \u00ab TEST : Journal de bord \u2013 Noter une intrusion \u00bb et \u00ab TEST : Journal de bord \u2013 Bilan de fin de journ\u00e9e \u00bb vous permettront de vous familiariser avec le journal de bord lors de l\u2019appel t\u00e9l\u00e9phonique durant lequel nous vous expliquerons son fonctionnement.<\/p>\n","protected":false},"excerpt":{"rendered":"<p>Le journal de bord va vous permettre de noter vos souvenirs intrusifs, c\u2019est-\u00e0-dire les flashbacks, cauchemars et autres souvenirs li\u00e9s \u00e0 la naissance de votre enfant. Les flashbacks&hellip;<\/p>\n","protected":false},"author":1002379,"featured_media":0,"parent":0,"menu_order":0,"comment_status":"closed","ping_status":"closed","template":"","meta":{"_seopress_robots_primary_cat":"","_seopress_titles_title":"","_seopress_titles_desc":"","_seopress_robots_index":"","footnotes":""},"class_list":["post-385","page","type-page","status-publish","has-post-thumbnail"],"_links":{"self":[{"href":"https:\/\/wp.unil.ch\/etude-astral\/wp-json\/wp\/v2\/pages\/385","targetHints":{"allow":["GET"]}}],"collection":[{"href":"https:\/\/wp.unil.ch\/etude-astral\/wp-json\/wp\/v2\/pages"}],"about":[{"href":"https:\/\/wp.unil.ch\/etude-astral\/wp-json\/wp\/v2\/types\/page"}],"author":[{"embeddable":true,"href":"https:\/\/wp.unil.ch\/etude-astral\/wp-json\/wp\/v2\/users\/1002379"}],"replies":[{"embeddable":true,"href":"https:\/\/wp.unil.ch\/etude-astral\/wp-json\/wp\/v2\/comments?post=385"}],"version-history":[{"count":1,"href":"https:\/\/wp.unil.ch\/etude-astral\/wp-json\/wp\/v2\/pages\/385\/revisions"}],"predecessor-version":[{"id":387,"href":"https:\/\/wp.unil.ch\/etude-astral\/wp-json\/wp\/v2\/pages\/385\/revisions\/387"}],"wp:attachment":[{"href":"https:\/\/wp.unil.ch\/etude-astral\/wp-json\/wp\/v2\/media?parent=385"}],"curies":[{"name":"wp","href":"https:\/\/api.w.org\/{rel}","templated":true}]}}