{"id":285,"date":"2022-03-23T14:07:44","date_gmt":"2022-03-23T13:07:44","guid":{"rendered":"https:\/\/wp.unil.ch\/etude-astral\/?page_id=285"},"modified":"2024-02-21T09:31:22","modified_gmt":"2024-02-21T08:31:22","slug":"remerciements","status":"publish","type":"page","link":"https:\/\/wp.unil.ch\/etude-astral\/remerciements\/","title":{"rendered":"Remerciements"},"content":{"rendered":"\n<p>Nous remercions chaleureusement les institutions participant au recrutement et diffusant des informations sur notre \u00e9tude qui sont cit\u00e9es ci-dessous.<\/p>\n\n\n\n<p>Associations :<\/p>\n\n\n\n<figure class=\"wp-block-image size-large is-resized\"><img alt=\"\" loading=\"lazy\" decoding=\"async\" width=\"1024\" height=\"501\" src=\"https:\/\/wp.unil.ch\/etude-astral\/files\/2022\/06\/image-1024x501.png\" alt=\"\" class=\"wp-image-341\" style=\"width:354px;height:173px\" srcset=\"https:\/\/wp.unil.ch\/etude-astral\/files\/2022\/06\/image-1024x501.png 1024w, https:\/\/wp.unil.ch\/etude-astral\/files\/2022\/06\/image-300x147.png 300w, https:\/\/wp.unil.ch\/etude-astral\/files\/2022\/06\/image-768x376.png 768w, https:\/\/wp.unil.ch\/etude-astral\/files\/2022\/06\/image-540x264.png 540w, https:\/\/wp.unil.ch\/etude-astral\/files\/2022\/06\/image-1080x529.png 1080w, https:\/\/wp.unil.ch\/etude-astral\/files\/2022\/06\/image.png 1144w\" sizes=\"auto, (max-width: 1024px) 100vw, 1024px\" \/><\/figure>\n\n\n\n<figure class=\"wp-block-image size-full\"><img alt=\"\" loading=\"lazy\" decoding=\"async\" width=\"512\" height=\"196\" src=\"https:\/\/wp.unil.ch\/etude-astral\/files\/2022\/07\/image.png\" alt=\"\" class=\"wp-image-347\" srcset=\"https:\/\/wp.unil.ch\/etude-astral\/files\/2022\/07\/image.png 512w, https:\/\/wp.unil.ch\/etude-astral\/files\/2022\/07\/image-300x115.png 300w\" sizes=\"auto, (max-width: 512px) 100vw, 512px\" \/><\/figure>\n\n\n\n<div class=\"wp-block-columns is-layout-flex wp-container-core-columns-is-layout-9d6595d7 wp-block-columns-is-layout-flex\"><\/div>\n\n\n\n<div class=\"wp-block-buttons is-content-justification-left is-layout-flex wp-container-core-buttons-is-layout-fdcfc74e wp-block-buttons-is-layout-flex\"><\/div>\n\n\n\n<p>Centres p\u00e9rinataux :<\/p>\n\n\n\n<figure class=\"wp-block-image size-large\"><img alt=\"\" loading=\"lazy\" decoding=\"async\" width=\"1024\" height=\"212\" src=\"https:\/\/wp.unil.ch\/etude-astral\/files\/2022\/06\/image-1-1024x212.png\" alt=\"\" class=\"wp-image-343\" srcset=\"https:\/\/wp.unil.ch\/etude-astral\/files\/2022\/06\/image-1-1024x212.png 1024w, https:\/\/wp.unil.ch\/etude-astral\/files\/2022\/06\/image-1-300x62.png 300w, https:\/\/wp.unil.ch\/etude-astral\/files\/2022\/06\/image-1-768x159.png 768w, https:\/\/wp.unil.ch\/etude-astral\/files\/2022\/06\/image-1-540x112.png 540w, https:\/\/wp.unil.ch\/etude-astral\/files\/2022\/06\/image-1-1080x224.png 1080w, https:\/\/wp.unil.ch\/etude-astral\/files\/2022\/06\/image-1.png 1207w\" sizes=\"auto, (max-width: 1024px) 100vw, 1024px\" \/><\/figure>\n\n\n\n<p>Cr\u00e8ches et garderies :<\/p>\n\n\n\n<ul class=\"wp-block-list\">\n<li>La Chotte &#8211; Association la Brique<\/li>\n\n\n\n<li>Garderie Les Globes-Trotteurs<\/li>\n\n\n\n<li>Garderie-Nurserie Les P&rsquo;tits Bonheurs<\/li>\n\n\n\n<li>Garderie P&rsquo;tit flon<\/li>\n\n\n\n<li>Garderie Matt &amp; Matic<\/li>\n\n\n\n<li>Garderie Ludo &amp; Duc<\/li>\n\n\n\n<li>Garderie des Baumettes<\/li>\n\n\n\n<li>Nurserie &amp; Garderie Petites Couleurs<\/li>\n\n\n\n<li>Le man\u00e8ge enchant\u00e9<\/li>\n\n\n\n<li>Petit navire<\/li>\n\n\n\n<li>Le microcosme<\/li>\n<\/ul>\n\n\n\n<p>Centres de vie enfantine :<\/p>\n\n\n\n<ul class=\"wp-block-list\">\n<li>Centre de vie enfantine Madeleine &#8211; APEF<\/li>\n\n\n\n<li>Centre de vie enfantine Grattapaille<\/li>\n\n\n\n<li>Centre de vie enfantine des Diablerets<\/li>\n<\/ul>\n\n\n\n<p>Ludoth\u00e8ques :<\/p>\n\n\n\n<ul class=\"wp-block-list\">\n<li>Ludoth\u00e8que Pinocchio<\/li>\n<\/ul>\n\n\n\n<p>Halte-jeux :<\/p>\n\n\n\n<ul class=\"wp-block-list\">\n<li>Les Marmousy &#8211; Halte-jeux<\/li>\n\n\n\n<li>Halte Jeux la souris verte<\/li>\n<\/ul>\n\n\n\n<p>Maisons de quartier :<\/p>\n\n\n\n<ul class=\"wp-block-list\">\n<li>FASL Maison de quartier des Faverges<\/li>\n\n\n\n<li>FASL Maison de quartier sous-gare<\/li>\n<\/ul>\n\n\n\n<p>Cabinets de physioth\u00e9rapie :<\/p>\n\n\n\n<ul class=\"wp-block-list\">\n<li>Mother fit \/ Yes fit<\/li>\n<\/ul>\n","protected":false},"excerpt":{"rendered":"<p>Nous remercions chaleureusement les institutions participant au recrutement et diffusant des informations sur notre \u00e9tude qui sont cit\u00e9es ci-dessous. Associations : Centres p\u00e9rinataux : Cr\u00e8ches et garderies :&hellip;<\/p>\n","protected":false},"author":1002379,"featured_media":0,"parent":0,"menu_order":0,"comment_status":"closed","ping_status":"closed","template":"","meta":{"_seopress_robots_primary_cat":"","_seopress_titles_title":"","_seopress_titles_desc":"","_seopress_robots_index":"","footnotes":""},"class_list":["post-285","page","type-page","status-publish","has-post-thumbnail"],"_links":{"self":[{"href":"https:\/\/wp.unil.ch\/etude-astral\/wp-json\/wp\/v2\/pages\/285","targetHints":{"allow":["GET"]}}],"collection":[{"href":"https:\/\/wp.unil.ch\/etude-astral\/wp-json\/wp\/v2\/pages"}],"about":[{"href":"https:\/\/wp.unil.ch\/etude-astral\/wp-json\/wp\/v2\/types\/page"}],"author":[{"embeddable":true,"href":"https:\/\/wp.unil.ch\/etude-astral\/wp-json\/wp\/v2\/users\/1002379"}],"replies":[{"embeddable":true,"href":"https:\/\/wp.unil.ch\/etude-astral\/wp-json\/wp\/v2\/comments?post=285"}],"version-history":[{"count":1,"href":"https:\/\/wp.unil.ch\/etude-astral\/wp-json\/wp\/v2\/pages\/285\/revisions"}],"predecessor-version":[{"id":383,"href":"https:\/\/wp.unil.ch\/etude-astral\/wp-json\/wp\/v2\/pages\/285\/revisions\/383"}],"wp:attachment":[{"href":"https:\/\/wp.unil.ch\/etude-astral\/wp-json\/wp\/v2\/media?parent=285"}],"curies":[{"name":"wp","href":"https:\/\/api.w.org\/{rel}","templated":true}]}}