{"id":245,"date":"2022-02-21T15:41:20","date_gmt":"2022-02-21T14:41:20","guid":{"rendered":"https:\/\/wp.unil.ch\/etude-astral\/?page_id=245"},"modified":"2022-04-07T09:45:57","modified_gmt":"2022-04-07T07:45:57","slug":"journal-de-bord-bilan-de-fin-de-journee","status":"publish","type":"page","link":"https:\/\/wp.unil.ch\/etude-astral\/journal-de-bord-bilan-de-fin-de-journee\/","title":{"rendered":"Journal de bord &#8211; Bilan de fin de journ\u00e9e"},"content":{"rendered":"\n<p>La deuxi\u00e8me partie du journal de bord nous permettra de suivre votre progression dans votre journal de bord. Pour cela, nous vous demandons d\u2019indiquer chaque jour si un ou des souvenir(s) intrusif(s) vous sont venus \u00e0 l\u2019esprit en suivant les \u00e9tapes comme dans l\u2019exemple ci-dessous&nbsp;:<\/p>\n\n\n\n<p>1. Dans MyCap, sous la date du jour, cliquer sur <strong>\u00ab\u00a0Journal de bord\u00a0: Bilan de fin de journ\u00e9e \u00bb<\/strong>.<\/p>\n\n\n\n<div class=\"wp-block-image\"><figure class=\"aligncenter size-full\"><img alt=\"\" loading=\"lazy\" decoding=\"async\" width=\"330\" height=\"449\" src=\"https:\/\/wp.unil.ch\/etude-astral\/files\/2022\/04\/image-1.png\" alt=\"\" class=\"wp-image-296\" srcset=\"https:\/\/wp.unil.ch\/etude-astral\/files\/2022\/04\/image-1.png 330w, https:\/\/wp.unil.ch\/etude-astral\/files\/2022\/04\/image-1-220x300.png 220w\" sizes=\"auto, (max-width: 330px) 100vw, 330px\" \/><\/figure><\/div>\n\n\n\n<p>2. Indiquez si vous avez eu ou non un ou des souvenir(s) intrusif(s) ce jour-l\u00e0.<\/p>\n\n\n\n<div class=\"wp-block-image\"><figure class=\"aligncenter size-full\"><img alt=\"\" loading=\"lazy\" decoding=\"async\" width=\"422\" height=\"217\" src=\"https:\/\/wp.unil.ch\/etude-astral\/files\/2022\/03\/image-11.png\" alt=\"\" class=\"wp-image-273\" srcset=\"https:\/\/wp.unil.ch\/etude-astral\/files\/2022\/03\/image-11.png 422w, https:\/\/wp.unil.ch\/etude-astral\/files\/2022\/03\/image-11-300x154.png 300w\" sizes=\"auto, (max-width: 422px) 100vw, 422px\" \/><\/figure><\/div>\n\n\n\n<p>3. Il ne s\u2019agit que d\u2019une seule question, vous avez donc d\u00e9sormais compl\u00e9t\u00e9 la deuxi\u00e8me partie du journal&nbsp;! Comme il n\u2019est possible de r\u00e9pondre \u00e0 cette question qu\u2019en fin de journ\u00e9e<strong>, nous vous conseillons d\u2019y r\u00e9pondre soit avant d\u2019aller vous coucher ou bien le lendemain matin pour la veille (dans l\u2019application, il suffit d\u2019aller <u>sur la date de la veille<\/u> et de remplir le questionnaire qui sera encore pr\u00e9sent).<\/strong><\/p>\n\n\n\n<div class=\"wp-block-columns is-layout-flex wp-container-core-columns-is-layout-9d6595d7 wp-block-columns-is-layout-flex\">\n<div class=\"wp-block-column is-layout-flow wp-block-column-is-layout-flow\">\n<div class=\"wp-block-buttons is-layout-flex wp-block-buttons-is-layout-flex\">\n<div class=\"wp-block-button\"><a class=\"wp-block-button__link has-background\" href=\"https:\/\/wp.unil.ch\/etude-astral\/instructions-pour-remplir-le-journal-de-bord\/\" style=\"background-color:#792ac7\">Instructions g\u00e9n\u00e9rales pour remplir le journal de bord<\/a><\/div>\n<\/div>\n<\/div>\n\n\n\n<div class=\"wp-block-column is-layout-flow wp-block-column-is-layout-flow\">\n<div class=\"wp-block-buttons is-layout-flex wp-block-buttons-is-layout-flex\">\n<div class=\"wp-block-button\"><a class=\"wp-block-button__link has-background\" href=\"https:\/\/wp.unil.ch\/etude-astral\/journal-de-bord-noter-un-souvenir-intrusif\/\" style=\"background-color:#792ac7\">Journal de bord &#8211; Noter un souvenir intrusif<\/a><\/div>\n<\/div>\n<\/div>\n<\/div>\n\n\n\n<p><\/p>\n","protected":false},"excerpt":{"rendered":"<p>La deuxi\u00e8me partie du journal de bord nous permettra de suivre votre progression dans votre journal de bord. Pour cela, nous vous demandons d\u2019indiquer chaque jour si un&hellip;<\/p>\n","protected":false},"author":1002379,"featured_media":0,"parent":0,"menu_order":0,"comment_status":"closed","ping_status":"closed","template":"template-full-width.php","meta":{"_seopress_robots_primary_cat":"","_seopress_titles_title":"","_seopress_titles_desc":"","_seopress_robots_index":"","footnotes":""},"class_list":["post-245","page","type-page","status-publish","has-post-thumbnail"],"_links":{"self":[{"href":"https:\/\/wp.unil.ch\/etude-astral\/wp-json\/wp\/v2\/pages\/245","targetHints":{"allow":["GET"]}}],"collection":[{"href":"https:\/\/wp.unil.ch\/etude-astral\/wp-json\/wp\/v2\/pages"}],"about":[{"href":"https:\/\/wp.unil.ch\/etude-astral\/wp-json\/wp\/v2\/types\/page"}],"author":[{"embeddable":true,"href":"https:\/\/wp.unil.ch\/etude-astral\/wp-json\/wp\/v2\/users\/1002379"}],"replies":[{"embeddable":true,"href":"https:\/\/wp.unil.ch\/etude-astral\/wp-json\/wp\/v2\/comments?post=245"}],"version-history":[{"count":0,"href":"https:\/\/wp.unil.ch\/etude-astral\/wp-json\/wp\/v2\/pages\/245\/revisions"}],"wp:attachment":[{"href":"https:\/\/wp.unil.ch\/etude-astral\/wp-json\/wp\/v2\/media?parent=245"}],"curies":[{"name":"wp","href":"https:\/\/api.w.org\/{rel}","templated":true}]}}