{"id":240,"date":"2022-02-21T15:29:25","date_gmt":"2022-02-21T14:29:25","guid":{"rendered":"https:\/\/wp.unil.ch\/etude-astral\/?page_id=240"},"modified":"2022-04-07T09:45:29","modified_gmt":"2022-04-07T07:45:29","slug":"journal-de-bord-noter-un-souvenir-intrusif","status":"publish","type":"page","link":"https:\/\/wp.unil.ch\/etude-astral\/journal-de-bord-noter-un-souvenir-intrusif\/","title":{"rendered":"Journal de bord &#8211; Noter un souvenir intrusif"},"content":{"rendered":"\n<p>A chaque souvenir intrusif, vous devrez suivre les \u00e9tapes suivantes, comme dans l\u2019exemple ci-dessous, pour le reporter dans l\u2019application&nbsp;:<\/p>\n\n\n\n<p>1. Dans MyCap, sous la date du jour, cliquer sur <strong>\u00ab\u00a0Journal de bord\u00a0: Noter un souvenir intrusif\u00a0\u00bb<\/strong><\/p>\n\n\n\n<div class=\"wp-block-image\"><figure class=\"aligncenter size-full\"><img alt=\"\" loading=\"lazy\" decoding=\"async\" width=\"330\" height=\"450\" src=\"https:\/\/wp.unil.ch\/etude-astral\/files\/2022\/04\/image.png\" alt=\"\" class=\"wp-image-294\" srcset=\"https:\/\/wp.unil.ch\/etude-astral\/files\/2022\/04\/image.png 330w, https:\/\/wp.unil.ch\/etude-astral\/files\/2022\/04\/image-220x300.png 220w\" sizes=\"auto, (max-width: 330px) 100vw, 330px\" \/><\/figure><\/div>\n\n\n\n<p>2. Indiquer ensuite <strong>la date et l\u2019heure<\/strong> \u00e0 laquelle vous avez eu un souvenir intrusif.<\/p>\n\n\n\n<div class=\"wp-block-image\"><figure class=\"aligncenter size-full\"><img alt=\"\" loading=\"lazy\" decoding=\"async\" width=\"291\" height=\"201\" src=\"https:\/\/wp.unil.ch\/etude-astral\/files\/2022\/03\/image-2.png\" alt=\"\" class=\"wp-image-262\" \/><\/figure><\/div>\n\n\n\n<div class=\"wp-block-image\"><figure class=\"aligncenter size-full\"><img alt=\"\" loading=\"lazy\" decoding=\"async\" width=\"302\" height=\"438\" src=\"https:\/\/wp.unil.ch\/etude-astral\/files\/2022\/03\/image-3.png\" alt=\"\" class=\"wp-image-263\" srcset=\"https:\/\/wp.unil.ch\/etude-astral\/files\/2022\/03\/image-3.png 302w, https:\/\/wp.unil.ch\/etude-astral\/files\/2022\/03\/image-3-207x300.png 207w\" sizes=\"auto, (max-width: 302px) 100vw, 302px\" \/><\/figure><\/div>\n\n\n\n<div class=\"wp-block-image\"><figure class=\"aligncenter size-full\"><img alt=\"\" loading=\"lazy\" decoding=\"async\" width=\"269\" height=\"324\" src=\"https:\/\/wp.unil.ch\/etude-astral\/files\/2022\/03\/image-4.png\" alt=\"\" class=\"wp-image-264\" srcset=\"https:\/\/wp.unil.ch\/etude-astral\/files\/2022\/03\/image-4.png 269w, https:\/\/wp.unil.ch\/etude-astral\/files\/2022\/03\/image-4-249x300.png 249w\" sizes=\"auto, (max-width: 269px) 100vw, 269px\" \/><\/figure><\/div>\n\n\n\n<p>3. Indiquer <strong>le type<\/strong> de souvenir intrusif dont il s\u2019agissait, c\u2019est-\u00e0-dire cauchemar, flashback ou autre.<\/p>\n\n\n\n<div class=\"wp-block-image\"><figure class=\"aligncenter size-full\"><img alt=\"\" loading=\"lazy\" decoding=\"async\" width=\"430\" height=\"322\" src=\"https:\/\/wp.unil.ch\/etude-astral\/files\/2022\/03\/image-5.png\" alt=\"\" class=\"wp-image-265\" srcset=\"https:\/\/wp.unil.ch\/etude-astral\/files\/2022\/03\/image-5.png 430w, https:\/\/wp.unil.ch\/etude-astral\/files\/2022\/03\/image-5-300x225.png 300w\" sizes=\"auto, (max-width: 430px) 100vw, 430px\" \/><\/figure><\/div>\n\n\n\n<p>4. D\u00e9crivez bri\u00e8vement le <strong>contenu <\/strong>du souvenir.<\/p>\n\n\n\n<div class=\"wp-block-image\"><figure class=\"aligncenter size-full\"><img alt=\"\" loading=\"lazy\" decoding=\"async\" width=\"420\" height=\"299\" src=\"https:\/\/wp.unil.ch\/etude-astral\/files\/2022\/03\/image-6.png\" alt=\"\" class=\"wp-image-266\" srcset=\"https:\/\/wp.unil.ch\/etude-astral\/files\/2022\/03\/image-6.png 420w, https:\/\/wp.unil.ch\/etude-astral\/files\/2022\/03\/image-6-300x214.png 300w\" sizes=\"auto, (max-width: 420px) 100vw, 420px\" \/><\/figure><\/div>\n\n\n\n<p>5. Indiquez dans quelle mesure le souvenir \u00e9tait une source de <strong>d\u00e9tresse <\/strong>pour vous, en sachant que 0 = pas du tout et 10 = extr\u00eamement.<\/p>\n\n\n\n<div class=\"wp-block-image\"><figure class=\"aligncenter size-full\"><img alt=\"\" loading=\"lazy\" decoding=\"async\" width=\"377\" height=\"251\" src=\"https:\/\/wp.unil.ch\/etude-astral\/files\/2022\/03\/image-7.png\" alt=\"\" class=\"wp-image-267\" srcset=\"https:\/\/wp.unil.ch\/etude-astral\/files\/2022\/03\/image-7.png 377w, https:\/\/wp.unil.ch\/etude-astral\/files\/2022\/03\/image-7-300x200.png 300w\" sizes=\"auto, (max-width: 377px) 100vw, 377px\" \/><\/figure><\/div>\n\n\n\n<p>6. Indiquez dans quelle mesure vous avez eu <strong>la sensation que votre souvenir \u00e9tait en train de se produire ici et maintenant<\/strong> au moment o\u00f9 vous l\u2019avez eu (sensation d\u2019instantan\u00e9it\u00e9, d\u2019imm\u00e9diatet\u00e9), en sachant que 0 = pas du tout et 10 = extr\u00eamement.<\/p>\n\n\n\n<div class=\"wp-block-image\"><figure class=\"aligncenter size-full\"><img alt=\"\" loading=\"lazy\" decoding=\"async\" width=\"351\" height=\"277\" src=\"https:\/\/wp.unil.ch\/etude-astral\/files\/2022\/03\/image-8.png\" alt=\"\" class=\"wp-image-268\" srcset=\"https:\/\/wp.unil.ch\/etude-astral\/files\/2022\/03\/image-8.png 351w, https:\/\/wp.unil.ch\/etude-astral\/files\/2022\/03\/image-8-300x237.png 300w\" sizes=\"auto, (max-width: 351px) 100vw, 351px\" \/><\/figure><\/div>\n\n\n\n<p>7. Indiquez-la<strong> ou les modalit\u00e9s sensorielles<\/strong> du souvenir : &nbsp;si elle \u00e9tait visuelle (images), auditive (sons), olfactive (odeurs), gustative (go\u00fbt), tactile (toucher) et\/ou si c\u2019\u00e9tait une sensation corporelle et\/ou une douleur, etc. Cela peut \u00eatre plusieurs sens \u00e0 la fois.<\/p>\n\n\n\n<div class=\"wp-block-image\"><figure class=\"aligncenter size-full\"><img alt=\"\" loading=\"lazy\" decoding=\"async\" width=\"365\" height=\"536\" src=\"https:\/\/wp.unil.ch\/etude-astral\/files\/2022\/03\/image-9.png\" alt=\"\" class=\"wp-image-269\" srcset=\"https:\/\/wp.unil.ch\/etude-astral\/files\/2022\/03\/image-9.png 365w, https:\/\/wp.unil.ch\/etude-astral\/files\/2022\/03\/image-9-204x300.png 204w\" sizes=\"auto, (max-width: 365px) 100vw, 365px\" \/><\/figure><\/div>\n\n\n\n<p>8. Votre nouvelle entr\u00e9e dans le journal de bord est d\u00e9sormais compl\u00e9t\u00e9e&nbsp;!<\/p>\n\n\n\n<div class=\"wp-block-columns is-layout-flex wp-container-core-columns-is-layout-9d6595d7 wp-block-columns-is-layout-flex\">\n<div class=\"wp-block-column is-layout-flow wp-block-column-is-layout-flow\">\n<div class=\"wp-block-buttons is-layout-flex wp-block-buttons-is-layout-flex\">\n<div class=\"wp-block-button\"><a class=\"wp-block-button__link has-background\" href=\"https:\/\/wp.unil.ch\/etude-astral\/instructions-pour-remplir-le-journal-de-bord\/\" style=\"background-color:#792ac7\">Instructions g\u00e9n\u00e9rales pour remplir le journal de bord<\/a><\/div>\n<\/div>\n<\/div>\n\n\n\n<div class=\"wp-block-column is-layout-flow wp-block-column-is-layout-flow\">\n<div class=\"wp-block-buttons is-layout-flex wp-block-buttons-is-layout-flex\">\n<div class=\"wp-block-button\"><a class=\"wp-block-button__link has-background\" href=\"https:\/\/wp.unil.ch\/etude-astral\/journal-de-bord-bilan-de-fin-de-journee\/\" style=\"background-color:#792ac7\">Journal de bord &#8211; Bilan de fin de journ\u00e9e<\/a><\/div>\n<\/div>\n<\/div>\n<\/div>\n\n\n\n<p><\/p>\n","protected":false},"excerpt":{"rendered":"<p>A chaque souvenir intrusif, vous devrez suivre les \u00e9tapes suivantes, comme dans l\u2019exemple ci-dessous, pour le reporter dans l\u2019application&nbsp;: 1. Dans MyCap, sous la date du jour, cliquer&hellip;<\/p>\n","protected":false},"author":1002379,"featured_media":0,"parent":0,"menu_order":0,"comment_status":"closed","ping_status":"closed","template":"template-full-width.php","meta":{"_seopress_robots_primary_cat":"","_seopress_titles_title":"","_seopress_titles_desc":"","_seopress_robots_index":"","footnotes":""},"class_list":["post-240","page","type-page","status-publish","has-post-thumbnail"],"_links":{"self":[{"href":"https:\/\/wp.unil.ch\/etude-astral\/wp-json\/wp\/v2\/pages\/240","targetHints":{"allow":["GET"]}}],"collection":[{"href":"https:\/\/wp.unil.ch\/etude-astral\/wp-json\/wp\/v2\/pages"}],"about":[{"href":"https:\/\/wp.unil.ch\/etude-astral\/wp-json\/wp\/v2\/types\/page"}],"author":[{"embeddable":true,"href":"https:\/\/wp.unil.ch\/etude-astral\/wp-json\/wp\/v2\/users\/1002379"}],"replies":[{"embeddable":true,"href":"https:\/\/wp.unil.ch\/etude-astral\/wp-json\/wp\/v2\/comments?post=240"}],"version-history":[{"count":0,"href":"https:\/\/wp.unil.ch\/etude-astral\/wp-json\/wp\/v2\/pages\/240\/revisions"}],"wp:attachment":[{"href":"https:\/\/wp.unil.ch\/etude-astral\/wp-json\/wp\/v2\/media?parent=240"}],"curies":[{"name":"wp","href":"https:\/\/api.w.org\/{rel}","templated":true}]}}