{"id":201,"date":"2022-02-18T16:23:52","date_gmt":"2022-02-18T15:23:52","guid":{"rendered":"https:\/\/wp.unil.ch\/etude-astral\/?page_id=201"},"modified":"2025-11-04T14:42:19","modified_gmt":"2025-11-04T13:42:19","slug":"quel-est-mon-interet-a-participer","status":"publish","type":"page","link":"https:\/\/wp.unil.ch\/etude-astral\/home\/quel-est-mon-interet-a-participer\/","title":{"rendered":"Quel est mon int\u00e9r\u00eat \u00e0 participer ?"},"content":{"rendered":"<div class=\"wp-block-image\">\n<figure class=\"aligncenter size-large\"><img alt=\"\" loading=\"lazy\" decoding=\"async\" width=\"1024\" height=\"559\" src=\"https:\/\/wp.unil.ch\/etude-astral\/files\/2022\/02\/nformations-complementair-4-1024x559.png\" alt=\"\" class=\"wp-image-228\" srcset=\"https:\/\/wp.unil.ch\/etude-astral\/files\/2022\/02\/nformations-complementair-4-1024x559.png 1024w, https:\/\/wp.unil.ch\/etude-astral\/files\/2022\/02\/nformations-complementair-4-300x164.png 300w, https:\/\/wp.unil.ch\/etude-astral\/files\/2022\/02\/nformations-complementair-4-768x419.png 768w, https:\/\/wp.unil.ch\/etude-astral\/files\/2022\/02\/nformations-complementair-4-1536x838.png 1536w, https:\/\/wp.unil.ch\/etude-astral\/files\/2022\/02\/nformations-complementair-4-540x295.png 540w, https:\/\/wp.unil.ch\/etude-astral\/files\/2022\/02\/nformations-complementair-4-1080x589.png 1080w, https:\/\/wp.unil.ch\/etude-astral\/files\/2022\/02\/nformations-complementair-4.png 1572w\" sizes=\"auto, (max-width: 1024px) 100vw, 1024px\" \/><\/figure>\n<\/div>\n\n\n<ul class=\"wp-block-list\">\n<li><strong><span style=\"color: purple\">Faire le point sur mon bien-\u00eatre ainsi que sur l\u2019\u00e9volution de mes flashbacks <\/span><\/strong>au d\u00e9but et \u00e0 la fin de l&rsquo;\u00e9tude.<\/li>\n\n\n\n<li><strong><span style=\"color: purple\">Contribuer au d\u00e9veloppement d&rsquo;une activit\u00e9 pour soutenir les femmes apr\u00e8s leur accouchement.<\/span><\/strong><\/li>\n<\/ul>\n\n\n\n<p>Le recrutement de l&rsquo;\u00e9tude est d\u00e9sormais ferm\u00e9. Nous remercions toutes nos participantes pour leur implication et leur aide pr\u00e9cieuses pour faire avancer la recherche. En cas de questions sur notre \u00e9tude, veuillez nous contacter \u00e0 l&rsquo;adresse mail suivante : <span style=\"color: purple\"><strong>etude-astral@chuv.ch<\/strong><\/span><\/p>\n\n\n\n<div class=\"wp-block-columns is-layout-flex wp-container-core-columns-is-layout-9d6595d7 wp-block-columns-is-layout-flex\">\n<div class=\"wp-block-column is-layout-flow wp-block-column-is-layout-flow\">\n<div class=\"wp-block-buttons is-layout-flex wp-block-buttons-is-layout-flex\">\n<div class=\"wp-block-button\"><a class=\"wp-block-button__link has-background wp-element-button\" href=\"https:\/\/wp.unil.ch\/etude-astral\/home\/qui-peux-participer-a-letude\/\" style=\"background-color:#792ac7\" target=\"_blank\" rel=\"noreferrer noopener\">Qui peut participer \u00e0 l&rsquo;\u00e9tude ?<\/a><\/div>\n<\/div>\n<\/div>\n\n\n\n<div class=\"wp-block-column is-layout-flow wp-block-column-is-layout-flow\">\n<div class=\"wp-block-buttons is-layout-flex wp-block-buttons-is-layout-flex\">\n<div class=\"wp-block-button\"><a class=\"wp-block-button__link has-background wp-element-button\" href=\"https:\/\/wp.unil.ch\/etude-astral\/les-etapes-de-letude\/\" style=\"background-color:#792ac7\" target=\"_blank\" rel=\"noreferrer noopener\">Les \u00e9tapes de l&rsquo;\u00e9tude<\/a><\/div>\n<\/div>\n<\/div>\n<\/div>\n","protected":false},"excerpt":{"rendered":"<p>Le recrutement de l&rsquo;\u00e9tude est d\u00e9sormais ferm\u00e9. Nous remercions toutes nos participantes pour leur implication et leur aide pr\u00e9cieuses pour faire avancer la recherche. En cas de questions&hellip;<\/p>\n","protected":false},"author":1002379,"featured_media":0,"parent":6,"menu_order":2,"comment_status":"closed","ping_status":"closed","template":"template-full-width.php","meta":{"_seopress_robots_primary_cat":"","_seopress_titles_title":"","_seopress_titles_desc":"","_seopress_robots_index":"","footnotes":""},"class_list":["post-201","page","type-page","status-publish","has-post-thumbnail"],"_links":{"self":[{"href":"https:\/\/wp.unil.ch\/etude-astral\/wp-json\/wp\/v2\/pages\/201","targetHints":{"allow":["GET"]}}],"collection":[{"href":"https:\/\/wp.unil.ch\/etude-astral\/wp-json\/wp\/v2\/pages"}],"about":[{"href":"https:\/\/wp.unil.ch\/etude-astral\/wp-json\/wp\/v2\/types\/page"}],"author":[{"embeddable":true,"href":"https:\/\/wp.unil.ch\/etude-astral\/wp-json\/wp\/v2\/users\/1002379"}],"replies":[{"embeddable":true,"href":"https:\/\/wp.unil.ch\/etude-astral\/wp-json\/wp\/v2\/comments?post=201"}],"version-history":[{"count":1,"href":"https:\/\/wp.unil.ch\/etude-astral\/wp-json\/wp\/v2\/pages\/201\/revisions"}],"predecessor-version":[{"id":419,"href":"https:\/\/wp.unil.ch\/etude-astral\/wp-json\/wp\/v2\/pages\/201\/revisions\/419"}],"up":[{"embeddable":true,"href":"https:\/\/wp.unil.ch\/etude-astral\/wp-json\/wp\/v2\/pages\/6"}],"wp:attachment":[{"href":"https:\/\/wp.unil.ch\/etude-astral\/wp-json\/wp\/v2\/media?parent=201"}],"curies":[{"name":"wp","href":"https:\/\/api.w.org\/{rel}","templated":true}]}}