{"id":190,"date":"2022-02-18T15:47:38","date_gmt":"2022-02-18T14:47:38","guid":{"rendered":"https:\/\/wp.unil.ch\/etude-astral\/?page_id=190"},"modified":"2025-11-04T14:41:58","modified_gmt":"2025-11-04T13:41:58","slug":"qui-peux-participer-a-letude","status":"publish","type":"page","link":"https:\/\/wp.unil.ch\/etude-astral\/home\/qui-peux-participer-a-letude\/","title":{"rendered":"Qui peut participer \u00e0 l&rsquo;\u00e9tude ?"},"content":{"rendered":"<div class=\"wp-block-image\">\n<figure class=\"aligncenter size-large\"><img alt=\"\" loading=\"lazy\" decoding=\"async\" width=\"1024\" height=\"559\" src=\"https:\/\/wp.unil.ch\/etude-astral\/files\/2022\/02\/nformations-complementair-2-1024x559.png\" alt=\"\" class=\"wp-image-220\" srcset=\"https:\/\/wp.unil.ch\/etude-astral\/files\/2022\/02\/nformations-complementair-2-1024x559.png 1024w, https:\/\/wp.unil.ch\/etude-astral\/files\/2022\/02\/nformations-complementair-2-300x164.png 300w, https:\/\/wp.unil.ch\/etude-astral\/files\/2022\/02\/nformations-complementair-2-768x419.png 768w, https:\/\/wp.unil.ch\/etude-astral\/files\/2022\/02\/nformations-complementair-2-1536x838.png 1536w, https:\/\/wp.unil.ch\/etude-astral\/files\/2022\/02\/nformations-complementair-2-540x295.png 540w, https:\/\/wp.unil.ch\/etude-astral\/files\/2022\/02\/nformations-complementair-2-1080x589.png 1080w, https:\/\/wp.unil.ch\/etude-astral\/files\/2022\/02\/nformations-complementair-2.png 1572w\" sizes=\"auto, (max-width: 1024px) 100vw, 1024px\" \/><\/figure>\n<\/div>\n\n\n<p>La participation \u00e0 l&rsquo;\u00e9tude est pour l&rsquo;instant propos\u00e9es aux femmes ayant :<\/p>\n\n\n\n<ul class=\"wp-block-list\">\n<li><strong>Accouch\u00e9 au <span style=\"color: purple\">CHUV<\/span><\/strong> <strong>ou au <span style=\"color: purple\">RHNe (Pourtal\u00e8s)<\/span><\/strong> <\/li>\n\n\n\n<li><strong>Des <span style=\"color: purple\">flashbacks<\/span> de leur accouchement<\/strong><\/li>\n\n\n\n<li><strong>Un niveau de fran\u00e7ais suffisant pour r\u00e9pondre aux questions<\/strong><\/li>\n<\/ul>\n\n\n\n<p>Le recrutement de l&rsquo;\u00e9tude est d\u00e9sormais ferm\u00e9. Nous remercions toutes nos participantes pour leur implication et leur aide pr\u00e9cieuses pour faire avancer la recherche. En cas de questions sur notre \u00e9tude, veuillez nous contacter \u00e0 l&rsquo;adresse mail suivante : <span style=\"color: purple\"><strong>etude-astral@chuv.ch<\/strong><\/span><\/p>\n\n\n\n<div class=\"wp-block-columns is-layout-flex wp-container-core-columns-is-layout-9d6595d7 wp-block-columns-is-layout-flex\">\n<div class=\"wp-block-column is-layout-flow wp-block-column-is-layout-flow\">\n<div class=\"wp-block-buttons is-layout-flex wp-block-buttons-is-layout-flex\">\n<div class=\"wp-block-button\"><a class=\"wp-block-button__link has-background wp-element-button\" href=\"https:\/\/wp.unil.ch\/etude-astral\/home\/quel-est-mon-interet-a-participer\/\" style=\"background-color:#792ac7\" target=\"_blank\" rel=\"noreferrer noopener\">Quel est mon int\u00e9r\u00eat \u00e0 participer ?<\/a><\/div>\n<\/div>\n<\/div>\n\n\n\n<div class=\"wp-block-column is-layout-flow wp-block-column-is-layout-flow\">\n<div class=\"wp-block-buttons is-layout-flex wp-block-buttons-is-layout-flex\">\n<div class=\"wp-block-button\"><a class=\"wp-block-button__link has-background wp-element-button\" href=\"https:\/\/wp.unil.ch\/etude-astral\/home\/les-etapes-de-letude\/\" style=\"background-color:#792ac7\" target=\"_blank\" rel=\"noreferrer noopener\">Les \u00e9tapes de l&rsquo;\u00e9tude<\/a><\/div>\n<\/div>\n<\/div>\n<\/div>\n\n\n\n<p><\/p>\n","protected":false},"excerpt":{"rendered":"<p>La participation \u00e0 l&rsquo;\u00e9tude est pour l&rsquo;instant propos\u00e9es aux femmes ayant : Le recrutement de l&rsquo;\u00e9tude est d\u00e9sormais ferm\u00e9. Nous remercions toutes nos participantes pour leur implication et&hellip;<\/p>\n","protected":false},"author":1002379,"featured_media":0,"parent":6,"menu_order":1,"comment_status":"closed","ping_status":"closed","template":"template-full-width.php","meta":{"_seopress_robots_primary_cat":"","_seopress_titles_title":"","_seopress_titles_desc":"","_seopress_robots_index":"","footnotes":""},"class_list":["post-190","page","type-page","status-publish","has-post-thumbnail"],"_links":{"self":[{"href":"https:\/\/wp.unil.ch\/etude-astral\/wp-json\/wp\/v2\/pages\/190","targetHints":{"allow":["GET"]}}],"collection":[{"href":"https:\/\/wp.unil.ch\/etude-astral\/wp-json\/wp\/v2\/pages"}],"about":[{"href":"https:\/\/wp.unil.ch\/etude-astral\/wp-json\/wp\/v2\/types\/page"}],"author":[{"embeddable":true,"href":"https:\/\/wp.unil.ch\/etude-astral\/wp-json\/wp\/v2\/users\/1002379"}],"replies":[{"embeddable":true,"href":"https:\/\/wp.unil.ch\/etude-astral\/wp-json\/wp\/v2\/comments?post=190"}],"version-history":[{"count":3,"href":"https:\/\/wp.unil.ch\/etude-astral\/wp-json\/wp\/v2\/pages\/190\/revisions"}],"predecessor-version":[{"id":418,"href":"https:\/\/wp.unil.ch\/etude-astral\/wp-json\/wp\/v2\/pages\/190\/revisions\/418"}],"up":[{"embeddable":true,"href":"https:\/\/wp.unil.ch\/etude-astral\/wp-json\/wp\/v2\/pages\/6"}],"wp:attachment":[{"href":"https:\/\/wp.unil.ch\/etude-astral\/wp-json\/wp\/v2\/media?parent=190"}],"curies":[{"name":"wp","href":"https:\/\/api.w.org\/{rel}","templated":true}]}}