{"id":6394,"date":"2022-06-24T11:51:10","date_gmt":"2022-06-24T09:51:10","guid":{"rendered":"https:\/\/wp.unil.ch\/esspace\/?page_id=6394"},"modified":"2025-10-06T14:45:31","modified_gmt":"2025-10-06T12:45:31","slug":"appels-a-projets","status":"publish","type":"page","link":"https:\/\/wp.unil.ch\/esspace\/appels-a-projets\/","title":{"rendered":"Appels \u00e0 projets"},"content":{"rendered":"\n<div class=\"wp-block-columns is-layout-flex wp-container-core-columns-is-layout-9d6595d7 wp-block-columns-is-layout-flex\">\n<div class=\"wp-block-column is-layout-flow wp-block-column-is-layout-flow\" style=\"flex-basis:66.66%\">\n<figure class=\"wp-block-image size-large\"><a href=\"https:\/\/wp.unil.ch\/esspace\/files\/2025\/10\/appels_projets_2025.png\"><img loading=\"lazy\" decoding=\"async\" width=\"1024\" height=\"724\" src=\"https:\/\/wp.unil.ch\/esspace\/files\/2025\/10\/appels_projets_2025-1024x724.png\" alt=\"appels projets 2025\" class=\"wp-image-10124\" srcset=\"https:\/\/wp.unil.ch\/esspace\/files\/2025\/10\/appels_projets_2025-1024x724.png 1024w, https:\/\/wp.unil.ch\/esspace\/files\/2025\/10\/appels_projets_2025-300x212.png 300w, https:\/\/wp.unil.ch\/esspace\/files\/2025\/10\/appels_projets_2025-768x543.png 768w, https:\/\/wp.unil.ch\/esspace\/files\/2025\/10\/appels_projets_2025-1536x1086.png 1536w, https:\/\/wp.unil.ch\/esspace\/files\/2025\/10\/appels_projets_2025-1320x933.png 1320w, https:\/\/wp.unil.ch\/esspace\/files\/2025\/10\/appels_projets_2025.png 2000w\" sizes=\"auto, (max-width: 1024px) 100vw, 1024px\" \/><\/a><figcaption class=\"wp-element-caption\">appels \u00e0 projets 2025<\/figcaption><\/figure>\n<\/div>\n\n\n\n<div class=\"wp-block-column is-layout-flow wp-block-column-is-layout-flow\" style=\"flex-basis:33.33%\"><\/div>\n<\/div>\n\n\n\n<div class=\"wp-block-columns is-layout-flex wp-container-core-columns-is-layout-9d6595d7 wp-block-columns-is-layout-flex\">\n<div class=\"wp-block-column is-layout-flow wp-block-column-is-layout-flow\"><div id=\"ect-no-events\"><p>There are no upcoming events at this time<\/p><\/div><\/div>\n\n\n\n<div class=\"wp-block-column is-layout-flow wp-block-column-is-layout-flow\">\n<p style=\"font-size:24px\"><strong>Offres r\u00e9guli\u00e8res ou continues<\/strong><\/p>\n\n\n\n\t\t\t<div class=\"wp-block-uagb-post-grid uagb-post-grid appels-offres-regulieres uagb-post__image-position-top uagb-post__image-enabled uagb-block-9b23a440     uagb-post__items uagb-post__columns-3 is-grid uagb-post__columns-tablet-2 uagb-post__columns-mobile-1 uagb-post__equal-height\" data-total=\"1\" style=\"\">\n\n\t\t\t\t\t\t\t\t\t\t\t\t<article class=\"uagb-post__inner-wrap\">\t\t\t\t\t\t\t\t<div class='uagb-post__image'>\n\t\t\t\t\t\t\t\t\t<a href=\"https:\/\/wp.unil.ch\/esspace\/2022\/09\/fondation-leenaards\/\" target=\"_self\" rel=\"bookmark noopener noreferrer\" class='uagb-image-ratio-inherit'><img loading=\"lazy\" decoding=\"async\" width=\"512\" height=\"350\" src=\"https:\/\/wp.unil.ch\/esspace\/files\/2022\/09\/fondation-leenaards.jpg\" class=\"attachment-hitmag-featured size-hitmag-featured\" alt=\"\" srcset=\"https:\/\/wp.unil.ch\/esspace\/files\/2022\/09\/fondation-leenaards.jpg 512w, https:\/\/wp.unil.ch\/esspace\/files\/2022\/09\/fondation-leenaards-300x205.jpg 300w, https:\/\/wp.unil.ch\/esspace\/files\/2022\/09\/fondation-leenaards-135x93.jpg 135w\" sizes=\"auto, (max-width: 512px) 100vw, 512px\" \/>\t\t\t\t\t<\/a>\n\t\t\t\t\t\t\t<\/div>\n\t\t\t\t\t\t<h4 class=\"uagb-post__title uagb-post__text\">\n\t\t\t\t<a href=\"https:\/\/wp.unil.ch\/esspace\/2022\/09\/fondation-leenaards\/\" target=\"_self\" rel=\"bookmark noopener noreferrer\">Fondation Leenaards<\/a>\n\t\t\t<\/h4>\n\t\t\t\t\t\t<div class='uagb-post__text uagb-post-grid-byline'>\n\t\t\t\t\t\t\t<\/div>\n\t\t\t\t\t\t\t<div class='uagb-post__text uagb-post__excerpt'>\n\t\t\t\t\t<p>Active dans l\u2019arc l\u00e9manique, la Fondation Leenaards cherche \u00e0 accompagner&#8230;\t\t\t\t<\/div>\n\t\t\t\t\t\t<div class=\"uagb-post__text uagb-post__cta wp-block-button\">\n\t\t\t\t<a class=\"wp-block-button__link uagb-text-link\" style=\"\" href=\"https:\/\/wp.unil.ch\/esspace\/2022\/09\/fondation-leenaards\/\" target=\"_self\" rel=\"bookmark noopener noreferrer\">Lire plus<\/a>\n\t\t\t<\/div>\n\t\t\t\n\t\t\t\t\t\t\t\t\t<\/article>\n\t\t\t\t\t\t\t\t\t\t\t\t\t\t\t\t<article class=\"uagb-post__inner-wrap\">\t\t\t\t\t\t\t\t<div class='uagb-post__image'>\n\t\t\t\t\t\t\t\t\t<a href=\"https:\/\/wp.unil.ch\/esspace\/2022\/09\/societe-academique-vaudoise-sav\/\" target=\"_self\" rel=\"bookmark noopener noreferrer\" class='uagb-image-ratio-inherit'><img loading=\"lazy\" decoding=\"async\" width=\"512\" height=\"350\" src=\"https:\/\/wp.unil.ch\/esspace\/files\/2022\/09\/societe-academique-vaudoise.jpg\" class=\"attachment-hitmag-featured size-hitmag-featured\" alt=\"\" srcset=\"https:\/\/wp.unil.ch\/esspace\/files\/2022\/09\/societe-academique-vaudoise.jpg 512w, https:\/\/wp.unil.ch\/esspace\/files\/2022\/09\/societe-academique-vaudoise-300x205.jpg 300w, https:\/\/wp.unil.ch\/esspace\/files\/2022\/09\/societe-academique-vaudoise-135x93.jpg 135w\" sizes=\"auto, (max-width: 512px) 100vw, 512px\" \/>\t\t\t\t\t<\/a>\n\t\t\t\t\t\t\t<\/div>\n\t\t\t\t\t\t<h4 class=\"uagb-post__title uagb-post__text\">\n\t\t\t\t<a href=\"https:\/\/wp.unil.ch\/esspace\/2022\/09\/societe-academique-vaudoise-sav\/\" target=\"_self\" rel=\"bookmark noopener noreferrer\">Soci\u00e9t\u00e9 Acad\u00e9mique Vaudoise (SAV)<\/a>\n\t\t\t<\/h4>\n\t\t\t\t\t\t<div class='uagb-post__text uagb-post-grid-byline'>\n\t\t\t\t\t\t\t<\/div>\n\t\t\t\t\t\t\t<div class='uagb-post__text uagb-post__excerpt'>\n\t\t\t\t\t<p>La Soci\u00e9t\u00e9 Acad\u00e9mique Vaudoise et les fondations associ\u00e9es ont pour&#8230;\t\t\t\t<\/div>\n\t\t\t\t\t\t<div class=\"uagb-post__text uagb-post__cta wp-block-button\">\n\t\t\t\t<a class=\"wp-block-button__link uagb-text-link\" style=\"\" href=\"https:\/\/wp.unil.ch\/esspace\/2022\/09\/societe-academique-vaudoise-sav\/\" target=\"_self\" rel=\"bookmark noopener noreferrer\">Lire plus<\/a>\n\t\t\t<\/div>\n\t\t\t\n\t\t\t\t\t\t\t\t\t<\/article>\n\t\t\t\t\t\t\t\t\t\t\t\t\t\t\t\t<article class=\"uagb-post__inner-wrap\">\t\t\t\t\t\t\t\t<div class='uagb-post__image'>\n\t\t\t\t\t\t\t\t\t<a href=\"https:\/\/wp.unil.ch\/esspace\/2022\/09\/les-fondations-hebergees-a-lunil\/\" target=\"_self\" rel=\"bookmark noopener noreferrer\" class='uagb-image-ratio-inherit'><img loading=\"lazy\" decoding=\"async\" width=\"512\" height=\"350\" src=\"https:\/\/wp.unil.ch\/esspace\/files\/2022\/09\/unil-logo.jpg\" class=\"attachment-hitmag-featured size-hitmag-featured\" alt=\"\" srcset=\"https:\/\/wp.unil.ch\/esspace\/files\/2022\/09\/unil-logo.jpg 512w, https:\/\/wp.unil.ch\/esspace\/files\/2022\/09\/unil-logo-300x205.jpg 300w, https:\/\/wp.unil.ch\/esspace\/files\/2022\/09\/unil-logo-135x93.jpg 135w\" sizes=\"auto, (max-width: 512px) 100vw, 512px\" \/>\t\t\t\t\t<\/a>\n\t\t\t\t\t\t\t<\/div>\n\t\t\t\t\t\t<h4 class=\"uagb-post__title uagb-post__text\">\n\t\t\t\t<a href=\"https:\/\/wp.unil.ch\/esspace\/2022\/09\/les-fondations-hebergees-a-lunil\/\" target=\"_self\" rel=\"bookmark noopener noreferrer\">Les fondations h\u00e9berg\u00e9es \u00e0 l\u2019Unil<\/a>\n\t\t\t<\/h4>\n\t\t\t\t\t\t<div class='uagb-post__text uagb-post-grid-byline'>\n\t\t\t\t\t\t\t<\/div>\n\t\t\t\t\t\t\t<div class='uagb-post__text uagb-post__excerpt'>\n\t\t\t\t\t<p>La Direction de l\u2019Universit\u00e9 de Lausanne h\u00e9berge huit fondations qui&#8230;\t\t\t\t<\/div>\n\t\t\t\t\t\t<div class=\"uagb-post__text uagb-post__cta wp-block-button\">\n\t\t\t\t<a class=\"wp-block-button__link uagb-text-link\" style=\"\" href=\"https:\/\/wp.unil.ch\/esspace\/2022\/09\/les-fondations-hebergees-a-lunil\/\" target=\"_self\" rel=\"bookmark noopener noreferrer\">Lire plus<\/a>\n\t\t\t<\/div>\n\t\t\t\n\t\t\t\t\t\t\t\t\t<\/article>\n\t\t\t\t\t\t\t\t\t\t\t\t\t\t\t\t<article class=\"uagb-post__inner-wrap\">\t\t\t\t\t\t\t\t<div class='uagb-post__image'>\n\t\t\t\t\t\t\t\t\t<a href=\"https:\/\/wp.unil.ch\/esspace\/2022\/09\/la-fondation-de-lunil\/\" target=\"_self\" rel=\"bookmark noopener noreferrer\" class='uagb-image-ratio-inherit'><img loading=\"lazy\" decoding=\"async\" width=\"512\" height=\"350\" src=\"https:\/\/wp.unil.ch\/esspace\/files\/2022\/09\/fondation-unil-logo.jpg\" class=\"attachment-hitmag-featured size-hitmag-featured\" alt=\"\" srcset=\"https:\/\/wp.unil.ch\/esspace\/files\/2022\/09\/fondation-unil-logo.jpg 512w, https:\/\/wp.unil.ch\/esspace\/files\/2022\/09\/fondation-unil-logo-300x205.jpg 300w, https:\/\/wp.unil.ch\/esspace\/files\/2022\/09\/fondation-unil-logo-135x93.jpg 135w\" sizes=\"auto, (max-width: 512px) 100vw, 512px\" \/>\t\t\t\t\t<\/a>\n\t\t\t\t\t\t\t<\/div>\n\t\t\t\t\t\t<h4 class=\"uagb-post__title uagb-post__text\">\n\t\t\t\t<a href=\"https:\/\/wp.unil.ch\/esspace\/2022\/09\/la-fondation-de-lunil\/\" target=\"_self\" rel=\"bookmark noopener noreferrer\">La Fondation de l\u2019Unil<\/a>\n\t\t\t<\/h4>\n\t\t\t\t\t\t<div class='uagb-post__text uagb-post-grid-byline'>\n\t\t\t\t\t\t\t<\/div>\n\t\t\t\t\t\t\t<div class='uagb-post__text uagb-post__excerpt'>\n\t\t\t\t\t<p>La fondation pour l\u2019Universit\u00e9 de Lausanne dispose de plusieurs types&#8230;\t\t\t\t<\/div>\n\t\t\t\t\t\t<div class=\"uagb-post__text uagb-post__cta wp-block-button\">\n\t\t\t\t<a class=\"wp-block-button__link uagb-text-link\" style=\"\" href=\"https:\/\/wp.unil.ch\/esspace\/2022\/09\/la-fondation-de-lunil\/\" target=\"_self\" rel=\"bookmark noopener noreferrer\">Lire plus<\/a>\n\t\t\t<\/div>\n\t\t\t\n\t\t\t\t\t\t\t\t\t<\/article>\n\t\t\t\t\t\t\t\t\t\t\t\t\t\t\t\t<article class=\"uagb-post__inner-wrap\">\t\t\t\t\t\t\t\t<div class='uagb-post__image'>\n\t\t\t\t\t\t\t\t\t<a href=\"https:\/\/wp.unil.ch\/esspace\/2022\/09\/soutien-a-la-recherche-du-decanat-ssp\/\" target=\"_self\" rel=\"bookmark noopener noreferrer\" class='uagb-image-ratio-inherit'><img loading=\"lazy\" decoding=\"async\" width=\"204\" height=\"139\" src=\"https:\/\/wp.unil.ch\/esspace\/files\/2022\/09\/Soutien-recherche-1.jpg\" class=\"attachment-hitmag-featured size-hitmag-featured\" alt=\"\" srcset=\"https:\/\/wp.unil.ch\/esspace\/files\/2022\/09\/Soutien-recherche-1.jpg 204w, https:\/\/wp.unil.ch\/esspace\/files\/2022\/09\/Soutien-recherche-1-135x93.jpg 135w\" sizes=\"auto, (max-width: 204px) 100vw, 204px\" \/>\t\t\t\t\t<\/a>\n\t\t\t\t\t\t\t<\/div>\n\t\t\t\t\t\t<h4 class=\"uagb-post__title uagb-post__text\">\n\t\t\t\t<a href=\"https:\/\/wp.unil.ch\/esspace\/2022\/09\/soutien-a-la-recherche-du-decanat-ssp\/\" target=\"_self\" rel=\"bookmark noopener noreferrer\">Soutien \u00e0 la recherche du D\u00e9canat SSP<\/a>\n\t\t\t<\/h4>\n\t\t\t\t\t\t<div class='uagb-post__text uagb-post-grid-byline'>\n\t\t\t\t\t\t\t<\/div>\n\t\t\t\t\t\t\t<div class='uagb-post__text uagb-post__excerpt'>\n\t\t\t\t\t<p>Le D\u00e9canat SSP lance deux fois par ann\u00e9e un appel&#8230;\t\t\t\t<\/div>\n\t\t\t\t\t\t<div class=\"uagb-post__text uagb-post__cta wp-block-button\">\n\t\t\t\t<a class=\"wp-block-button__link uagb-text-link\" style=\"\" href=\"https:\/\/wp.unil.ch\/esspace\/2022\/09\/soutien-a-la-recherche-du-decanat-ssp\/\" target=\"_self\" rel=\"bookmark noopener noreferrer\">Lire plus<\/a>\n\t\t\t<\/div>\n\t\t\t\n\t\t\t\t\t\t\t\t\t<\/article>\n\t\t\t\t\t\t\t\t\t\t\t\t\t\t\t\t<article class=\"uagb-post__inner-wrap\">\t\t\t\t\t\t\t\t<div class='uagb-post__image'>\n\t\t\t\t\t\t\t\t\t<a href=\"https:\/\/wp.unil.ch\/esspace\/2022\/09\/bourses-dexcellence-de-la-confederation-suisse\/\" target=\"_self\" rel=\"bookmark noopener noreferrer\" class='uagb-image-ratio-inherit'><img loading=\"lazy\" decoding=\"async\" width=\"512\" height=\"350\" src=\"https:\/\/wp.unil.ch\/esspace\/files\/2022\/09\/bourse-confederation-logo.jpg\" class=\"attachment-hitmag-featured size-hitmag-featured\" alt=\"\" srcset=\"https:\/\/wp.unil.ch\/esspace\/files\/2022\/09\/bourse-confederation-logo.jpg 512w, https:\/\/wp.unil.ch\/esspace\/files\/2022\/09\/bourse-confederation-logo-300x205.jpg 300w, https:\/\/wp.unil.ch\/esspace\/files\/2022\/09\/bourse-confederation-logo-135x93.jpg 135w\" sizes=\"auto, (max-width: 512px) 100vw, 512px\" \/>\t\t\t\t\t<\/a>\n\t\t\t\t\t\t\t<\/div>\n\t\t\t\t\t\t<h4 class=\"uagb-post__title uagb-post__text\">\n\t\t\t\t<a href=\"https:\/\/wp.unil.ch\/esspace\/2022\/09\/bourses-dexcellence-de-la-confederation-suisse\/\" target=\"_self\" rel=\"bookmark noopener noreferrer\">Bourses d\u2019excellence de la Conf\u00e9d\u00e9ration suisse<\/a>\n\t\t\t<\/h4>\n\t\t\t\t\t\t<div class='uagb-post__text uagb-post-grid-byline'>\n\t\t\t\t\t\t\t<\/div>\n\t\t\t\t\t\t\t<div class='uagb-post__text uagb-post__excerpt'>\n\t\t\t\t\t<p>La Conf\u00e9d\u00e9ration suisse offre chaque ann\u00e9e des bourses d\u2019excellence dans&#8230;\t\t\t\t<\/div>\n\t\t\t\t\t\t<div class=\"uagb-post__text uagb-post__cta wp-block-button\">\n\t\t\t\t<a class=\"wp-block-button__link uagb-text-link\" style=\"\" href=\"https:\/\/wp.unil.ch\/esspace\/2022\/09\/bourses-dexcellence-de-la-confederation-suisse\/\" target=\"_self\" rel=\"bookmark noopener noreferrer\">Lire plus<\/a>\n\t\t\t<\/div>\n\t\t\t\n\t\t\t\t\t\t\t\t\t<\/article>\n\t\t\t\t\t\t\t\t\t\t\t\t\t\t\t\t<article class=\"uagb-post__inner-wrap\">\t\t\t\t\t\t\t\t<div class='uagb-post__image'>\n\t\t\t\t\t\t\t\t\t<a href=\"https:\/\/wp.unil.ch\/esspace\/2022\/09\/bourse-de-cotutelles-de-these-du-sefri\/\" target=\"_self\" rel=\"bookmark noopener noreferrer\" class='uagb-image-ratio-inherit'><img loading=\"lazy\" decoding=\"async\" width=\"512\" height=\"350\" src=\"https:\/\/wp.unil.ch\/esspace\/files\/2022\/09\/SwissUni-1.jpg\" class=\"attachment-hitmag-featured size-hitmag-featured\" alt=\"\" srcset=\"https:\/\/wp.unil.ch\/esspace\/files\/2022\/09\/SwissUni-1.jpg 512w, https:\/\/wp.unil.ch\/esspace\/files\/2022\/09\/SwissUni-1-300x205.jpg 300w, https:\/\/wp.unil.ch\/esspace\/files\/2022\/09\/SwissUni-1-135x93.jpg 135w\" sizes=\"auto, (max-width: 512px) 100vw, 512px\" \/>\t\t\t\t\t<\/a>\n\t\t\t\t\t\t\t<\/div>\n\t\t\t\t\t\t<h4 class=\"uagb-post__title uagb-post__text\">\n\t\t\t\t<a href=\"https:\/\/wp.unil.ch\/esspace\/2022\/09\/bourse-de-cotutelles-de-these-du-sefri\/\" target=\"_self\" rel=\"bookmark noopener noreferrer\">Bourse de cotutelles de th\u00e8se du SEFRI<\/a>\n\t\t\t<\/h4>\n\t\t\t\t\t\t<div class='uagb-post__text uagb-post-grid-byline'>\n\t\t\t\t\t\t\t<\/div>\n\t\t\t\t\t\t\t<div class='uagb-post__text uagb-post__excerpt'>\n\t\t\t\t\t<p>Le Secr\u00e9tariat d&rsquo;Etat \u00e0 la formation, \u00e0 la recherche et&#8230;\t\t\t\t<\/div>\n\t\t\t\t\t\t<div class=\"uagb-post__text uagb-post__cta wp-block-button\">\n\t\t\t\t<a class=\"wp-block-button__link uagb-text-link\" style=\"\" href=\"https:\/\/wp.unil.ch\/esspace\/2022\/09\/bourse-de-cotutelles-de-these-du-sefri\/\" target=\"_self\" rel=\"bookmark noopener noreferrer\">Lire plus<\/a>\n\t\t\t<\/div>\n\t\t\t\n\t\t\t\t\t\t\t\t\t<\/article>\n\t\t\t\t\t\t\t\t\t\t\t\t\t\t\t\t<article class=\"uagb-post__inner-wrap\">\t\t\t\t\t\t\t\t<div class='uagb-post__image'>\n\t\t\t\t\t\t\t\t\t<a href=\"https:\/\/wp.unil.ch\/esspace\/2022\/09\/roma-instituto-svizzero\/\" target=\"_self\" rel=\"bookmark noopener noreferrer\" class='uagb-image-ratio-inherit'><img loading=\"lazy\" decoding=\"async\" width=\"512\" height=\"350\" src=\"https:\/\/wp.unil.ch\/esspace\/files\/2022\/09\/IS-VillaMaraini-SylvieFleury-Miracle-1.jpg\" class=\"attachment-hitmag-featured size-hitmag-featured\" alt=\"\" srcset=\"https:\/\/wp.unil.ch\/esspace\/files\/2022\/09\/IS-VillaMaraini-SylvieFleury-Miracle-1.jpg 512w, https:\/\/wp.unil.ch\/esspace\/files\/2022\/09\/IS-VillaMaraini-SylvieFleury-Miracle-1-300x205.jpg 300w, https:\/\/wp.unil.ch\/esspace\/files\/2022\/09\/IS-VillaMaraini-SylvieFleury-Miracle-1-135x93.jpg 135w\" sizes=\"auto, (max-width: 512px) 100vw, 512px\" \/>\t\t\t\t\t<\/a>\n\t\t\t\t\t\t\t<\/div>\n\t\t\t\t\t\t<h4 class=\"uagb-post__title uagb-post__text\">\n\t\t\t\t<a href=\"https:\/\/wp.unil.ch\/esspace\/2022\/09\/roma-instituto-svizzero\/\" target=\"_self\" rel=\"bookmark noopener noreferrer\">Roma Instituto Svizzero<\/a>\n\t\t\t<\/h4>\n\t\t\t\t\t\t<div class='uagb-post__text uagb-post-grid-byline'>\n\t\t\t\t\t\t\t<\/div>\n\t\t\t\t\t\t\t<div class='uagb-post__text uagb-post__excerpt'>\n\t\t\t\t\t<p>L&rsquo;Istituto Svizzero di Roma, qui est \u00e9galement repr\u00e9sent\u00e9 \u00e0 Milan,&#8230;\t\t\t\t<\/div>\n\t\t\t\t\t\t<div class=\"uagb-post__text uagb-post__cta wp-block-button\">\n\t\t\t\t<a class=\"wp-block-button__link uagb-text-link\" style=\"\" href=\"https:\/\/wp.unil.ch\/esspace\/2022\/09\/roma-instituto-svizzero\/\" target=\"_self\" rel=\"bookmark noopener noreferrer\">Lire plus<\/a>\n\t\t\t<\/div>\n\t\t\t\n\t\t\t\t\t\t\t\t\t<\/article>\n\t\t\t\t\t\t\t\t\t\t\t\t\t\t\t\t<article class=\"uagb-post__inner-wrap\">\t\t\t\t\t\t\t\t<h4 class=\"uagb-post__title uagb-post__text\">\n\t\t\t\t<a href=\"https:\/\/wp.unil.ch\/esspace\/2022\/09\/fonds-des-publications-unil\/\" target=\"_self\" rel=\"bookmark noopener noreferrer\">Fonds des Publications UNIL<\/a>\n\t\t\t<\/h4>\n\t\t\t\t\t\t<div class='uagb-post__text uagb-post-grid-byline'>\n\t\t\t\t\t\t\t<\/div>\n\t\t\t\t\t\t\t<div class='uagb-post__text uagb-post__excerpt'>\n\t\t\t\t\t<p>Le Fonds des publications a pour t\u00e2che g\u00e9n\u00e9rale de favoriser&#8230;\t\t\t\t<\/div>\n\t\t\t\t\t\t<div class=\"uagb-post__text uagb-post__cta wp-block-button\">\n\t\t\t\t<a class=\"wp-block-button__link uagb-text-link\" style=\"\" href=\"https:\/\/wp.unil.ch\/esspace\/2022\/09\/fonds-des-publications-unil\/\" target=\"_self\" rel=\"bookmark noopener noreferrer\">Lire plus<\/a>\n\t\t\t<\/div>\n\t\t\t\n\t\t\t\t\t\t\t\t\t<\/article>\n\t\t\t\t\t\t\t\t\t\t\t<\/div>\n\t\t\t<\/div>\n<\/div>\n\n\n\n<p class=\"has-background has-small-font-size\" style=\"background-color:#ebeff2\"><strong>Appels par cat\u00e9gorie<\/strong>:<br><a href=\"https:\/\/wp.unil.ch\/esspace\/events\/categorie\/fns\/\">FNS<\/a>  &#8211;  <a href=\"https:\/\/wp.unil.ch\/esspace\/events\/categorie\/fondations-autres\/\">Fondations\/ Autres<\/a>  &#8211;  <a href=\"https:\/\/wp.unil.ch\/esspace\/events\/categorie\/fonds-europeens\/\">Fonds europ\u00e9ens<\/a>  &#8211;  <a href=\"https:\/\/wp.unil.ch\/esspace\/events\/categorie\/leading-houses\/\">Leading houses<\/a>  &#8211;  <a href=\"https:\/\/wp.unil.ch\/esspace\/events\/categorie\/prix-et-distinctions\/\">Prix et distinctions<\/a>  &#8211;  <a href=\"https:\/\/wp.unil.ch\/esspace\/events\/categorie\/unil\/\">UNIL<\/a><\/p>\n","protected":false},"excerpt":{"rendered":"<p>Offres r\u00e9guli\u00e8res ou continues Appels par cat\u00e9gorie:FNS &#8211; Fondations\/ Autres &#8211; Fonds europ\u00e9ens &#8211; Leading houses &#8211; Prix et distinctions &#8211; UNIL<\/p>\n","protected":false},"author":163,"featured_media":0,"parent":0,"menu_order":0,"comment_status":"closed","ping_status":"closed","template":"","meta":{"_seopress_robots_primary_cat":"","_seopress_titles_title":"","_seopress_titles_desc":"","_seopress_robots_index":"","_uag_custom_page_level_css":"","_EventAllDay":false,"_EventTimezone":"","_EventStartDate":"","_EventEndDate":"","_EventStartDateUTC":"","_EventEndDateUTC":"","_EventShowMap":false,"_EventShowMapLink":false,"_EventURL":"","_EventCost":"","_EventCostDescription":"","_EventCurrencySymbol":"","_EventCurrencyCode":"","_EventCurrencyPosition":"","_EventDateTimeSeparator":"","_EventTimeRangeSeparator":"","_EventOrganizerID":[],"_EventVenueID":[],"_OrganizerEmail":"","_OrganizerPhone":"","_OrganizerWebsite":"","_VenueAddress":"","_VenueCity":"","_VenueCountry":"","_VenueProvince":"","_VenueState":"","_VenueZip":"","_VenuePhone":"","_VenueURL":"","_VenueStateProvince":"","_VenueLat":"","_VenueLng":"","_VenueShowMap":false,"_VenueShowMapLink":false,"footnotes":""},"class_list":["post-6394","page","type-page","status-publish"],"uagb_featured_image_src":{"full":false,"thumbnail":false,"medium":false,"medium_large":false,"large":false,"1536x1536":false,"2048x2048":false,"hitmag-landscape":false,"hitmag-featured":false,"hitmag-grid":false,"hitmag-list":false,"hitmag-thumbnail":false,"gform-image-choice-sm":false,"gform-image-choice-md":false,"gform-image-choice-lg":false,"mailpoet_newsletter_max":false},"uagb_author_info":{"display_name":"sschlat1","author_link":"https:\/\/wp.unil.ch\/esspace\/author\/sschlat1\/"},"uagb_comment_info":0,"uagb_excerpt":"Offres r\u00e9guli\u00e8res ou continues Appels par cat\u00e9gorie:FNS &#8211; Fondations\/ Autres &#8211; Fonds europ\u00e9ens &#8211; Leading houses &#8211; Prix et distinctions &#8211; UNIL","_links":{"self":[{"href":"https:\/\/wp.unil.ch\/esspace\/wp-json\/wp\/v2\/pages\/6394","targetHints":{"allow":["GET"]}}],"collection":[{"href":"https:\/\/wp.unil.ch\/esspace\/wp-json\/wp\/v2\/pages"}],"about":[{"href":"https:\/\/wp.unil.ch\/esspace\/wp-json\/wp\/v2\/types\/page"}],"author":[{"embeddable":true,"href":"https:\/\/wp.unil.ch\/esspace\/wp-json\/wp\/v2\/users\/163"}],"replies":[{"embeddable":true,"href":"https:\/\/wp.unil.ch\/esspace\/wp-json\/wp\/v2\/comments?post=6394"}],"version-history":[{"count":5,"href":"https:\/\/wp.unil.ch\/esspace\/wp-json\/wp\/v2\/pages\/6394\/revisions"}],"predecessor-version":[{"id":10125,"href":"https:\/\/wp.unil.ch\/esspace\/wp-json\/wp\/v2\/pages\/6394\/revisions\/10125"}],"wp:attachment":[{"href":"https:\/\/wp.unil.ch\/esspace\/wp-json\/wp\/v2\/media?parent=6394"}],"curies":[{"name":"wp","href":"https:\/\/api.w.org\/{rel}","templated":true}]}}