{"id":5,"date":"2011-03-22T09:12:05","date_gmt":"2011-03-22T08:12:05","guid":{"rendered":"http:\/\/wp.unil.ch\/esspace\/?page_id=5"},"modified":"2026-01-29T14:45:05","modified_gmt":"2026-01-29T13:45:05","slug":"accueil","status":"publish","type":"page","link":"https:\/\/wp.unil.ch\/esspace\/","title":{"rendered":"Accueil"},"content":{"rendered":"\n<p><strong>Bienvenue sur <\/strong><em><strong>eSSPace recherche<\/strong><\/em>.<br>Ce site se veut un espace d\u2019information et d\u2019\u00e9changes entre les chercheur\u00b7es de la Facult\u00e9 SSP. N\u2019h\u00e9sitez pas \u00e0 le faire conna\u00eetre!<\/p>\n\n\n\n<p><\/p>\n\n\n\n<p><\/p>\n\n\n\n<p class=\"has-text-align-right\"><br><em>Newsletter no 29 &#8211; <\/em>janvier 2026<\/p>\n\n\n\n<p class=\"has-text-color\" style=\"color:#3c1053;font-size:34px\">Question vive<\/p>\n\n\n\n<hr class=\"wp-block-separator has-text-color has-alpha-channel-opacity has-background is-style-wide\" style=\"background-color:#c6a1cf;color:#c6a1cf\" \/>\n\n\n\n<div class=\"wp-block-columns is-layout-flex wp-container-core-columns-is-layout-9d6595d7 wp-block-columns-is-layout-flex\">\n<div class=\"wp-block-column is-layout-flow wp-block-column-is-layout-flow\" style=\"flex-basis:33.33%\">\n<figure class=\"wp-block-image size-full\"><a href=\"https:\/\/wp.unil.ch\/esspace\/files\/2026\/01\/journee_recherche.jpg\"><img loading=\"lazy\" decoding=\"async\" width=\"300\" height=\"220\" src=\"https:\/\/wp.unil.ch\/esspace\/files\/2026\/01\/journee_recherche.jpg\" alt=\"journee recherche\" class=\"wp-image-10411\" \/><\/a><figcaption class=\"wp-element-caption\"> <\/figcaption><\/figure>\n<\/div>\n\n\n\n<div class=\"wp-block-column is-layout-flow wp-block-column-is-layout-flow\" style=\"flex-basis:66.66%\">\n<p><strong>Interroger la relation entre chercheur\u00b7es et participant\u00b7es: Penser et d\u00e9passer les logiques extractivistes en recherche&nbsp;<\/strong><br>Au c\u0153ur de la recherche, la relation entre chercheur\u00b7es et participant\u00b7es est fondamentale. En partageant leurs exp\u00e9riences, leurs savoirs et parfois leurs vuln\u00e9rabilit\u00e9s, ces dernier\u00b7es contribuent pleinement \u00e0 la production scientifique. Mais une fois les donn\u00e9es analys\u00e9es, qu&rsquo;est-ce qui est restitu\u00e9 ou reconnu aux participant\u00b7es? La Journ\u00e9e de la recherche 2026 ouvre la r\u00e9flexion.&nbsp;<a href=\"https:\/\/wp.unil.ch\/esspace\/2026\/01\/interroger-la-relation-entre-chercheur%c2%b7es-et-participant%c2%b7es-penser-et-depasser-les-logiques-extractivistes-en-recherche\/\"><em>En savoir plus<\/em><\/a>&nbsp;&nbsp;<\/p>\n<\/div>\n<\/div>\n\n\n\n<p class=\"has-text-color\" style=\"color:#3c1053;font-size:34px\">Portraits<\/p>\n\n\n\n<hr class=\"wp-block-separator has-text-color has-alpha-channel-opacity has-background is-style-wide\" style=\"background-color:#c6a1cf;color:#c6a1cf\" \/>\n\n\n\n<div class=\"wp-block-columns is-layout-flex wp-container-core-columns-is-layout-9d6595d7 wp-block-columns-is-layout-flex\">\n<div class=\"wp-block-column is-layout-flow wp-block-column-is-layout-flow\" style=\"flex-basis:33.33%\">\n<figure class=\"wp-block-image size-full\"><a href=\"https:\/\/wp.unil.ch\/esspace\/files\/2026\/01\/nicolas_sommet.jpg\"><img loading=\"lazy\" decoding=\"async\" width=\"300\" height=\"220\" src=\"https:\/\/wp.unil.ch\/esspace\/files\/2026\/01\/nicolas_sommet.jpg\" alt=\"nicolas sommet\" class=\"wp-image-10456\" \/><\/a><\/figure>\n<\/div>\n\n\n\n<div class=\"wp-block-column is-layout-flow wp-block-column-is-layout-flow\" style=\"flex-basis:66.66%\">\n<p><strong>Nicolas Sommet re\u00e7oit un prestigieux Consolidator Grant du European Research Council<\/strong><br>Nicolas Sommet, responsable de recherche \u00e0 l\u2019Institut des sciences sociales et membre du Centre LIVES, d\u00e9croche un des prestigieux Consolidator Grants 2025 pour son projet : &lsquo;The Vicious Cycle of Inequality: How Economic Inequality Perpetuates Itself by Creating a Culture of Competitiveness in Schools&rsquo; (PERPETUATE). <a href=\"https:\/\/wp.unil.ch\/esspace\/2026\/01\/nicolas-sommet-recoit-un-prestigieux-consolidator-grant-du-european-research-council\/\"><em>En savoir plus<\/em><\/a><\/p>\n<\/div>\n<\/div>\n\n\n\n<div class=\"wp-block-columns is-layout-flex wp-container-core-columns-is-layout-9d6595d7 wp-block-columns-is-layout-flex\">\n<div class=\"wp-block-column is-layout-flow wp-block-column-is-layout-flow\" style=\"flex-basis:33.33%\">\n<figure class=\"wp-block-image size-full\"><a href=\"https:\/\/wp.unil.ch\/esspace\/files\/2026\/01\/jgale_ndownes.jpg\"><img loading=\"lazy\" decoding=\"async\" width=\"300\" height=\"220\" src=\"https:\/\/wp.unil.ch\/esspace\/files\/2026\/01\/jgale_ndownes.jpg\" alt=\"jgale ndownes\" class=\"wp-image-10412\" \/><\/a><\/figure>\n<\/div>\n\n\n\n<div class=\"wp-block-column is-layout-flow wp-block-column-is-layout-flow\" style=\"flex-basis:66.66%\">\n<p><strong>Portraits crois\u00e9s de Naomi Downes et Jessica Gale&nbsp;<\/strong><br>Premi\u00e8res assistantes \u00e0 l&rsquo;Institut de psychologie, elles comptent parmi les laur\u00e9ates du subside Tremplin. Ce dispositif de l\u2019Unil est destin\u00e9 \u00e0 favoriser l\u2019acc\u00e8s des femmes aux postes de professeures. <a href=\"https:\/\/wp.unil.ch\/esspace\/2026\/01\/deux-chercheuses-de-linstitut-de-psychologie-obtiennent-un-subside-tremplin\/\"><em>En savoir plus<\/em><\/a><\/p>\n<\/div>\n<\/div>\n\n\n\n<div class=\"wp-block-columns is-layout-flex wp-container-core-columns-is-layout-9d6595d7 wp-block-columns-is-layout-flex\">\n<div class=\"wp-block-column is-layout-flow wp-block-column-is-layout-flow\" style=\"flex-basis:33.33%\">\n<figure class=\"wp-block-image size-full\"><a href=\"https:\/\/wp.unil.ch\/esspace\/files\/2026\/01\/sylvain_ferrez.jpg\"><img loading=\"lazy\" decoding=\"async\" width=\"300\" height=\"220\" src=\"https:\/\/wp.unil.ch\/esspace\/files\/2026\/01\/sylvain_ferrez.jpg\" alt=\"sylvain ferrez\" class=\"wp-image-10413\" \/><\/a><\/figure>\n<\/div>\n\n\n\n<div class=\"wp-block-column is-layout-flow wp-block-column-is-layout-flow\" style=\"flex-basis:66.66%\">\n<p><strong>Sylvain Ferez<\/strong><br>Sociologue du sport, de la sant\u00e9 et du handicap, Sylvain Ferez a rejoint l&rsquo;Institut des sciences du sport en ao\u00fbt 2025. Il \u00e9tudie l\u2019acc\u00e8s aux pratiques sportives et la participation sociale des personnes vivant avec des maladies chroniques ou des incapacit\u00e9s. <a href=\"https:\/\/wp.unil.ch\/esspace\/2026\/01\/sylvain-ferez\/\"><em>En savoir plus<\/em><\/a><\/p>\n<\/div>\n<\/div>\n\n\n\n<div class=\"wp-block-columns is-layout-flex wp-container-core-columns-is-layout-9d6595d7 wp-block-columns-is-layout-flex\">\n<div class=\"wp-block-column is-layout-flow wp-block-column-is-layout-flow\" style=\"flex-basis:33.33%\">\n<figure class=\"wp-block-image size-full\"><a href=\"https:\/\/wp.unil.ch\/esspace\/files\/2026\/01\/jullie_pollard.jpg\"><img loading=\"lazy\" decoding=\"async\" width=\"300\" height=\"220\" src=\"https:\/\/wp.unil.ch\/esspace\/files\/2026\/01\/jullie_pollard.jpg\" alt=\"jullie pollard\" class=\"wp-image-10414\" \/><\/a><\/figure>\n<\/div>\n\n\n\n<div class=\"wp-block-column is-layout-flow wp-block-column-is-layout-flow\" style=\"flex-basis:66.66%\">\n<p><strong>Julie Pollard<\/strong><\/p>\n\n\n\n<p>Comment se fabriquent les politiques urbaines face aux conflits, aux urgences climatiques et aux nouvelles mobilit\u00e9s ? Ces questions sont au c\u0153ur des enjeux inscrits dans les recherches de Julie Pollard, chercheuse \u00e0 l\u2019Institut d\u2019\u00e9tudes politiques. <a href=\"https:\/\/wp.unil.ch\/esspace\/2026\/01\/julie-pollard\/\"><em>En savoir plus<\/em><\/a><\/p>\n<\/div>\n<\/div>\n\n\n\n<p class=\"has-text-color\" style=\"color:#3c1053;font-size:34px\">Science et soci\u00e9t\u00e9<\/p>\n\n\n\n<hr class=\"wp-block-separator has-text-color has-alpha-channel-opacity has-background is-style-wide\" style=\"background-color:#c6a1cf;color:#c6a1cf\" \/>\n\n\n\n<div class=\"wp-block-columns is-layout-flex wp-container-core-columns-is-layout-9d6595d7 wp-block-columns-is-layout-flex\">\n<div class=\"wp-block-column is-layout-flow wp-block-column-is-layout-flow\" style=\"flex-basis:33.33%\">\n<figure class=\"wp-block-image size-full\"><a href=\"https:\/\/wp.unil.ch\/esspace\/files\/2026\/01\/greve1.jpg\"><img loading=\"lazy\" decoding=\"async\" width=\"300\" height=\"220\" src=\"https:\/\/wp.unil.ch\/esspace\/files\/2026\/01\/greve1.jpg\" alt=\"greve1\" class=\"wp-image-10418\" \/><\/a><\/figure>\n<\/div>\n\n\n\n<div class=\"wp-block-column is-layout-flow wp-block-column-is-layout-flow\" style=\"flex-basis:66.66%\">\n<p><strong>Des gr\u00e8ves historiques : retour sur les ann\u00e9es 1990&nbsp;<\/strong><\/p>\n\n\n\n<p>\u00c0 l\u2019image de l\u2019ensemble de la fonction publique et parapublique vaudoise, l\u2019Unil a v\u00e9cu une gr\u00e8ve historique en novembre et d\u00e9cembre 2025. Pierre Eichenberger, MER \u00e0 l&rsquo;Institut d&rsquo;\u00e9tudes politiques, remet cet \u00e9v\u00e8nement en perspective en \u00e9voquant la derni\u00e8re s\u00e9quence de mobilisation comparable dans le canton, qui se d\u00e9roule dans les ann\u00e9es 1990. <a href=\"https:\/\/wp.unil.ch\/esspace\/2026\/01\/des-greves-historiques-retour-sur-les-annees-1990\/\"><em>En savoir plus<\/em><\/a><\/p>\n<\/div>\n<\/div>\n\n\n\n<p class=\"has-text-color\" style=\"color:#3c1053;font-size:34px\">Projets de recherche<\/p>\n\n\n\n<hr class=\"wp-block-separator has-text-color has-alpha-channel-opacity has-background is-style-wide\" style=\"background-color:#c6a1cf;color:#c6a1cf\" \/>\n\n\n\n<div class=\"wp-block-columns is-layout-flex wp-container-core-columns-is-layout-9d6595d7 wp-block-columns-is-layout-flex\">\n<div class=\"wp-block-column is-layout-flow wp-block-column-is-layout-flow\" style=\"flex-basis:33.33%\">\n<figure class=\"wp-block-image size-full\"><a href=\"https:\/\/wp.unil.ch\/esspace\/files\/2026\/01\/projet_hawk.jpg\"><img loading=\"lazy\" decoding=\"async\" width=\"300\" height=\"220\" src=\"https:\/\/wp.unil.ch\/esspace\/files\/2026\/01\/projet_hawk.jpg\" alt=\"projet hawk\" class=\"wp-image-10419\" \/><\/a><\/figure>\n<\/div>\n\n\n\n<div class=\"wp-block-column is-layout-flow wp-block-column-is-layout-flow\" style=\"flex-basis:66.66%\">\n<p><strong>Briser le tabou de la m\u00e9nopause au travail<\/strong><br>Soutenu par le Fonds national suisse, le projet <em>Health &amp; Ageing at Work<\/em> (HAWK), men\u00e9 conjointement par les professeures Nicky Le Feuvre (Institut des sciences sociales, Unil) et Isabelle Zinn (Haute \u00e9cole sp\u00e9cialis\u00e9e bernoise), a pour ambition de contribuer \u00e0 une meilleure compr\u00e9hension du vieillissement au travail, en proposant un focus sur les exp\u00e9riences des femmes*, notamment lors de la transition vers la m\u00e9nopause. <a href=\"https:\/\/wp.unil.ch\/esspace\/2026\/01\/briser-le-tabou-de-la-menopause-au-travail\/\"><em>En savoir plus<\/em><\/a><\/p>\n<\/div>\n<\/div>\n\n\n\n<div class=\"wp-block-columns is-layout-flex wp-container-core-columns-is-layout-9d6595d7 wp-block-columns-is-layout-flex\">\n<div class=\"wp-block-column is-layout-flow wp-block-column-is-layout-flow\" style=\"flex-basis:33.33%\">\n<figure class=\"wp-block-image size-full\"><a href=\"https:\/\/wp.unil.ch\/esspace\/files\/2026\/01\/projet_rfaiss.jpg\"><img loading=\"lazy\" decoding=\"async\" width=\"300\" height=\"220\" src=\"https:\/\/wp.unil.ch\/esspace\/files\/2026\/01\/projet_rfaiss.jpg\" alt=\"projet rfaiss\" class=\"wp-image-10415\" \/><\/a><\/figure>\n<\/div>\n\n\n\n<div class=\"wp-block-column is-layout-flow wp-block-column-is-layout-flow\" style=\"flex-basis:66.66%\">\n<p><strong>Acclimatation \u00e0 la chaleur et entra\u00eenement en altitude<\/strong><br>Dans le cadre d\u2019un \u00e9change scientifique soutenu par le FNS \u00e0 l\u2019Universit\u00e9 d\u2019Australie Occidentale \u00e0 Perth, Raphael Faiss, responsable de recherche et charg\u00e9 de cours en physiologie de l\u2019exercice \u00e0 l\u2019Institut des sciences du sport, investiguera les performances humaines et les m\u00e9canismes qui sous-tendent les r\u00e9ponses individuelles \u00e0 des environnements extr\u00eames. <a href=\"https:\/\/wp.unil.ch\/esspace\/2026\/01\/acclimatation-a-la-chaleur-et-entrainement-en-altitude\/\"><em>En savoir plus<\/em><\/a><\/p>\n<\/div>\n<\/div>\n\n\n\n<div class=\"wp-block-columns is-layout-flex wp-container-core-columns-is-layout-9d6595d7 wp-block-columns-is-layout-flex\">\n<div class=\"wp-block-column is-layout-flow wp-block-column-is-layout-flow\" style=\"flex-basis:33.33%\">\n<figure class=\"wp-block-image size-full\"><a href=\"https:\/\/wp.unil.ch\/esspace\/files\/2026\/01\/lpm.jpg\"><img loading=\"lazy\" decoding=\"async\" width=\"300\" height=\"220\" src=\"https:\/\/wp.unil.ch\/esspace\/files\/2026\/01\/lpm.jpg\" alt=\"lpm\" class=\"wp-image-10416\" \/><\/a><\/figure>\n<\/div>\n\n\n\n<div class=\"wp-block-column is-layout-flow wp-block-column-is-layout-flow\" style=\"flex-basis:66.66%\">\n<p><strong>Cohabiter en Lavaux<\/strong><br>Issu d\u2019une collaboration entre l\u2019Association Lavaux Patrimoine mondial et le programme Cause Commune du Centre LIVES de l\u2019Universit\u00e9 de Lausanne (Unil), soutenue par le programme Interface, le projet&nbsp;<em>Cohabiter en Lavaux<\/em> vise \u00e0 mieux comprendre comment accompagner l\u2019implication des habitant\u00b7es dans la pr\u00e9servation de ce patrimoine. <a href=\"https:\/\/wp.unil.ch\/esspace\/2026\/01\/cohabiter-en-lavaux\/\"><em>En savoir plus<\/em><\/a><\/p>\n<\/div>\n<\/div>\n\n\n\n<div class=\"wp-block-columns is-layout-flex wp-container-core-columns-is-layout-9d6595d7 wp-block-columns-is-layout-flex\">\n<div class=\"wp-block-column is-layout-flow wp-block-column-is-layout-flow\" style=\"flex-basis:33.33%\">\n<figure class=\"wp-block-image size-full\"><a href=\"https:\/\/wp.unil.ch\/esspace\/files\/2026\/01\/populisme_complotismejpg.jpg\"><img loading=\"lazy\" decoding=\"async\" width=\"300\" height=\"220\" src=\"https:\/\/wp.unil.ch\/esspace\/files\/2026\/01\/populisme_complotismejpg.jpg\" alt=\"populisme complotismejpg\" class=\"wp-image-10417\" \/><\/a><\/figure>\n<\/div>\n\n\n\n<div class=\"wp-block-column is-layout-flow wp-block-column-is-layout-flow\" style=\"flex-basis:66.66%\">\n<p><strong>Quand le populisme et le complotisme renforcent la droite radicale en Europe<\/strong><br>Le projet de recherche Weave-POPCON porte sur la mani\u00e8re dont les partis et les leaders de la droite radicale europ\u00e9enne d\u00e9veloppent des strat\u00e9gies qui d\u00e9noncent la manipulation et le mensonge des \u00ab ennemi\u00b7es \u00bb, en opposition aux v\u00e9rit\u00e9s et aux int\u00e9r\u00eats du peuple vertueux, et dans quelle mesure ces strat\u00e9gies contribuent \u00e0 expliquer le soutien \u00e0 la droite radicale.&nbsp;<a href=\"https:\/\/wp.unil.ch\/esspace\/2026\/01\/quand-le-populisme-et-le-complotisme-renforcent-la-droite-radicale-en-europe\/\"><em>En savoir plus<\/em><\/a><\/p>\n<\/div>\n<\/div>\n\n\n\n<p class=\"has-text-color\" style=\"color:#3c1053;font-size:34px\">Politique de la recherche<\/p>\n\n\n\n<hr class=\"wp-block-separator has-text-color has-alpha-channel-opacity has-background is-style-wide\" style=\"background-color:#c6a1cf;color:#c6a1cf\" \/>\n\n\n\n<div class=\"wp-block-columns is-layout-flex wp-container-core-columns-is-layout-9d6595d7 wp-block-columns-is-layout-flex\">\n<div class=\"wp-block-column is-layout-flow wp-block-column-is-layout-flow\" style=\"flex-basis:33.33%\">\n<figure class=\"wp-block-image size-full\"><a href=\"https:\/\/wp.unil.ch\/esspace\/files\/2026\/01\/arret_accords.jpg\"><img loading=\"lazy\" decoding=\"async\" width=\"300\" height=\"220\" src=\"https:\/\/wp.unil.ch\/esspace\/files\/2026\/01\/arret_accords.jpg\" alt=\"arret accords\" class=\"wp-image-10421\" \/><\/a><\/figure>\n<\/div>\n\n\n\n<div class=\"wp-block-column is-layout-flow wp-block-column-is-layout-flow\" style=\"flex-basis:66.66%\">\n<p><strong>N\u00e9gociations infructueuses avec Sage et Springer Nature<\/strong><br>Faute d\u2019accord mutuellement acceptable \u00e0 l\u2019issue des n\u00e9gociations, aucun contrat ne liera la Suisse aux \u00e9diteurs Sage et Springer Nature d\u00e8s janvier 2026. Le Service de la recherche nous fait part des cons\u00e9quences pour la communaut\u00e9 Unil. <a href=\"https:\/\/wp.unil.ch\/esspace\/2026\/01\/negociations-infructueuses-avec-sage-et-springer-nature\/\"><em>En savoir plus<\/em><\/a><\/p>\n<\/div>\n<\/div>\n\n\n\n<div class=\"wp-block-columns is-layout-flex wp-container-core-columns-is-layout-9d6595d7 wp-block-columns-is-layout-flex\">\n<div class=\"wp-block-column is-layout-flow wp-block-column-is-layout-flow\" style=\"flex-basis:33.33%\">\n<figure class=\"wp-block-image size-full\"><a href=\"https:\/\/wp.unil.ch\/esspace\/files\/2026\/01\/doctorats.jpg\"><img loading=\"lazy\" decoding=\"async\" width=\"300\" height=\"220\" src=\"https:\/\/wp.unil.ch\/esspace\/files\/2026\/01\/doctorats.jpg\" alt=\"doctorats\" class=\"wp-image-10457\" \/><\/a><\/figure>\n<\/div>\n\n\n\n<div class=\"wp-block-column is-layout-flow wp-block-column-is-layout-flow\" style=\"flex-basis:66.66%\">\n<p><strong>Modification du R\u00e8glement sur l&rsquo;obtention du grade de doctorat au sein de la Facult\u00e9<\/strong><br>Le Conseil de Facult\u00e9 a approuv\u00e9 des modifications au R\u00e8glement sur l\u2019obtention du grade de doctorat. Elles sont en vigueur depuis le 1er septembre 2025 \u2014 voici l\u2019essentiel \u00e0 retenir. <a href=\"https:\/\/wp.unil.ch\/esspace\/2026\/01\/modification-du-reglement-sur-lobtention-du-grade-de-doctorat-au-sein-de-la-faculte-des-sciences-sociales-et-politiques\/\"><em>En savoir plus<\/em><\/a><\/p>\n<\/div>\n<\/div>\n\n\n\n<p class=\"has-text-color\" style=\"color:#3c1053;font-size:34px\">Th\u00e8ses d\u00e9fendues dans la Facult\u00e9<\/p>\n\n\n\n<hr class=\"wp-block-separator has-text-color has-alpha-channel-opacity has-background is-style-wide\" style=\"background-color:#c6a1cf;color:#c6a1cf\" \/>\n\n\n\n<p><strong>Alexandra Afsary<\/strong><br>Faire tenir l\u2019ordre h\u00e9t\u00e9rosexuelle. Pr\u00e9somption contraceptive et corps au travail. Une enqu\u00eate sur les pratiques ordinaires de contraception en Suisse romande. <em><a href=\"https:\/\/wp.unil.ch\/esspace\/2026\/01\/alexandra-afsary\/\">En savoir plus<\/a><\/em><\/p>\n\n\n\n<p><strong>Nursel Alko\u00e7<\/strong><br>Non-response and biased estimates of political behaviour in Swiss opinion surveys. Comparisons and Explanations. <em><a href=\"https:\/\/wp.unil.ch\/esspace\/2026\/01\/nursel-alkoc\/\">En savoir plus<\/a><\/em><\/p>\n\n\n\n<p><strong>Laurent Brouy\u00e8re<\/strong><br>Les comp\u00e9tences des managers : un processus de coaching pour un d\u00e9veloppement organisationnel et individuel durable<em>. <a href=\"https:\/\/wp.unil.ch\/esspace\/2026\/01\/laurent-brouyere\/\">En savoir plus<\/a><\/em><\/p>\n\n\n\n<p><strong>Carlo Epifanio<\/strong><br>How and Why European Cities Engage in City Networks? Insights from Barcelona,<br>Milan, and Eurocities. <a href=\"https:\/\/wp.unil.ch\/esspace\/2026\/01\/carlo-epifanio\/\"><em>En savoir plus<\/em><\/a><\/p>\n\n\n\n<p><strong>Arthur Gallois<\/strong><br>Le Comit\u00e9 National&nbsp;des Sports et le Comit\u00e9 Olympique Fran\u00e7ais&nbsp;de&nbsp;1908 \u00e0 1952. Une histoire institutionnelle, politique et sociale. <em><a href=\"https:\/\/wp.unil.ch\/esspace\/2026\/01\/arthur-gallois\/\">En savoir plus<\/a><\/em><\/p>\n\n\n\n<p><strong>Marine Kneub\u00fchler<\/strong><br>Socioph\u00e9nom\u00e9nologie. Rassembler les sciences sociales autour de l\u2019exp\u00e9rience d\u2019un rappeur romand. <em><a href=\"https:\/\/wp.unil.ch\/esspace\/2026\/01\/marine-kneubuhler\/\">En savoir plus<\/a><\/em><\/p>\n\n\n\n<p><strong>Alexandre Mathys<\/strong><br>Les r\u00e9appropriations des arts martiaux chinois au Cameroun. <em><a href=\"https:\/\/wp.unil.ch\/esspace\/2026\/01\/alexandre-mathys\/\">En savoir plus<\/a><\/em><\/p>\n\n\n\n<p><strong>Chlo\u00e9 Michoud<\/strong><br>Analysing Mothers\u2019 Health Practices Towards Their Children: A Critical Health Psychology Perspective. <em><a href=\"https:\/\/wp.unil.ch\/esspace\/2026\/01\/chloe-michoud-2\/\">En savoir plus<\/a><\/em><\/p>\n\n\n\n<p><strong>M\u00e9lanie Pi\u00f1on<\/strong><br>Vivre sans-abri \u00e0 Gen\u00e8ve&nbsp;: ce que l\u2019\u00e9tat de sant\u00e9 r\u00e9v\u00e8le des processus de d\u00e9socialisation et de grande pr\u00e9carit\u00e9 des personnes \u00e0 la rue. <em><a href=\"https:\/\/wp.unil.ch\/esspace\/2026\/01\/melanie-pinon\/\">En savoir plus<\/a><\/em><\/p>\n\n\n\n<p><strong>Axel Ravier<\/strong><br>Des gays (pas) comme les autres. L\u2019homosexualit\u00e9 masculine dans l\u2019environnement socio-spatial des grands ensembles. <em><a href=\"https:\/\/wp.unil.ch\/esspace\/2026\/01\/axel-ravier\/\">En savoir plus<\/a><\/em><\/p>\n\n\n\n<p><strong>Kevin Ro\u0219ianu<\/strong><br>R\u00e9sister \u00e0 mains nues dans les interstices&nbsp;de&nbsp;la domination. Une \u00e9tude&nbsp;des migrations sportives intra-africaines&nbsp;des combattants professionnels&nbsp;de&nbsp;mixed martial arts en Afrique du Sud. <em><a href=\"https:\/\/wp.unil.ch\/esspace\/2026\/01\/kevin-rosianu\/\">En savoir plus<\/a><\/em><\/p>\n\n\n\n<p><strong>David Schr\u00f6ter<\/strong><br>Before Lithium, Borax? Navigating Temporalities of Extraction at the Salar de Uyuni, Bolivia. <em><a href=\"https:\/\/wp.unil.ch\/esspace\/2026\/01\/david-schroter\/\">En savoir plus<\/a><\/em><\/p>\n\n\n\n<p><strong>Fantine Surret<\/strong><br>L\u2019interd\u00e9pendance sociale en \u00e9ducation&nbsp;: promouvoir les comportements pro-environnementaux des enfants \u00e0 l\u2019aide de l\u2019apprentissage coop\u00e9ratif. <em><a href=\"https:\/\/wp.unil.ch\/esspace\/2026\/01\/fantine-surret\/\">En savoir plus<\/a><\/em><\/p>\n\n\n\n<p><strong>Ga\u00eblle Venard<\/strong><br>Comprendre la (co-)parentalit\u00e9 \u00e0 l\u2019adolescence \u00e0 l\u2019aune des normes de genre et de parentalit\u00e9 contemporaine. <em><a href=\"https:\/\/wp.unil.ch\/esspace\/2026\/01\/gaelle-venard\/\">En savoir plus<\/a><\/em><\/p>\n","protected":false},"excerpt":{"rendered":"<p>Bienvenue sur eSSPace recherche.Ce site se veut un espace d\u2019information et d\u2019\u00e9changes entre les chercheur\u00b7es de la Facult\u00e9 SSP. N\u2019h\u00e9sitez pas \u00e0 le faire conna\u00eetre! Newsletter no 29 &#8211; janvier &hellip; <\/p>\n","protected":false},"author":163,"featured_media":0,"parent":0,"menu_order":0,"comment_status":"closed","ping_status":"closed","template":"","meta":{"_seopress_robots_primary_cat":"","_seopress_titles_title":"","_seopress_titles_desc":"","_seopress_robots_index":"","_uag_custom_page_level_css":"","_EventAllDay":false,"_EventTimezone":"","_EventStartDate":"","_EventEndDate":"","_EventStartDateUTC":"","_EventEndDateUTC":"","_EventShowMap":false,"_EventShowMapLink":false,"_EventURL":"","_EventCost":"","_EventCostDescription":"","_EventCurrencySymbol":"","_EventCurrencyCode":"","_EventCurrencyPosition":"","_EventDateTimeSeparator":"","_EventTimeRangeSeparator":"","_EventOrganizerID":[],"_EventVenueID":[],"_OrganizerEmail":"","_OrganizerPhone":"","_OrganizerWebsite":"","_VenueAddress":"","_VenueCity":"","_VenueCountry":"","_VenueProvince":"","_VenueState":"","_VenueZip":"","_VenuePhone":"","_VenueURL":"","_VenueStateProvince":"","_VenueLat":"","_VenueLng":"","_VenueShowMap":false,"_VenueShowMapLink":false,"footnotes":""},"class_list":["post-5","page","type-page","status-publish"],"uagb_featured_image_src":{"full":false,"thumbnail":false,"medium":false,"medium_large":false,"large":false,"1536x1536":false,"2048x2048":false,"hitmag-landscape":false,"hitmag-featured":false,"hitmag-grid":false,"hitmag-list":false,"hitmag-thumbnail":false,"gform-image-choice-sm":false,"gform-image-choice-md":false,"gform-image-choice-lg":false,"mailpoet_newsletter_max":false},"uagb_author_info":{"display_name":"sschlat1","author_link":"https:\/\/wp.unil.ch\/esspace\/author\/sschlat1\/"},"uagb_comment_info":0,"uagb_excerpt":"Bienvenue sur eSSPace recherche.Ce site se veut un espace d\u2019information et d\u2019\u00e9changes entre les chercheur\u00b7es de la Facult\u00e9 SSP. N\u2019h\u00e9sitez pas \u00e0 le faire conna\u00eetre! Newsletter no 29 &#8211; janvier &hellip;","_links":{"self":[{"href":"https:\/\/wp.unil.ch\/esspace\/wp-json\/wp\/v2\/pages\/5","targetHints":{"allow":["GET"]}}],"collection":[{"href":"https:\/\/wp.unil.ch\/esspace\/wp-json\/wp\/v2\/pages"}],"about":[{"href":"https:\/\/wp.unil.ch\/esspace\/wp-json\/wp\/v2\/types\/page"}],"author":[{"embeddable":true,"href":"https:\/\/wp.unil.ch\/esspace\/wp-json\/wp\/v2\/users\/163"}],"replies":[{"embeddable":true,"href":"https:\/\/wp.unil.ch\/esspace\/wp-json\/wp\/v2\/comments?post=5"}],"version-history":[{"count":5,"href":"https:\/\/wp.unil.ch\/esspace\/wp-json\/wp\/v2\/pages\/5\/revisions"}],"predecessor-version":[{"id":10549,"href":"https:\/\/wp.unil.ch\/esspace\/wp-json\/wp\/v2\/pages\/5\/revisions\/10549"}],"wp:attachment":[{"href":"https:\/\/wp.unil.ch\/esspace\/wp-json\/wp\/v2\/media?parent=5"}],"curies":[{"name":"wp","href":"https:\/\/api.w.org\/{rel}","templated":true}]}}