{"id":2,"date":"2011-03-21T15:24:22","date_gmt":"2011-03-21T15:24:22","guid":{"rendered":"http:\/\/wp.unil.ch\/esspace\/?page_id=2"},"modified":"2025-01-24T15:51:40","modified_gmt":"2025-01-24T14:51:40","slug":"apropos","status":"publish","type":"page","link":"https:\/\/wp.unil.ch\/esspace\/apropos\/","title":{"rendered":"A propos de la newsletter"},"content":{"rendered":"<p><em>La newsletter \u00ab\u00a0eSSPace recherche\u00a0\u00bb\u00a0 est envoy\u00e9e deux fois par ann\u00e9e \u00e0 ses abonn\u00e9\u00b7es et a pour but de:<\/em><\/p>\n<ul>\n<li>cr\u00e9er de nouveaux liens entre les chercheur\u00b7es de notre Facult\u00e9 et promouvoir ainsi les \u00e9changes, voire les collaborations scientifiques, au sein de la Facult\u00e9 ;<\/li>\n<li>encourager la cr\u00e9ation d\u2019une communaut\u00e9 scientifique au sein de notre Facult\u00e9 ;<\/li>\n<li>informer sur des points qui ne sont pas toujours couverts par d\u2019autres medias existants \u00e0 l\u2019UNIL ou dans notre Facult\u00e9 ;<\/li>\n<li>promouvoir le soutien aux chercheur\u00b7es en d\u00e9tectant des probl\u00e8mes et des besoins.<\/li>\n<\/ul>\n<p>Il s\u2019agit donc bien de mettre l\u2019accent sur les <strong>\u00e9changes internes, <\/strong>que ce soit au niveau de la diffusion d\u2019informations qui ne sont pas donn\u00e9es par d\u2019autres canaux ou au niveau de collaborations possibles entre chercheur\u00b7es. Le choix des contributions est guid\u00e9 dans la mesure du possible par un respect de l\u2019\u00e9quilibre entre instituts, th\u00e9matiques et \u00e2ges acad\u00e9miques. N\u2019h\u00e9sitez pas \u00e0 soumettre votre proposition d\u2019article ou vos suggestions via notre <a href=\"https:\/\/wp.unil.ch\/esspace\/prochain-numero\/\">formulaire en ligne\u00a0<\/a>!<\/p>\n<p>Le site web \u00ab\u00a0eSSpace recherche\u00a0\u00bb vous permet quant \u00e0 lui d&rsquo;acc\u00e9der en tout temps aux articles parus,\u00a0 de retrouver le sommaire de chaque newsletter envoy\u00e9e et de replonger ainsi dans les articles qui seront archiv\u00e9s au fil du temps.<\/p>\n<p><a href=\"https:\/\/wp.unil.ch\/esspace\/abo_newsletter\">Abonnez-vous!<\/a><\/p>\n<p><span id=\"wysija_wrapper\" style=\"background: #f0f3f5;padding: 0;margin: 0\"><strong>Editeur<\/strong><br \/>\nFacult\u00e9 des sciences sociales et politiques<br \/>\nDicast\u00e8re recherche<br \/>\nG\u00e9opolis, 1015 Lausanne<\/span><\/p>\n<p><span id=\"wysija_wrapper\" style=\"background: #f0f3f5;padding: 0;margin: 0\"><strong>Contact<\/strong><br \/>\n<a class=\"\" href=\"mailto:recherche.ssp@unil.ch\">recherche.ssp@unil.ch<\/a><br \/>\n<\/span><\/p>\n","protected":false},"excerpt":{"rendered":"<p>La newsletter \u00ab\u00a0eSSPace recherche\u00a0\u00bb\u00a0 est envoy\u00e9e deux fois par ann\u00e9e \u00e0 ses abonn\u00e9\u00b7es et a pour but de: cr\u00e9er de nouveaux liens entre les chercheur\u00b7es de notre Facult\u00e9 et promouvoir &hellip; <\/p>\n","protected":false},"author":163,"featured_media":0,"parent":0,"menu_order":0,"comment_status":"closed","ping_status":"open","template":"","meta":{"_seopress_robots_primary_cat":"","_seopress_titles_title":"","_seopress_titles_desc":"","_seopress_robots_index":"","_uag_custom_page_level_css":"","_EventAllDay":false,"_EventTimezone":"","_EventStartDate":"","_EventEndDate":"","_EventStartDateUTC":"","_EventEndDateUTC":"","_EventShowMap":false,"_EventShowMapLink":false,"_EventURL":"","_EventCost":"","_EventCostDescription":"","_EventCurrencySymbol":"","_EventCurrencyCode":"","_EventCurrencyPosition":"","_EventDateTimeSeparator":"","_EventTimeRangeSeparator":"","_EventOrganizerID":[],"_EventVenueID":[],"_OrganizerEmail":"","_OrganizerPhone":"","_OrganizerWebsite":"","_VenueAddress":"","_VenueCity":"","_VenueCountry":"","_VenueProvince":"","_VenueState":"","_VenueZip":"","_VenuePhone":"","_VenueURL":"","_VenueStateProvince":"","_VenueLat":"","_VenueLng":"","_VenueShowMap":false,"_VenueShowMapLink":false,"footnotes":""},"class_list":["post-2","page","type-page","status-publish"],"uagb_featured_image_src":{"full":false,"thumbnail":false,"medium":false,"medium_large":false,"large":false,"1536x1536":false,"2048x2048":false,"hitmag-landscape":false,"hitmag-featured":false,"hitmag-grid":false,"hitmag-list":false,"hitmag-thumbnail":false,"gform-image-choice-sm":false,"gform-image-choice-md":false,"gform-image-choice-lg":false,"mailpoet_newsletter_max":false},"uagb_author_info":{"display_name":"sschlat1","author_link":"https:\/\/wp.unil.ch\/esspace\/author\/sschlat1\/"},"uagb_comment_info":0,"uagb_excerpt":"La newsletter \u00ab\u00a0eSSPace recherche\u00a0\u00bb\u00a0 est envoy\u00e9e deux fois par ann\u00e9e \u00e0 ses abonn\u00e9\u00b7es et a pour but de: cr\u00e9er de nouveaux liens entre les chercheur\u00b7es de notre Facult\u00e9 et promouvoir &hellip;","_links":{"self":[{"href":"https:\/\/wp.unil.ch\/esspace\/wp-json\/wp\/v2\/pages\/2","targetHints":{"allow":["GET"]}}],"collection":[{"href":"https:\/\/wp.unil.ch\/esspace\/wp-json\/wp\/v2\/pages"}],"about":[{"href":"https:\/\/wp.unil.ch\/esspace\/wp-json\/wp\/v2\/types\/page"}],"author":[{"embeddable":true,"href":"https:\/\/wp.unil.ch\/esspace\/wp-json\/wp\/v2\/users\/163"}],"replies":[{"embeddable":true,"href":"https:\/\/wp.unil.ch\/esspace\/wp-json\/wp\/v2\/comments?post=2"}],"version-history":[{"count":5,"href":"https:\/\/wp.unil.ch\/esspace\/wp-json\/wp\/v2\/pages\/2\/revisions"}],"predecessor-version":[{"id":9359,"href":"https:\/\/wp.unil.ch\/esspace\/wp-json\/wp\/v2\/pages\/2\/revisions\/9359"}],"wp:attachment":[{"href":"https:\/\/wp.unil.ch\/esspace\/wp-json\/wp\/v2\/media?parent=2"}],"curies":[{"name":"wp","href":"https:\/\/api.w.org\/{rel}","templated":true}]}}