{"id":397,"date":"2024-03-01T11:49:23","date_gmt":"2024-03-01T10:49:23","guid":{"rendered":"https:\/\/wp.unil.ch\/esse2024\/?page_id=397"},"modified":"2024-07-30T17:06:11","modified_gmt":"2024-07-30T15:06:11","slug":"roundtables","status":"publish","type":"page","link":"https:\/\/wp.unil.ch\/esse2024\/academic-programme\/roundtables\/","title":{"rendered":"Roundtables"},"content":{"rendered":"\n<p>Roundtables will take place either in person or online.<\/p>\n\n\n\n<p>Please note that the designation \u201conline\u201d means that at least one contributor will be participating remotely and, at minimum, their block of the session will be available online. In most cases, the majority of participants will be in Lausanne and only one or two contributors will be participating remotely so we encourage in-person conference attendees to go to the designated room to view the talks.<\/p>\n\n\n\n<p>The current schedule is based on information provided by 22 April 2024. <\/p>\n\n\n\n<p>The most up-to-date information can be found in the full academic programme, available\u00a0<a href=\"https:\/\/wp.unil.ch\/esse2024\/academic-programme\/\" data-type=\"page\" data-id=\"214\">here<\/a>.<\/p>\n\n\n\n<figure class=\"wp-block-table\"><table><tbody><tr><td><strong>No.<\/strong><\/td><td><strong>Title<\/strong><\/td><td><strong>Participants<\/strong><\/td><td><strong>Modality<\/strong><\/td><\/tr><tr><td>1<\/td><td>Revisiting Central and Eastern Europe: Contemporary Anglophone Writing and the Cold War<\/td><td>Katrin Berndt (MLU Halle-Wittenberg, Germany), \u00c0gnes Gy\u00f6rke (K\u00e1roli G\u00e1sp\u00e1r University, Budapest, Hungary) &amp; Robert Kusek (Jagiellonian University, Krak\u00f3w, Poland)<\/td><td>in-person<\/td><\/tr><tr><td>2<\/td><td>Transboundary Narratives: Contemporary Women\u2019s Writing in English<\/td><td>Merve Sar\u0131kaya-\u015een (Ba\u015fkent University, Turkey), Jennifer Wagner-Lawlor (Penn State University, United States) &amp; Silvia Pellicer-Ortin (Zaragoza University, Spain)<\/td><td>in-person<\/td><\/tr><tr><td>3<\/td><td>Reading Revisited: Susan Sontag\u2019s \u201cAgainst Interpretation\u201d at 60<\/td><td>Nell Wasserstrom (University of Lausanne, Switzerland), Sofie Behluli (University of Bern, Switzerland), Davida Fernandez-Barkan (Harvard University, United States), Julia Straub (University of Fribourg, Switzerland), Simon Swift (University of Geneva, Switzerland)<\/td><td>in-person<\/td><\/tr><tr><td>4<\/td><td>Modernism in the 21<sup>st<\/sup> Century<\/td><td>Sangam MacDuff (University of Lausanne, Switzerland), Fiona Becket (University of Leeds, UK), Jane Goldman (University of Glasgow, UK), Patrick Jones (University of Geneva, Switzerland), Alberto Tondello (University of Edinburgh \/ University of Bern, Switzerland)<\/td><td>in-person<\/td><\/tr><tr><td>5<\/td><td>The Future of Metamodernism<\/td><td>Antony Rowland (Manchester Metropolitan University, UK), Dennis Kersten (Radboud University, Netherlands), Paula Romero Polo (Universidad Carlos III de Madrid, Spain), Timotheus Vermeulen (Oslo University, Norway), Usha Wilbers (Radboud University, Netherlands)<\/td><td>in-person<\/td><\/tr><tr><td>6<\/td><td>Visions of the Future: Literary Studies and Crisis<\/td><td>Matthew Scully (University of Lausanne, Switzerland), Thomas Austenfeld (University of Fribourg, Switzerland), Lola Boorman (University of York, UK), Isis Giraldo (University of Lausanne, Switzerland), Simon Swift (University of Geneva, Switzerland)<\/td><td>online<\/td><\/tr><tr><td>7<\/td><td>Meeting of the Gender Studies Network<\/td><td>I\u015fil Ba\u015f (Istanbul K\u00fclt\u00fcr University, Turkey), Florence Binard (Universit\u00e9 Paris Cit\u00e9, France), Renate Haas (University of Kiel, Germany), N\u00f3ra Sellei (University of Debrecen, Hungary), Mar\u00eda Socorro Su\u00e1rez Lafuente (University of Oviedo, Spain)<\/td><td>online<\/td><\/tr><tr><td>8<\/td><td>Rewriting mythologies for the blue humanities<\/td><td>Barbara Barrow (Lund University, Sweden), Monika Class (Lund University, Sweden), Julia Boll (University of Konstanz, Germany), Ursula Kluwick (University of Bern, Switzerland), Elena de Wachter (Lund University, Sweden)<\/td><td>in-person<\/td><\/tr><tr><td>9<\/td><td>Medieval English In Europe: What Works?<\/td><td>Rory Critten (University of Lausanne, Switzerland), Irina Dumitrescu (University of Bonn, Germany), Annette Kern-St\u00e4hler (University of Bern, Switzerland), Katherine Zieman (University of Poitiers, France), Giovanni Iamartino (University of Milan, Italy), Laura Esteban-Segura (University of M\u00e1laga, Spain)<\/td><td>in-person<\/td><\/tr><\/tbody><\/table><\/figure>\n\n\n\n<p><\/p>\n","protected":false},"excerpt":{"rendered":"<p>Roundtables will take place either in person or online. Please note that the designation \u201conline\u201d means that at least one contributor will be participating remotely and, at minimum, their block &hellip; <\/p>\n","protected":false},"author":1002127,"featured_media":0,"parent":214,"menu_order":4,"comment_status":"closed","ping_status":"closed","template":"","meta":{"_seopress_robots_primary_cat":"","_seopress_titles_title":"","_seopress_titles_desc":"","_seopress_robots_index":"","footnotes":""},"class_list":["post-397","page","type-page","status-publish"],"_links":{"self":[{"href":"https:\/\/wp.unil.ch\/esse2024\/wp-json\/wp\/v2\/pages\/397","targetHints":{"allow":["GET"]}}],"collection":[{"href":"https:\/\/wp.unil.ch\/esse2024\/wp-json\/wp\/v2\/pages"}],"about":[{"href":"https:\/\/wp.unil.ch\/esse2024\/wp-json\/wp\/v2\/types\/page"}],"author":[{"embeddable":true,"href":"https:\/\/wp.unil.ch\/esse2024\/wp-json\/wp\/v2\/users\/1002127"}],"replies":[{"embeddable":true,"href":"https:\/\/wp.unil.ch\/esse2024\/wp-json\/wp\/v2\/comments?post=397"}],"version-history":[{"count":5,"href":"https:\/\/wp.unil.ch\/esse2024\/wp-json\/wp\/v2\/pages\/397\/revisions"}],"predecessor-version":[{"id":567,"href":"https:\/\/wp.unil.ch\/esse2024\/wp-json\/wp\/v2\/pages\/397\/revisions\/567"}],"up":[{"embeddable":true,"href":"https:\/\/wp.unil.ch\/esse2024\/wp-json\/wp\/v2\/pages\/214"}],"wp:attachment":[{"href":"https:\/\/wp.unil.ch\/esse2024\/wp-json\/wp\/v2\/media?parent=397"}],"curies":[{"name":"wp","href":"https:\/\/api.w.org\/{rel}","templated":true}]}}