{"id":386,"date":"2024-02-29T17:04:57","date_gmt":"2024-02-29T16:04:57","guid":{"rendered":"https:\/\/wp.unil.ch\/esse2024\/?page_id=386"},"modified":"2024-07-30T17:07:22","modified_gmt":"2024-07-30T15:07:22","slug":"seminars","status":"publish","type":"page","link":"https:\/\/wp.unil.ch\/esse2024\/academic-programme\/seminars\/","title":{"rendered":"Seminars"},"content":{"rendered":"\n<p>Seminars will take place either in person or online. <\/p>\n\n\n\n<p>Please note that the designation \u201conline\u201d means that at least one contributor will be participating remotely and, at minimum, their block of the session will be available online. In most cases, the majority of participants will be in Lausanne and only one or two contributors will be participating remotely so we encourage in-person conference attendees to go to the designated room to view the talks.<\/p>\n\n\n\n<p>The current schedule is based on information provided by 29 April 2024. Categories are based on convenors&#8217; preferences.<\/p>\n\n\n\n<p>The most up-to-date information can be found in the full academic programme, available&nbsp;<a href=\"https:\/\/wp.unil.ch\/esse2024\/academic-programme\/\">here<\/a>.<\/p>\n\n\n\n<p><\/p>\n\n\n\n<p>Jump to:<\/p>\n\n\n\n<ul class=\"wp-block-list\">\n<li><a href=\"#LANG\" data-type=\"internal\" data-id=\"#EL\">English Language<\/a><\/li>\n\n\n\n<li><a href=\"#LANG-LIT\">English Language, Literatures in English<\/a><\/li>\n\n\n\n<li><a href=\"#LIT\" data-type=\"internal\" data-id=\"#LIT\">Literatures in English<\/a><\/li>\n\n\n\n<li><a href=\"#LIT-CAS\">Cultural and Area Studies<\/a><\/li>\n\n\n\n<li><a href=\"#CAS-LANG\">Cultural and Area Studies, English Language<\/a><\/li>\n\n\n\n<li><a href=\"#CAS-LANG-LIT\" data-type=\"internal\" data-id=\"#CAS-LANG-LIT\">Cultural and Area Studies, English Language, Literatures in English<\/a><\/li>\n<\/ul>\n\n\n\n<h4 class=\"wp-block-heading\" id=\"LANG\">English Language<\/h4>\n\n\n\n<figure class=\"wp-block-table\"><table><tbody><tr><td><strong>No.<\/strong><\/td><td><strong>Title<\/strong><\/td><td><strong>Convenors<\/strong><\/td><td><strong>Modality<\/strong><\/td><\/tr><tr><td>1<\/td><td>Information structure and cognitive and pragmatic aspects of communication<\/td><td>Jana Chamonikolasov\u00e1 (Masaryk University, Czech Republic) &amp; Ren\u00e1ta Gregov\u00e1 (Pavol Jozef \u0160af\u00e1rik University, Slovak Republic)<\/td><td>in-person<\/td><\/tr><tr><td>2<\/td><td>English phraseology through the prism of other languages\u2019 phraseology<\/td><td>Ram\u00f3n Mart\u00ed Solano (University of Limoges, France), Gisle Andersen (Norwegian School of Economics, Bergen, Norway) &amp; Alicja Witalisz (Pedagogical University of Krakow, Poland)<\/td><td>in-person<\/td><\/tr><tr><td>3<\/td><td>Conceptual Metaphor, Metonymy, and Their Interaction<\/td><td>Robert Kieltyka (University of Rzesz\u00f3w), R\u00e9ka Benczes (Corvinus University, Budapest), Mario Brdar (University of Osijek), Goran Mili\u0107 (University of Osijek) &amp; Marcin Kud\u0142a (University of Rzesz\u00f3w)<\/td><td>in-person<\/td><\/tr><tr><td>4<\/td><td>Approaching manipulation in current discourses: A growing interdisciplinary research endeavour&nbsp;&nbsp;<\/td><td>Jacopo Castaldi (Canterbury Christ Church University, UK), Ewa Konieczna (University of Rzesz\u00f3w, Poland), Bo\u017cena Duda (University of Rzesz\u00f3w, Poland) &amp; Paulina Mormol-Fura (University of Rzesz\u00f3w, Poland) <\/td><td>in-person<\/td><\/tr><tr><td>5<\/td><td>The success of invisible Anglicisms: a global trend?<\/td><td>Henrik Gottlieb (University of Copenhagen, Denmark) &amp; Gisle Andersen (Norwegian School of Economics, Bergen, Norway)<\/td><td>in-person<\/td><\/tr><tr><td>6<\/td><td>Multidisciplinary Approaches to Ecological Discourse and Ecological Challenges<\/td><td>Daniela Francesca Virdis (University of Cagliari, Italy) &amp;  Agata Rozumko (University of Bia\u0142ystok, Poland)<\/td><td>online<\/td><\/tr><tr><td>7<\/td><td>Lexicography, Discourse, and Power: Dictionary-Making in History and the Construction of Hegemonic Discourses<\/td><td>Alessandra Vicentini (University of Insubria, Italy) &amp; Ruxandra Visan (University of Bucharest, Romania)<\/td><td>in-person<\/td><\/tr><tr><td>8<\/td><td>Teaching Specialized Translation in the Machine Translation Era<\/td><td>Tiffany Jandrain (Universit\u00e9 de Mons, Belgium), Charl\u00e8ne Meyers (Universit\u00e9 de Mons, Belgium) &amp; Jo\u00eblle Popineau (Universit\u00e9 de Tours, France)<\/td><td>in-person<\/td><\/tr><tr><td>9<\/td><td>Critical Issues in English Language Teacher Education<\/td><td>Lucie Bet\u00e1kov\u00e1 (University of South Bohemia in \u010cesk\u00e9 Bud\u011bjovice) &amp; Mar\u00eda Luisa P\u00e9rez Ca\u00f1ado (University of Ja\u00e9n, Spain)<\/td><td>in-person<\/td><\/tr><tr><td>10<\/td><td>New perspectives on English for Specific Purposes (ESP) and interfaces<\/td><td>Patrizia Anesa (University of Bergamo, Italy), Audrey Cartron (Nantes Universit\u00e9, France), Marion Charret-Del Bove (Universit\u00e9 Jean Moulin Lyon 3, France) &amp; <br>Mary C. Lavissi\u00e8re (Nantes Universit\u00e9, France)<\/td><td>in-person<\/td><\/tr><tr><td>11<\/td><td>English Language and Nationalism Through the Ages<\/td><td>Simon Coffey (King\u2019s College London) &amp; Giovanni Iamartino (Universit\u00e0 degli Studi di Milano)<\/td><td>in-person<\/td><\/tr><\/tbody><\/table><\/figure>\n\n\n\n<h4 class=\"wp-block-heading\" id=\"LANG-LIT\">English Language, Literatures in English<\/h4>\n\n\n\n<figure class=\"wp-block-table\"><table><tbody><tr><td><strong>No.<\/strong><\/td><td><strong>Title<\/strong><\/td><td><strong>Convenors<\/strong><\/td><td><strong>Modality<\/strong><\/td><\/tr><tr><td>12<\/td><td>Specialised language and specialised texts from medieval England<\/td><td>Monica Ruset Oanca (University of Bucharest, Romania), Annina Seiler (University of Zurich, Switzerland) &amp; Olga Timofeeva (University of Zurich, Switzerland)<\/td><td>in-person<\/td><\/tr><tr><td>13<\/td><td>Shakespearean Drama in (Re)Translations, Audiovisual Adaptations and Media Accessibility<\/td><td>Judit Mudriczki (K\u00e1roli G\u00e1sp\u00e1r University, Hungary)  &amp; Irene Ranzato (Sapienza University of Rome, Italy)<\/td><td>in-person<\/td><\/tr><\/tbody><\/table><\/figure>\n\n\n\n<h4 class=\"wp-block-heading\" id=\"LIT\">Literatures in English<\/h4>\n\n\n\n<figure class=\"wp-block-table\"><table><tbody><tr><td><strong>No.<\/strong><\/td><td><strong>Title<\/strong><\/td><td><strong>Convenors<\/strong><\/td><td><strong>Modality<\/strong><\/td><\/tr><tr><td>14<\/td><td>Beyond Borders: Contemporary Novels of Migration<\/td><td>Michael C. Frank (University of Zurich, Switzerland) &amp; Pavan Malreddy (Goethe University Frankfurt, Germany)<\/td><td>in-person<\/td><\/tr><tr><td>15<\/td><td>Modernist continuities in contemporary Anglophone fiction<\/td><td>Erika&nbsp;&nbsp;&nbsp;&nbsp;&nbsp;&nbsp; Mih\u00e1lycsa&nbsp;&nbsp;&nbsp;&nbsp;&nbsp;&nbsp; (Babes-Bolyai&nbsp;&nbsp;&nbsp;&nbsp;&nbsp;&nbsp; University,&nbsp;&nbsp;&nbsp;&nbsp;&nbsp;&nbsp; Cluj-Napoca,&nbsp;&nbsp;&nbsp;&nbsp;&nbsp;&nbsp; Romania) &amp; Tam\u00e1s B\u00e9nyei (University of Debrecen, Hungary)<\/td><td>in-person<\/td><\/tr><tr><td>16<\/td><td>Adaptation in the Second Degree: The Eighteenth Century and Beyond<\/td><td>Jakub Lipski (Kazimierz Wielki University, Poland), Ruth Menzies (LERMA, Aix-Marseille Universit\u00e9, France) &amp; Mary Newbould (Kazimierz Wielki University, Poland)<\/td><td>in-person<\/td><\/tr><tr><td>17<\/td><td>Salman Rushdie and the Historical Novel<\/td><td>Florian Stadtler (University of Bristol, United Kingdom) &amp; \u00c1gnes Gy\u00f6rke (K\u00e1roli G\u00e1sp\u00e1r University, Budapest, Hungary)<\/td><td>online<\/td><\/tr><tr><td>18<\/td><td>Literary representations of sport(s) in Anglophone fiction<\/td><td>Armela Panajoti (University of Vlora \u201cIsmail Qemali\u201d, Albania) &amp; Angelika Reichmann (Eszterh\u00e1zy K\u00e1roly University, Hungary)<\/td><td>in-person<\/td><\/tr><tr><td>19<\/td><td>Food and Eating in Anglophone Literature and Travel Writing from the Nineteenth Century to the Present<\/td><td>Ludmilla Kostova (University of Veliko Tarnovo, Bulgaria) &amp; Oana Cogeanu-Haraga (Alexandru Ioan Cuza University of Iasi, Romania)<\/td><td><br>online<\/td><\/tr><tr><td>20<\/td><td>What\u2019s the Point of Modern Editions?<\/td><td>Teresa Grant (University of Warwick, UK) &amp; Carlo Bajetta (Universit\u00e0 della Valle d&#8217;Aosta, Italy)<\/td><td>in-person<\/td><\/tr><tr><td>21<\/td><td>The Challenges of Auto\/ Biography: Old and New Trends<\/td><td>Irena Grubica (University of Rijeka, Croatia) &amp; Aoife Leahy (N.A.E.S., Ireland)<\/td><td>in-person<\/td><\/tr><tr><td>22<\/td><td>Voicing Otherness: Reconfiguring Australia\u2019s Postcoloniality?<\/td><td>Salhia Ben-Messahel (University of Toulon, France) &amp; Marilena Parlati (University of Padova, Italy)<\/td><td>in-person<\/td><\/tr><tr><td>23<\/td><td>Poetic Form in Historical Context<\/td><td>Jessica Bundschuh (Universit\u00e4t Stuttgart, Germany), Eoin Flannery (University of Limerick, Ireland), Irmtraud Huber (Universit\u00e4t Konstanz, Germany) &amp; Eugene O\u2019Brien (University of Limerick, Ireland)<\/td><td>in-person<\/td><\/tr><tr><td>24<\/td><td>Anxiety, Fear, and Dis-ease in Contemporary Anglo-American Drama and Performance<\/td><td>Stefani Brusberg-Kiermeier (University of Hildesheim, Germany) &amp; Patrick Duggan (Northumbria University, U.K.)<\/td><td>in-person<\/td><\/tr><tr><td>25<\/td><td>Transnational Perspectives on Women and the Nineteenth-century Ghost Story<\/td><td>Rosario Arias (University of M\u00e1laga, Spain) &amp; Patricia Pulham (University of Surrey, UK)<\/td><td>in-person<\/td><\/tr><tr><td>26<\/td><td>Collaboration, networks, and supporting new work in medieval English studies<\/td><td>Hannah Piercy (University of Bern, Switzerland) &amp; Jane Bonsall (University of St Andrews, UK)<\/td><td>in-person<\/td><\/tr><tr><td>27<\/td><td>Conceptualising the Novella<\/td><td>Zsuzsanna Csikai (University of P\u00e9cs, Hungary), Patrick Gill (University of Mainz, Germany), Roslyn Irving (University of Mainz, Germany) &amp; Jordan Kistler (University of Strathclyde, United Kingdom)<\/td><td>in-person<\/td><\/tr><tr><td>28<\/td><td>Transnational Narratives: European Women&#8217;s Fiction in the Early Modern Period<\/td><td>Gerd Bayer (Friedrich-Alexander-Universit\u00e4t, FAU, Germany) &amp; Sonia Villegas-L\u00f3pez (University of Huelva, Spain)<\/td><td>online<\/td><\/tr><tr><td>29<\/td><td>Heights, Depths and Other Extremes in Dickens<\/td><td>Michael Hollington (Life Member, Clare Hall, Cambridge University, UK) &amp; Magdalena Pype\u0107 (University of Warsaw, Poland)<\/td><td>in-person<\/td><\/tr><tr><td>30<\/td><td>British Radical and Revolutionary Women Writers (1770s\u20131830s)<\/td><td>Eva Antal (Eszterhazy Karoly Catholic University, Eger, Hungary) &amp; Antonella Braida (Universit\u00e9 de Lorraine, IDEA, France)<\/td><td>in-person<\/td><\/tr><tr><td>31<\/td><td>Who\u2019s Afraid of Virginia Woolf? \u2013 Aesthetics, Politics and Ethics in Woolf\u2019s Oeuvre<\/td><td>Petronia Popa-Petrar (Babe\u015f-Bolyai University, Cluj-Napoca, Romania) &amp; N\u00f3ra S\u00e9llei (University of Debrecen, Hungary)<\/td><td>in-person<\/td><\/tr><tr><td>32<\/td><td>Literature and Mental Health: Diagnosis, Syndromes and Symptoms<\/td><td>Patricia Waugh (Durham University, UK) &amp; Nicolas P. Boileau (Aix-Marseille University, France)<\/td><td>in-person<\/td><\/tr><tr><td>33<\/td><td>Liminality and Border-Crossing in Contemporary English-Speaking Theatre<\/td><td>Sibel Izmir (Atilim University, Turkey) &amp; Claus Peter Neumann (Universidad de Zaragoza, Spain)<\/td><td>online<\/td><\/tr><tr><td>34<\/td><td>The Development of Narrative from the Middle Ages to the Eighteenth Century<\/td><td>Monika Fludernik (University of Freiburg, Germany) &amp; Rahel Orgis (University of Bern, Switzerland)<\/td><td>in-person<\/td><\/tr><tr><td>35<\/td><td>Sound and Mysticism in Medieval English Literature<\/td><td>Denis Renevey (University of Lausanne, Switzerland) &amp; Tam\u00e1s Kar\u00e1th (P\u00e1zm\u00e1ny P\u00e9ter Catholic University, Budapest and Comenius University, Bratislava)<\/td><td>online<\/td><\/tr><tr><td>36<\/td><td>The End of Traditional Fixed Forms in Poetry<\/td><td>David Malcolm (SWPS University of Social Sciences and Humanities, Poland) &amp; Wolfgang G\u00f6rtschacher (University of Salzburg, Austria)<\/td><td>in-person<\/td><\/tr><tr><td>37<\/td><td>Contemporary Crises in the Anglosphere: Fragmentation and Relationality in 21st- century Narratives<\/td><td>Chiara Battisti (University of Verona, Italy),<br>Julia Kuznetski (Tallinn University Estonia) &amp; Silvia Pellicer-Ort\u00edn (University of Zaragoza, Spain)<\/td><td>in-person<\/td><\/tr><tr><td>38<\/td><td>Class and Conflict in Anglophone Literatures: The Historical Dimension<\/td><td>Martina Domines Veliki (University of Zagreb, Croatia) &amp; Alberto L\u00e1zaro (University of Alcal\u00e1, Spain)<\/td><td>in-person<\/td><\/tr><tr><td>39<\/td><td>Transformations of the Environment in Victorian, Edwardian and Modernist Essays<\/td><td>Dominika Buchowska-Greaves (Adam Mickiewicz University, Pozna\u0144, Poland), B\u00e9n\u00e9dicte Coste (Universit\u00e9 de Bourgogne, France) &amp; Christine Reynier (Universit\u00e9 Paul-Val\u00e9ry Montpellier3, France)<\/td><td>in-person<\/td><\/tr><tr><td>40<\/td><td>Fictional Criminality and Humour<\/td><td>Zsofia Anna Toth (University of Szeged, Hungary) &amp; Kerstin-Anja Munderlein (Bamberg University, Germany)<\/td><td>in-person<\/td><\/tr><tr><td>41<\/td><td>Latest Developments in Reception Studies<\/td><td>David M. Clark (Universidade da Coru\u00f1a, Spain) &amp; Gabriella Hartvig (University of P\u00e9cs, Hungary)<\/td><td>in-person<\/td><\/tr><tr><td>42<\/td><td>Multifaceted India in Travel Literature<\/td><td>Daniela Rogobete (University of Craiova, Romania) &amp; Elisabetta Marino (University of Rome, \u201cTor Vergata\u201d, Italy)<\/td><td>online<\/td><\/tr><\/tbody><\/table><\/figure>\n\n\n\n<h4 class=\"wp-block-heading\" id=\"LIT-CAS\">Literatures in English, Cultural and Area Studies<\/h4>\n\n\n\n<figure class=\"wp-block-table\"><table><tbody><tr><td><strong>No.<\/strong><\/td><td><strong>Title<\/strong><\/td><td><strong>Convenors<\/strong><\/td><td><strong>Modality<\/strong><\/td><\/tr><tr><td>43<\/td><td>Word and Image in Process: Adaptation, Repurposing and Re\/Transmediation<\/td><td>Ewa Keblowska-lawniczak (Wroclaw University, Poland), <br>Gy\u00f6rgy Sz\u00f6nyi (Szeged University, Hungary) &amp; Liliane Louvel (University of Poitiers, France)<\/td><td>in-person<\/td><\/tr><tr><td>44<\/td><td>Facing Trauma in Contemporary American Literary Discourse<\/td><td>Laura Castor (Arctic University of Troms\u00f8, Norway), Michaela Markov\u00e1 (Technical University of Liberec, Czechia) &amp; Anna Sv\u011btl\u00edkov\u00e1 (Technical University of Liberec, Czechia)<\/td><td>in-person<\/td><\/tr><tr><td>45<\/td><td>Petrofiction<\/td><td>Sophie Kriegel (Free University Berlin, Germany) &amp; Johannes Riquet (Tampere University, Finland)<\/td><td>in person<\/td><\/tr><tr><td>46<\/td><td>Boundaries of American identity<\/td><td>Alena Smie\u0161kov\u00e1 (Univerzita Komensk\u00e9ho, Bratislava, Slovakia) &amp; Michaela Markov\u00e1 (Technical University of Liberec, Czechia)<\/td><td>in-person<\/td><\/tr><tr><td>47<\/td><td>Neo-Victorian Biofiction<\/td><td>Maria Isabel Romero-Ruiz (University of M\u00e1laga, Spain) &amp; Helen Davies (University of Wolverhampton, United Kingdom)<\/td><td>part 1 online; part 2 in-person<\/td><\/tr><tr><td>48<\/td><td>Imagining the Railway in the 20th Century<\/td><td>Frederik&nbsp;&nbsp; van&nbsp;&nbsp;&nbsp; Dam&nbsp;&nbsp; (Modern&nbsp;&nbsp; Languages&nbsp;&nbsp; and&nbsp;&nbsp; Cultures,&nbsp;&nbsp; Radboud&nbsp;&nbsp; University, Netherlands), Jason Finch (English Language and Literature, \u00c5bo Akademi University, Finland) &amp; Adam Borch (English Language and Literature, \u00c5bo Akademi University, Finland)<\/td><td>in-person<\/td><\/tr><tr><td>49<\/td><td>Exploring the Scandalous<\/td><td>Sandra Mayer (Austrian Academy of Sciences, Austria),Sylvia Mieszkowski (University of Vienna, Austria) &amp; Barbara Straumann (University of Zurich, Switzerland)<\/td><td>in-person<\/td><\/tr><tr><td>50<\/td><td>Travel Writing Poetics<\/td><td>Claudia Capancioni (Bishop Grosseteste University, UK),  Mariaconcetta Costantini (G. d\u2019Annunzio University of Chieti-Pescara, Italy) &amp; Julia Kuehn (The University of Hong Kong\/Aix-Marseille University; from January 2024: The University of Groningen, Netherlands)<\/td><td>in-person<\/td><\/tr><tr><td>51<\/td><td>Victorian Heterotopias: Alternative Spaces and Places in Nineteenth-Century Britain<\/td><td>Anna K\u00e9rchy (University of Szeged, Hungary), B\u00e9atrice Laurent (Bordeaux Montaigne University, France) &amp; Sidia Fiorato (University of Verona, Italy)<\/td><td>online<\/td><\/tr><tr><td>52<\/td><td>Representing Gender-based and Sexualized Violence in Literature<\/td><td>I\u015fil Ba\u015f (Istanbul Kultur University, Turkey) &amp; Anne Schwan (Edinburgh Napier University, Scotland)<\/td><td>in-person<\/td><\/tr><tr><td>53<\/td><td>Energy Ecologies<\/td><td>Julia Ditter (University of Konstanz, Germany), Ursula Kluwick (University of Bern, Switzerland) &amp; Paul Hamann-Rose (University of Passau, Germany)<\/td><td>in-person<\/td><\/tr><tr><td>54<\/td><td>Waters and Environmental Crisis in the nineteenth century<\/td><td>Emma Sdegno (Universit\u00e0 Ca\u2019Foscari, Venezia, Italia) &amp; Mark Frost (University of Portsmouth, UK)<\/td><td>in-person<\/td><\/tr><tr><td>55<\/td><td>Fictional Representations of Journalistic Practices in Literature, Film and Television<\/td><td>Barbara Korte (University of Freiburg, Germany) &amp; Beatriz Valverde (University of Ja\u00e9n, Spain)<\/td><td>online<\/td><\/tr><\/tbody><\/table><\/figure>\n\n\n\n<h4 class=\"wp-block-heading\">Cultural and Area Studies<\/h4>\n\n\n\n<figure class=\"wp-block-table\"><table><tbody><tr><td><strong>No.<\/strong><\/td><td><strong>Title<\/strong><\/td><td><strong>Convenors<\/strong><\/td><td><strong>Modality<\/strong><\/td><\/tr><tr><td>56<\/td><td>What do the Humanities have to say to Law?<\/td><td>Greta Olson (University of Giessen, Germany), Armelle Sabatier (Paris-Panth\u00e9on-Assas University, France) &amp; Claire Wrobel (Paris-Panth\u00e9on-Assas University, France)<\/td><td>in-person<\/td><\/tr><\/tbody><\/table><\/figure>\n\n\n\n<h4 class=\"wp-block-heading\" id=\"CAS-LANG\">Cultural and Area Studies, English Language<\/h4>\n\n\n\n<figure class=\"wp-block-table\"><table><tbody><tr><td><strong>No.<\/strong><\/td><td><strong>Title<\/strong><\/td><td><strong>Convenors<\/strong><\/td><td><strong>Modality<\/strong><\/td><\/tr><tr><td>57<\/td><td>Exploring epistemic and effective stance in discourse on racism, immigration and refugees<\/td><td>Elena Dom\u00ednguez Romero (Universidad Complutense de Madrid, Spain) &amp; Anna Ruskan (Vilnius University, Lithuania)<\/td><td>online<\/td><\/tr><tr><td>58<\/td><td>Professional and disciplinary cultures in English for specific purposes (ESP)<\/td><td>Evgueniya Lyu (University Grenoble Alpes, France), Nade\u017eda Stojkovi\u0107 (University of Ni\u0161, Serbia) &amp; Caroline Peynaud (University Grenoble Alpes, France)<\/td><td>in-person<\/td><\/tr><\/tbody><\/table><\/figure>\n\n\n\n<h4 class=\"wp-block-heading\" id=\"CAS-LANG-LIT\">Cultural and Area Studies, English Language, Literatures in English<\/h4>\n\n\n\n<figure class=\"wp-block-table\"><table><tbody><tr><td><strong>No.<\/strong><\/td><td><strong>Title<\/strong><\/td><td><strong>Convenors<\/strong><\/td><td><strong>Modality<\/strong><\/td><\/tr><tr><td>59<\/td><td>Gendered discourses of nation- and community-building in the English-speaking world<\/td><td>Polina Shvanyukova (University of Udine, Italy), Mariana Sargsyan (Yerevan State University, Armenia) &amp; C\u00e9lia Atzeni (Universit\u00e9 Paris 1 Panth\u00e9on Sorbonne, France)<\/td><td>in-person<\/td><\/tr><tr><td>60<\/td><td>The Complexities of the Contemporary Concept of Motherhood<\/td><td>I\u015fil Ba\u015f (Istanbul K\u00fclt\u00fcr University, Turkey), Florence Binard (Universit\u00e9 Paris Cit\u00e9, France), Renate Haas (University of Kiel, Germany) &amp; Mar\u00eda Socorro Su\u00e1rez Lafuente (University of Oviedo, Spain)<\/td><td>online<\/td><\/tr><\/tbody><\/table><\/figure>\n\n\n\n<p><\/p>\n","protected":false},"excerpt":{"rendered":"<p>Seminars will take place either in person or online. Please note that the designation \u201conline\u201d means that at least one contributor will be participating remotely and, at minimum, their block &hellip; <\/p>\n","protected":false},"author":1002127,"featured_media":0,"parent":214,"menu_order":3,"comment_status":"closed","ping_status":"closed","template":"","meta":{"_seopress_robots_primary_cat":"","_seopress_titles_title":"","_seopress_titles_desc":"","_seopress_robots_index":"","footnotes":""},"class_list":["post-386","page","type-page","status-publish"],"_links":{"self":[{"href":"https:\/\/wp.unil.ch\/esse2024\/wp-json\/wp\/v2\/pages\/386","targetHints":{"allow":["GET"]}}],"collection":[{"href":"https:\/\/wp.unil.ch\/esse2024\/wp-json\/wp\/v2\/pages"}],"about":[{"href":"https:\/\/wp.unil.ch\/esse2024\/wp-json\/wp\/v2\/types\/page"}],"author":[{"embeddable":true,"href":"https:\/\/wp.unil.ch\/esse2024\/wp-json\/wp\/v2\/users\/1002127"}],"replies":[{"embeddable":true,"href":"https:\/\/wp.unil.ch\/esse2024\/wp-json\/wp\/v2\/comments?post=386"}],"version-history":[{"count":5,"href":"https:\/\/wp.unil.ch\/esse2024\/wp-json\/wp\/v2\/pages\/386\/revisions"}],"predecessor-version":[{"id":570,"href":"https:\/\/wp.unil.ch\/esse2024\/wp-json\/wp\/v2\/pages\/386\/revisions\/570"}],"up":[{"embeddable":true,"href":"https:\/\/wp.unil.ch\/esse2024\/wp-json\/wp\/v2\/pages\/214"}],"wp:attachment":[{"href":"https:\/\/wp.unil.ch\/esse2024\/wp-json\/wp\/v2\/media?parent=386"}],"curies":[{"name":"wp","href":"https:\/\/api.w.org\/{rel}","templated":true}]}}