{"id":380,"date":"2024-02-29T16:07:58","date_gmt":"2024-02-29T15:07:58","guid":{"rendered":"https:\/\/wp.unil.ch\/esse2024\/?page_id=380"},"modified":"2024-07-30T17:07:50","modified_gmt":"2024-07-30T15:07:50","slug":"parallel-lectures","status":"publish","type":"page","link":"https:\/\/wp.unil.ch\/esse2024\/academic-programme\/parallel-lectures\/","title":{"rendered":"Parallel lectures"},"content":{"rendered":"\n<p>There will be 13 parallel lectures at ESSE 2024. They are listed here in alphabetical order. <\/p>\n\n\n\n<p>The most up-to-date information can be found in the full academic programme, available\u00a0<a href=\"https:\/\/wp.unil.ch\/esse2024\/academic-programme\/\" data-type=\"page\" data-id=\"214\">here<\/a>.<\/p>\n\n\n\n<ul class=\"wp-block-list\">\n<li>Charles Ivan Armstrong (University of Agder, Norway): <em>The wanderings of the modern myths: Examplarity, adaptation, and spatiality<\/em><\/li>\n<\/ul>\n\n\n\n<ul class=\"wp-block-list\">\n<li>Roman Bartosch (University of Cologne, Germany): <em>Future Imperfect: The end of the world and the teaching of English?<\/em><\/li>\n<\/ul>\n\n\n\n<ul class=\"wp-block-list\">\n<li>Ingo Berensmeyer (LMU Munich, Germany): <em>How literature makes authors: Towards a history of writers as characters in modern fiction<\/em><\/li>\n<\/ul>\n\n\n\n<ul class=\"wp-block-list\">\n<li>Juan Camilo Conde-Silvestre (Universidad de Murcia, Spain): <em>The third-wave approach in historical sociolinguistic research: Evidence from late fifteenth-century English correspondence<\/em><\/li>\n<\/ul>\n\n\n\n<ul class=\"wp-block-list\">\n<li>Roberto del Valle Alcal\u00e1 (S\u00f6dert\u00f6rn University, Sweden): <em>From utopia to hegemony: English social fiction and the political imagination<\/em><\/li>\n<\/ul>\n\n\n\n<ul class=\"wp-block-list\">\n<li>Julia Hoydis (University of Klagenfurt, Austria): <em>The challenge to imagine just futures: Narration and intergenerationality in contemporary fiction<\/em><\/li>\n<\/ul>\n\n\n\n<ul class=\"wp-block-list\">\n<li>Giovanni Iamartino (University of Milan, Italy): <em>Ideological bias and self-censorship in the history of English dictionary-making<\/em><\/li>\n<\/ul>\n\n\n\n<ul class=\"wp-block-list\">\n<li>S\u00e1ri B. L\u00e1szl\u00f3 (University of P\u00e9cs, Hungary): <em>The contemporary economic novel: Hernan D\u00edaz\u2019s <\/em>Trust<\/li>\n<\/ul>\n\n\n\n<p><\/p>\n\n\n\n<ul class=\"wp-block-list\">\n<li>Miriam Locher (University of Basel, Switzerland): Politeness research and its theoretical interface: Insights from fictional data and health communication research<\/li>\n<\/ul>\n\n\n\n<ul class=\"wp-block-list\">\n<li>Gabriele Rippl (University of Bern, Switzerland): <em>Mediating the Anthropocene: Intermediality and the environmental humanities<\/em><\/li>\n<\/ul>\n\n\n\n<ul class=\"wp-block-list\">\n<li>Johannes Riquet (Tampere University, Finland): <em>Creative and collaborative geographies: Performing the \u2018Arctic\u2019<\/em><\/li>\n<\/ul>\n\n\n\n<ul class=\"wp-block-list\">\n<li>Andrea Schalley (Karlstad University, Sweden): <em>From events to concepts: Using experiments to model word meaning<\/em><\/li>\n<\/ul>\n\n\n\n<ul class=\"wp-block-list\">\n<li>Titela V\u00eelceanu (University of Craiova, Romania): <em>Literary translation studies \u2013 Romanian contexts and research directions<\/em><\/li>\n<\/ul>\n","protected":false},"excerpt":{"rendered":"<p>There will be 13 parallel lectures at ESSE 2024. They are listed here in alphabetical order. The most up-to-date information can be found in the full academic programme, available\u00a0here.<\/p>\n","protected":false},"author":1002127,"featured_media":0,"parent":214,"menu_order":2,"comment_status":"closed","ping_status":"closed","template":"","meta":{"_seopress_robots_primary_cat":"","_seopress_titles_title":"","_seopress_titles_desc":"","_seopress_robots_index":"","footnotes":""},"class_list":["post-380","page","type-page","status-publish"],"_links":{"self":[{"href":"https:\/\/wp.unil.ch\/esse2024\/wp-json\/wp\/v2\/pages\/380","targetHints":{"allow":["GET"]}}],"collection":[{"href":"https:\/\/wp.unil.ch\/esse2024\/wp-json\/wp\/v2\/pages"}],"about":[{"href":"https:\/\/wp.unil.ch\/esse2024\/wp-json\/wp\/v2\/types\/page"}],"author":[{"embeddable":true,"href":"https:\/\/wp.unil.ch\/esse2024\/wp-json\/wp\/v2\/users\/1002127"}],"replies":[{"embeddable":true,"href":"https:\/\/wp.unil.ch\/esse2024\/wp-json\/wp\/v2\/comments?post=380"}],"version-history":[{"count":5,"href":"https:\/\/wp.unil.ch\/esse2024\/wp-json\/wp\/v2\/pages\/380\/revisions"}],"predecessor-version":[{"id":571,"href":"https:\/\/wp.unil.ch\/esse2024\/wp-json\/wp\/v2\/pages\/380\/revisions\/571"}],"up":[{"embeddable":true,"href":"https:\/\/wp.unil.ch\/esse2024\/wp-json\/wp\/v2\/pages\/214"}],"wp:attachment":[{"href":"https:\/\/wp.unil.ch\/esse2024\/wp-json\/wp\/v2\/media?parent=380"}],"curies":[{"name":"wp","href":"https:\/\/api.w.org\/{rel}","templated":true}]}}