{"id":339,"date":"2020-02-10T20:33:30","date_gmt":"2020-02-10T19:33:30","guid":{"rendered":"http:\/\/wp.unil.ch\/emst\/?page_id=339"},"modified":"2021-01-18T13:46:13","modified_gmt":"2021-01-18T12:46:13","slug":"publications","status":"publish","type":"page","link":"https:\/\/wp.unil.ch\/emst\/publications\/","title":{"rendered":"Publications"},"content":{"rendered":"\n<p>Gordon, Moragh (2020) Bristol &lt;th&gt;, &lt;\u00fe&gt; and &lt;y&gt;:\u00a0<em>the North<\/em>&#8211;<em>South divide revisited<\/em>, 1400\u20131700. In Laura Wright (ed.), <em>The Multilingual Origins of Standard English<\/em>, pp. 191-214. Berlin\/Boston: Walter de Gruyter.<\/p>\n\n\n\n<p>Gordon, Moragh, Tino Oudesluijs &amp; Anita Auer (2020) <a rel=\"noreferrer noopener\" href=\"https:\/\/revistas.um.es\/ijes\/article\/view\/385171\/291231\" target=\"_blank\">Supralocalisation Processes in Early Modern English Urban Vernaculars: New Manuscript Evidence from Bristol, Coventry and York<\/a>. <em>International Journal of English Studies<\/em>\u00a0(IJES) 20(2): 47-66. <\/p>\n\n\n\n<p>Oudesluijs, Tino &amp; Anita Auer. 2019. Geographical Variation in Late Medieval Administrative Documents: Evidence from York and Coventry. In Merja Stenroos et al. (eds),&nbsp;<em>Essays and Studies in Middle English \u2013 10th International Conference on Middle English,&nbsp;<\/em>pp. 111-133<em>.<\/em>&nbsp;Bern: Peter Lang.<\/p>\n\n\n\n<p>Auer, Anita. 2019. Die Stadtsprache Yorks im sp\u00e4ten Mittelalter. Ein Baustein zu einer alternativen Standardisierungsgeschichte des Englischen. In Simon Pickl &amp; Stephan Elspa\u00df (eds.),&nbsp;<em>Historische Soziolinguistik der Stadtsprachen. Kontakt \u2013 Variation \u2013 Wandel,&nbsp;<\/em>pp. 81-95. Heidelberg: Winter (Germanistische Bibliothek).<\/p>\n\n\n\n<p>Auer, Anita &amp; Mikko Laitinen. 2019. Introduction to Mobility, Variability and Changing Literacies in Modern Times, pp. 13-20.&nbsp;<em>Special Issue of Neuphilologische Mitteilungen<\/em>.<\/p>\n\n\n\n<p>Auer, Anita. 2019.&nbsp;Linguistic Regionalism in the York Corpus Christi Plays.&nbsp;In Anita, Auer, Denis Renevey, Camille Marshall &amp; Tino Oudesluijs (eds.),&nbsp;<em>Revisiting the Medieval North: Interdisciplinary Approaches,&nbsp;<\/em>pp.&nbsp;111-122.&nbsp;Cardiff: University of Wales Press.<\/p>\n\n\n\n<p>Auer, Anita, Denis Renevey, Camille Marshall &amp; Tino Oudesluijs. 2019.&nbsp;Setting the Scene: Interdisciplinary Perspectives on the Medieval North of England. In Anita, Auer, Denis Renevey, Camille Marshall &amp; Tino Oudesluijs (eds.),&nbsp;<em>Revisiting the Medieval North: Interdisciplinary Approaches,&nbsp;<\/em>pp.&nbsp;1-12.&nbsp;Cardiff: University of Wales Press.<\/p>\n\n\n\n<p>Auer, Anita, Denis Renevey, Camille Marshall &amp; Tino Oudesluijs (eds.). 2019.&nbsp;<em>Revisiting the Medieval North of England: Interdisciplinary Approaches<\/em>.&nbsp;Cardiff: University of Wales Press.<\/p>\n\n\n\n<p>Auer, Anita. 2018. Urban Literacies and Processes of Supralocalisation: A Historical Sociolinguistic Perspective. In Natalie Braber &amp; Sandra Jansen (eds.),&nbsp;<em>Sociolinguistics in England<\/em>, pp. 13-34. London: Palgrave Macmillan.<\/p>\n\n\n\n<p>Oudesluijs, Tino. 2018. Scribes as Agents of Change: Copying Practices in Administrative Texts from Fifteenth-Century Coventry. In M. Tudeau-Clayton &amp; M. Hilpert (eds.), <em>The Challenge of Change<\/em> (Swiss Papers in English Language and Literature 36), pp. 223-248. T\u00fcbingen: Gunter Narr.<\/p>\n\n\n\n<p>Gordon, Moragh. 2017. <em>The Urban Vernacular of Late Medieval and Renaissance Bristol<\/em>&nbsp;(PhD thesis; ISBN: 978-94-6093-259-5). Utrecht: LOT. <a href=\"https:\/\/www.lotpublications.nl\/Documents\/476_fulltext.pdf\">FREE FULL-TEXT DOWNLOAD<\/a>.<\/p>\n\n\n\n<p>Auer, Anita, Moragh Gordon &amp; Mike Olson. 2016. English Urban Vernaculars, 1400-1700: Digitizing Text from Manuscript. In&nbsp;Mar\u00eda Jos\u00e9 L\u00f3pez-Couso, Bel\u00e9n M\u00e9ndez-Naya, Paloma N\u00fa\u00f1ez-Pertejo &amp; Ignacio Palacios-Mart\u00ednez&nbsp;(eds.),&nbsp;&nbsp;<em>Corpus linguistics on the move: Exploring and understanding English through corpora<\/em>&nbsp;(Language and Computers Series 79), pp. 21-40. Amsterdam: Brill\/Rodopi.<\/p>\n\n\n\n<p>Auer, Anita &amp; Marcel Withoos. 2013. \u201cSocial Stratification and Stylistic Choices in Thomas Dekker\u2019s&nbsp;<em>The Shoemaker\u2019s Holiday<\/em>&nbsp;(1600)\u201d, in Dirk Delabastita &amp; Ton Hoenselaars (eds.)&nbsp;<em>Multilingualism in the Drama of Shakespeare and His Contemporaries<\/em>&nbsp;(Special Issue<em>&nbsp;English Text Construction<\/em>&nbsp;6.1).<\/p>\n","protected":false},"excerpt":{"rendered":"<p>Gordon, Moragh (2020) Bristol &lt;th&gt;, &lt;\u00fe&gt; and &lt;y&gt;:\u00a0the North&#8211;South divide revisited, 1400\u20131700. In Laura Wright (ed.), The Multilingual Origins of Standard English, pp. 191-214. Berlin\/Boston: Walter de Gruyter. Gordon, Moragh, &hellip; <\/p>\n","protected":false},"author":1001230,"featured_media":0,"parent":0,"menu_order":0,"comment_status":"closed","ping_status":"closed","template":"","meta":{"_seopress_robots_primary_cat":"","_seopress_titles_title":"","_seopress_titles_desc":"","_seopress_robots_index":"","footnotes":""},"class_list":["post-339","page","type-page","status-publish"],"_links":{"self":[{"href":"https:\/\/wp.unil.ch\/emst\/wp-json\/wp\/v2\/pages\/339","targetHints":{"allow":["GET"]}}],"collection":[{"href":"https:\/\/wp.unil.ch\/emst\/wp-json\/wp\/v2\/pages"}],"about":[{"href":"https:\/\/wp.unil.ch\/emst\/wp-json\/wp\/v2\/types\/page"}],"author":[{"embeddable":true,"href":"https:\/\/wp.unil.ch\/emst\/wp-json\/wp\/v2\/users\/1001230"}],"replies":[{"embeddable":true,"href":"https:\/\/wp.unil.ch\/emst\/wp-json\/wp\/v2\/comments?post=339"}],"version-history":[{"count":0,"href":"https:\/\/wp.unil.ch\/emst\/wp-json\/wp\/v2\/pages\/339\/revisions"}],"wp:attachment":[{"href":"https:\/\/wp.unil.ch\/emst\/wp-json\/wp\/v2\/media?parent=339"}],"curies":[{"name":"wp","href":"https:\/\/api.w.org\/{rel}","templated":true}]}}